{"id":31649,"date":"2017-12-31T16:04:26","date_gmt":"2017-12-31T16:04:26","guid":{"rendered":"https:\/\/www.urlaubcornwall.de\/blog\/?page_id=31649"},"modified":"2021-09-17T10:52:08","modified_gmt":"2021-09-17T10:52:08","slug":"ferienhaus-meer-plymouth-urlaub-devon","status":"publish","type":"page","link":"https:\/\/www.urlaubcornwall.de\/blog\/ferienhaus-meer-plymouth-urlaub-devon\/","title":{"rendered":"Ferienhaus am Meer Plymouth &#8211; Urlaub in Devon"},"content":{"rendered":"<p><img loading=\"lazy\" class=\"aligncenter size-full wp-image-31650\" src=\"https:\/\/www.urlaubcornwall.de\/blog\/wp-content\/uploads\/2017\/12\/ferienhaus-am-meer-plymouth.jpg\" alt=\"ferienhaus am meer plymouth\" width=\"749\" height=\"511\"\/><br \/>\n<strong>Ferienhaus in der N\u00e4he Plymouth mit 3 Schlafzimmern, Schlafplatz f\u00fcr 6<\/strong><\/p>\n<p>Ein modernes Ferienhaus, perfekt f\u00fcr die ganze Familie. Spektakul\u00e4re Aussicht auf die Flussm\u00fcndung dieses freistehende Grundst\u00fcck geh\u00f6rt zu den h\u00fcbschen Zwillingsd\u00f6rfern <a href=\"https:\/\/www.urlaubcornwall.de\/ferienhaeuser-fewos\/eng\/sued-devon\/newton-ferrers.html\">Newton Ferrers<\/a> und <a href=\"https:\/\/www.urlaubcornwall.de\/ferienhaeuser-fewos\/eng\/sued-devon\/noss-mayo.html\">Noss Mayo<\/a>, die am S\u00fcdufer des Yealm versteckt sind. Es bietet den perfekten Urlaubsort f\u00fcr die ganze Familie. Perfekt, wenn Sie Ruhe suchen, nur wenige Schritte vom Garten entfernt, der zu einer ruhigen Uferpromenade f\u00fchrt, wo Sie wandern oder eine F\u00e4hre \u00fcber den Fluss Yealm nehmen k\u00f6nnen &#8230;.<\/p>\n<p style=\"text-align: center;\"><a class=\"tidycta\" href=\"https:\/\/www.urlaubcornwall.de\/ferienhaeuser-fewos\/eng\/sued-devon\/plymouth-am-meer.html\">Suche Ferienh\u00e4user Plymouth<\/a><\/p>\n<p style=\"text-align: center;\">Pers\u00f6nlich inspizierte Ferienh\u00e4user und Ferienwohnungen in Devon f\u00fcr Ihren Urlaub.<\/p>\n<p style=\"text-align: center;\"><a href=\"https:\/\/www.urlaubcornwall.de\/ferienhaeuser-fewos\/eng\/sued-devon\/sued-devon.html\"><strong>Ferienh\u00e4user, Cottages &amp; Ferienwohnungen in Devon am Meer. <\/strong><\/a><\/p>\n","protected":false},"excerpt":{"rendered":"<p>Ferienhaus in der N\u00e4he Plymouth mit 3 Schlafzimmern, Schlafplatz f\u00fcr 6 Ein modernes Ferienhaus, perfekt f\u00fcr die ganze Familie. Spektakul\u00e4re Aussicht auf die Flussm\u00fcndung dieses freistehende Grundst\u00fcck geh\u00f6rt zu den h\u00fcbschen Zwillingsd\u00f6rfern Newton Ferrers und Noss Mayo, die am S\u00fcdufer des Yealm versteckt sind. Es bietet den perfekten Urlaubsort f\u00fcr die ganze Familie. Perfekt, wenn [&hellip;]<\/p>\n","protected":false},"author":1,"featured_media":0,"parent":0,"menu_order":0,"comment_status":"closed","ping_status":"closed","template":"single-four.php","meta":[],"acf":[],"yoast_head":"<!-- This site is optimized with the Yoast SEO plugin v19.4 - https:\/\/yoast.com\/wordpress\/plugins\/seo\/ -->\n<title>Ferienhaus am Meer Plymouth - Urlaub in Devon - Urlaub &amp; Reisen<\/title>\n<meta name=\"description\" content=\"Ein modernes Ferienhaus, perfekt f\u00fcr die ganze Familie. Spektakul\u00e4re Aussicht auf die Flussm\u00fcndung dieses freistehende Grundst\u00fcck geh\u00f6rt zu den h\u00fcbschen Zwillingsd\u00f6rfern Newton Ferrers und Noss Mayo, die am S\u00fcdufer des Yealm versteckt sind. Es bietet den perfekten Urlaubsort f\u00fcr die ganze Familie.\" \/>\n<meta name=\"robots\" content=\"index, follow, max-snippet:-1, max-image-preview:large, max-video-preview:-1\" \/>\n<link rel=\"canonical\" href=\"https:\/\/www.urlaubcornwall.de\/blog\/ferienhaus-meer-plymouth-urlaub-devon\/\" \/>\n<meta property=\"og:locale\" content=\"en_US\" \/>\n<meta property=\"og:type\" content=\"article\" \/>\n<meta property=\"og:title\" content=\"Ferienhaus am Meer Plymouth - Urlaub in Devon - Urlaub &amp; Reisen\" \/>\n<meta property=\"og:description\" content=\"Ein modernes Ferienhaus, perfekt f\u00fcr die ganze Familie. Spektakul\u00e4re Aussicht auf die Flussm\u00fcndung dieses freistehende Grundst\u00fcck geh\u00f6rt zu den h\u00fcbschen Zwillingsd\u00f6rfern Newton Ferrers und Noss Mayo, die am S\u00fcdufer des Yealm versteckt sind. Es bietet den perfekten Urlaubsort f\u00fcr die ganze Familie.\" \/>\n<meta property=\"og:url\" content=\"https:\/\/www.urlaubcornwall.de\/blog\/ferienhaus-meer-plymouth-urlaub-devon\/\" \/>\n<meta property=\"og:site_name\" content=\"Urlaub &amp; Reisen\" \/>\n<meta property=\"article:modified_time\" content=\"2021-09-17T10:52:08+00:00\" \/>\n<meta property=\"og:image\" content=\"https:\/\/www.urlaubcornwall.de\/blog\/wp-content\/uploads\/2017\/12\/ferienhaus-am-meer-plymouth.jpg\" \/>\n<meta name=\"twitter:card\" content=\"summary\" \/>\n<meta name=\"twitter:label1\" content=\"Est. reading time\" \/>\n\t<meta name=\"twitter:data1\" content=\"1 minute\" \/>\n<script type=\"application\/ld+json\" class=\"yoast-schema-graph\">{\"@context\":\"https:\/\/schema.org\",\"@graph\":[{\"@type\":\"WebSite\",\"@id\":\"https:\/\/www.urlaubcornwall.de\/blog\/#website\",\"url\":\"https:\/\/www.urlaubcornwall.de\/blog\/\",\"name\":\"Urlaub &amp; Reisen\",\"description\":\"Urlaub, Reisen, Cornwall und S\u00fcdengland: eine perfekte Kombination\",\"potentialAction\":[{\"@type\":\"SearchAction\",\"target\":{\"@type\":\"EntryPoint\",\"urlTemplate\":\"https:\/\/www.urlaubcornwall.de\/blog\/?s={search_term_string}\"},\"query-input\":\"required name=search_term_string\"}],\"inLanguage\":\"en-US\"},{\"@type\":\"WebPage\",\"@id\":\"https:\/\/www.urlaubcornwall.de\/blog\/ferienhaus-meer-plymouth-urlaub-devon\/\",\"url\":\"https:\/\/www.urlaubcornwall.de\/blog\/ferienhaus-meer-plymouth-urlaub-devon\/\",\"name\":\"Ferienhaus am Meer Plymouth - Urlaub in Devon - Urlaub &amp; Reisen\",\"isPartOf\":{\"@id\":\"https:\/\/www.urlaubcornwall.de\/blog\/#website\"},\"datePublished\":\"2017-12-31T16:04:26+00:00\",\"dateModified\":\"2021-09-17T10:52:08+00:00\",\"description\":\"Ein modernes Ferienhaus, perfekt f\u00fcr die ganze Familie. Spektakul\u00e4re Aussicht auf die Flussm\u00fcndung dieses freistehende Grundst\u00fcck geh\u00f6rt zu den h\u00fcbschen Zwillingsd\u00f6rfern Newton Ferrers und Noss Mayo, die am S\u00fcdufer des Yealm versteckt sind. Es bietet den perfekten Urlaubsort f\u00fcr die ganze Familie.\",\"breadcrumb\":{\"@id\":\"https:\/\/www.urlaubcornwall.de\/blog\/ferienhaus-meer-plymouth-urlaub-devon\/#breadcrumb\"},\"inLanguage\":\"en-US\",\"potentialAction\":[{\"@type\":\"ReadAction\",\"target\":[\"https:\/\/www.urlaubcornwall.de\/blog\/ferienhaus-meer-plymouth-urlaub-devon\/\"]}]},{\"@type\":\"BreadcrumbList\",\"@id\":\"https:\/\/www.urlaubcornwall.de\/blog\/ferienhaus-meer-plymouth-urlaub-devon\/#breadcrumb\",\"itemListElement\":[{\"@type\":\"ListItem\",\"position\":1,\"name\":\"Home\",\"item\":\"https:\/\/www.urlaubcornwall.de\/blog\/\"},{\"@type\":\"ListItem\",\"position\":2,\"name\":\"Ferienhaus am Meer Plymouth &#8211; Urlaub in Devon\"}]}]}<\/script>\n<!-- \/ Yoast SEO plugin. -->","yoast_head_json":{"title":"Ferienhaus am Meer Plymouth - Urlaub in Devon - Urlaub &amp; Reisen","description":"Ein modernes Ferienhaus, perfekt f\u00fcr die ganze Familie. Spektakul\u00e4re Aussicht auf die Flussm\u00fcndung dieses freistehende Grundst\u00fcck geh\u00f6rt zu den h\u00fcbschen Zwillingsd\u00f6rfern Newton Ferrers und Noss Mayo, die am S\u00fcdufer des Yealm versteckt sind. Es bietet den perfekten Urlaubsort f\u00fcr die ganze Familie.","robots":{"index":"index","follow":"follow","max-snippet":"max-snippet:-1","max-image-preview":"max-image-preview:large","max-video-preview":"max-video-preview:-1"},"canonical":"https:\/\/www.urlaubcornwall.de\/blog\/ferienhaus-meer-plymouth-urlaub-devon\/","og_locale":"en_US","og_type":"article","og_title":"Ferienhaus am Meer Plymouth - Urlaub in Devon - Urlaub &amp; Reisen","og_description":"Ein modernes Ferienhaus, perfekt f\u00fcr die ganze Familie. Spektakul\u00e4re Aussicht auf die Flussm\u00fcndung dieses freistehende Grundst\u00fcck geh\u00f6rt zu den h\u00fcbschen Zwillingsd\u00f6rfern Newton Ferrers und Noss Mayo, die am S\u00fcdufer des Yealm versteckt sind. Es bietet den perfekten Urlaubsort f\u00fcr die ganze Familie.","og_url":"https:\/\/www.urlaubcornwall.de\/blog\/ferienhaus-meer-plymouth-urlaub-devon\/","og_site_name":"Urlaub &amp; Reisen","article_modified_time":"2021-09-17T10:52:08+00:00","og_image":[{"url":"https:\/\/www.urlaubcornwall.de\/blog\/wp-content\/uploads\/2017\/12\/ferienhaus-am-meer-plymouth.jpg"}],"twitter_card":"summary","twitter_misc":{"Est. reading time":"1 minute"},"schema":{"@context":"https:\/\/schema.org","@graph":[{"@type":"WebSite","@id":"https:\/\/www.urlaubcornwall.de\/blog\/#website","url":"https:\/\/www.urlaubcornwall.de\/blog\/","name":"Urlaub &amp; Reisen","description":"Urlaub, Reisen, Cornwall und S\u00fcdengland: eine perfekte Kombination","potentialAction":[{"@type":"SearchAction","target":{"@type":"EntryPoint","urlTemplate":"https:\/\/www.urlaubcornwall.de\/blog\/?s={search_term_string}"},"query-input":"required name=search_term_string"}],"inLanguage":"en-US"},{"@type":"WebPage","@id":"https:\/\/www.urlaubcornwall.de\/blog\/ferienhaus-meer-plymouth-urlaub-devon\/","url":"https:\/\/www.urlaubcornwall.de\/blog\/ferienhaus-meer-plymouth-urlaub-devon\/","name":"Ferienhaus am Meer Plymouth - Urlaub in Devon - Urlaub &amp; Reisen","isPartOf":{"@id":"https:\/\/www.urlaubcornwall.de\/blog\/#website"},"datePublished":"2017-12-31T16:04:26+00:00","dateModified":"2021-09-17T10:52:08+00:00","description":"Ein modernes Ferienhaus, perfekt f\u00fcr die ganze Familie. Spektakul\u00e4re Aussicht auf die Flussm\u00fcndung dieses freistehende Grundst\u00fcck geh\u00f6rt zu den h\u00fcbschen Zwillingsd\u00f6rfern Newton Ferrers und Noss Mayo, die am S\u00fcdufer des Yealm versteckt sind. Es bietet den perfekten Urlaubsort f\u00fcr die ganze Familie.","breadcrumb":{"@id":"https:\/\/www.urlaubcornwall.de\/blog\/ferienhaus-meer-plymouth-urlaub-devon\/#breadcrumb"},"inLanguage":"en-US","potentialAction":[{"@type":"ReadAction","target":["https:\/\/www.urlaubcornwall.de\/blog\/ferienhaus-meer-plymouth-urlaub-devon\/"]}]},{"@type":"BreadcrumbList","@id":"https:\/\/www.urlaubcornwall.de\/blog\/ferienhaus-meer-plymouth-urlaub-devon\/#breadcrumb","itemListElement":[{"@type":"ListItem","position":1,"name":"Home","item":"https:\/\/www.urlaubcornwall.de\/blog\/"},{"@type":"ListItem","position":2,"name":"Ferienhaus am Meer Plymouth &#8211; Urlaub in Devon"}]}]}},"_links":{"self":[{"href":"https:\/\/www.urlaubcornwall.de\/blog\/wp-json\/wp\/v2\/pages\/31649"}],"collection":[{"href":"https:\/\/www.urlaubcornwall.de\/blog\/wp-json\/wp\/v2\/pages"}],"about":[{"href":"https:\/\/www.urlaubcornwall.de\/blog\/wp-json\/wp\/v2\/types\/page"}],"author":[{"embeddable":true,"href":"https:\/\/www.urlaubcornwall.de\/blog\/wp-json\/wp\/v2\/users\/1"}],"replies":[{"embeddable":true,"href":"https:\/\/www.urlaubcornwall.de\/blog\/wp-json\/wp\/v2\/comments?post=31649"}],"version-history":[{"count":4,"href":"https:\/\/www.urlaubcornwall.de\/blog\/wp-json\/wp\/v2\/pages\/31649\/revisions"}],"predecessor-version":[{"id":42847,"href":"https:\/\/www.urlaubcornwall.de\/blog\/wp-json\/wp\/v2\/pages\/31649\/revisions\/42847"}],"wp:attachment":[{"href":"https:\/\/www.urlaubcornwall.de\/blog\/wp-json\/wp\/v2\/media?parent=31649"}],"curies":[{"name":"wp","href":"https:\/\/api.w.org\/{rel}","templated":true}]}}