{"id":31645,"date":"2017-12-31T15:56:09","date_gmt":"2017-12-31T15:56:09","guid":{"rendered":"https:\/\/www.urlaubcornwall.de\/blog\/?page_id=31645"},"modified":"2021-09-17T10:31:37","modified_gmt":"2021-09-17T10:31:37","slug":"ferienhaus-meer-paignton-englische-riviera","status":"publish","type":"page","link":"https:\/\/www.urlaubcornwall.de\/blog\/ferienhaus-meer-paignton-englische-riviera\/","title":{"rendered":"Ferienhaus am Meer in Paignton &#8211; Englische Riviera"},"content":{"rendered":"<p><img loading=\"lazy\" class=\"aligncenter size-full wp-image-31647\" src=\"https:\/\/www.urlaubcornwall.de\/blog\/wp-content\/uploads\/2017\/12\/ferienhaus-am-meer-paignton-1.jpg\" alt=\"ferienhaus am meer paignton\" width=\"749\" height=\"414\"\/><\/p>\n<p><strong>Luxus-Ferienhaus mit Meerblick in Paignton mit 5 Schlafzimmern, Schlafplatz f\u00fcr 10<\/strong><\/p>\n<p>Diese luxuri\u00f6se Doppelhaush\u00e4lfte liegt ideal im Ort Goodrington, zwischen den f\u00fcr ihre langen Sandstr\u00e4nde bekannten St\u00e4dten Paignton und der gesch\u00e4ftigen Hafenstadt Brixham, die \u00fcber den sch\u00f6nen K\u00fcstenweg mit Blick auf die Torbay erreichbar ist. Das Stadtzentrum von Paignton ist leicht erreichbar, wo Sie eine Reihe von Gesch\u00e4ften, Pubs und Restaurants finden. Es gibt auch einen malerischen Hafen, wo Sie Wassersport in der Bucht organisieren k\u00f6nnen&#8230;..<\/p>\n<p style=\"text-align: center;\"><a class=\"tidycta\" href=\"https:\/\/www.urlaubcornwall.de\/ferienhaeuser-fewos\/eng\/sued-devon\/paignton.html\">Details ansehen<\/a><\/p>\n<p style=\"text-align: center;\">Pers\u00f6nlich inspizierte Ferienh\u00e4user und Ferienwohnungen in Devon f\u00fcr Ihren Urlaub.<\/p>\n<p style=\"text-align: center;\"><a href=\"https:\/\/www.urlaubcornwall.de\/ferienhaeuser-fewos\/eng\/sued-devon\/sued-devon.html\"><strong>Ferienh\u00e4user, Cottages &amp; Ferienwohnungen in Devon. <\/strong><\/a><\/p>\n","protected":false},"excerpt":{"rendered":"<p>Luxus-Ferienhaus mit Meerblick in Paignton mit 5 Schlafzimmern, Schlafplatz f\u00fcr 10 Diese luxuri\u00f6se Doppelhaush\u00e4lfte liegt ideal im Ort Goodrington, zwischen den f\u00fcr ihre langen Sandstr\u00e4nde bekannten St\u00e4dten Paignton und der gesch\u00e4ftigen Hafenstadt Brixham, die \u00fcber den sch\u00f6nen K\u00fcstenweg mit Blick auf die Torbay erreichbar ist. Das Stadtzentrum von Paignton ist leicht erreichbar, wo Sie eine [&hellip;]<\/p>\n","protected":false},"author":1,"featured_media":0,"parent":0,"menu_order":0,"comment_status":"closed","ping_status":"closed","template":"single-four.php","meta":[],"acf":[],"yoast_head":"<!-- This site is optimized with the Yoast SEO plugin v19.4 - https:\/\/yoast.com\/wordpress\/plugins\/seo\/ -->\n<title>Ferienhaus am Meer in Paignton - Englische Riviera - Urlaub &amp; Reisen<\/title>\n<meta name=\"description\" content=\"Diese luxuri\u00f6se Doppelhaush\u00e4lfte liegt ideal im Ort Goodrington, zwischen den f\u00fcr ihre langen Sandstr\u00e4nde bekannten St\u00e4dten Paignton und der gesch\u00e4ftigen Hafenstadt Brixham, die \u00fcber den sch\u00f6nen K\u00fcstenweg mit Blick auf die Torbay erreichbar ist. Das Stadtzentrum von Paignton ist leicht erreichbar\" \/>\n<meta name=\"robots\" content=\"index, follow, max-snippet:-1, max-image-preview:large, max-video-preview:-1\" \/>\n<link rel=\"canonical\" href=\"https:\/\/www.urlaubcornwall.de\/blog\/ferienhaus-meer-paignton-englische-riviera\/\" \/>\n<meta property=\"og:locale\" content=\"en_US\" \/>\n<meta property=\"og:type\" content=\"article\" \/>\n<meta property=\"og:title\" content=\"Ferienhaus am Meer in Paignton - Englische Riviera - Urlaub &amp; Reisen\" \/>\n<meta property=\"og:description\" content=\"Diese luxuri\u00f6se Doppelhaush\u00e4lfte liegt ideal im Ort Goodrington, zwischen den f\u00fcr ihre langen Sandstr\u00e4nde bekannten St\u00e4dten Paignton und der gesch\u00e4ftigen Hafenstadt Brixham, die \u00fcber den sch\u00f6nen K\u00fcstenweg mit Blick auf die Torbay erreichbar ist. Das Stadtzentrum von Paignton ist leicht erreichbar\" \/>\n<meta property=\"og:url\" content=\"https:\/\/www.urlaubcornwall.de\/blog\/ferienhaus-meer-paignton-englische-riviera\/\" \/>\n<meta property=\"og:site_name\" content=\"Urlaub &amp; Reisen\" \/>\n<meta property=\"article:modified_time\" content=\"2021-09-17T10:31:37+00:00\" \/>\n<meta property=\"og:image\" content=\"https:\/\/www.urlaubcornwall.de\/blog\/wp-content\/uploads\/2017\/12\/ferienhaus-am-meer-paignton-1.jpg\" \/>\n<meta name=\"twitter:card\" content=\"summary\" \/>\n<meta name=\"twitter:label1\" content=\"Est. reading time\" \/>\n\t<meta name=\"twitter:data1\" content=\"1 minute\" \/>\n<script type=\"application\/ld+json\" class=\"yoast-schema-graph\">{\"@context\":\"https:\/\/schema.org\",\"@graph\":[{\"@type\":\"WebSite\",\"@id\":\"https:\/\/www.urlaubcornwall.de\/blog\/#website\",\"url\":\"https:\/\/www.urlaubcornwall.de\/blog\/\",\"name\":\"Urlaub &amp; Reisen\",\"description\":\"Urlaub, Reisen, Cornwall und S\u00fcdengland: eine perfekte Kombination\",\"potentialAction\":[{\"@type\":\"SearchAction\",\"target\":{\"@type\":\"EntryPoint\",\"urlTemplate\":\"https:\/\/www.urlaubcornwall.de\/blog\/?s={search_term_string}\"},\"query-input\":\"required name=search_term_string\"}],\"inLanguage\":\"en-US\"},{\"@type\":\"WebPage\",\"@id\":\"https:\/\/www.urlaubcornwall.de\/blog\/ferienhaus-meer-paignton-englische-riviera\/\",\"url\":\"https:\/\/www.urlaubcornwall.de\/blog\/ferienhaus-meer-paignton-englische-riviera\/\",\"name\":\"Ferienhaus am Meer in Paignton - Englische Riviera - Urlaub &amp; Reisen\",\"isPartOf\":{\"@id\":\"https:\/\/www.urlaubcornwall.de\/blog\/#website\"},\"datePublished\":\"2017-12-31T15:56:09+00:00\",\"dateModified\":\"2021-09-17T10:31:37+00:00\",\"description\":\"Diese luxuri\u00f6se Doppelhaush\u00e4lfte liegt ideal im Ort Goodrington, zwischen den f\u00fcr ihre langen Sandstr\u00e4nde bekannten St\u00e4dten Paignton und der gesch\u00e4ftigen Hafenstadt Brixham, die \u00fcber den sch\u00f6nen K\u00fcstenweg mit Blick auf die Torbay erreichbar ist. Das Stadtzentrum von Paignton ist leicht erreichbar\",\"breadcrumb\":{\"@id\":\"https:\/\/www.urlaubcornwall.de\/blog\/ferienhaus-meer-paignton-englische-riviera\/#breadcrumb\"},\"inLanguage\":\"en-US\",\"potentialAction\":[{\"@type\":\"ReadAction\",\"target\":[\"https:\/\/www.urlaubcornwall.de\/blog\/ferienhaus-meer-paignton-englische-riviera\/\"]}]},{\"@type\":\"BreadcrumbList\",\"@id\":\"https:\/\/www.urlaubcornwall.de\/blog\/ferienhaus-meer-paignton-englische-riviera\/#breadcrumb\",\"itemListElement\":[{\"@type\":\"ListItem\",\"position\":1,\"name\":\"Home\",\"item\":\"https:\/\/www.urlaubcornwall.de\/blog\/\"},{\"@type\":\"ListItem\",\"position\":2,\"name\":\"Ferienhaus am Meer in Paignton &#8211; Englische Riviera\"}]}]}<\/script>\n<!-- \/ Yoast SEO plugin. -->","yoast_head_json":{"title":"Ferienhaus am Meer in Paignton - Englische Riviera - Urlaub &amp; Reisen","description":"Diese luxuri\u00f6se Doppelhaush\u00e4lfte liegt ideal im Ort Goodrington, zwischen den f\u00fcr ihre langen Sandstr\u00e4nde bekannten St\u00e4dten Paignton und der gesch\u00e4ftigen Hafenstadt Brixham, die \u00fcber den sch\u00f6nen K\u00fcstenweg mit Blick auf die Torbay erreichbar ist. Das Stadtzentrum von Paignton ist leicht erreichbar","robots":{"index":"index","follow":"follow","max-snippet":"max-snippet:-1","max-image-preview":"max-image-preview:large","max-video-preview":"max-video-preview:-1"},"canonical":"https:\/\/www.urlaubcornwall.de\/blog\/ferienhaus-meer-paignton-englische-riviera\/","og_locale":"en_US","og_type":"article","og_title":"Ferienhaus am Meer in Paignton - Englische Riviera - Urlaub &amp; Reisen","og_description":"Diese luxuri\u00f6se Doppelhaush\u00e4lfte liegt ideal im Ort Goodrington, zwischen den f\u00fcr ihre langen Sandstr\u00e4nde bekannten St\u00e4dten Paignton und der gesch\u00e4ftigen Hafenstadt Brixham, die \u00fcber den sch\u00f6nen K\u00fcstenweg mit Blick auf die Torbay erreichbar ist. Das Stadtzentrum von Paignton ist leicht erreichbar","og_url":"https:\/\/www.urlaubcornwall.de\/blog\/ferienhaus-meer-paignton-englische-riviera\/","og_site_name":"Urlaub &amp; Reisen","article_modified_time":"2021-09-17T10:31:37+00:00","og_image":[{"url":"https:\/\/www.urlaubcornwall.de\/blog\/wp-content\/uploads\/2017\/12\/ferienhaus-am-meer-paignton-1.jpg"}],"twitter_card":"summary","twitter_misc":{"Est. reading time":"1 minute"},"schema":{"@context":"https:\/\/schema.org","@graph":[{"@type":"WebSite","@id":"https:\/\/www.urlaubcornwall.de\/blog\/#website","url":"https:\/\/www.urlaubcornwall.de\/blog\/","name":"Urlaub &amp; Reisen","description":"Urlaub, Reisen, Cornwall und S\u00fcdengland: eine perfekte Kombination","potentialAction":[{"@type":"SearchAction","target":{"@type":"EntryPoint","urlTemplate":"https:\/\/www.urlaubcornwall.de\/blog\/?s={search_term_string}"},"query-input":"required name=search_term_string"}],"inLanguage":"en-US"},{"@type":"WebPage","@id":"https:\/\/www.urlaubcornwall.de\/blog\/ferienhaus-meer-paignton-englische-riviera\/","url":"https:\/\/www.urlaubcornwall.de\/blog\/ferienhaus-meer-paignton-englische-riviera\/","name":"Ferienhaus am Meer in Paignton - Englische Riviera - Urlaub &amp; Reisen","isPartOf":{"@id":"https:\/\/www.urlaubcornwall.de\/blog\/#website"},"datePublished":"2017-12-31T15:56:09+00:00","dateModified":"2021-09-17T10:31:37+00:00","description":"Diese luxuri\u00f6se Doppelhaush\u00e4lfte liegt ideal im Ort Goodrington, zwischen den f\u00fcr ihre langen Sandstr\u00e4nde bekannten St\u00e4dten Paignton und der gesch\u00e4ftigen Hafenstadt Brixham, die \u00fcber den sch\u00f6nen K\u00fcstenweg mit Blick auf die Torbay erreichbar ist. Das Stadtzentrum von Paignton ist leicht erreichbar","breadcrumb":{"@id":"https:\/\/www.urlaubcornwall.de\/blog\/ferienhaus-meer-paignton-englische-riviera\/#breadcrumb"},"inLanguage":"en-US","potentialAction":[{"@type":"ReadAction","target":["https:\/\/www.urlaubcornwall.de\/blog\/ferienhaus-meer-paignton-englische-riviera\/"]}]},{"@type":"BreadcrumbList","@id":"https:\/\/www.urlaubcornwall.de\/blog\/ferienhaus-meer-paignton-englische-riviera\/#breadcrumb","itemListElement":[{"@type":"ListItem","position":1,"name":"Home","item":"https:\/\/www.urlaubcornwall.de\/blog\/"},{"@type":"ListItem","position":2,"name":"Ferienhaus am Meer in Paignton &#8211; Englische Riviera"}]}]}},"_links":{"self":[{"href":"https:\/\/www.urlaubcornwall.de\/blog\/wp-json\/wp\/v2\/pages\/31645"}],"collection":[{"href":"https:\/\/www.urlaubcornwall.de\/blog\/wp-json\/wp\/v2\/pages"}],"about":[{"href":"https:\/\/www.urlaubcornwall.de\/blog\/wp-json\/wp\/v2\/types\/page"}],"author":[{"embeddable":true,"href":"https:\/\/www.urlaubcornwall.de\/blog\/wp-json\/wp\/v2\/users\/1"}],"replies":[{"embeddable":true,"href":"https:\/\/www.urlaubcornwall.de\/blog\/wp-json\/wp\/v2\/comments?post=31645"}],"version-history":[{"count":5,"href":"https:\/\/www.urlaubcornwall.de\/blog\/wp-json\/wp\/v2\/pages\/31645\/revisions"}],"predecessor-version":[{"id":42830,"href":"https:\/\/www.urlaubcornwall.de\/blog\/wp-json\/wp\/v2\/pages\/31645\/revisions\/42830"}],"wp:attachment":[{"href":"https:\/\/www.urlaubcornwall.de\/blog\/wp-json\/wp\/v2\/media?parent=31645"}],"curies":[{"name":"wp","href":"https:\/\/api.w.org\/{rel}","templated":true}]}}