{"id":31639,"date":"2017-12-31T15:47:03","date_gmt":"2017-12-31T15:47:03","guid":{"rendered":"https:\/\/www.urlaubcornwall.de\/blog\/?page_id=31639"},"modified":"2021-09-17T12:25:19","modified_gmt":"2021-09-17T12:25:19","slug":"ferienhaus-lynton-meer-nordkueste-devon","status":"publish","type":"page","link":"https:\/\/www.urlaubcornwall.de\/blog\/ferienhaus-lynton-meer-nordkueste-devon\/","title":{"rendered":"Ferienhaus Lynton am Meer &#8211; Nordk\u00fcste Devon"},"content":{"rendered":"<p><img loading=\"lazy\" class=\"aligncenter size-full wp-image-31643\" src=\"https:\/\/www.urlaubcornwall.de\/blog\/wp-content\/uploads\/2017\/12\/ferienhaus-lynton-am-meer.jpg\" alt=\"ferienhaus lynton am meer\" width=\"749\" height=\"446\"\/><br \/>\n<strong>Ferienhaus in Lynton mit 2 Schlafzimmern, Schlafplatz f\u00fcr 4<\/strong><\/p>\n<p>Stein gebaute Ferienhaus auf den Klippen mit Blick auf Lynmouth Bay Babys sind willkommen, aber bedauern keine Kinder. Dieses Lodge-Haus befindet sich in exponierter Lage auf einer ruhigen Sackgasse und bietet einen atemberaubenden Panoramablick. Das Dorfzentrum von Lynton erreichen Sie nach einem kurzen Spaziergang. Mit einem Weinkeller und Pizzaofen ist es das perfekte Ziel f\u00fcr einen erholsamen Urlaub. Im <a href=\"https:\/\/www.urlaubcornwall.de\/ferienhaeuser-fewos\/eng\/nord-devon\/exmoor-national-park.html\">Exmoor-Nationalpark<\/a> gelegen, ist das Haus ideal f\u00fcr Wanderer, die diese malerische Gegend erkunden m\u00f6chten. Viele Wanderwege f\u00fchren direkt von der Unterkunft aus in atemberaubende Landschaften wie das Valley of the Rocks und die Watersmeet Gorge. Lynmouth bekannt als kleine Schweiz.<\/p>\n<p style=\"text-align: center;\"><a class=\"tidycta\" href=\"https:\/\/www.urlaubcornwall.de\/ferienhaeuser-fewos\/lynton-am-meer.html\">Suche Ferienh\u00e4user Lynton<\/a><\/p>\n<p style=\"text-align: center;\">Pers\u00f6nlich inspizierte Ferienh\u00e4user und Ferienwohnungen in Devon f\u00fcr Ihren Urlaub.<\/p>\n<p style=\"text-align: center;\"><a href=\"https:\/\/www.urlaubcornwall.de\/ferienhaeuser\/devon.php\"><strong>Ferienh\u00e4user, Cottages &amp; Ferienwohnungen in Devon <\/strong><\/a><\/p>\n","protected":false},"excerpt":{"rendered":"<p>Ferienhaus in Lynton mit 2 Schlafzimmern, Schlafplatz f\u00fcr 4 Stein gebaute Ferienhaus auf den Klippen mit Blick auf Lynmouth Bay Babys sind willkommen, aber bedauern keine Kinder. Dieses Lodge-Haus befindet sich in exponierter Lage auf einer ruhigen Sackgasse und bietet einen atemberaubenden Panoramablick. Das Dorfzentrum von Lynton erreichen Sie nach einem kurzen Spaziergang. Mit einem [&hellip;]<\/p>\n","protected":false},"author":1,"featured_media":0,"parent":0,"menu_order":0,"comment_status":"closed","ping_status":"closed","template":"single-four.php","meta":[],"acf":[],"yoast_head":"<!-- This site is optimized with the Yoast SEO plugin v19.4 - https:\/\/yoast.com\/wordpress\/plugins\/seo\/ -->\n<title>Ferienhaus Lynton am Meer - Nordk\u00fcste Devon - Urlaub &amp; Reisen<\/title>\n<meta name=\"description\" content=\"Stein gebaute Ferienhaus auf den Klippen mit Blick auf Lynmouth Bay Babys sind willkommen, aber bedauern keine Kinder. Dieses Lodge-Haus befindet sich in exponierter Lage auf einer ruhigen Sackgasse und bietet einen atemberaubenden Panoramablick. Das Dorfzentrum von Lynton erreichen Sie nach einem kurzen Spaziergang. Mit einem Weinkeller und Pizzaofen ist es das perfekte Ziel f\u00fcr einen erholsamen Urlaub. Im Exmoor-Nationalpark gelegen\" \/>\n<meta name=\"robots\" content=\"index, follow, max-snippet:-1, max-image-preview:large, max-video-preview:-1\" \/>\n<link rel=\"canonical\" href=\"https:\/\/www.urlaubcornwall.de\/blog\/ferienhaus-lynton-meer-nordkueste-devon\/\" \/>\n<meta property=\"og:locale\" content=\"en_US\" \/>\n<meta property=\"og:type\" content=\"article\" \/>\n<meta property=\"og:title\" content=\"Ferienhaus Lynton am Meer - Nordk\u00fcste Devon - Urlaub &amp; Reisen\" \/>\n<meta property=\"og:description\" content=\"Stein gebaute Ferienhaus auf den Klippen mit Blick auf Lynmouth Bay Babys sind willkommen, aber bedauern keine Kinder. Dieses Lodge-Haus befindet sich in exponierter Lage auf einer ruhigen Sackgasse und bietet einen atemberaubenden Panoramablick. Das Dorfzentrum von Lynton erreichen Sie nach einem kurzen Spaziergang. Mit einem Weinkeller und Pizzaofen ist es das perfekte Ziel f\u00fcr einen erholsamen Urlaub. Im Exmoor-Nationalpark gelegen\" \/>\n<meta property=\"og:url\" content=\"https:\/\/www.urlaubcornwall.de\/blog\/ferienhaus-lynton-meer-nordkueste-devon\/\" \/>\n<meta property=\"og:site_name\" content=\"Urlaub &amp; Reisen\" \/>\n<meta property=\"article:modified_time\" content=\"2021-09-17T12:25:19+00:00\" \/>\n<meta property=\"og:image\" content=\"https:\/\/www.urlaubcornwall.de\/blog\/wp-content\/uploads\/2017\/12\/ferienhaus-lynton-am-meer.jpg\" \/>\n<meta name=\"twitter:card\" content=\"summary\" \/>\n<meta name=\"twitter:label1\" content=\"Est. reading time\" \/>\n\t<meta name=\"twitter:data1\" content=\"1 minute\" \/>\n<script type=\"application\/ld+json\" class=\"yoast-schema-graph\">{\"@context\":\"https:\/\/schema.org\",\"@graph\":[{\"@type\":\"WebSite\",\"@id\":\"https:\/\/www.urlaubcornwall.de\/blog\/#website\",\"url\":\"https:\/\/www.urlaubcornwall.de\/blog\/\",\"name\":\"Urlaub &amp; Reisen\",\"description\":\"Urlaub, Reisen, Cornwall und S\u00fcdengland: eine perfekte Kombination\",\"potentialAction\":[{\"@type\":\"SearchAction\",\"target\":{\"@type\":\"EntryPoint\",\"urlTemplate\":\"https:\/\/www.urlaubcornwall.de\/blog\/?s={search_term_string}\"},\"query-input\":\"required name=search_term_string\"}],\"inLanguage\":\"en-US\"},{\"@type\":\"WebPage\",\"@id\":\"https:\/\/www.urlaubcornwall.de\/blog\/ferienhaus-lynton-meer-nordkueste-devon\/\",\"url\":\"https:\/\/www.urlaubcornwall.de\/blog\/ferienhaus-lynton-meer-nordkueste-devon\/\",\"name\":\"Ferienhaus Lynton am Meer - Nordk\u00fcste Devon - Urlaub &amp; Reisen\",\"isPartOf\":{\"@id\":\"https:\/\/www.urlaubcornwall.de\/blog\/#website\"},\"datePublished\":\"2017-12-31T15:47:03+00:00\",\"dateModified\":\"2021-09-17T12:25:19+00:00\",\"description\":\"Stein gebaute Ferienhaus auf den Klippen mit Blick auf Lynmouth Bay Babys sind willkommen, aber bedauern keine Kinder. Dieses Lodge-Haus befindet sich in exponierter Lage auf einer ruhigen Sackgasse und bietet einen atemberaubenden Panoramablick. Das Dorfzentrum von Lynton erreichen Sie nach einem kurzen Spaziergang. Mit einem Weinkeller und Pizzaofen ist es das perfekte Ziel f\u00fcr einen erholsamen Urlaub. Im Exmoor-Nationalpark gelegen\",\"breadcrumb\":{\"@id\":\"https:\/\/www.urlaubcornwall.de\/blog\/ferienhaus-lynton-meer-nordkueste-devon\/#breadcrumb\"},\"inLanguage\":\"en-US\",\"potentialAction\":[{\"@type\":\"ReadAction\",\"target\":[\"https:\/\/www.urlaubcornwall.de\/blog\/ferienhaus-lynton-meer-nordkueste-devon\/\"]}]},{\"@type\":\"BreadcrumbList\",\"@id\":\"https:\/\/www.urlaubcornwall.de\/blog\/ferienhaus-lynton-meer-nordkueste-devon\/#breadcrumb\",\"itemListElement\":[{\"@type\":\"ListItem\",\"position\":1,\"name\":\"Home\",\"item\":\"https:\/\/www.urlaubcornwall.de\/blog\/\"},{\"@type\":\"ListItem\",\"position\":2,\"name\":\"Ferienhaus Lynton am Meer &#8211; Nordk\u00fcste Devon\"}]}]}<\/script>\n<!-- \/ Yoast SEO plugin. -->","yoast_head_json":{"title":"Ferienhaus Lynton am Meer - Nordk\u00fcste Devon - Urlaub &amp; Reisen","description":"Stein gebaute Ferienhaus auf den Klippen mit Blick auf Lynmouth Bay Babys sind willkommen, aber bedauern keine Kinder. Dieses Lodge-Haus befindet sich in exponierter Lage auf einer ruhigen Sackgasse und bietet einen atemberaubenden Panoramablick. Das Dorfzentrum von Lynton erreichen Sie nach einem kurzen Spaziergang. Mit einem Weinkeller und Pizzaofen ist es das perfekte Ziel f\u00fcr einen erholsamen Urlaub. Im Exmoor-Nationalpark gelegen","robots":{"index":"index","follow":"follow","max-snippet":"max-snippet:-1","max-image-preview":"max-image-preview:large","max-video-preview":"max-video-preview:-1"},"canonical":"https:\/\/www.urlaubcornwall.de\/blog\/ferienhaus-lynton-meer-nordkueste-devon\/","og_locale":"en_US","og_type":"article","og_title":"Ferienhaus Lynton am Meer - Nordk\u00fcste Devon - Urlaub &amp; Reisen","og_description":"Stein gebaute Ferienhaus auf den Klippen mit Blick auf Lynmouth Bay Babys sind willkommen, aber bedauern keine Kinder. Dieses Lodge-Haus befindet sich in exponierter Lage auf einer ruhigen Sackgasse und bietet einen atemberaubenden Panoramablick. Das Dorfzentrum von Lynton erreichen Sie nach einem kurzen Spaziergang. Mit einem Weinkeller und Pizzaofen ist es das perfekte Ziel f\u00fcr einen erholsamen Urlaub. Im Exmoor-Nationalpark gelegen","og_url":"https:\/\/www.urlaubcornwall.de\/blog\/ferienhaus-lynton-meer-nordkueste-devon\/","og_site_name":"Urlaub &amp; Reisen","article_modified_time":"2021-09-17T12:25:19+00:00","og_image":[{"url":"https:\/\/www.urlaubcornwall.de\/blog\/wp-content\/uploads\/2017\/12\/ferienhaus-lynton-am-meer.jpg"}],"twitter_card":"summary","twitter_misc":{"Est. reading time":"1 minute"},"schema":{"@context":"https:\/\/schema.org","@graph":[{"@type":"WebSite","@id":"https:\/\/www.urlaubcornwall.de\/blog\/#website","url":"https:\/\/www.urlaubcornwall.de\/blog\/","name":"Urlaub &amp; Reisen","description":"Urlaub, Reisen, Cornwall und S\u00fcdengland: eine perfekte Kombination","potentialAction":[{"@type":"SearchAction","target":{"@type":"EntryPoint","urlTemplate":"https:\/\/www.urlaubcornwall.de\/blog\/?s={search_term_string}"},"query-input":"required name=search_term_string"}],"inLanguage":"en-US"},{"@type":"WebPage","@id":"https:\/\/www.urlaubcornwall.de\/blog\/ferienhaus-lynton-meer-nordkueste-devon\/","url":"https:\/\/www.urlaubcornwall.de\/blog\/ferienhaus-lynton-meer-nordkueste-devon\/","name":"Ferienhaus Lynton am Meer - Nordk\u00fcste Devon - Urlaub &amp; Reisen","isPartOf":{"@id":"https:\/\/www.urlaubcornwall.de\/blog\/#website"},"datePublished":"2017-12-31T15:47:03+00:00","dateModified":"2021-09-17T12:25:19+00:00","description":"Stein gebaute Ferienhaus auf den Klippen mit Blick auf Lynmouth Bay Babys sind willkommen, aber bedauern keine Kinder. Dieses Lodge-Haus befindet sich in exponierter Lage auf einer ruhigen Sackgasse und bietet einen atemberaubenden Panoramablick. Das Dorfzentrum von Lynton erreichen Sie nach einem kurzen Spaziergang. Mit einem Weinkeller und Pizzaofen ist es das perfekte Ziel f\u00fcr einen erholsamen Urlaub. Im Exmoor-Nationalpark gelegen","breadcrumb":{"@id":"https:\/\/www.urlaubcornwall.de\/blog\/ferienhaus-lynton-meer-nordkueste-devon\/#breadcrumb"},"inLanguage":"en-US","potentialAction":[{"@type":"ReadAction","target":["https:\/\/www.urlaubcornwall.de\/blog\/ferienhaus-lynton-meer-nordkueste-devon\/"]}]},{"@type":"BreadcrumbList","@id":"https:\/\/www.urlaubcornwall.de\/blog\/ferienhaus-lynton-meer-nordkueste-devon\/#breadcrumb","itemListElement":[{"@type":"ListItem","position":1,"name":"Home","item":"https:\/\/www.urlaubcornwall.de\/blog\/"},{"@type":"ListItem","position":2,"name":"Ferienhaus Lynton am Meer &#8211; Nordk\u00fcste Devon"}]}]}},"_links":{"self":[{"href":"https:\/\/www.urlaubcornwall.de\/blog\/wp-json\/wp\/v2\/pages\/31639"}],"collection":[{"href":"https:\/\/www.urlaubcornwall.de\/blog\/wp-json\/wp\/v2\/pages"}],"about":[{"href":"https:\/\/www.urlaubcornwall.de\/blog\/wp-json\/wp\/v2\/types\/page"}],"author":[{"embeddable":true,"href":"https:\/\/www.urlaubcornwall.de\/blog\/wp-json\/wp\/v2\/users\/1"}],"replies":[{"embeddable":true,"href":"https:\/\/www.urlaubcornwall.de\/blog\/wp-json\/wp\/v2\/comments?post=31639"}],"version-history":[{"count":5,"href":"https:\/\/www.urlaubcornwall.de\/blog\/wp-json\/wp\/v2\/pages\/31639\/revisions"}],"predecessor-version":[{"id":42900,"href":"https:\/\/www.urlaubcornwall.de\/blog\/wp-json\/wp\/v2\/pages\/31639\/revisions\/42900"}],"wp:attachment":[{"href":"https:\/\/www.urlaubcornwall.de\/blog\/wp-json\/wp\/v2\/media?parent=31639"}],"curies":[{"name":"wp","href":"https:\/\/api.w.org\/{rel}","templated":true}]}}