{"id":31636,"date":"2017-12-31T15:16:06","date_gmt":"2017-12-31T15:16:06","guid":{"rendered":"https:\/\/www.urlaubcornwall.de\/blog\/?page_id=31636"},"modified":"2021-09-17T10:47:36","modified_gmt":"2021-09-17T10:47:36","slug":"ferienhaus-meer-lynmouth-urlaub-nord-devon","status":"publish","type":"page","link":"https:\/\/www.urlaubcornwall.de\/blog\/ferienhaus-meer-lynmouth-urlaub-nord-devon\/","title":{"rendered":"Ferienhaus am Meer Lynmouth &#8211; Urlaub in Nord-Devon"},"content":{"rendered":"<p><img loading=\"lazy\" class=\"aligncenter size-full wp-image-31637\" src=\"https:\/\/www.urlaubcornwall.de\/blog\/wp-content\/uploads\/2017\/12\/ferienhaus-am-meer-lynmouth.jpg\" alt=\"ferienhaus am meer lynmouth\" width=\"749\" height=\"437\"\/><\/p>\n<p><strong>Ferienhaus in Lynmouth mit 4 Schlafzimmern, Schlafplatz f\u00fcr 8<\/strong><\/p>\n<p>Zentral in Lynmouth mit Meerblick gelegen. Dieses einzigartige Ferienhaus erstreckt sich \u00fcber vier Stockwerke und liegt an einem steilen Weg in erh\u00f6hter Lage. Jedes Zimmer verf\u00fcgt \u00fcber ein gro\u00dfes Fenster, das die Zimmer mit Sonnenlicht durchflutet. Dies zusammen mit dem farbenfrohen Dekor sorgen f\u00fcr helle und gem\u00fctliche Zimmer. Die Schlafzimmer im zweiten Stock haben jeweils einen sch\u00f6nen Meerblick \u00fcber die Hafenstadt Lynmouth. Lynmouth wird oft als Little Switzerland bezeichnet und liegt in einem steilen Tal. Es ist ein wirklich friedlicher magischer Ort zum Verweilen.<\/p>\n<p style=\"text-align: center;\"><a class=\"tidycta\" href=\"https:\/\/www.urlaubcornwall.de\/ferienhaeuser-fewos\/eng\/nord-devon\/lynmouth.html\">Suche Ferienh\u00e4user Lynmouth<\/a><\/p>\n<p style=\"text-align: center;\">Pers\u00f6nlich inspizierte Ferienh\u00e4user und Ferienwohnungen in Devon f\u00fcr Ihren Urlaub.<\/p>\n<p style=\"text-align: center;\"><a href=\"https:\/\/www.urlaubcornwall.de\/ferienhaeuser-fewos\/eng\/nord-devon\/nord-devon.html\"><strong>Ferienh\u00e4user, Cottages &amp; Ferienwohnungen in Devon am Meer. <\/strong><\/a><\/p>\n","protected":false},"excerpt":{"rendered":"<p>Ferienhaus in Lynmouth mit 4 Schlafzimmern, Schlafplatz f\u00fcr 8 Zentral in Lynmouth mit Meerblick gelegen. Dieses einzigartige Ferienhaus erstreckt sich \u00fcber vier Stockwerke und liegt an einem steilen Weg in erh\u00f6hter Lage. Jedes Zimmer verf\u00fcgt \u00fcber ein gro\u00dfes Fenster, das die Zimmer mit Sonnenlicht durchflutet. Dies zusammen mit dem farbenfrohen Dekor sorgen f\u00fcr helle und [&hellip;]<\/p>\n","protected":false},"author":1,"featured_media":0,"parent":0,"menu_order":0,"comment_status":"closed","ping_status":"closed","template":"single-four.php","meta":[],"acf":[],"yoast_head":"<!-- This site is optimized with the Yoast SEO plugin v19.4 - https:\/\/yoast.com\/wordpress\/plugins\/seo\/ -->\n<title>Ferienhaus am Meer Lynmouth - Urlaub in Nord-Devon - Urlaub &amp; Reisen<\/title>\n<meta name=\"description\" content=\"Zentral in Lynmouth mit Meerblick gelegen. Dieses einzigartige Ferienhaus erstreckt sich \u00fcber vier Stockwerke und liegt an einem steilen Weg in erh\u00f6hter Lage. Jedes Zimmer verf\u00fcgt \u00fcber ein gro\u00dfes Fenster, das die Zimmer mit Sonnenlicht durchflutet. Dies zusammen mit dem farbenfrohen Dekor\" \/>\n<meta name=\"robots\" content=\"index, follow, max-snippet:-1, max-image-preview:large, max-video-preview:-1\" \/>\n<link rel=\"canonical\" href=\"https:\/\/www.urlaubcornwall.de\/blog\/ferienhaus-meer-lynmouth-urlaub-nord-devon\/\" \/>\n<meta property=\"og:locale\" content=\"en_US\" \/>\n<meta property=\"og:type\" content=\"article\" \/>\n<meta property=\"og:title\" content=\"Ferienhaus am Meer Lynmouth - Urlaub in Nord-Devon - Urlaub &amp; Reisen\" \/>\n<meta property=\"og:description\" content=\"Zentral in Lynmouth mit Meerblick gelegen. Dieses einzigartige Ferienhaus erstreckt sich \u00fcber vier Stockwerke und liegt an einem steilen Weg in erh\u00f6hter Lage. Jedes Zimmer verf\u00fcgt \u00fcber ein gro\u00dfes Fenster, das die Zimmer mit Sonnenlicht durchflutet. Dies zusammen mit dem farbenfrohen Dekor\" \/>\n<meta property=\"og:url\" content=\"https:\/\/www.urlaubcornwall.de\/blog\/ferienhaus-meer-lynmouth-urlaub-nord-devon\/\" \/>\n<meta property=\"og:site_name\" content=\"Urlaub &amp; Reisen\" \/>\n<meta property=\"article:modified_time\" content=\"2021-09-17T10:47:36+00:00\" \/>\n<meta property=\"og:image\" content=\"https:\/\/www.urlaubcornwall.de\/blog\/wp-content\/uploads\/2017\/12\/ferienhaus-am-meer-lynmouth.jpg\" \/>\n<meta name=\"twitter:card\" content=\"summary\" \/>\n<meta name=\"twitter:label1\" content=\"Est. reading time\" \/>\n\t<meta name=\"twitter:data1\" content=\"1 minute\" \/>\n<script type=\"application\/ld+json\" class=\"yoast-schema-graph\">{\"@context\":\"https:\/\/schema.org\",\"@graph\":[{\"@type\":\"WebSite\",\"@id\":\"https:\/\/www.urlaubcornwall.de\/blog\/#website\",\"url\":\"https:\/\/www.urlaubcornwall.de\/blog\/\",\"name\":\"Urlaub &amp; Reisen\",\"description\":\"Urlaub, Reisen, Cornwall und S\u00fcdengland: eine perfekte Kombination\",\"potentialAction\":[{\"@type\":\"SearchAction\",\"target\":{\"@type\":\"EntryPoint\",\"urlTemplate\":\"https:\/\/www.urlaubcornwall.de\/blog\/?s={search_term_string}\"},\"query-input\":\"required name=search_term_string\"}],\"inLanguage\":\"en-US\"},{\"@type\":\"WebPage\",\"@id\":\"https:\/\/www.urlaubcornwall.de\/blog\/ferienhaus-meer-lynmouth-urlaub-nord-devon\/\",\"url\":\"https:\/\/www.urlaubcornwall.de\/blog\/ferienhaus-meer-lynmouth-urlaub-nord-devon\/\",\"name\":\"Ferienhaus am Meer Lynmouth - Urlaub in Nord-Devon - Urlaub &amp; Reisen\",\"isPartOf\":{\"@id\":\"https:\/\/www.urlaubcornwall.de\/blog\/#website\"},\"datePublished\":\"2017-12-31T15:16:06+00:00\",\"dateModified\":\"2021-09-17T10:47:36+00:00\",\"description\":\"Zentral in Lynmouth mit Meerblick gelegen. Dieses einzigartige Ferienhaus erstreckt sich \u00fcber vier Stockwerke und liegt an einem steilen Weg in erh\u00f6hter Lage. Jedes Zimmer verf\u00fcgt \u00fcber ein gro\u00dfes Fenster, das die Zimmer mit Sonnenlicht durchflutet. Dies zusammen mit dem farbenfrohen Dekor\",\"breadcrumb\":{\"@id\":\"https:\/\/www.urlaubcornwall.de\/blog\/ferienhaus-meer-lynmouth-urlaub-nord-devon\/#breadcrumb\"},\"inLanguage\":\"en-US\",\"potentialAction\":[{\"@type\":\"ReadAction\",\"target\":[\"https:\/\/www.urlaubcornwall.de\/blog\/ferienhaus-meer-lynmouth-urlaub-nord-devon\/\"]}]},{\"@type\":\"BreadcrumbList\",\"@id\":\"https:\/\/www.urlaubcornwall.de\/blog\/ferienhaus-meer-lynmouth-urlaub-nord-devon\/#breadcrumb\",\"itemListElement\":[{\"@type\":\"ListItem\",\"position\":1,\"name\":\"Home\",\"item\":\"https:\/\/www.urlaubcornwall.de\/blog\/\"},{\"@type\":\"ListItem\",\"position\":2,\"name\":\"Ferienhaus am Meer Lynmouth &#8211; Urlaub in Nord-Devon\"}]}]}<\/script>\n<!-- \/ Yoast SEO plugin. -->","yoast_head_json":{"title":"Ferienhaus am Meer Lynmouth - Urlaub in Nord-Devon - Urlaub &amp; Reisen","description":"Zentral in Lynmouth mit Meerblick gelegen. Dieses einzigartige Ferienhaus erstreckt sich \u00fcber vier Stockwerke und liegt an einem steilen Weg in erh\u00f6hter Lage. Jedes Zimmer verf\u00fcgt \u00fcber ein gro\u00dfes Fenster, das die Zimmer mit Sonnenlicht durchflutet. Dies zusammen mit dem farbenfrohen Dekor","robots":{"index":"index","follow":"follow","max-snippet":"max-snippet:-1","max-image-preview":"max-image-preview:large","max-video-preview":"max-video-preview:-1"},"canonical":"https:\/\/www.urlaubcornwall.de\/blog\/ferienhaus-meer-lynmouth-urlaub-nord-devon\/","og_locale":"en_US","og_type":"article","og_title":"Ferienhaus am Meer Lynmouth - Urlaub in Nord-Devon - Urlaub &amp; Reisen","og_description":"Zentral in Lynmouth mit Meerblick gelegen. Dieses einzigartige Ferienhaus erstreckt sich \u00fcber vier Stockwerke und liegt an einem steilen Weg in erh\u00f6hter Lage. Jedes Zimmer verf\u00fcgt \u00fcber ein gro\u00dfes Fenster, das die Zimmer mit Sonnenlicht durchflutet. Dies zusammen mit dem farbenfrohen Dekor","og_url":"https:\/\/www.urlaubcornwall.de\/blog\/ferienhaus-meer-lynmouth-urlaub-nord-devon\/","og_site_name":"Urlaub &amp; Reisen","article_modified_time":"2021-09-17T10:47:36+00:00","og_image":[{"url":"https:\/\/www.urlaubcornwall.de\/blog\/wp-content\/uploads\/2017\/12\/ferienhaus-am-meer-lynmouth.jpg"}],"twitter_card":"summary","twitter_misc":{"Est. reading time":"1 minute"},"schema":{"@context":"https:\/\/schema.org","@graph":[{"@type":"WebSite","@id":"https:\/\/www.urlaubcornwall.de\/blog\/#website","url":"https:\/\/www.urlaubcornwall.de\/blog\/","name":"Urlaub &amp; Reisen","description":"Urlaub, Reisen, Cornwall und S\u00fcdengland: eine perfekte Kombination","potentialAction":[{"@type":"SearchAction","target":{"@type":"EntryPoint","urlTemplate":"https:\/\/www.urlaubcornwall.de\/blog\/?s={search_term_string}"},"query-input":"required name=search_term_string"}],"inLanguage":"en-US"},{"@type":"WebPage","@id":"https:\/\/www.urlaubcornwall.de\/blog\/ferienhaus-meer-lynmouth-urlaub-nord-devon\/","url":"https:\/\/www.urlaubcornwall.de\/blog\/ferienhaus-meer-lynmouth-urlaub-nord-devon\/","name":"Ferienhaus am Meer Lynmouth - Urlaub in Nord-Devon - Urlaub &amp; Reisen","isPartOf":{"@id":"https:\/\/www.urlaubcornwall.de\/blog\/#website"},"datePublished":"2017-12-31T15:16:06+00:00","dateModified":"2021-09-17T10:47:36+00:00","description":"Zentral in Lynmouth mit Meerblick gelegen. Dieses einzigartige Ferienhaus erstreckt sich \u00fcber vier Stockwerke und liegt an einem steilen Weg in erh\u00f6hter Lage. Jedes Zimmer verf\u00fcgt \u00fcber ein gro\u00dfes Fenster, das die Zimmer mit Sonnenlicht durchflutet. Dies zusammen mit dem farbenfrohen Dekor","breadcrumb":{"@id":"https:\/\/www.urlaubcornwall.de\/blog\/ferienhaus-meer-lynmouth-urlaub-nord-devon\/#breadcrumb"},"inLanguage":"en-US","potentialAction":[{"@type":"ReadAction","target":["https:\/\/www.urlaubcornwall.de\/blog\/ferienhaus-meer-lynmouth-urlaub-nord-devon\/"]}]},{"@type":"BreadcrumbList","@id":"https:\/\/www.urlaubcornwall.de\/blog\/ferienhaus-meer-lynmouth-urlaub-nord-devon\/#breadcrumb","itemListElement":[{"@type":"ListItem","position":1,"name":"Home","item":"https:\/\/www.urlaubcornwall.de\/blog\/"},{"@type":"ListItem","position":2,"name":"Ferienhaus am Meer Lynmouth &#8211; Urlaub in Nord-Devon"}]}]}},"_links":{"self":[{"href":"https:\/\/www.urlaubcornwall.de\/blog\/wp-json\/wp\/v2\/pages\/31636"}],"collection":[{"href":"https:\/\/www.urlaubcornwall.de\/blog\/wp-json\/wp\/v2\/pages"}],"about":[{"href":"https:\/\/www.urlaubcornwall.de\/blog\/wp-json\/wp\/v2\/types\/page"}],"author":[{"embeddable":true,"href":"https:\/\/www.urlaubcornwall.de\/blog\/wp-json\/wp\/v2\/users\/1"}],"replies":[{"embeddable":true,"href":"https:\/\/www.urlaubcornwall.de\/blog\/wp-json\/wp\/v2\/comments?post=31636"}],"version-history":[{"count":4,"href":"https:\/\/www.urlaubcornwall.de\/blog\/wp-json\/wp\/v2\/pages\/31636\/revisions"}],"predecessor-version":[{"id":42843,"href":"https:\/\/www.urlaubcornwall.de\/blog\/wp-json\/wp\/v2\/pages\/31636\/revisions\/42843"}],"wp:attachment":[{"href":"https:\/\/www.urlaubcornwall.de\/blog\/wp-json\/wp\/v2\/media?parent=31636"}],"curies":[{"name":"wp","href":"https:\/\/api.w.org\/{rel}","templated":true}]}}