{"id":31632,"date":"2017-12-31T15:05:51","date_gmt":"2017-12-31T15:05:51","guid":{"rendered":"https:\/\/www.urlaubcornwall.de\/blog\/?page_id=31632"},"modified":"2021-09-17T10:29:45","modified_gmt":"2021-09-17T10:29:45","slug":"ferienhaus-meer-kingswear-kuestenstadt-devon","status":"publish","type":"page","link":"https:\/\/www.urlaubcornwall.de\/blog\/ferienhaus-meer-kingswear-kuestenstadt-devon\/","title":{"rendered":"Ferienhaus am Meer in Kingswear &#8211; K\u00fcstenstadt in Devon"},"content":{"rendered":"<p><img loading=\"lazy\" class=\"aligncenter size-full wp-image-31634\" src=\"https:\/\/www.urlaubcornwall.de\/blog\/wp-content\/uploads\/2017\/12\/ferienhaus-am-meer-kingswear-devon.jpg\" alt=\"ferienhaus am meer kingswear devon\" width=\"749\" height=\"443\"\/><br \/>\n<strong>Ferienhaus in Kingswear mit 4 Schlafzimmern, Schlafgelegenheiten 8<\/strong><\/p>\n<p>Dies ist ein sch\u00f6nes dreist\u00f6ckiges Ferienhaus am Rande des Wassers, mit herrlichem Blick auf den Fluss Dart und gegen\u00fcber Dartmouth. Es ist ideal gelegen f\u00fcr beide Kingswear mit einer Handvoll Pubs und Restaurants; und <a href=\"https:\/\/www.urlaubcornwall.de\/ferienhaeuser-fewos\/eng\/sued-devon\/dartmouth.html\">Dartmouth<\/a>, das Juwel von South Devon, das f\u00fcr seinen Hafen, das Schloss, das Royal Naval College und eine bemerkenswerte Auswahl an Boutiquen, Pubs und Gourmetrestaurants bekannt ist. Das Haus ist charaktervoll mit einem ansprechenden Interieur, das stilvoll, geschmackvoll mit Komfort und einem Hauch von Luxus eingerichtet ist und von den gro\u00dfen Fenstern in fast allen Zimmern profitiert, die \u00fcber den Fluss blicken. Sobald das Auto geparkt ist, m\u00fcssen Sie nicht mehr fahren. Nehmen Sie die Fu\u00df- oder Autof\u00e4hre nach Dartmouth oder den Dampfzug Paignton and Dartmouth nach Goodrington Sands und die <a href=\"https:\/\/www.urlaubcornwall.de\/ferienhaeuser-fewos\/eng\/sued-devon\/torquay.html\">Englische Riviera<\/a> oder Bootsfahrten nach Totnes und Brixham. Es gibt herrliche Spazierg\u00e4nge entlang des K\u00fcstenweges und der Sandbuchten.<\/p>\n<p style=\"text-align: center;\"><a class=\"tidycta\" href=\"https:\/\/www.urlaubcornwall.de\/ferienhaeuser-fewos\/eng\/sued-devon\/kingswear.html\">Suche Ferienh\u00e4user Kingswear<\/a><\/p>\n<p style=\"text-align: center;\">Pers\u00f6nlich inspizierte Ferienh\u00e4user und Ferienwohnungen in Devon f\u00fcr Ihren Urlaub.<\/p>\n<p style=\"text-align: center;\"><a href=\"https:\/\/www.urlaubcornwall.de\/ferienhaeuser-fewos\/eng\/sued-devon\/sued-devon.html\"><strong>Ferienh\u00e4user, Cottages &amp; Ferienwohnungen in Devon am Meer. <\/strong><\/a><\/p>\n","protected":false},"excerpt":{"rendered":"<p>Ferienhaus in Kingswear mit 4 Schlafzimmern, Schlafgelegenheiten 8 Dies ist ein sch\u00f6nes dreist\u00f6ckiges Ferienhaus am Rande des Wassers, mit herrlichem Blick auf den Fluss Dart und gegen\u00fcber Dartmouth. Es ist ideal gelegen f\u00fcr beide Kingswear mit einer Handvoll Pubs und Restaurants; und Dartmouth, das Juwel von South Devon, das f\u00fcr seinen Hafen, das Schloss, das [&hellip;]<\/p>\n","protected":false},"author":1,"featured_media":0,"parent":0,"menu_order":0,"comment_status":"closed","ping_status":"closed","template":"single-four.php","meta":[],"acf":[],"yoast_head":"<!-- This site is optimized with the Yoast SEO plugin v19.4 - https:\/\/yoast.com\/wordpress\/plugins\/seo\/ -->\n<title>Ferienhaus am Meer in Kingswear - K\u00fcstenstadt in Devon - Urlaub &amp; Reisen<\/title>\n<meta name=\"description\" content=\"Dies ist ein sch\u00f6nes dreist\u00f6ckiges Ferienhaus am Rande des Wassers, mit herrlichem Blick auf den Fluss Dart und gegen\u00fcber Dartmouth. Es ist ideal gelegen f\u00fcr beide Kingswear mit einer Handvoll Pubs und Restaurants; und Dartmouth, das Juwel von South Devon, das f\u00fcr seinen Hafen, das Schloss, das Royal Naval College\" \/>\n<meta name=\"robots\" content=\"index, follow, max-snippet:-1, max-image-preview:large, max-video-preview:-1\" \/>\n<link rel=\"canonical\" href=\"https:\/\/www.urlaubcornwall.de\/blog\/ferienhaus-meer-kingswear-kuestenstadt-devon\/\" \/>\n<meta property=\"og:locale\" content=\"en_US\" \/>\n<meta property=\"og:type\" content=\"article\" \/>\n<meta property=\"og:title\" content=\"Ferienhaus am Meer in Kingswear - K\u00fcstenstadt in Devon - Urlaub &amp; Reisen\" \/>\n<meta property=\"og:description\" content=\"Dies ist ein sch\u00f6nes dreist\u00f6ckiges Ferienhaus am Rande des Wassers, mit herrlichem Blick auf den Fluss Dart und gegen\u00fcber Dartmouth. Es ist ideal gelegen f\u00fcr beide Kingswear mit einer Handvoll Pubs und Restaurants; und Dartmouth, das Juwel von South Devon, das f\u00fcr seinen Hafen, das Schloss, das Royal Naval College\" \/>\n<meta property=\"og:url\" content=\"https:\/\/www.urlaubcornwall.de\/blog\/ferienhaus-meer-kingswear-kuestenstadt-devon\/\" \/>\n<meta property=\"og:site_name\" content=\"Urlaub &amp; Reisen\" \/>\n<meta property=\"article:modified_time\" content=\"2021-09-17T10:29:45+00:00\" \/>\n<meta property=\"og:image\" content=\"https:\/\/www.urlaubcornwall.de\/blog\/wp-content\/uploads\/2017\/12\/ferienhaus-am-meer-kingswear-devon.jpg\" \/>\n<meta name=\"twitter:card\" content=\"summary\" \/>\n<meta name=\"twitter:label1\" content=\"Est. reading time\" \/>\n\t<meta name=\"twitter:data1\" content=\"1 minute\" \/>\n<script type=\"application\/ld+json\" class=\"yoast-schema-graph\">{\"@context\":\"https:\/\/schema.org\",\"@graph\":[{\"@type\":\"WebSite\",\"@id\":\"https:\/\/www.urlaubcornwall.de\/blog\/#website\",\"url\":\"https:\/\/www.urlaubcornwall.de\/blog\/\",\"name\":\"Urlaub &amp; Reisen\",\"description\":\"Urlaub, Reisen, Cornwall und S\u00fcdengland: eine perfekte Kombination\",\"potentialAction\":[{\"@type\":\"SearchAction\",\"target\":{\"@type\":\"EntryPoint\",\"urlTemplate\":\"https:\/\/www.urlaubcornwall.de\/blog\/?s={search_term_string}\"},\"query-input\":\"required name=search_term_string\"}],\"inLanguage\":\"en-US\"},{\"@type\":\"WebPage\",\"@id\":\"https:\/\/www.urlaubcornwall.de\/blog\/ferienhaus-meer-kingswear-kuestenstadt-devon\/\",\"url\":\"https:\/\/www.urlaubcornwall.de\/blog\/ferienhaus-meer-kingswear-kuestenstadt-devon\/\",\"name\":\"Ferienhaus am Meer in Kingswear - K\u00fcstenstadt in Devon - Urlaub &amp; Reisen\",\"isPartOf\":{\"@id\":\"https:\/\/www.urlaubcornwall.de\/blog\/#website\"},\"datePublished\":\"2017-12-31T15:05:51+00:00\",\"dateModified\":\"2021-09-17T10:29:45+00:00\",\"description\":\"Dies ist ein sch\u00f6nes dreist\u00f6ckiges Ferienhaus am Rande des Wassers, mit herrlichem Blick auf den Fluss Dart und gegen\u00fcber Dartmouth. Es ist ideal gelegen f\u00fcr beide Kingswear mit einer Handvoll Pubs und Restaurants; und Dartmouth, das Juwel von South Devon, das f\u00fcr seinen Hafen, das Schloss, das Royal Naval College\",\"breadcrumb\":{\"@id\":\"https:\/\/www.urlaubcornwall.de\/blog\/ferienhaus-meer-kingswear-kuestenstadt-devon\/#breadcrumb\"},\"inLanguage\":\"en-US\",\"potentialAction\":[{\"@type\":\"ReadAction\",\"target\":[\"https:\/\/www.urlaubcornwall.de\/blog\/ferienhaus-meer-kingswear-kuestenstadt-devon\/\"]}]},{\"@type\":\"BreadcrumbList\",\"@id\":\"https:\/\/www.urlaubcornwall.de\/blog\/ferienhaus-meer-kingswear-kuestenstadt-devon\/#breadcrumb\",\"itemListElement\":[{\"@type\":\"ListItem\",\"position\":1,\"name\":\"Home\",\"item\":\"https:\/\/www.urlaubcornwall.de\/blog\/\"},{\"@type\":\"ListItem\",\"position\":2,\"name\":\"Ferienhaus am Meer in Kingswear &#8211; K\u00fcstenstadt in Devon\"}]}]}<\/script>\n<!-- \/ Yoast SEO plugin. -->","yoast_head_json":{"title":"Ferienhaus am Meer in Kingswear - K\u00fcstenstadt in Devon - Urlaub &amp; Reisen","description":"Dies ist ein sch\u00f6nes dreist\u00f6ckiges Ferienhaus am Rande des Wassers, mit herrlichem Blick auf den Fluss Dart und gegen\u00fcber Dartmouth. Es ist ideal gelegen f\u00fcr beide Kingswear mit einer Handvoll Pubs und Restaurants; und Dartmouth, das Juwel von South Devon, das f\u00fcr seinen Hafen, das Schloss, das Royal Naval College","robots":{"index":"index","follow":"follow","max-snippet":"max-snippet:-1","max-image-preview":"max-image-preview:large","max-video-preview":"max-video-preview:-1"},"canonical":"https:\/\/www.urlaubcornwall.de\/blog\/ferienhaus-meer-kingswear-kuestenstadt-devon\/","og_locale":"en_US","og_type":"article","og_title":"Ferienhaus am Meer in Kingswear - K\u00fcstenstadt in Devon - Urlaub &amp; Reisen","og_description":"Dies ist ein sch\u00f6nes dreist\u00f6ckiges Ferienhaus am Rande des Wassers, mit herrlichem Blick auf den Fluss Dart und gegen\u00fcber Dartmouth. Es ist ideal gelegen f\u00fcr beide Kingswear mit einer Handvoll Pubs und Restaurants; und Dartmouth, das Juwel von South Devon, das f\u00fcr seinen Hafen, das Schloss, das Royal Naval College","og_url":"https:\/\/www.urlaubcornwall.de\/blog\/ferienhaus-meer-kingswear-kuestenstadt-devon\/","og_site_name":"Urlaub &amp; Reisen","article_modified_time":"2021-09-17T10:29:45+00:00","og_image":[{"url":"https:\/\/www.urlaubcornwall.de\/blog\/wp-content\/uploads\/2017\/12\/ferienhaus-am-meer-kingswear-devon.jpg"}],"twitter_card":"summary","twitter_misc":{"Est. reading time":"1 minute"},"schema":{"@context":"https:\/\/schema.org","@graph":[{"@type":"WebSite","@id":"https:\/\/www.urlaubcornwall.de\/blog\/#website","url":"https:\/\/www.urlaubcornwall.de\/blog\/","name":"Urlaub &amp; Reisen","description":"Urlaub, Reisen, Cornwall und S\u00fcdengland: eine perfekte Kombination","potentialAction":[{"@type":"SearchAction","target":{"@type":"EntryPoint","urlTemplate":"https:\/\/www.urlaubcornwall.de\/blog\/?s={search_term_string}"},"query-input":"required name=search_term_string"}],"inLanguage":"en-US"},{"@type":"WebPage","@id":"https:\/\/www.urlaubcornwall.de\/blog\/ferienhaus-meer-kingswear-kuestenstadt-devon\/","url":"https:\/\/www.urlaubcornwall.de\/blog\/ferienhaus-meer-kingswear-kuestenstadt-devon\/","name":"Ferienhaus am Meer in Kingswear - K\u00fcstenstadt in Devon - Urlaub &amp; Reisen","isPartOf":{"@id":"https:\/\/www.urlaubcornwall.de\/blog\/#website"},"datePublished":"2017-12-31T15:05:51+00:00","dateModified":"2021-09-17T10:29:45+00:00","description":"Dies ist ein sch\u00f6nes dreist\u00f6ckiges Ferienhaus am Rande des Wassers, mit herrlichem Blick auf den Fluss Dart und gegen\u00fcber Dartmouth. Es ist ideal gelegen f\u00fcr beide Kingswear mit einer Handvoll Pubs und Restaurants; und Dartmouth, das Juwel von South Devon, das f\u00fcr seinen Hafen, das Schloss, das Royal Naval College","breadcrumb":{"@id":"https:\/\/www.urlaubcornwall.de\/blog\/ferienhaus-meer-kingswear-kuestenstadt-devon\/#breadcrumb"},"inLanguage":"en-US","potentialAction":[{"@type":"ReadAction","target":["https:\/\/www.urlaubcornwall.de\/blog\/ferienhaus-meer-kingswear-kuestenstadt-devon\/"]}]},{"@type":"BreadcrumbList","@id":"https:\/\/www.urlaubcornwall.de\/blog\/ferienhaus-meer-kingswear-kuestenstadt-devon\/#breadcrumb","itemListElement":[{"@type":"ListItem","position":1,"name":"Home","item":"https:\/\/www.urlaubcornwall.de\/blog\/"},{"@type":"ListItem","position":2,"name":"Ferienhaus am Meer in Kingswear &#8211; K\u00fcstenstadt in Devon"}]}]}},"_links":{"self":[{"href":"https:\/\/www.urlaubcornwall.de\/blog\/wp-json\/wp\/v2\/pages\/31632"}],"collection":[{"href":"https:\/\/www.urlaubcornwall.de\/blog\/wp-json\/wp\/v2\/pages"}],"about":[{"href":"https:\/\/www.urlaubcornwall.de\/blog\/wp-json\/wp\/v2\/types\/page"}],"author":[{"embeddable":true,"href":"https:\/\/www.urlaubcornwall.de\/blog\/wp-json\/wp\/v2\/users\/1"}],"replies":[{"embeddable":true,"href":"https:\/\/www.urlaubcornwall.de\/blog\/wp-json\/wp\/v2\/comments?post=31632"}],"version-history":[{"count":6,"href":"https:\/\/www.urlaubcornwall.de\/blog\/wp-json\/wp\/v2\/pages\/31632\/revisions"}],"predecessor-version":[{"id":42828,"href":"https:\/\/www.urlaubcornwall.de\/blog\/wp-json\/wp\/v2\/pages\/31632\/revisions\/42828"}],"wp:attachment":[{"href":"https:\/\/www.urlaubcornwall.de\/blog\/wp-json\/wp\/v2\/media?parent=31632"}],"curies":[{"name":"wp","href":"https:\/\/api.w.org\/{rel}","templated":true}]}}