{"id":31616,"date":"2017-12-30T16:09:05","date_gmt":"2017-12-30T16:09:05","guid":{"rendered":"https:\/\/www.urlaubcornwall.de\/blog\/?page_id=31616"},"modified":"2021-09-02T11:40:11","modified_gmt":"2021-09-02T11:40:11","slug":"ferienhaus-instow-meer-strandurlaub-devon","status":"publish","type":"page","link":"https:\/\/www.urlaubcornwall.de\/blog\/ferienhaus-instow-meer-strandurlaub-devon\/","title":{"rendered":"Ferienhaus Instow am Meer &#8211; Strandurlaub Devon"},"content":{"rendered":"<p><img loading=\"lazy\" class=\"aligncenter size-full wp-image-31617\" src=\"https:\/\/www.urlaubcornwall.de\/blog\/wp-content\/uploads\/2017\/12\/Ferienhaus-am-meer-instow.jpg\" alt=\"Ferienhaus am meer instow devon\" width=\"746\" height=\"419\"\/><br \/>\n<strong>Ferienhaus mit Meerblick Instow, Nord-Devon.<\/strong><\/p>\n<p>4 Schlafzimmer, hundefreundlich, Schlafplatz f\u00fcr 7 + Kinderbett,An-\/Abreisetag am Freitag, Preis pro Woche \u00a3708 &#8211; \u00a31990<\/p>\n<p>Dieses attraktive Ferienhaus liegt an der Marine Parade in dem beliebten K\u00fcstenort Instow in Nord-Devon, einem K\u00fcstenort mit dem sch\u00f6nsten Sandstrand. Diese t\u00e4uschend ger\u00e4umige Unterkunft ist ein perfekter Ausgangspunkt f\u00fcr einen Familienurlaub. Sie liegt abseits der Stra\u00dfe und bietet Blick auf die Sandd\u00fcnen und von einem der vier gut ausgestatteten Schlafzimmer auf das Meer. Das UNESCO-Weltkulturerbe Braunton Burrows befindet sich auf der anderen Seite der Flussm\u00fcndung und an einem klaren Tag kann man Lundy Island sehen. Dieses sch\u00f6n pr\u00e4sentierte Cottage wurde sorgf\u00e4ltig renoviert, um interessante Originalelemente wie einen &#8220;geheimen&#8221; Innenhof zu integrieren. Vom umz\u00e4unten Garten f\u00fchren Stufen hinunter zum Parkplatz f\u00fcr zwei Autos.<\/p>\n<p style=\"text-align: center;\"><a class=\"tidycta\" href=\"https:\/\/www.urlaubcornwall.de\/ferienhaeuser-fewos\/eng\/nord-devon\/instow-am-meer.html\">Suche Ferienh\u00e4user Instow<\/a><\/p>\n<p>Um UrlaubCornwall.de einzigartige Kollektion nach Ihrem idealen Ferienhaus zu durchsuchen. <a href=\"https:\/\/www.urlaubcornwall.de\/ferienhaeuser\/devon.php\"><span style=\"text-decoration: underline;\">Klicken Sie hier<\/span> &gt;&gt;<\/a><\/p>\n","protected":false},"excerpt":{"rendered":"<p>Ferienhaus mit Meerblick Instow, Nord-Devon. 4 Schlafzimmer, hundefreundlich, Schlafplatz f\u00fcr 7 + Kinderbett,An-\/Abreisetag am Freitag, Preis pro Woche \u00a3708 &#8211; \u00a31990 Dieses attraktive Ferienhaus liegt an der Marine Parade in dem beliebten K\u00fcstenort Instow in Nord-Devon, einem K\u00fcstenort mit dem sch\u00f6nsten Sandstrand. Diese t\u00e4uschend ger\u00e4umige Unterkunft ist ein perfekter Ausgangspunkt f\u00fcr einen Familienurlaub. Sie liegt [&hellip;]<\/p>\n","protected":false},"author":1,"featured_media":0,"parent":0,"menu_order":0,"comment_status":"closed","ping_status":"closed","template":"single-four.php","meta":[],"acf":[],"yoast_head":"<!-- This site is optimized with the Yoast SEO plugin v19.4 - https:\/\/yoast.com\/wordpress\/plugins\/seo\/ -->\n<title>Ferienhaus Instow am Meer - Strandurlaub Devon - Urlaub &amp; Reisen<\/title>\n<meta name=\"robots\" content=\"index, follow, max-snippet:-1, max-image-preview:large, max-video-preview:-1\" \/>\n<link rel=\"canonical\" href=\"https:\/\/www.urlaubcornwall.de\/blog\/ferienhaus-instow-meer-strandurlaub-devon\/\" \/>\n<meta property=\"og:locale\" content=\"en_US\" \/>\n<meta property=\"og:type\" content=\"article\" \/>\n<meta property=\"og:title\" content=\"Ferienhaus Instow am Meer - Strandurlaub Devon - Urlaub &amp; Reisen\" \/>\n<meta property=\"og:description\" content=\"Ferienhaus mit Meerblick Instow, Nord-Devon. 4 Schlafzimmer, hundefreundlich, Schlafplatz f\u00fcr 7 + Kinderbett,An-\/Abreisetag am Freitag, Preis pro Woche \u00a3708 &#8211; \u00a31990 Dieses attraktive Ferienhaus liegt an der Marine Parade in dem beliebten K\u00fcstenort Instow in Nord-Devon, einem K\u00fcstenort mit dem sch\u00f6nsten Sandstrand. Diese t\u00e4uschend ger\u00e4umige Unterkunft ist ein perfekter Ausgangspunkt f\u00fcr einen Familienurlaub. Sie liegt [&hellip;]\" \/>\n<meta property=\"og:url\" content=\"https:\/\/www.urlaubcornwall.de\/blog\/ferienhaus-instow-meer-strandurlaub-devon\/\" \/>\n<meta property=\"og:site_name\" content=\"Urlaub &amp; Reisen\" \/>\n<meta property=\"article:modified_time\" content=\"2021-09-02T11:40:11+00:00\" \/>\n<meta property=\"og:image\" content=\"https:\/\/www.urlaubcornwall.de\/blog\/wp-content\/uploads\/2017\/12\/Ferienhaus-am-meer-instow.jpg\" \/>\n<meta name=\"twitter:card\" content=\"summary\" \/>\n<meta name=\"twitter:label1\" content=\"Est. reading time\" \/>\n\t<meta name=\"twitter:data1\" content=\"1 minute\" \/>\n<script type=\"application\/ld+json\" class=\"yoast-schema-graph\">{\"@context\":\"https:\/\/schema.org\",\"@graph\":[{\"@type\":\"WebSite\",\"@id\":\"https:\/\/www.urlaubcornwall.de\/blog\/#website\",\"url\":\"https:\/\/www.urlaubcornwall.de\/blog\/\",\"name\":\"Urlaub &amp; Reisen\",\"description\":\"Urlaub, Reisen, Cornwall und S\u00fcdengland: eine perfekte Kombination\",\"potentialAction\":[{\"@type\":\"SearchAction\",\"target\":{\"@type\":\"EntryPoint\",\"urlTemplate\":\"https:\/\/www.urlaubcornwall.de\/blog\/?s={search_term_string}\"},\"query-input\":\"required name=search_term_string\"}],\"inLanguage\":\"en-US\"},{\"@type\":\"WebPage\",\"@id\":\"https:\/\/www.urlaubcornwall.de\/blog\/ferienhaus-instow-meer-strandurlaub-devon\/\",\"url\":\"https:\/\/www.urlaubcornwall.de\/blog\/ferienhaus-instow-meer-strandurlaub-devon\/\",\"name\":\"Ferienhaus Instow am Meer - Strandurlaub Devon - Urlaub &amp; Reisen\",\"isPartOf\":{\"@id\":\"https:\/\/www.urlaubcornwall.de\/blog\/#website\"},\"datePublished\":\"2017-12-30T16:09:05+00:00\",\"dateModified\":\"2021-09-02T11:40:11+00:00\",\"breadcrumb\":{\"@id\":\"https:\/\/www.urlaubcornwall.de\/blog\/ferienhaus-instow-meer-strandurlaub-devon\/#breadcrumb\"},\"inLanguage\":\"en-US\",\"potentialAction\":[{\"@type\":\"ReadAction\",\"target\":[\"https:\/\/www.urlaubcornwall.de\/blog\/ferienhaus-instow-meer-strandurlaub-devon\/\"]}]},{\"@type\":\"BreadcrumbList\",\"@id\":\"https:\/\/www.urlaubcornwall.de\/blog\/ferienhaus-instow-meer-strandurlaub-devon\/#breadcrumb\",\"itemListElement\":[{\"@type\":\"ListItem\",\"position\":1,\"name\":\"Home\",\"item\":\"https:\/\/www.urlaubcornwall.de\/blog\/\"},{\"@type\":\"ListItem\",\"position\":2,\"name\":\"Ferienhaus Instow am Meer &#8211; Strandurlaub Devon\"}]}]}<\/script>\n<!-- \/ Yoast SEO plugin. -->","yoast_head_json":{"title":"Ferienhaus Instow am Meer - Strandurlaub Devon - Urlaub &amp; Reisen","robots":{"index":"index","follow":"follow","max-snippet":"max-snippet:-1","max-image-preview":"max-image-preview:large","max-video-preview":"max-video-preview:-1"},"canonical":"https:\/\/www.urlaubcornwall.de\/blog\/ferienhaus-instow-meer-strandurlaub-devon\/","og_locale":"en_US","og_type":"article","og_title":"Ferienhaus Instow am Meer - Strandurlaub Devon - Urlaub &amp; Reisen","og_description":"Ferienhaus mit Meerblick Instow, Nord-Devon. 4 Schlafzimmer, hundefreundlich, Schlafplatz f\u00fcr 7 + Kinderbett,An-\/Abreisetag am Freitag, Preis pro Woche \u00a3708 &#8211; \u00a31990 Dieses attraktive Ferienhaus liegt an der Marine Parade in dem beliebten K\u00fcstenort Instow in Nord-Devon, einem K\u00fcstenort mit dem sch\u00f6nsten Sandstrand. Diese t\u00e4uschend ger\u00e4umige Unterkunft ist ein perfekter Ausgangspunkt f\u00fcr einen Familienurlaub. Sie liegt [&hellip;]","og_url":"https:\/\/www.urlaubcornwall.de\/blog\/ferienhaus-instow-meer-strandurlaub-devon\/","og_site_name":"Urlaub &amp; Reisen","article_modified_time":"2021-09-02T11:40:11+00:00","og_image":[{"url":"https:\/\/www.urlaubcornwall.de\/blog\/wp-content\/uploads\/2017\/12\/Ferienhaus-am-meer-instow.jpg"}],"twitter_card":"summary","twitter_misc":{"Est. reading time":"1 minute"},"schema":{"@context":"https:\/\/schema.org","@graph":[{"@type":"WebSite","@id":"https:\/\/www.urlaubcornwall.de\/blog\/#website","url":"https:\/\/www.urlaubcornwall.de\/blog\/","name":"Urlaub &amp; Reisen","description":"Urlaub, Reisen, Cornwall und S\u00fcdengland: eine perfekte Kombination","potentialAction":[{"@type":"SearchAction","target":{"@type":"EntryPoint","urlTemplate":"https:\/\/www.urlaubcornwall.de\/blog\/?s={search_term_string}"},"query-input":"required name=search_term_string"}],"inLanguage":"en-US"},{"@type":"WebPage","@id":"https:\/\/www.urlaubcornwall.de\/blog\/ferienhaus-instow-meer-strandurlaub-devon\/","url":"https:\/\/www.urlaubcornwall.de\/blog\/ferienhaus-instow-meer-strandurlaub-devon\/","name":"Ferienhaus Instow am Meer - Strandurlaub Devon - Urlaub &amp; Reisen","isPartOf":{"@id":"https:\/\/www.urlaubcornwall.de\/blog\/#website"},"datePublished":"2017-12-30T16:09:05+00:00","dateModified":"2021-09-02T11:40:11+00:00","breadcrumb":{"@id":"https:\/\/www.urlaubcornwall.de\/blog\/ferienhaus-instow-meer-strandurlaub-devon\/#breadcrumb"},"inLanguage":"en-US","potentialAction":[{"@type":"ReadAction","target":["https:\/\/www.urlaubcornwall.de\/blog\/ferienhaus-instow-meer-strandurlaub-devon\/"]}]},{"@type":"BreadcrumbList","@id":"https:\/\/www.urlaubcornwall.de\/blog\/ferienhaus-instow-meer-strandurlaub-devon\/#breadcrumb","itemListElement":[{"@type":"ListItem","position":1,"name":"Home","item":"https:\/\/www.urlaubcornwall.de\/blog\/"},{"@type":"ListItem","position":2,"name":"Ferienhaus Instow am Meer &#8211; Strandurlaub Devon"}]}]}},"_links":{"self":[{"href":"https:\/\/www.urlaubcornwall.de\/blog\/wp-json\/wp\/v2\/pages\/31616"}],"collection":[{"href":"https:\/\/www.urlaubcornwall.de\/blog\/wp-json\/wp\/v2\/pages"}],"about":[{"href":"https:\/\/www.urlaubcornwall.de\/blog\/wp-json\/wp\/v2\/types\/page"}],"author":[{"embeddable":true,"href":"https:\/\/www.urlaubcornwall.de\/blog\/wp-json\/wp\/v2\/users\/1"}],"replies":[{"embeddable":true,"href":"https:\/\/www.urlaubcornwall.de\/blog\/wp-json\/wp\/v2\/comments?post=31616"}],"version-history":[{"count":2,"href":"https:\/\/www.urlaubcornwall.de\/blog\/wp-json\/wp\/v2\/pages\/31616\/revisions"}],"predecessor-version":[{"id":42489,"href":"https:\/\/www.urlaubcornwall.de\/blog\/wp-json\/wp\/v2\/pages\/31616\/revisions\/42489"}],"wp:attachment":[{"href":"https:\/\/www.urlaubcornwall.de\/blog\/wp-json\/wp\/v2\/media?parent=31616"}],"curies":[{"name":"wp","href":"https:\/\/api.w.org\/{rel}","templated":true}]}}