{"id":31613,"date":"2017-12-30T16:01:24","date_gmt":"2017-12-30T16:01:24","guid":{"rendered":"https:\/\/www.urlaubcornwall.de\/blog\/?page_id=31613"},"modified":"2021-09-02T11:39:06","modified_gmt":"2021-09-02T11:39:06","slug":"ferienhaus-ilfracombe-meer-schlafplatz-fuer-4","status":"publish","type":"page","link":"https:\/\/www.urlaubcornwall.de\/blog\/ferienhaus-ilfracombe-meer-schlafplatz-fuer-4\/","title":{"rendered":"Ferienhaus Ilfracombe am Meer &#8211; Schlafplatz f\u00fcr 4"},"content":{"rendered":"<p><img loading=\"lazy\" class=\"aligncenter size-full wp-image-31614\" src=\"https:\/\/www.urlaubcornwall.de\/blog\/wp-content\/uploads\/2017\/12\/ferienhaus-mit-meerblick-ilfracombe.jpg\" alt=\"ferienhaus mit meerblick ilfracombe\" width=\"746\" height=\"417\"\/><br \/>\n<strong>Ferienhaus mit Meerblick 6.1 kilometern O von Ilfracombe, Nord-Devon.<\/strong><\/p>\n<p>2 Schlafzimmer, leider keine Haustiere erlaubt, Schlafplatz f\u00fcr 4 + Kinderbett, An-\/Abreisetag am Freitag, Preis pro Woche \u00a3436 &#8211; \u00a31200<\/p>\n<p>Dieses wundersch\u00f6ne Ferienhaus liegt an der dramatischen Nordk\u00fcste von Devon auf halbem Weg zwischen Combe Martin und Ilfracombe. Hoch auf einem H\u00fcgel gelegen, geht das atemberaubende moderne Interieur Hand in Hand mit einem ebenso atemberaubenden 180-Grad-Meerblick. Die Linney ist eine freistehende Scheune in einer privaten Position mit einem weit ge\u00f6ffneten Panoramablick auf der Vorderseite und einem sch\u00f6nen gesch\u00fctzten Hofgarten auf der R\u00fcckseite. Es gibt einen sch\u00f6nen offenen Wohn- \/ Ess- \/ K\u00fcchenbereich mit raumhohen Glast\u00fcren zur Terrasse, Balken und sch\u00f6nen nat\u00fcrlichen Terrakottab\u00f6den mit voller Fu\u00dfbodenheizung. Es bietet zwei luxuri\u00f6se Schlafzimmer, fabelhafte Nasszelle und Badezimmer mit Badewanne und separater Dusche.<\/p>\n<p style=\"text-align: center;\"><a class=\"tidycta\" href=\"https:\/\/www.urlaubcornwall.de\/ferienhaeuser-fewos\/eng\/nord-devon\/ilfracombe-am-meer.html\">Suche Ferienh\u00e4user Ilfracombe<\/a><\/p>\n<p>Um UrlaubCornwall.de einzigartige Kollektion nach Ihrem idealen Ferienhaus zu durchsuchen. <a href=\"https:\/\/www.urlaubcornwall.de\/ferienhaeuser\/devon.php\"><span style=\"text-decoration: underline;\">Klicken Sie hier<\/span> &gt;&gt;<\/a><\/p>\n","protected":false},"excerpt":{"rendered":"<p>Ferienhaus mit Meerblick 6.1 kilometern O von Ilfracombe, Nord-Devon. 2 Schlafzimmer, leider keine Haustiere erlaubt, Schlafplatz f\u00fcr 4 + Kinderbett, An-\/Abreisetag am Freitag, Preis pro Woche \u00a3436 &#8211; \u00a31200 Dieses wundersch\u00f6ne Ferienhaus liegt an der dramatischen Nordk\u00fcste von Devon auf halbem Weg zwischen Combe Martin und Ilfracombe. Hoch auf einem H\u00fcgel gelegen, geht das atemberaubende [&hellip;]<\/p>\n","protected":false},"author":1,"featured_media":0,"parent":0,"menu_order":0,"comment_status":"closed","ping_status":"closed","template":"single-four.php","meta":[],"acf":[],"yoast_head":"<!-- This site is optimized with the Yoast SEO plugin v19.4 - https:\/\/yoast.com\/wordpress\/plugins\/seo\/ -->\n<title>Ferienhaus Ilfracombe am Meer - Schlafplatz f\u00fcr 4 - Urlaub &amp; Reisen<\/title>\n<meta name=\"robots\" content=\"index, follow, max-snippet:-1, max-image-preview:large, max-video-preview:-1\" \/>\n<link rel=\"canonical\" href=\"https:\/\/www.urlaubcornwall.de\/blog\/ferienhaus-ilfracombe-meer-schlafplatz-fuer-4\/\" \/>\n<meta property=\"og:locale\" content=\"en_US\" \/>\n<meta property=\"og:type\" content=\"article\" \/>\n<meta property=\"og:title\" content=\"Ferienhaus Ilfracombe am Meer - Schlafplatz f\u00fcr 4 - Urlaub &amp; Reisen\" \/>\n<meta property=\"og:description\" content=\"Ferienhaus mit Meerblick 6.1 kilometern O von Ilfracombe, Nord-Devon. 2 Schlafzimmer, leider keine Haustiere erlaubt, Schlafplatz f\u00fcr 4 + Kinderbett, An-\/Abreisetag am Freitag, Preis pro Woche \u00a3436 &#8211; \u00a31200 Dieses wundersch\u00f6ne Ferienhaus liegt an der dramatischen Nordk\u00fcste von Devon auf halbem Weg zwischen Combe Martin und Ilfracombe. Hoch auf einem H\u00fcgel gelegen, geht das atemberaubende [&hellip;]\" \/>\n<meta property=\"og:url\" content=\"https:\/\/www.urlaubcornwall.de\/blog\/ferienhaus-ilfracombe-meer-schlafplatz-fuer-4\/\" \/>\n<meta property=\"og:site_name\" content=\"Urlaub &amp; Reisen\" \/>\n<meta property=\"article:modified_time\" content=\"2021-09-02T11:39:06+00:00\" \/>\n<meta property=\"og:image\" content=\"https:\/\/www.urlaubcornwall.de\/blog\/wp-content\/uploads\/2017\/12\/ferienhaus-mit-meerblick-ilfracombe.jpg\" \/>\n<meta name=\"twitter:card\" content=\"summary\" \/>\n<meta name=\"twitter:label1\" content=\"Est. reading time\" \/>\n\t<meta name=\"twitter:data1\" content=\"1 minute\" \/>\n<script type=\"application\/ld+json\" class=\"yoast-schema-graph\">{\"@context\":\"https:\/\/schema.org\",\"@graph\":[{\"@type\":\"WebSite\",\"@id\":\"https:\/\/www.urlaubcornwall.de\/blog\/#website\",\"url\":\"https:\/\/www.urlaubcornwall.de\/blog\/\",\"name\":\"Urlaub &amp; Reisen\",\"description\":\"Urlaub, Reisen, Cornwall und S\u00fcdengland: eine perfekte Kombination\",\"potentialAction\":[{\"@type\":\"SearchAction\",\"target\":{\"@type\":\"EntryPoint\",\"urlTemplate\":\"https:\/\/www.urlaubcornwall.de\/blog\/?s={search_term_string}\"},\"query-input\":\"required name=search_term_string\"}],\"inLanguage\":\"en-US\"},{\"@type\":\"WebPage\",\"@id\":\"https:\/\/www.urlaubcornwall.de\/blog\/ferienhaus-ilfracombe-meer-schlafplatz-fuer-4\/\",\"url\":\"https:\/\/www.urlaubcornwall.de\/blog\/ferienhaus-ilfracombe-meer-schlafplatz-fuer-4\/\",\"name\":\"Ferienhaus Ilfracombe am Meer - Schlafplatz f\u00fcr 4 - Urlaub &amp; Reisen\",\"isPartOf\":{\"@id\":\"https:\/\/www.urlaubcornwall.de\/blog\/#website\"},\"datePublished\":\"2017-12-30T16:01:24+00:00\",\"dateModified\":\"2021-09-02T11:39:06+00:00\",\"breadcrumb\":{\"@id\":\"https:\/\/www.urlaubcornwall.de\/blog\/ferienhaus-ilfracombe-meer-schlafplatz-fuer-4\/#breadcrumb\"},\"inLanguage\":\"en-US\",\"potentialAction\":[{\"@type\":\"ReadAction\",\"target\":[\"https:\/\/www.urlaubcornwall.de\/blog\/ferienhaus-ilfracombe-meer-schlafplatz-fuer-4\/\"]}]},{\"@type\":\"BreadcrumbList\",\"@id\":\"https:\/\/www.urlaubcornwall.de\/blog\/ferienhaus-ilfracombe-meer-schlafplatz-fuer-4\/#breadcrumb\",\"itemListElement\":[{\"@type\":\"ListItem\",\"position\":1,\"name\":\"Home\",\"item\":\"https:\/\/www.urlaubcornwall.de\/blog\/\"},{\"@type\":\"ListItem\",\"position\":2,\"name\":\"Ferienhaus Ilfracombe am Meer &#8211; Schlafplatz f\u00fcr 4\"}]}]}<\/script>\n<!-- \/ Yoast SEO plugin. -->","yoast_head_json":{"title":"Ferienhaus Ilfracombe am Meer - Schlafplatz f\u00fcr 4 - Urlaub &amp; Reisen","robots":{"index":"index","follow":"follow","max-snippet":"max-snippet:-1","max-image-preview":"max-image-preview:large","max-video-preview":"max-video-preview:-1"},"canonical":"https:\/\/www.urlaubcornwall.de\/blog\/ferienhaus-ilfracombe-meer-schlafplatz-fuer-4\/","og_locale":"en_US","og_type":"article","og_title":"Ferienhaus Ilfracombe am Meer - Schlafplatz f\u00fcr 4 - Urlaub &amp; Reisen","og_description":"Ferienhaus mit Meerblick 6.1 kilometern O von Ilfracombe, Nord-Devon. 2 Schlafzimmer, leider keine Haustiere erlaubt, Schlafplatz f\u00fcr 4 + Kinderbett, An-\/Abreisetag am Freitag, Preis pro Woche \u00a3436 &#8211; \u00a31200 Dieses wundersch\u00f6ne Ferienhaus liegt an der dramatischen Nordk\u00fcste von Devon auf halbem Weg zwischen Combe Martin und Ilfracombe. Hoch auf einem H\u00fcgel gelegen, geht das atemberaubende [&hellip;]","og_url":"https:\/\/www.urlaubcornwall.de\/blog\/ferienhaus-ilfracombe-meer-schlafplatz-fuer-4\/","og_site_name":"Urlaub &amp; Reisen","article_modified_time":"2021-09-02T11:39:06+00:00","og_image":[{"url":"https:\/\/www.urlaubcornwall.de\/blog\/wp-content\/uploads\/2017\/12\/ferienhaus-mit-meerblick-ilfracombe.jpg"}],"twitter_card":"summary","twitter_misc":{"Est. reading time":"1 minute"},"schema":{"@context":"https:\/\/schema.org","@graph":[{"@type":"WebSite","@id":"https:\/\/www.urlaubcornwall.de\/blog\/#website","url":"https:\/\/www.urlaubcornwall.de\/blog\/","name":"Urlaub &amp; Reisen","description":"Urlaub, Reisen, Cornwall und S\u00fcdengland: eine perfekte Kombination","potentialAction":[{"@type":"SearchAction","target":{"@type":"EntryPoint","urlTemplate":"https:\/\/www.urlaubcornwall.de\/blog\/?s={search_term_string}"},"query-input":"required name=search_term_string"}],"inLanguage":"en-US"},{"@type":"WebPage","@id":"https:\/\/www.urlaubcornwall.de\/blog\/ferienhaus-ilfracombe-meer-schlafplatz-fuer-4\/","url":"https:\/\/www.urlaubcornwall.de\/blog\/ferienhaus-ilfracombe-meer-schlafplatz-fuer-4\/","name":"Ferienhaus Ilfracombe am Meer - Schlafplatz f\u00fcr 4 - Urlaub &amp; Reisen","isPartOf":{"@id":"https:\/\/www.urlaubcornwall.de\/blog\/#website"},"datePublished":"2017-12-30T16:01:24+00:00","dateModified":"2021-09-02T11:39:06+00:00","breadcrumb":{"@id":"https:\/\/www.urlaubcornwall.de\/blog\/ferienhaus-ilfracombe-meer-schlafplatz-fuer-4\/#breadcrumb"},"inLanguage":"en-US","potentialAction":[{"@type":"ReadAction","target":["https:\/\/www.urlaubcornwall.de\/blog\/ferienhaus-ilfracombe-meer-schlafplatz-fuer-4\/"]}]},{"@type":"BreadcrumbList","@id":"https:\/\/www.urlaubcornwall.de\/blog\/ferienhaus-ilfracombe-meer-schlafplatz-fuer-4\/#breadcrumb","itemListElement":[{"@type":"ListItem","position":1,"name":"Home","item":"https:\/\/www.urlaubcornwall.de\/blog\/"},{"@type":"ListItem","position":2,"name":"Ferienhaus Ilfracombe am Meer &#8211; Schlafplatz f\u00fcr 4"}]}]}},"_links":{"self":[{"href":"https:\/\/www.urlaubcornwall.de\/blog\/wp-json\/wp\/v2\/pages\/31613"}],"collection":[{"href":"https:\/\/www.urlaubcornwall.de\/blog\/wp-json\/wp\/v2\/pages"}],"about":[{"href":"https:\/\/www.urlaubcornwall.de\/blog\/wp-json\/wp\/v2\/types\/page"}],"author":[{"embeddable":true,"href":"https:\/\/www.urlaubcornwall.de\/blog\/wp-json\/wp\/v2\/users\/1"}],"replies":[{"embeddable":true,"href":"https:\/\/www.urlaubcornwall.de\/blog\/wp-json\/wp\/v2\/comments?post=31613"}],"version-history":[{"count":3,"href":"https:\/\/www.urlaubcornwall.de\/blog\/wp-json\/wp\/v2\/pages\/31613\/revisions"}],"predecessor-version":[{"id":42488,"href":"https:\/\/www.urlaubcornwall.de\/blog\/wp-json\/wp\/v2\/pages\/31613\/revisions\/42488"}],"wp:attachment":[{"href":"https:\/\/www.urlaubcornwall.de\/blog\/wp-json\/wp\/v2\/media?parent=31613"}],"curies":[{"name":"wp","href":"https:\/\/api.w.org\/{rel}","templated":true}]}}