{"id":31610,"date":"2017-12-30T15:50:52","date_gmt":"2017-12-30T15:50:52","guid":{"rendered":"https:\/\/www.urlaubcornwall.de\/blog\/?page_id=31610"},"modified":"2021-09-02T11:37:51","modified_gmt":"2021-09-02T11:37:51","slug":"ferienhaus-meer-exmouth-suedkueste-devon","status":"publish","type":"page","link":"https:\/\/www.urlaubcornwall.de\/blog\/ferienhaus-meer-exmouth-suedkueste-devon\/","title":{"rendered":"Ferienhaus Exmouth am Meer &#8211; S\u00fcdk\u00fcste Devon"},"content":{"rendered":"<p><img loading=\"lazy\" class=\"aligncenter size-full wp-image-31611\" src=\"https:\/\/www.urlaubcornwall.de\/blog\/wp-content\/uploads\/2017\/12\/ferienhaus-am-Meer-exmouth-devon.jpg\" alt=\"ferienhaus am Meer exmouth devon\" width=\"746\" height=\"436\"\/><br \/>\n<strong>Ferienhaus strandnah 1.8 kilometern S von Dawlish, S\u00fcd-Devon.<\/strong><\/p>\n<p>2 Schlafzimmer, leider keine Haustiere erlaubt, Schlafplatz f\u00fcr 4 + Kinderbett, An-\/Abreisetag am Freitag, Preis pro Woche \u00a3264 &#8211; \u00a3730<\/p>\n<p>Ein zehn Minuten zu Fu\u00df zum Meer, ist das Dorf Holcombe versteckt in der Landschaft von Devon in der N\u00e4he der Sehensw\u00fcrdigkeiten der K\u00fcste von S\u00fcd-Devon. Dieses gem\u00fctliche Cottage am Ende der Terrasse verf\u00fcgt \u00fcber einen offenen Wohnbereich, der in warmen Gelb- und Rott\u00f6nen mit Lederm\u00f6beln eingerichtet ist. Treppen zu den Schlafzimmern f\u00fchren von der K\u00fcche \/ Essbereich und eine teilweise verglaste T\u00fcr \u00f6ffnet sich zum umz\u00e4unten Garten &#8211; sch\u00f6n an einem Sommerabend. Es gibt eine selten genutzte Vorfahrt durch den Garten. Die Kirche ist gegen\u00fcber (eine Glocke l\u00e4utet um zehn Uhr am Sonntagmorgen) und die Stra\u00dfe hoch ist die Kneipe, die gutes Essen anbietet.<\/p>\n<p style=\"text-align: center;\"><a class=\"tidycta\" href=\"https:\/\/www.urlaubcornwall.de\/ferienhaeuser-fewos\/eng\/sued-devon\/exmouth-am-meer.html\">Suche Ferienh\u00e4user Exmouth<\/a><\/p>\n<p>Um UrlaubCornwall.de einzigartige Kollektion nach Ihrem idealen Ferienhaus zu durchsuchen. <a href=\"https:\/\/www.urlaubcornwall.de\/ferienhaeuser-fewos\/eng\/nord-devon\/nord-devon.html\"><span style=\"text-decoration: underline;\">Klicken Sie hier<\/span> &gt;&gt;<\/a><\/p>\n","protected":false},"excerpt":{"rendered":"<p>Ferienhaus strandnah 1.8 kilometern S von Dawlish, S\u00fcd-Devon. 2 Schlafzimmer, leider keine Haustiere erlaubt, Schlafplatz f\u00fcr 4 + Kinderbett, An-\/Abreisetag am Freitag, Preis pro Woche \u00a3264 &#8211; \u00a3730 Ein zehn Minuten zu Fu\u00df zum Meer, ist das Dorf Holcombe versteckt in der Landschaft von Devon in der N\u00e4he der Sehensw\u00fcrdigkeiten der K\u00fcste von S\u00fcd-Devon. Dieses [&hellip;]<\/p>\n","protected":false},"author":1,"featured_media":0,"parent":0,"menu_order":0,"comment_status":"closed","ping_status":"closed","template":"single-four.php","meta":[],"acf":[],"yoast_head":"<!-- This site is optimized with the Yoast SEO plugin v19.4 - https:\/\/yoast.com\/wordpress\/plugins\/seo\/ -->\n<title>Ferienhaus Exmouth am Meer - S\u00fcdk\u00fcste Devon - Urlaub &amp; Reisen<\/title>\n<meta name=\"robots\" content=\"index, follow, max-snippet:-1, max-image-preview:large, max-video-preview:-1\" \/>\n<link rel=\"canonical\" href=\"https:\/\/www.urlaubcornwall.de\/blog\/ferienhaus-meer-exmouth-suedkueste-devon\/\" \/>\n<meta property=\"og:locale\" content=\"en_US\" \/>\n<meta property=\"og:type\" content=\"article\" \/>\n<meta property=\"og:title\" content=\"Ferienhaus Exmouth am Meer - S\u00fcdk\u00fcste Devon - Urlaub &amp; Reisen\" \/>\n<meta property=\"og:description\" content=\"Ferienhaus strandnah 1.8 kilometern S von Dawlish, S\u00fcd-Devon. 2 Schlafzimmer, leider keine Haustiere erlaubt, Schlafplatz f\u00fcr 4 + Kinderbett, An-\/Abreisetag am Freitag, Preis pro Woche \u00a3264 &#8211; \u00a3730 Ein zehn Minuten zu Fu\u00df zum Meer, ist das Dorf Holcombe versteckt in der Landschaft von Devon in der N\u00e4he der Sehensw\u00fcrdigkeiten der K\u00fcste von S\u00fcd-Devon. Dieses [&hellip;]\" \/>\n<meta property=\"og:url\" content=\"https:\/\/www.urlaubcornwall.de\/blog\/ferienhaus-meer-exmouth-suedkueste-devon\/\" \/>\n<meta property=\"og:site_name\" content=\"Urlaub &amp; Reisen\" \/>\n<meta property=\"article:modified_time\" content=\"2021-09-02T11:37:51+00:00\" \/>\n<meta property=\"og:image\" content=\"https:\/\/www.urlaubcornwall.de\/blog\/wp-content\/uploads\/2017\/12\/ferienhaus-am-Meer-exmouth-devon.jpg\" \/>\n<meta name=\"twitter:card\" content=\"summary\" \/>\n<meta name=\"twitter:label1\" content=\"Est. reading time\" \/>\n\t<meta name=\"twitter:data1\" content=\"1 minute\" \/>\n<script type=\"application\/ld+json\" class=\"yoast-schema-graph\">{\"@context\":\"https:\/\/schema.org\",\"@graph\":[{\"@type\":\"WebSite\",\"@id\":\"https:\/\/www.urlaubcornwall.de\/blog\/#website\",\"url\":\"https:\/\/www.urlaubcornwall.de\/blog\/\",\"name\":\"Urlaub &amp; Reisen\",\"description\":\"Urlaub, Reisen, Cornwall und S\u00fcdengland: eine perfekte Kombination\",\"potentialAction\":[{\"@type\":\"SearchAction\",\"target\":{\"@type\":\"EntryPoint\",\"urlTemplate\":\"https:\/\/www.urlaubcornwall.de\/blog\/?s={search_term_string}\"},\"query-input\":\"required name=search_term_string\"}],\"inLanguage\":\"en-US\"},{\"@type\":\"WebPage\",\"@id\":\"https:\/\/www.urlaubcornwall.de\/blog\/ferienhaus-meer-exmouth-suedkueste-devon\/\",\"url\":\"https:\/\/www.urlaubcornwall.de\/blog\/ferienhaus-meer-exmouth-suedkueste-devon\/\",\"name\":\"Ferienhaus Exmouth am Meer - S\u00fcdk\u00fcste Devon - Urlaub &amp; Reisen\",\"isPartOf\":{\"@id\":\"https:\/\/www.urlaubcornwall.de\/blog\/#website\"},\"datePublished\":\"2017-12-30T15:50:52+00:00\",\"dateModified\":\"2021-09-02T11:37:51+00:00\",\"breadcrumb\":{\"@id\":\"https:\/\/www.urlaubcornwall.de\/blog\/ferienhaus-meer-exmouth-suedkueste-devon\/#breadcrumb\"},\"inLanguage\":\"en-US\",\"potentialAction\":[{\"@type\":\"ReadAction\",\"target\":[\"https:\/\/www.urlaubcornwall.de\/blog\/ferienhaus-meer-exmouth-suedkueste-devon\/\"]}]},{\"@type\":\"BreadcrumbList\",\"@id\":\"https:\/\/www.urlaubcornwall.de\/blog\/ferienhaus-meer-exmouth-suedkueste-devon\/#breadcrumb\",\"itemListElement\":[{\"@type\":\"ListItem\",\"position\":1,\"name\":\"Home\",\"item\":\"https:\/\/www.urlaubcornwall.de\/blog\/\"},{\"@type\":\"ListItem\",\"position\":2,\"name\":\"Ferienhaus Exmouth am Meer &#8211; S\u00fcdk\u00fcste Devon\"}]}]}<\/script>\n<!-- \/ Yoast SEO plugin. -->","yoast_head_json":{"title":"Ferienhaus Exmouth am Meer - S\u00fcdk\u00fcste Devon - Urlaub &amp; Reisen","robots":{"index":"index","follow":"follow","max-snippet":"max-snippet:-1","max-image-preview":"max-image-preview:large","max-video-preview":"max-video-preview:-1"},"canonical":"https:\/\/www.urlaubcornwall.de\/blog\/ferienhaus-meer-exmouth-suedkueste-devon\/","og_locale":"en_US","og_type":"article","og_title":"Ferienhaus Exmouth am Meer - S\u00fcdk\u00fcste Devon - Urlaub &amp; Reisen","og_description":"Ferienhaus strandnah 1.8 kilometern S von Dawlish, S\u00fcd-Devon. 2 Schlafzimmer, leider keine Haustiere erlaubt, Schlafplatz f\u00fcr 4 + Kinderbett, An-\/Abreisetag am Freitag, Preis pro Woche \u00a3264 &#8211; \u00a3730 Ein zehn Minuten zu Fu\u00df zum Meer, ist das Dorf Holcombe versteckt in der Landschaft von Devon in der N\u00e4he der Sehensw\u00fcrdigkeiten der K\u00fcste von S\u00fcd-Devon. Dieses [&hellip;]","og_url":"https:\/\/www.urlaubcornwall.de\/blog\/ferienhaus-meer-exmouth-suedkueste-devon\/","og_site_name":"Urlaub &amp; Reisen","article_modified_time":"2021-09-02T11:37:51+00:00","og_image":[{"url":"https:\/\/www.urlaubcornwall.de\/blog\/wp-content\/uploads\/2017\/12\/ferienhaus-am-Meer-exmouth-devon.jpg"}],"twitter_card":"summary","twitter_misc":{"Est. reading time":"1 minute"},"schema":{"@context":"https:\/\/schema.org","@graph":[{"@type":"WebSite","@id":"https:\/\/www.urlaubcornwall.de\/blog\/#website","url":"https:\/\/www.urlaubcornwall.de\/blog\/","name":"Urlaub &amp; Reisen","description":"Urlaub, Reisen, Cornwall und S\u00fcdengland: eine perfekte Kombination","potentialAction":[{"@type":"SearchAction","target":{"@type":"EntryPoint","urlTemplate":"https:\/\/www.urlaubcornwall.de\/blog\/?s={search_term_string}"},"query-input":"required name=search_term_string"}],"inLanguage":"en-US"},{"@type":"WebPage","@id":"https:\/\/www.urlaubcornwall.de\/blog\/ferienhaus-meer-exmouth-suedkueste-devon\/","url":"https:\/\/www.urlaubcornwall.de\/blog\/ferienhaus-meer-exmouth-suedkueste-devon\/","name":"Ferienhaus Exmouth am Meer - S\u00fcdk\u00fcste Devon - Urlaub &amp; Reisen","isPartOf":{"@id":"https:\/\/www.urlaubcornwall.de\/blog\/#website"},"datePublished":"2017-12-30T15:50:52+00:00","dateModified":"2021-09-02T11:37:51+00:00","breadcrumb":{"@id":"https:\/\/www.urlaubcornwall.de\/blog\/ferienhaus-meer-exmouth-suedkueste-devon\/#breadcrumb"},"inLanguage":"en-US","potentialAction":[{"@type":"ReadAction","target":["https:\/\/www.urlaubcornwall.de\/blog\/ferienhaus-meer-exmouth-suedkueste-devon\/"]}]},{"@type":"BreadcrumbList","@id":"https:\/\/www.urlaubcornwall.de\/blog\/ferienhaus-meer-exmouth-suedkueste-devon\/#breadcrumb","itemListElement":[{"@type":"ListItem","position":1,"name":"Home","item":"https:\/\/www.urlaubcornwall.de\/blog\/"},{"@type":"ListItem","position":2,"name":"Ferienhaus Exmouth am Meer &#8211; S\u00fcdk\u00fcste Devon"}]}]}},"_links":{"self":[{"href":"https:\/\/www.urlaubcornwall.de\/blog\/wp-json\/wp\/v2\/pages\/31610"}],"collection":[{"href":"https:\/\/www.urlaubcornwall.de\/blog\/wp-json\/wp\/v2\/pages"}],"about":[{"href":"https:\/\/www.urlaubcornwall.de\/blog\/wp-json\/wp\/v2\/types\/page"}],"author":[{"embeddable":true,"href":"https:\/\/www.urlaubcornwall.de\/blog\/wp-json\/wp\/v2\/users\/1"}],"replies":[{"embeddable":true,"href":"https:\/\/www.urlaubcornwall.de\/blog\/wp-json\/wp\/v2\/comments?post=31610"}],"version-history":[{"count":4,"href":"https:\/\/www.urlaubcornwall.de\/blog\/wp-json\/wp\/v2\/pages\/31610\/revisions"}],"predecessor-version":[{"id":42486,"href":"https:\/\/www.urlaubcornwall.de\/blog\/wp-json\/wp\/v2\/pages\/31610\/revisions\/42486"}],"wp:attachment":[{"href":"https:\/\/www.urlaubcornwall.de\/blog\/wp-json\/wp\/v2\/media?parent=31610"}],"curies":[{"name":"wp","href":"https:\/\/api.w.org\/{rel}","templated":true}]}}