{"id":31600,"date":"2017-12-29T16:38:07","date_gmt":"2017-12-29T16:38:07","guid":{"rendered":"https:\/\/www.urlaubcornwall.de\/blog\/?page_id=31600"},"modified":"2021-09-02T11:43:20","modified_gmt":"2021-09-02T11:43:20","slug":"ferienwohnung-meer-dartmouth-urlaub-sued-devon","status":"publish","type":"page","link":"https:\/\/www.urlaubcornwall.de\/blog\/ferienwohnung-meer-dartmouth-urlaub-sued-devon\/","title":{"rendered":"Ferienwohnung am Meer Dartmouth &#8211; Urlaub S\u00fcd-Devon"},"content":{"rendered":"<p><img loading=\"lazy\" class=\"aligncenter size-full wp-image-31602\" src=\"https:\/\/www.urlaubcornwall.de\/blog\/wp-content\/uploads\/2017\/12\/ferienhaus-am-meer-dartmouth.jpg\" alt=\"ferienhaus am meer dartmouth\" width=\"746\" height=\"417\"\/><br \/>\n<strong>Ferienwohnung mit Meerblick Dartmouth, S\u00fcd-Devon.<\/strong><\/p>\n<p>2 Schlafzimmer, leider keine Haustiere erlaubt, Schlafplatz f\u00fcr 4 + 2 Kinderbetten, An-\/Abreisetag am Freitag<\/p>\n<p>Preis pro Woche \u00a3878 &#8211; \u00a32196<\/p>\n<p>Diese sch\u00f6ne Ferienwohnung ist hervorragend. Neben dem Fluss Dart mit einem atemberaubenden Blick auf die Dart Marina. Entspannen Sie in dieser herrlichen Lage und beobachten Sie den gesch\u00e4ftigen Hafen von dieser atemberaubenden Waterfront Apartment. 5 Dart Marina ist zu einem sehr hohen Standard eingerichtet. In einer beliebten Lage und dieses stilvolle Apartment bietet Ihnen eine vollst\u00e4ndige kostenlose Nutzung des Dart Marina Health Spa. Au\u00dferdem bietet es einen Swimmingpool, ein Dampfbad, einen Fitnessraum und einen Whirlpool.<\/p>\n<p style=\"text-align: center;\"><a class=\"tidycta\" href=\"https:\/\/www.urlaubcornwall.de\/ferienhaeuser-fewos\/eng\/sued-devon\/dartmouth-am-meer.html\">Suche Ferienh\u00e4user Dartmouth<\/a><\/p>\n<p>Um UrlaubCornwall.de einzigartige Kollektion nach Ihrem idealen Ferienhaus zu durchsuchen. <a href=\"https:\/\/www.urlaubcornwall.de\/ferienhaeuser\/devon.php\"><span style=\"text-decoration: underline;\">Klicken Sie hier<\/span> &gt;&gt;<\/a><\/p>\n","protected":false},"excerpt":{"rendered":"<p>Ferienwohnung mit Meerblick Dartmouth, S\u00fcd-Devon. 2 Schlafzimmer, leider keine Haustiere erlaubt, Schlafplatz f\u00fcr 4 + 2 Kinderbetten, An-\/Abreisetag am Freitag Preis pro Woche \u00a3878 &#8211; \u00a32196 Diese sch\u00f6ne Ferienwohnung ist hervorragend. Neben dem Fluss Dart mit einem atemberaubenden Blick auf die Dart Marina. Entspannen Sie in dieser herrlichen Lage und beobachten Sie den gesch\u00e4ftigen Hafen [&hellip;]<\/p>\n","protected":false},"author":1,"featured_media":0,"parent":0,"menu_order":0,"comment_status":"closed","ping_status":"closed","template":"single-four.php","meta":[],"acf":[],"yoast_head":"<!-- This site is optimized with the Yoast SEO plugin v19.4 - https:\/\/yoast.com\/wordpress\/plugins\/seo\/ -->\n<title>Ferienwohnung am Meer Dartmouth - Urlaub S\u00fcd-Devon - Urlaub &amp; Reisen<\/title>\n<meta name=\"robots\" content=\"index, follow, max-snippet:-1, max-image-preview:large, max-video-preview:-1\" \/>\n<link rel=\"canonical\" href=\"https:\/\/www.urlaubcornwall.de\/blog\/ferienwohnung-meer-dartmouth-urlaub-sued-devon\/\" \/>\n<meta property=\"og:locale\" content=\"en_US\" \/>\n<meta property=\"og:type\" content=\"article\" \/>\n<meta property=\"og:title\" content=\"Ferienwohnung am Meer Dartmouth - Urlaub S\u00fcd-Devon - Urlaub &amp; Reisen\" \/>\n<meta property=\"og:description\" content=\"Ferienwohnung mit Meerblick Dartmouth, S\u00fcd-Devon. 2 Schlafzimmer, leider keine Haustiere erlaubt, Schlafplatz f\u00fcr 4 + 2 Kinderbetten, An-\/Abreisetag am Freitag Preis pro Woche \u00a3878 &#8211; \u00a32196 Diese sch\u00f6ne Ferienwohnung ist hervorragend. Neben dem Fluss Dart mit einem atemberaubenden Blick auf die Dart Marina. Entspannen Sie in dieser herrlichen Lage und beobachten Sie den gesch\u00e4ftigen Hafen [&hellip;]\" \/>\n<meta property=\"og:url\" content=\"https:\/\/www.urlaubcornwall.de\/blog\/ferienwohnung-meer-dartmouth-urlaub-sued-devon\/\" \/>\n<meta property=\"og:site_name\" content=\"Urlaub &amp; Reisen\" \/>\n<meta property=\"article:modified_time\" content=\"2021-09-02T11:43:20+00:00\" \/>\n<meta property=\"og:image\" content=\"https:\/\/www.urlaubcornwall.de\/blog\/wp-content\/uploads\/2017\/12\/ferienhaus-am-meer-dartmouth.jpg\" \/>\n<meta name=\"twitter:card\" content=\"summary\" \/>\n<meta name=\"twitter:label1\" content=\"Est. reading time\" \/>\n\t<meta name=\"twitter:data1\" content=\"1 minute\" \/>\n<script type=\"application\/ld+json\" class=\"yoast-schema-graph\">{\"@context\":\"https:\/\/schema.org\",\"@graph\":[{\"@type\":\"WebSite\",\"@id\":\"https:\/\/www.urlaubcornwall.de\/blog\/#website\",\"url\":\"https:\/\/www.urlaubcornwall.de\/blog\/\",\"name\":\"Urlaub &amp; Reisen\",\"description\":\"Urlaub, Reisen, Cornwall und S\u00fcdengland: eine perfekte Kombination\",\"potentialAction\":[{\"@type\":\"SearchAction\",\"target\":{\"@type\":\"EntryPoint\",\"urlTemplate\":\"https:\/\/www.urlaubcornwall.de\/blog\/?s={search_term_string}\"},\"query-input\":\"required name=search_term_string\"}],\"inLanguage\":\"en-US\"},{\"@type\":\"WebPage\",\"@id\":\"https:\/\/www.urlaubcornwall.de\/blog\/ferienwohnung-meer-dartmouth-urlaub-sued-devon\/\",\"url\":\"https:\/\/www.urlaubcornwall.de\/blog\/ferienwohnung-meer-dartmouth-urlaub-sued-devon\/\",\"name\":\"Ferienwohnung am Meer Dartmouth - Urlaub S\u00fcd-Devon - Urlaub &amp; Reisen\",\"isPartOf\":{\"@id\":\"https:\/\/www.urlaubcornwall.de\/blog\/#website\"},\"datePublished\":\"2017-12-29T16:38:07+00:00\",\"dateModified\":\"2021-09-02T11:43:20+00:00\",\"breadcrumb\":{\"@id\":\"https:\/\/www.urlaubcornwall.de\/blog\/ferienwohnung-meer-dartmouth-urlaub-sued-devon\/#breadcrumb\"},\"inLanguage\":\"en-US\",\"potentialAction\":[{\"@type\":\"ReadAction\",\"target\":[\"https:\/\/www.urlaubcornwall.de\/blog\/ferienwohnung-meer-dartmouth-urlaub-sued-devon\/\"]}]},{\"@type\":\"BreadcrumbList\",\"@id\":\"https:\/\/www.urlaubcornwall.de\/blog\/ferienwohnung-meer-dartmouth-urlaub-sued-devon\/#breadcrumb\",\"itemListElement\":[{\"@type\":\"ListItem\",\"position\":1,\"name\":\"Home\",\"item\":\"https:\/\/www.urlaubcornwall.de\/blog\/\"},{\"@type\":\"ListItem\",\"position\":2,\"name\":\"Ferienwohnung am Meer Dartmouth &#8211; Urlaub S\u00fcd-Devon\"}]}]}<\/script>\n<!-- \/ Yoast SEO plugin. -->","yoast_head_json":{"title":"Ferienwohnung am Meer Dartmouth - Urlaub S\u00fcd-Devon - Urlaub &amp; Reisen","robots":{"index":"index","follow":"follow","max-snippet":"max-snippet:-1","max-image-preview":"max-image-preview:large","max-video-preview":"max-video-preview:-1"},"canonical":"https:\/\/www.urlaubcornwall.de\/blog\/ferienwohnung-meer-dartmouth-urlaub-sued-devon\/","og_locale":"en_US","og_type":"article","og_title":"Ferienwohnung am Meer Dartmouth - Urlaub S\u00fcd-Devon - Urlaub &amp; Reisen","og_description":"Ferienwohnung mit Meerblick Dartmouth, S\u00fcd-Devon. 2 Schlafzimmer, leider keine Haustiere erlaubt, Schlafplatz f\u00fcr 4 + 2 Kinderbetten, An-\/Abreisetag am Freitag Preis pro Woche \u00a3878 &#8211; \u00a32196 Diese sch\u00f6ne Ferienwohnung ist hervorragend. Neben dem Fluss Dart mit einem atemberaubenden Blick auf die Dart Marina. Entspannen Sie in dieser herrlichen Lage und beobachten Sie den gesch\u00e4ftigen Hafen [&hellip;]","og_url":"https:\/\/www.urlaubcornwall.de\/blog\/ferienwohnung-meer-dartmouth-urlaub-sued-devon\/","og_site_name":"Urlaub &amp; Reisen","article_modified_time":"2021-09-02T11:43:20+00:00","og_image":[{"url":"https:\/\/www.urlaubcornwall.de\/blog\/wp-content\/uploads\/2017\/12\/ferienhaus-am-meer-dartmouth.jpg"}],"twitter_card":"summary","twitter_misc":{"Est. reading time":"1 minute"},"schema":{"@context":"https:\/\/schema.org","@graph":[{"@type":"WebSite","@id":"https:\/\/www.urlaubcornwall.de\/blog\/#website","url":"https:\/\/www.urlaubcornwall.de\/blog\/","name":"Urlaub &amp; Reisen","description":"Urlaub, Reisen, Cornwall und S\u00fcdengland: eine perfekte Kombination","potentialAction":[{"@type":"SearchAction","target":{"@type":"EntryPoint","urlTemplate":"https:\/\/www.urlaubcornwall.de\/blog\/?s={search_term_string}"},"query-input":"required name=search_term_string"}],"inLanguage":"en-US"},{"@type":"WebPage","@id":"https:\/\/www.urlaubcornwall.de\/blog\/ferienwohnung-meer-dartmouth-urlaub-sued-devon\/","url":"https:\/\/www.urlaubcornwall.de\/blog\/ferienwohnung-meer-dartmouth-urlaub-sued-devon\/","name":"Ferienwohnung am Meer Dartmouth - Urlaub S\u00fcd-Devon - Urlaub &amp; Reisen","isPartOf":{"@id":"https:\/\/www.urlaubcornwall.de\/blog\/#website"},"datePublished":"2017-12-29T16:38:07+00:00","dateModified":"2021-09-02T11:43:20+00:00","breadcrumb":{"@id":"https:\/\/www.urlaubcornwall.de\/blog\/ferienwohnung-meer-dartmouth-urlaub-sued-devon\/#breadcrumb"},"inLanguage":"en-US","potentialAction":[{"@type":"ReadAction","target":["https:\/\/www.urlaubcornwall.de\/blog\/ferienwohnung-meer-dartmouth-urlaub-sued-devon\/"]}]},{"@type":"BreadcrumbList","@id":"https:\/\/www.urlaubcornwall.de\/blog\/ferienwohnung-meer-dartmouth-urlaub-sued-devon\/#breadcrumb","itemListElement":[{"@type":"ListItem","position":1,"name":"Home","item":"https:\/\/www.urlaubcornwall.de\/blog\/"},{"@type":"ListItem","position":2,"name":"Ferienwohnung am Meer Dartmouth &#8211; Urlaub S\u00fcd-Devon"}]}]}},"_links":{"self":[{"href":"https:\/\/www.urlaubcornwall.de\/blog\/wp-json\/wp\/v2\/pages\/31600"}],"collection":[{"href":"https:\/\/www.urlaubcornwall.de\/blog\/wp-json\/wp\/v2\/pages"}],"about":[{"href":"https:\/\/www.urlaubcornwall.de\/blog\/wp-json\/wp\/v2\/types\/page"}],"author":[{"embeddable":true,"href":"https:\/\/www.urlaubcornwall.de\/blog\/wp-json\/wp\/v2\/users\/1"}],"replies":[{"embeddable":true,"href":"https:\/\/www.urlaubcornwall.de\/blog\/wp-json\/wp\/v2\/comments?post=31600"}],"version-history":[{"count":3,"href":"https:\/\/www.urlaubcornwall.de\/blog\/wp-json\/wp\/v2\/pages\/31600\/revisions"}],"predecessor-version":[{"id":42492,"href":"https:\/\/www.urlaubcornwall.de\/blog\/wp-json\/wp\/v2\/pages\/31600\/revisions\/42492"}],"wp:attachment":[{"href":"https:\/\/www.urlaubcornwall.de\/blog\/wp-json\/wp\/v2\/media?parent=31600"}],"curies":[{"name":"wp","href":"https:\/\/api.w.org\/{rel}","templated":true}]}}