{"id":31596,"date":"2017-12-29T16:28:22","date_gmt":"2017-12-29T16:28:22","guid":{"rendered":"https:\/\/www.urlaubcornwall.de\/blog\/?page_id=31596"},"modified":"2021-09-02T10:39:19","modified_gmt":"2021-09-02T10:39:19","slug":"ferienhaus-meer-croyde-strandurlaub-devon","status":"publish","type":"page","link":"https:\/\/www.urlaubcornwall.de\/blog\/ferienhaus-meer-croyde-strandurlaub-devon\/","title":{"rendered":"Ferienhaus am Meer Croyde &#8211; Strandurlaub Devon"},"content":{"rendered":"<p><img loading=\"lazy\" class=\"aligncenter size-full wp-image-31597\" src=\"https:\/\/www.urlaubcornwall.de\/blog\/wp-content\/uploads\/2017\/12\/ferienhaus-am-meer-croyde.jpg\" alt=\"ferienhaus am meer croyde\" width=\"746\" height=\"454\"\/><br \/>\n<strong>Ferienhaus 2.3 kilometern NO von Croyde, Nord-Devon.<\/strong><\/p>\n<p>3 Schlafzimmer, hundefreundlich, Schlafplatz f\u00fcr 6 + Kinderbett, An-\/Abreisetag am Samstag, Preis pro Woche \u00a3503 &#8211; \u00a31280<\/p>\n<p>Im h\u00fcbschen Dorf Georgeham, etwas mehr als 1,6 km von einem der l\u00e4ngsten Sandstr\u00e4nde an der Nordk\u00fcste Devons entfernt, kommt dieses Cottage aus dem 17. Jahrhundert komplett mit Strohdach, Balken und Kamin. Wundersch\u00f6n restauriert dieses halb-freistehende Kentisbury Cottage ist ein charmantes Ferienhaus. Der sittingand Speisesaal mit Kamin im Herzen macht es das ganze Jahr \u00fcber ideal. Woolacombe und Putsborough sind die n\u00e4chsten f Sandstr\u00e4nde und es ist f\u00fcnf Minuten zu Fu zu den beiden Dorf Pubs und lokalen Shop.<\/p>\n<p style=\"text-align: center;\"><a class=\"tidycta\" href=\"https:\/\/www.urlaubcornwall.de\/ferienhaeuser-fewos\/eng\/nord-devon\/croyde-am-meer.html\">Suche Ferienh\u00e4user Croyde<\/a><\/p>\n<p>Um UrlaubCornwall.de einzigartige Kollektion nach Ihrem idealen Ferienhaus zu durchsuchen. <a href=\"https:\/\/www.urlaubcornwall.de\/ferienhaeuser\/suedwesten-englands.php\"><span style=\"text-decoration: underline;\">Klicken Sie hier<\/span> &gt;&gt;<\/a><\/p>\n","protected":false},"excerpt":{"rendered":"<p>Ferienhaus 2.3 kilometern NO von Croyde, Nord-Devon. 3 Schlafzimmer, hundefreundlich, Schlafplatz f\u00fcr 6 + Kinderbett, An-\/Abreisetag am Samstag, Preis pro Woche \u00a3503 &#8211; \u00a31280 Im h\u00fcbschen Dorf Georgeham, etwas mehr als 1,6 km von einem der l\u00e4ngsten Sandstr\u00e4nde an der Nordk\u00fcste Devons entfernt, kommt dieses Cottage aus dem 17. Jahrhundert komplett mit Strohdach, Balken und [&hellip;]<\/p>\n","protected":false},"author":1,"featured_media":0,"parent":0,"menu_order":0,"comment_status":"closed","ping_status":"closed","template":"single-four.php","meta":[],"acf":[],"yoast_head":"<!-- This site is optimized with the Yoast SEO plugin v19.4 - https:\/\/yoast.com\/wordpress\/plugins\/seo\/ -->\n<title>Ferienhaus am Meer Croyde - Strandurlaub Devon - Urlaub &amp; Reisen<\/title>\n<meta name=\"robots\" content=\"index, follow, max-snippet:-1, max-image-preview:large, max-video-preview:-1\" \/>\n<link rel=\"canonical\" href=\"https:\/\/www.urlaubcornwall.de\/blog\/ferienhaus-meer-croyde-strandurlaub-devon\/\" \/>\n<meta property=\"og:locale\" content=\"en_US\" \/>\n<meta property=\"og:type\" content=\"article\" \/>\n<meta property=\"og:title\" content=\"Ferienhaus am Meer Croyde - Strandurlaub Devon - Urlaub &amp; Reisen\" \/>\n<meta property=\"og:description\" content=\"Ferienhaus 2.3 kilometern NO von Croyde, Nord-Devon. 3 Schlafzimmer, hundefreundlich, Schlafplatz f\u00fcr 6 + Kinderbett, An-\/Abreisetag am Samstag, Preis pro Woche \u00a3503 &#8211; \u00a31280 Im h\u00fcbschen Dorf Georgeham, etwas mehr als 1,6 km von einem der l\u00e4ngsten Sandstr\u00e4nde an der Nordk\u00fcste Devons entfernt, kommt dieses Cottage aus dem 17. Jahrhundert komplett mit Strohdach, Balken und [&hellip;]\" \/>\n<meta property=\"og:url\" content=\"https:\/\/www.urlaubcornwall.de\/blog\/ferienhaus-meer-croyde-strandurlaub-devon\/\" \/>\n<meta property=\"og:site_name\" content=\"Urlaub &amp; Reisen\" \/>\n<meta property=\"article:modified_time\" content=\"2021-09-02T10:39:19+00:00\" \/>\n<meta property=\"og:image\" content=\"https:\/\/www.urlaubcornwall.de\/blog\/wp-content\/uploads\/2017\/12\/ferienhaus-am-meer-croyde.jpg\" \/>\n<meta name=\"twitter:card\" content=\"summary\" \/>\n<meta name=\"twitter:label1\" content=\"Est. reading time\" \/>\n\t<meta name=\"twitter:data1\" content=\"1 minute\" \/>\n<script type=\"application\/ld+json\" class=\"yoast-schema-graph\">{\"@context\":\"https:\/\/schema.org\",\"@graph\":[{\"@type\":\"WebSite\",\"@id\":\"https:\/\/www.urlaubcornwall.de\/blog\/#website\",\"url\":\"https:\/\/www.urlaubcornwall.de\/blog\/\",\"name\":\"Urlaub &amp; Reisen\",\"description\":\"Urlaub, Reisen, Cornwall und S\u00fcdengland: eine perfekte Kombination\",\"potentialAction\":[{\"@type\":\"SearchAction\",\"target\":{\"@type\":\"EntryPoint\",\"urlTemplate\":\"https:\/\/www.urlaubcornwall.de\/blog\/?s={search_term_string}\"},\"query-input\":\"required name=search_term_string\"}],\"inLanguage\":\"en-US\"},{\"@type\":\"WebPage\",\"@id\":\"https:\/\/www.urlaubcornwall.de\/blog\/ferienhaus-meer-croyde-strandurlaub-devon\/\",\"url\":\"https:\/\/www.urlaubcornwall.de\/blog\/ferienhaus-meer-croyde-strandurlaub-devon\/\",\"name\":\"Ferienhaus am Meer Croyde - Strandurlaub Devon - Urlaub &amp; Reisen\",\"isPartOf\":{\"@id\":\"https:\/\/www.urlaubcornwall.de\/blog\/#website\"},\"datePublished\":\"2017-12-29T16:28:22+00:00\",\"dateModified\":\"2021-09-02T10:39:19+00:00\",\"breadcrumb\":{\"@id\":\"https:\/\/www.urlaubcornwall.de\/blog\/ferienhaus-meer-croyde-strandurlaub-devon\/#breadcrumb\"},\"inLanguage\":\"en-US\",\"potentialAction\":[{\"@type\":\"ReadAction\",\"target\":[\"https:\/\/www.urlaubcornwall.de\/blog\/ferienhaus-meer-croyde-strandurlaub-devon\/\"]}]},{\"@type\":\"BreadcrumbList\",\"@id\":\"https:\/\/www.urlaubcornwall.de\/blog\/ferienhaus-meer-croyde-strandurlaub-devon\/#breadcrumb\",\"itemListElement\":[{\"@type\":\"ListItem\",\"position\":1,\"name\":\"Home\",\"item\":\"https:\/\/www.urlaubcornwall.de\/blog\/\"},{\"@type\":\"ListItem\",\"position\":2,\"name\":\"Ferienhaus am Meer Croyde &#8211; Strandurlaub Devon\"}]}]}<\/script>\n<!-- \/ Yoast SEO plugin. -->","yoast_head_json":{"title":"Ferienhaus am Meer Croyde - Strandurlaub Devon - Urlaub &amp; Reisen","robots":{"index":"index","follow":"follow","max-snippet":"max-snippet:-1","max-image-preview":"max-image-preview:large","max-video-preview":"max-video-preview:-1"},"canonical":"https:\/\/www.urlaubcornwall.de\/blog\/ferienhaus-meer-croyde-strandurlaub-devon\/","og_locale":"en_US","og_type":"article","og_title":"Ferienhaus am Meer Croyde - Strandurlaub Devon - Urlaub &amp; Reisen","og_description":"Ferienhaus 2.3 kilometern NO von Croyde, Nord-Devon. 3 Schlafzimmer, hundefreundlich, Schlafplatz f\u00fcr 6 + Kinderbett, An-\/Abreisetag am Samstag, Preis pro Woche \u00a3503 &#8211; \u00a31280 Im h\u00fcbschen Dorf Georgeham, etwas mehr als 1,6 km von einem der l\u00e4ngsten Sandstr\u00e4nde an der Nordk\u00fcste Devons entfernt, kommt dieses Cottage aus dem 17. Jahrhundert komplett mit Strohdach, Balken und [&hellip;]","og_url":"https:\/\/www.urlaubcornwall.de\/blog\/ferienhaus-meer-croyde-strandurlaub-devon\/","og_site_name":"Urlaub &amp; Reisen","article_modified_time":"2021-09-02T10:39:19+00:00","og_image":[{"url":"https:\/\/www.urlaubcornwall.de\/blog\/wp-content\/uploads\/2017\/12\/ferienhaus-am-meer-croyde.jpg"}],"twitter_card":"summary","twitter_misc":{"Est. reading time":"1 minute"},"schema":{"@context":"https:\/\/schema.org","@graph":[{"@type":"WebSite","@id":"https:\/\/www.urlaubcornwall.de\/blog\/#website","url":"https:\/\/www.urlaubcornwall.de\/blog\/","name":"Urlaub &amp; Reisen","description":"Urlaub, Reisen, Cornwall und S\u00fcdengland: eine perfekte Kombination","potentialAction":[{"@type":"SearchAction","target":{"@type":"EntryPoint","urlTemplate":"https:\/\/www.urlaubcornwall.de\/blog\/?s={search_term_string}"},"query-input":"required name=search_term_string"}],"inLanguage":"en-US"},{"@type":"WebPage","@id":"https:\/\/www.urlaubcornwall.de\/blog\/ferienhaus-meer-croyde-strandurlaub-devon\/","url":"https:\/\/www.urlaubcornwall.de\/blog\/ferienhaus-meer-croyde-strandurlaub-devon\/","name":"Ferienhaus am Meer Croyde - Strandurlaub Devon - Urlaub &amp; Reisen","isPartOf":{"@id":"https:\/\/www.urlaubcornwall.de\/blog\/#website"},"datePublished":"2017-12-29T16:28:22+00:00","dateModified":"2021-09-02T10:39:19+00:00","breadcrumb":{"@id":"https:\/\/www.urlaubcornwall.de\/blog\/ferienhaus-meer-croyde-strandurlaub-devon\/#breadcrumb"},"inLanguage":"en-US","potentialAction":[{"@type":"ReadAction","target":["https:\/\/www.urlaubcornwall.de\/blog\/ferienhaus-meer-croyde-strandurlaub-devon\/"]}]},{"@type":"BreadcrumbList","@id":"https:\/\/www.urlaubcornwall.de\/blog\/ferienhaus-meer-croyde-strandurlaub-devon\/#breadcrumb","itemListElement":[{"@type":"ListItem","position":1,"name":"Home","item":"https:\/\/www.urlaubcornwall.de\/blog\/"},{"@type":"ListItem","position":2,"name":"Ferienhaus am Meer Croyde &#8211; Strandurlaub Devon"}]}]}},"_links":{"self":[{"href":"https:\/\/www.urlaubcornwall.de\/blog\/wp-json\/wp\/v2\/pages\/31596"}],"collection":[{"href":"https:\/\/www.urlaubcornwall.de\/blog\/wp-json\/wp\/v2\/pages"}],"about":[{"href":"https:\/\/www.urlaubcornwall.de\/blog\/wp-json\/wp\/v2\/types\/page"}],"author":[{"embeddable":true,"href":"https:\/\/www.urlaubcornwall.de\/blog\/wp-json\/wp\/v2\/users\/1"}],"replies":[{"embeddable":true,"href":"https:\/\/www.urlaubcornwall.de\/blog\/wp-json\/wp\/v2\/comments?post=31596"}],"version-history":[{"count":3,"href":"https:\/\/www.urlaubcornwall.de\/blog\/wp-json\/wp\/v2\/pages\/31596\/revisions"}],"predecessor-version":[{"id":42473,"href":"https:\/\/www.urlaubcornwall.de\/blog\/wp-json\/wp\/v2\/pages\/31596\/revisions\/42473"}],"wp:attachment":[{"href":"https:\/\/www.urlaubcornwall.de\/blog\/wp-json\/wp\/v2\/media?parent=31596"}],"curies":[{"name":"wp","href":"https:\/\/api.w.org\/{rel}","templated":true}]}}