{"id":31578,"date":"2017-12-29T14:50:33","date_gmt":"2017-12-29T14:50:33","guid":{"rendered":"https:\/\/www.urlaubcornwall.de\/blog\/?page_id=31578"},"modified":"2021-09-02T10:37:39","modified_gmt":"2021-09-02T10:37:39","slug":"ferienhaus-meer-bigbury-sea-suedkueste-devon","status":"publish","type":"page","link":"https:\/\/www.urlaubcornwall.de\/blog\/ferienhaus-meer-bigbury-sea-suedkueste-devon\/","title":{"rendered":"Ferienhaus am Meer Bigbury on Sea &#8211; S\u00fcdk\u00fcste Devon"},"content":{"rendered":"<p><img loading=\"lazy\" class=\"aligncenter size-full wp-image-31579\" src=\"https:\/\/www.urlaubcornwall.de\/blog\/wp-content\/uploads\/2017\/12\/ferienhaus-am-meer-bigbury-on-sea-devon.jpg\" alt=\"ferienhaus am meer bigbury on sea devon\" width=\"746\" height=\"407\"\/><br \/>\n<strong>Ferienhaus mit Meerblick 8.2 kilometern W von Kingsbridge, S\u00fcd-Devon.<\/strong><\/p>\n<p>3 Schlafzimmer, leider keine Haustiere erlaubt, Schlafplatz f\u00fcr 6, An-\/Abreisetag am Samstag, Preis pro Woche \u00a3626 &#8211; \u00a31716<\/p>\n<p>Es gibt spektakul\u00e4re Ausblicke von Spring Tide, einem der beiden modernen Luxus-Ferienh\u00e4user im Dorf Bigbury-on-Sea. Die erste Etage Wohnzimmer hat Boden bis zur Decke Glast\u00fcren und einen Balkon, um das Beste aus dem wunderbaren Vista machen. Mit einer neuen K\u00fcche, Holzb\u00f6den, Fu\u00dfbodenheizung, stilvolle moderne Einrichtung, ist dies ein Haus, wo Sie sich entspannen und wirklich genie\u00dfen k\u00f6nnen. Spring Tide hat einen Terrassengarten sowie den Balkon im ersten Stock und bietet einen perfekten Ort f\u00fcr Familien oder Freunde, die dieses beliebte Gebiet erkunden m\u00f6chten.<\/p>\n<p style=\"text-align: center;\"><a class=\"tidycta\" href=\"https:\/\/www.urlaubcornwall.de\/ferienhaeuser-fewos\/eng\/sued-devon\/bigbury-on-sea-am-meer.html\">Suche Ferienh\u00e4user Bigbury<\/a><\/p>\n<p>Um UrlaubCornwall.de einzigartige Kollektion nach Ihrem idealen Ferienhaus zu durchsuchen. <a href=\"https:\/\/www.urlaubcornwall.de\/ferienhaeuser\/suedwesten-englands.php\"><span style=\"text-decoration: underline;\">Klicken Sie hier<\/span> &gt;&gt;<\/a><\/p>\n","protected":false},"excerpt":{"rendered":"<p>Ferienhaus mit Meerblick 8.2 kilometern W von Kingsbridge, S\u00fcd-Devon. 3 Schlafzimmer, leider keine Haustiere erlaubt, Schlafplatz f\u00fcr 6, An-\/Abreisetag am Samstag, Preis pro Woche \u00a3626 &#8211; \u00a31716 Es gibt spektakul\u00e4re Ausblicke von Spring Tide, einem der beiden modernen Luxus-Ferienh\u00e4user im Dorf Bigbury-on-Sea. Die erste Etage Wohnzimmer hat Boden bis zur Decke Glast\u00fcren und einen Balkon, [&hellip;]<\/p>\n","protected":false},"author":1,"featured_media":0,"parent":0,"menu_order":0,"comment_status":"closed","ping_status":"closed","template":"single-four.php","meta":[],"acf":[],"yoast_head":"<!-- This site is optimized with the Yoast SEO plugin v19.4 - https:\/\/yoast.com\/wordpress\/plugins\/seo\/ -->\n<title>Ferienhaus am Meer Bigbury on Sea - S\u00fcdk\u00fcste Devon - Urlaub &amp; Reisen<\/title>\n<meta name=\"robots\" content=\"index, follow, max-snippet:-1, max-image-preview:large, max-video-preview:-1\" \/>\n<link rel=\"canonical\" href=\"https:\/\/www.urlaubcornwall.de\/blog\/ferienhaus-meer-bigbury-sea-suedkueste-devon\/\" \/>\n<meta property=\"og:locale\" content=\"en_US\" \/>\n<meta property=\"og:type\" content=\"article\" \/>\n<meta property=\"og:title\" content=\"Ferienhaus am Meer Bigbury on Sea - S\u00fcdk\u00fcste Devon - Urlaub &amp; Reisen\" \/>\n<meta property=\"og:description\" content=\"Ferienhaus mit Meerblick 8.2 kilometern W von Kingsbridge, S\u00fcd-Devon. 3 Schlafzimmer, leider keine Haustiere erlaubt, Schlafplatz f\u00fcr 6, An-\/Abreisetag am Samstag, Preis pro Woche \u00a3626 &#8211; \u00a31716 Es gibt spektakul\u00e4re Ausblicke von Spring Tide, einem der beiden modernen Luxus-Ferienh\u00e4user im Dorf Bigbury-on-Sea. Die erste Etage Wohnzimmer hat Boden bis zur Decke Glast\u00fcren und einen Balkon, [&hellip;]\" \/>\n<meta property=\"og:url\" content=\"https:\/\/www.urlaubcornwall.de\/blog\/ferienhaus-meer-bigbury-sea-suedkueste-devon\/\" \/>\n<meta property=\"og:site_name\" content=\"Urlaub &amp; Reisen\" \/>\n<meta property=\"article:modified_time\" content=\"2021-09-02T10:37:39+00:00\" \/>\n<meta property=\"og:image\" content=\"https:\/\/www.urlaubcornwall.de\/blog\/wp-content\/uploads\/2017\/12\/ferienhaus-am-meer-bigbury-on-sea-devon.jpg\" \/>\n<meta name=\"twitter:card\" content=\"summary\" \/>\n<meta name=\"twitter:label1\" content=\"Est. reading time\" \/>\n\t<meta name=\"twitter:data1\" content=\"1 minute\" \/>\n<script type=\"application\/ld+json\" class=\"yoast-schema-graph\">{\"@context\":\"https:\/\/schema.org\",\"@graph\":[{\"@type\":\"WebSite\",\"@id\":\"https:\/\/www.urlaubcornwall.de\/blog\/#website\",\"url\":\"https:\/\/www.urlaubcornwall.de\/blog\/\",\"name\":\"Urlaub &amp; Reisen\",\"description\":\"Urlaub, Reisen, Cornwall und S\u00fcdengland: eine perfekte Kombination\",\"potentialAction\":[{\"@type\":\"SearchAction\",\"target\":{\"@type\":\"EntryPoint\",\"urlTemplate\":\"https:\/\/www.urlaubcornwall.de\/blog\/?s={search_term_string}\"},\"query-input\":\"required name=search_term_string\"}],\"inLanguage\":\"en-US\"},{\"@type\":\"WebPage\",\"@id\":\"https:\/\/www.urlaubcornwall.de\/blog\/ferienhaus-meer-bigbury-sea-suedkueste-devon\/\",\"url\":\"https:\/\/www.urlaubcornwall.de\/blog\/ferienhaus-meer-bigbury-sea-suedkueste-devon\/\",\"name\":\"Ferienhaus am Meer Bigbury on Sea - S\u00fcdk\u00fcste Devon - Urlaub &amp; Reisen\",\"isPartOf\":{\"@id\":\"https:\/\/www.urlaubcornwall.de\/blog\/#website\"},\"datePublished\":\"2017-12-29T14:50:33+00:00\",\"dateModified\":\"2021-09-02T10:37:39+00:00\",\"breadcrumb\":{\"@id\":\"https:\/\/www.urlaubcornwall.de\/blog\/ferienhaus-meer-bigbury-sea-suedkueste-devon\/#breadcrumb\"},\"inLanguage\":\"en-US\",\"potentialAction\":[{\"@type\":\"ReadAction\",\"target\":[\"https:\/\/www.urlaubcornwall.de\/blog\/ferienhaus-meer-bigbury-sea-suedkueste-devon\/\"]}]},{\"@type\":\"BreadcrumbList\",\"@id\":\"https:\/\/www.urlaubcornwall.de\/blog\/ferienhaus-meer-bigbury-sea-suedkueste-devon\/#breadcrumb\",\"itemListElement\":[{\"@type\":\"ListItem\",\"position\":1,\"name\":\"Home\",\"item\":\"https:\/\/www.urlaubcornwall.de\/blog\/\"},{\"@type\":\"ListItem\",\"position\":2,\"name\":\"Ferienhaus am Meer Bigbury on Sea &#8211; S\u00fcdk\u00fcste Devon\"}]}]}<\/script>\n<!-- \/ Yoast SEO plugin. -->","yoast_head_json":{"title":"Ferienhaus am Meer Bigbury on Sea - S\u00fcdk\u00fcste Devon - Urlaub &amp; Reisen","robots":{"index":"index","follow":"follow","max-snippet":"max-snippet:-1","max-image-preview":"max-image-preview:large","max-video-preview":"max-video-preview:-1"},"canonical":"https:\/\/www.urlaubcornwall.de\/blog\/ferienhaus-meer-bigbury-sea-suedkueste-devon\/","og_locale":"en_US","og_type":"article","og_title":"Ferienhaus am Meer Bigbury on Sea - S\u00fcdk\u00fcste Devon - Urlaub &amp; Reisen","og_description":"Ferienhaus mit Meerblick 8.2 kilometern W von Kingsbridge, S\u00fcd-Devon. 3 Schlafzimmer, leider keine Haustiere erlaubt, Schlafplatz f\u00fcr 6, An-\/Abreisetag am Samstag, Preis pro Woche \u00a3626 &#8211; \u00a31716 Es gibt spektakul\u00e4re Ausblicke von Spring Tide, einem der beiden modernen Luxus-Ferienh\u00e4user im Dorf Bigbury-on-Sea. Die erste Etage Wohnzimmer hat Boden bis zur Decke Glast\u00fcren und einen Balkon, [&hellip;]","og_url":"https:\/\/www.urlaubcornwall.de\/blog\/ferienhaus-meer-bigbury-sea-suedkueste-devon\/","og_site_name":"Urlaub &amp; Reisen","article_modified_time":"2021-09-02T10:37:39+00:00","og_image":[{"url":"https:\/\/www.urlaubcornwall.de\/blog\/wp-content\/uploads\/2017\/12\/ferienhaus-am-meer-bigbury-on-sea-devon.jpg"}],"twitter_card":"summary","twitter_misc":{"Est. reading time":"1 minute"},"schema":{"@context":"https:\/\/schema.org","@graph":[{"@type":"WebSite","@id":"https:\/\/www.urlaubcornwall.de\/blog\/#website","url":"https:\/\/www.urlaubcornwall.de\/blog\/","name":"Urlaub &amp; Reisen","description":"Urlaub, Reisen, Cornwall und S\u00fcdengland: eine perfekte Kombination","potentialAction":[{"@type":"SearchAction","target":{"@type":"EntryPoint","urlTemplate":"https:\/\/www.urlaubcornwall.de\/blog\/?s={search_term_string}"},"query-input":"required name=search_term_string"}],"inLanguage":"en-US"},{"@type":"WebPage","@id":"https:\/\/www.urlaubcornwall.de\/blog\/ferienhaus-meer-bigbury-sea-suedkueste-devon\/","url":"https:\/\/www.urlaubcornwall.de\/blog\/ferienhaus-meer-bigbury-sea-suedkueste-devon\/","name":"Ferienhaus am Meer Bigbury on Sea - S\u00fcdk\u00fcste Devon - Urlaub &amp; Reisen","isPartOf":{"@id":"https:\/\/www.urlaubcornwall.de\/blog\/#website"},"datePublished":"2017-12-29T14:50:33+00:00","dateModified":"2021-09-02T10:37:39+00:00","breadcrumb":{"@id":"https:\/\/www.urlaubcornwall.de\/blog\/ferienhaus-meer-bigbury-sea-suedkueste-devon\/#breadcrumb"},"inLanguage":"en-US","potentialAction":[{"@type":"ReadAction","target":["https:\/\/www.urlaubcornwall.de\/blog\/ferienhaus-meer-bigbury-sea-suedkueste-devon\/"]}]},{"@type":"BreadcrumbList","@id":"https:\/\/www.urlaubcornwall.de\/blog\/ferienhaus-meer-bigbury-sea-suedkueste-devon\/#breadcrumb","itemListElement":[{"@type":"ListItem","position":1,"name":"Home","item":"https:\/\/www.urlaubcornwall.de\/blog\/"},{"@type":"ListItem","position":2,"name":"Ferienhaus am Meer Bigbury on Sea &#8211; S\u00fcdk\u00fcste Devon"}]}]}},"_links":{"self":[{"href":"https:\/\/www.urlaubcornwall.de\/blog\/wp-json\/wp\/v2\/pages\/31578"}],"collection":[{"href":"https:\/\/www.urlaubcornwall.de\/blog\/wp-json\/wp\/v2\/pages"}],"about":[{"href":"https:\/\/www.urlaubcornwall.de\/blog\/wp-json\/wp\/v2\/types\/page"}],"author":[{"embeddable":true,"href":"https:\/\/www.urlaubcornwall.de\/blog\/wp-json\/wp\/v2\/users\/1"}],"replies":[{"embeddable":true,"href":"https:\/\/www.urlaubcornwall.de\/blog\/wp-json\/wp\/v2\/comments?post=31578"}],"version-history":[{"count":2,"href":"https:\/\/www.urlaubcornwall.de\/blog\/wp-json\/wp\/v2\/pages\/31578\/revisions"}],"predecessor-version":[{"id":42471,"href":"https:\/\/www.urlaubcornwall.de\/blog\/wp-json\/wp\/v2\/pages\/31578\/revisions\/42471"}],"wp:attachment":[{"href":"https:\/\/www.urlaubcornwall.de\/blog\/wp-json\/wp\/v2\/media?parent=31578"}],"curies":[{"name":"wp","href":"https:\/\/api.w.org\/{rel}","templated":true}]}}