{"id":31567,"date":"2017-12-29T14:22:42","date_gmt":"2017-12-29T14:22:42","guid":{"rendered":"https:\/\/www.urlaubcornwall.de\/blog\/?page_id=31567"},"modified":"2021-09-02T10:45:09","modified_gmt":"2021-09-02T10:45:09","slug":"ferienhaus-barnstaple-meer-strandnah-devon","status":"publish","type":"page","link":"https:\/\/www.urlaubcornwall.de\/blog\/ferienhaus-barnstaple-meer-strandnah-devon\/","title":{"rendered":"Ferienhaus Barnstaple am Meer &#8211; Strandnah Devon"},"content":{"rendered":"<p><img loading=\"lazy\" class=\"aligncenter size-full wp-image-31568\" src=\"https:\/\/www.urlaubcornwall.de\/blog\/wp-content\/uploads\/2017\/12\/ferienhaus-am-meer-barnstaple.jpg\" alt=\"ferienhaus am meer barnstaple\" width=\"746\" height=\"413\"\/><br \/>\n<strong>Ferienhaus strandnah Instow, Nord-Devon.<\/strong><\/p>\n<p>2 Schlafzimmer, hundefreundlich, Schlafplatz f\u00fcr 4 + Kinderbett, An-\/Abreisetag am Samstag, Preis pro Woche \u00a3362 &#8211; \u00a3810<\/p>\n<p>Sea Cottage ist ein New England Stil &#8220;Beach Retreat&#8221;, nur wenige Meter von instow es D\u00fcnen und Sandstr\u00e4nden. Mit direktem Zugang auf den Tarka Radweg und den K\u00fcstenpfad wird es Radfahrern, Vogelbeobachtern und Wanderern gleicherma\u00dfen gefallen. Die Unterkunft ist alle auf einer Ebene, mit dem offenen Wohnzimmer. Setzen Sie sich eine Ungemachte Strecke neben dem malerischen North Devon Cricket Club, dieses einzigartige Anwesen hat einen geschlossenen geheimen Garten, alles offenbart! Eine Seite der H\u00fctte schaut in Richtung zu einem Bauernhof Geb\u00e4ude, aber das andere hat Blick auf die Landschaft und der Patio genie\u00dft Ansichten zu Braunton Burrows.<\/p>\n<p style=\"text-align: center;\"><a class=\"tidycta\" href=\"https:\/\/www.urlaubcornwall.de\/ferienhaeuser-fewos\/eng\/nord-devon\/barnstaple-am-meer.html\">Suche Ferienh\u00e4user Barnstaple<\/a><\/p>\n<p>Um UrlaubCornwall.de einzigartige Kollektion nach Ihrem idealen Ferienhaus zu durchsuchen. <a href=\"https:\/\/www.urlaubcornwall.de\/ferienhaeuser\/suedwesten-englands.php\"><span style=\"text-decoration: underline;\">Klicken Sie hier<\/span> &gt;&gt;<\/a><\/p>\n","protected":false},"excerpt":{"rendered":"<p>Ferienhaus strandnah Instow, Nord-Devon. 2 Schlafzimmer, hundefreundlich, Schlafplatz f\u00fcr 4 + Kinderbett, An-\/Abreisetag am Samstag, Preis pro Woche \u00a3362 &#8211; \u00a3810 Sea Cottage ist ein New England Stil &#8220;Beach Retreat&#8221;, nur wenige Meter von instow es D\u00fcnen und Sandstr\u00e4nden. Mit direktem Zugang auf den Tarka Radweg und den K\u00fcstenpfad wird es Radfahrern, Vogelbeobachtern und Wanderern [&hellip;]<\/p>\n","protected":false},"author":1,"featured_media":0,"parent":0,"menu_order":0,"comment_status":"closed","ping_status":"closed","template":"single-four.php","meta":[],"acf":[],"yoast_head":"<!-- This site is optimized with the Yoast SEO plugin v19.4 - https:\/\/yoast.com\/wordpress\/plugins\/seo\/ -->\n<title>Ferienhaus Barnstaple am Meer - Strandnah Devon - Urlaub &amp; Reisen<\/title>\n<meta name=\"robots\" content=\"index, follow, max-snippet:-1, max-image-preview:large, max-video-preview:-1\" \/>\n<link rel=\"canonical\" href=\"https:\/\/www.urlaubcornwall.de\/blog\/ferienhaus-barnstaple-meer-strandnah-devon\/\" \/>\n<meta property=\"og:locale\" content=\"en_US\" \/>\n<meta property=\"og:type\" content=\"article\" \/>\n<meta property=\"og:title\" content=\"Ferienhaus Barnstaple am Meer - Strandnah Devon - Urlaub &amp; Reisen\" \/>\n<meta property=\"og:description\" content=\"Ferienhaus strandnah Instow, Nord-Devon. 2 Schlafzimmer, hundefreundlich, Schlafplatz f\u00fcr 4 + Kinderbett, An-\/Abreisetag am Samstag, Preis pro Woche \u00a3362 &#8211; \u00a3810 Sea Cottage ist ein New England Stil &#8220;Beach Retreat&#8221;, nur wenige Meter von instow es D\u00fcnen und Sandstr\u00e4nden. Mit direktem Zugang auf den Tarka Radweg und den K\u00fcstenpfad wird es Radfahrern, Vogelbeobachtern und Wanderern [&hellip;]\" \/>\n<meta property=\"og:url\" content=\"https:\/\/www.urlaubcornwall.de\/blog\/ferienhaus-barnstaple-meer-strandnah-devon\/\" \/>\n<meta property=\"og:site_name\" content=\"Urlaub &amp; Reisen\" \/>\n<meta property=\"article:modified_time\" content=\"2021-09-02T10:45:09+00:00\" \/>\n<meta property=\"og:image\" content=\"https:\/\/www.urlaubcornwall.de\/blog\/wp-content\/uploads\/2017\/12\/ferienhaus-am-meer-barnstaple.jpg\" \/>\n<meta name=\"twitter:card\" content=\"summary\" \/>\n<meta name=\"twitter:label1\" content=\"Est. reading time\" \/>\n\t<meta name=\"twitter:data1\" content=\"1 minute\" \/>\n<script type=\"application\/ld+json\" class=\"yoast-schema-graph\">{\"@context\":\"https:\/\/schema.org\",\"@graph\":[{\"@type\":\"WebSite\",\"@id\":\"https:\/\/www.urlaubcornwall.de\/blog\/#website\",\"url\":\"https:\/\/www.urlaubcornwall.de\/blog\/\",\"name\":\"Urlaub &amp; Reisen\",\"description\":\"Urlaub, Reisen, Cornwall und S\u00fcdengland: eine perfekte Kombination\",\"potentialAction\":[{\"@type\":\"SearchAction\",\"target\":{\"@type\":\"EntryPoint\",\"urlTemplate\":\"https:\/\/www.urlaubcornwall.de\/blog\/?s={search_term_string}\"},\"query-input\":\"required name=search_term_string\"}],\"inLanguage\":\"en-US\"},{\"@type\":\"WebPage\",\"@id\":\"https:\/\/www.urlaubcornwall.de\/blog\/ferienhaus-barnstaple-meer-strandnah-devon\/\",\"url\":\"https:\/\/www.urlaubcornwall.de\/blog\/ferienhaus-barnstaple-meer-strandnah-devon\/\",\"name\":\"Ferienhaus Barnstaple am Meer - Strandnah Devon - Urlaub &amp; Reisen\",\"isPartOf\":{\"@id\":\"https:\/\/www.urlaubcornwall.de\/blog\/#website\"},\"datePublished\":\"2017-12-29T14:22:42+00:00\",\"dateModified\":\"2021-09-02T10:45:09+00:00\",\"breadcrumb\":{\"@id\":\"https:\/\/www.urlaubcornwall.de\/blog\/ferienhaus-barnstaple-meer-strandnah-devon\/#breadcrumb\"},\"inLanguage\":\"en-US\",\"potentialAction\":[{\"@type\":\"ReadAction\",\"target\":[\"https:\/\/www.urlaubcornwall.de\/blog\/ferienhaus-barnstaple-meer-strandnah-devon\/\"]}]},{\"@type\":\"BreadcrumbList\",\"@id\":\"https:\/\/www.urlaubcornwall.de\/blog\/ferienhaus-barnstaple-meer-strandnah-devon\/#breadcrumb\",\"itemListElement\":[{\"@type\":\"ListItem\",\"position\":1,\"name\":\"Home\",\"item\":\"https:\/\/www.urlaubcornwall.de\/blog\/\"},{\"@type\":\"ListItem\",\"position\":2,\"name\":\"Ferienhaus Barnstaple am Meer &#8211; Strandnah Devon\"}]}]}<\/script>\n<!-- \/ Yoast SEO plugin. -->","yoast_head_json":{"title":"Ferienhaus Barnstaple am Meer - Strandnah Devon - Urlaub &amp; Reisen","robots":{"index":"index","follow":"follow","max-snippet":"max-snippet:-1","max-image-preview":"max-image-preview:large","max-video-preview":"max-video-preview:-1"},"canonical":"https:\/\/www.urlaubcornwall.de\/blog\/ferienhaus-barnstaple-meer-strandnah-devon\/","og_locale":"en_US","og_type":"article","og_title":"Ferienhaus Barnstaple am Meer - Strandnah Devon - Urlaub &amp; Reisen","og_description":"Ferienhaus strandnah Instow, Nord-Devon. 2 Schlafzimmer, hundefreundlich, Schlafplatz f\u00fcr 4 + Kinderbett, An-\/Abreisetag am Samstag, Preis pro Woche \u00a3362 &#8211; \u00a3810 Sea Cottage ist ein New England Stil &#8220;Beach Retreat&#8221;, nur wenige Meter von instow es D\u00fcnen und Sandstr\u00e4nden. Mit direktem Zugang auf den Tarka Radweg und den K\u00fcstenpfad wird es Radfahrern, Vogelbeobachtern und Wanderern [&hellip;]","og_url":"https:\/\/www.urlaubcornwall.de\/blog\/ferienhaus-barnstaple-meer-strandnah-devon\/","og_site_name":"Urlaub &amp; Reisen","article_modified_time":"2021-09-02T10:45:09+00:00","og_image":[{"url":"https:\/\/www.urlaubcornwall.de\/blog\/wp-content\/uploads\/2017\/12\/ferienhaus-am-meer-barnstaple.jpg"}],"twitter_card":"summary","twitter_misc":{"Est. reading time":"1 minute"},"schema":{"@context":"https:\/\/schema.org","@graph":[{"@type":"WebSite","@id":"https:\/\/www.urlaubcornwall.de\/blog\/#website","url":"https:\/\/www.urlaubcornwall.de\/blog\/","name":"Urlaub &amp; Reisen","description":"Urlaub, Reisen, Cornwall und S\u00fcdengland: eine perfekte Kombination","potentialAction":[{"@type":"SearchAction","target":{"@type":"EntryPoint","urlTemplate":"https:\/\/www.urlaubcornwall.de\/blog\/?s={search_term_string}"},"query-input":"required name=search_term_string"}],"inLanguage":"en-US"},{"@type":"WebPage","@id":"https:\/\/www.urlaubcornwall.de\/blog\/ferienhaus-barnstaple-meer-strandnah-devon\/","url":"https:\/\/www.urlaubcornwall.de\/blog\/ferienhaus-barnstaple-meer-strandnah-devon\/","name":"Ferienhaus Barnstaple am Meer - Strandnah Devon - Urlaub &amp; Reisen","isPartOf":{"@id":"https:\/\/www.urlaubcornwall.de\/blog\/#website"},"datePublished":"2017-12-29T14:22:42+00:00","dateModified":"2021-09-02T10:45:09+00:00","breadcrumb":{"@id":"https:\/\/www.urlaubcornwall.de\/blog\/ferienhaus-barnstaple-meer-strandnah-devon\/#breadcrumb"},"inLanguage":"en-US","potentialAction":[{"@type":"ReadAction","target":["https:\/\/www.urlaubcornwall.de\/blog\/ferienhaus-barnstaple-meer-strandnah-devon\/"]}]},{"@type":"BreadcrumbList","@id":"https:\/\/www.urlaubcornwall.de\/blog\/ferienhaus-barnstaple-meer-strandnah-devon\/#breadcrumb","itemListElement":[{"@type":"ListItem","position":1,"name":"Home","item":"https:\/\/www.urlaubcornwall.de\/blog\/"},{"@type":"ListItem","position":2,"name":"Ferienhaus Barnstaple am Meer &#8211; Strandnah Devon"}]}]}},"_links":{"self":[{"href":"https:\/\/www.urlaubcornwall.de\/blog\/wp-json\/wp\/v2\/pages\/31567"}],"collection":[{"href":"https:\/\/www.urlaubcornwall.de\/blog\/wp-json\/wp\/v2\/pages"}],"about":[{"href":"https:\/\/www.urlaubcornwall.de\/blog\/wp-json\/wp\/v2\/types\/page"}],"author":[{"embeddable":true,"href":"https:\/\/www.urlaubcornwall.de\/blog\/wp-json\/wp\/v2\/users\/1"}],"replies":[{"embeddable":true,"href":"https:\/\/www.urlaubcornwall.de\/blog\/wp-json\/wp\/v2\/comments?post=31567"}],"version-history":[{"count":5,"href":"https:\/\/www.urlaubcornwall.de\/blog\/wp-json\/wp\/v2\/pages\/31567\/revisions"}],"predecessor-version":[{"id":42477,"href":"https:\/\/www.urlaubcornwall.de\/blog\/wp-json\/wp\/v2\/pages\/31567\/revisions\/42477"}],"wp:attachment":[{"href":"https:\/\/www.urlaubcornwall.de\/blog\/wp-json\/wp\/v2\/media?parent=31567"}],"curies":[{"name":"wp","href":"https:\/\/api.w.org\/{rel}","templated":true}]}}