{"id":31562,"date":"2017-12-28T18:22:36","date_gmt":"2017-12-28T18:22:36","guid":{"rendered":"https:\/\/www.urlaubcornwall.de\/blog\/?page_id=31562"},"modified":"2021-09-02T10:42:32","modified_gmt":"2021-09-02T10:42:32","slug":"ferienhaus-meer-widemouth-bay-strandurlaub-cornwall","status":"publish","type":"page","link":"https:\/\/www.urlaubcornwall.de\/blog\/ferienhaus-meer-widemouth-bay-strandurlaub-cornwall\/","title":{"rendered":"Ferienhaus am Meer Widemouth Bay &#8211; Strandurlaub Cornwall"},"content":{"rendered":"<p><img loading=\"lazy\" class=\"aligncenter size-full wp-image-31563\" src=\"https:\/\/www.urlaubcornwall.de\/blog\/wp-content\/uploads\/2017\/12\/ferienhaus-am-meer-widemouth-bay.jpg\" alt=\"ferienhaus am meer widemouth bay\" width=\"746\" height=\"433\"\/><br \/>\n<strong>Ferienhaus 1.6 kilometern O von Widemouth Bay, Nordk\u00fcste Cornwall.<\/strong><\/p>\n<p>3 Schlafzimmer, hundefreundlich, Schlafplatz f\u00fcr 6 + Kinderbett, An-\/Abreisetag am Freitag, Preis pro Woche \u00a3522 &#8211; \u00a31451<\/p>\n<p>Der alte Stall ist ein einst\u00f6ckiges, aus dem 19. Jahrhundert umgebauter Scheune mit einem geschlossenen Garten und nahe an den Ufern der Widemouth Bay. Luxuri\u00f6s eingerichtet, und alle sch\u00f6nen Zimmer mit eigenem Bad, bietet dieses komfortable Haus viel Platz f\u00fcr Sie alle. Mit den Schafen der Besitzer und den Freilandh\u00fchnern auf dem Bauernhof sowie Ihrem belebten Hof werden Sie vom Garten und der umliegenden Landschaft begeistert sein. Von der Haust\u00fcr kann man \u00fcber Ackerland (ca. 20 Minuten) zum Strand und dem South West Coast Path, die in Bude f\u00fchrt zu Fu\u00df. Ideal f\u00fcr die Erkundung der ganzen Cornwall, oder gehen \u00fcber die Grenze nach Devon, ist die alte Stall der perfekte Ort.<\/p>\n<p style=\"text-align: center;\"><a class=\"tidycta\" href=\"https:\/\/www.urlaubcornwall.de\/ferienhaeuser-fewos\/eng\/nord-devon\/widemouth-bay-am-meer.html\">Suche Ferienh\u00e4user Widemouth<\/a><\/p>\n<p>Um UrlaubCornwall.de einzigartige Kollektion nach Ihrem idealen Ferienhaus zu durchsuchen. <a href=\"https:\/\/www.urlaubcornwall.de\/ferienhaeuser\/suedwesten-englands.php\"><span style=\"text-decoration: underline;\">Klicken Sie hier<\/span> &gt;&gt;<\/a><\/p>\n","protected":false},"excerpt":{"rendered":"<p>Ferienhaus 1.6 kilometern O von Widemouth Bay, Nordk\u00fcste Cornwall. 3 Schlafzimmer, hundefreundlich, Schlafplatz f\u00fcr 6 + Kinderbett, An-\/Abreisetag am Freitag, Preis pro Woche \u00a3522 &#8211; \u00a31451 Der alte Stall ist ein einst\u00f6ckiges, aus dem 19. Jahrhundert umgebauter Scheune mit einem geschlossenen Garten und nahe an den Ufern der Widemouth Bay. Luxuri\u00f6s eingerichtet, und alle sch\u00f6nen [&hellip;]<\/p>\n","protected":false},"author":1,"featured_media":0,"parent":0,"menu_order":0,"comment_status":"closed","ping_status":"closed","template":"single-four.php","meta":[],"acf":[],"yoast_head":"<!-- This site is optimized with the Yoast SEO plugin v19.4 - https:\/\/yoast.com\/wordpress\/plugins\/seo\/ -->\n<title>Ferienhaus am Meer Widemouth Bay - Strandurlaub Cornwall - Urlaub &amp; Reisen<\/title>\n<meta name=\"robots\" content=\"index, follow, max-snippet:-1, max-image-preview:large, max-video-preview:-1\" \/>\n<link rel=\"canonical\" href=\"https:\/\/www.urlaubcornwall.de\/blog\/ferienhaus-meer-widemouth-bay-strandurlaub-cornwall\/\" \/>\n<meta property=\"og:locale\" content=\"en_US\" \/>\n<meta property=\"og:type\" content=\"article\" \/>\n<meta property=\"og:title\" content=\"Ferienhaus am Meer Widemouth Bay - Strandurlaub Cornwall - Urlaub &amp; Reisen\" \/>\n<meta property=\"og:description\" content=\"Ferienhaus 1.6 kilometern O von Widemouth Bay, Nordk\u00fcste Cornwall. 3 Schlafzimmer, hundefreundlich, Schlafplatz f\u00fcr 6 + Kinderbett, An-\/Abreisetag am Freitag, Preis pro Woche \u00a3522 &#8211; \u00a31451 Der alte Stall ist ein einst\u00f6ckiges, aus dem 19. Jahrhundert umgebauter Scheune mit einem geschlossenen Garten und nahe an den Ufern der Widemouth Bay. Luxuri\u00f6s eingerichtet, und alle sch\u00f6nen [&hellip;]\" \/>\n<meta property=\"og:url\" content=\"https:\/\/www.urlaubcornwall.de\/blog\/ferienhaus-meer-widemouth-bay-strandurlaub-cornwall\/\" \/>\n<meta property=\"og:site_name\" content=\"Urlaub &amp; Reisen\" \/>\n<meta property=\"article:modified_time\" content=\"2021-09-02T10:42:32+00:00\" \/>\n<meta property=\"og:image\" content=\"https:\/\/www.urlaubcornwall.de\/blog\/wp-content\/uploads\/2017\/12\/ferienhaus-am-meer-widemouth-bay.jpg\" \/>\n<meta name=\"twitter:card\" content=\"summary\" \/>\n<meta name=\"twitter:label1\" content=\"Est. reading time\" \/>\n\t<meta name=\"twitter:data1\" content=\"1 minute\" \/>\n<script type=\"application\/ld+json\" class=\"yoast-schema-graph\">{\"@context\":\"https:\/\/schema.org\",\"@graph\":[{\"@type\":\"WebSite\",\"@id\":\"https:\/\/www.urlaubcornwall.de\/blog\/#website\",\"url\":\"https:\/\/www.urlaubcornwall.de\/blog\/\",\"name\":\"Urlaub &amp; Reisen\",\"description\":\"Urlaub, Reisen, Cornwall und S\u00fcdengland: eine perfekte Kombination\",\"potentialAction\":[{\"@type\":\"SearchAction\",\"target\":{\"@type\":\"EntryPoint\",\"urlTemplate\":\"https:\/\/www.urlaubcornwall.de\/blog\/?s={search_term_string}\"},\"query-input\":\"required name=search_term_string\"}],\"inLanguage\":\"en-US\"},{\"@type\":\"WebPage\",\"@id\":\"https:\/\/www.urlaubcornwall.de\/blog\/ferienhaus-meer-widemouth-bay-strandurlaub-cornwall\/\",\"url\":\"https:\/\/www.urlaubcornwall.de\/blog\/ferienhaus-meer-widemouth-bay-strandurlaub-cornwall\/\",\"name\":\"Ferienhaus am Meer Widemouth Bay - Strandurlaub Cornwall - Urlaub &amp; Reisen\",\"isPartOf\":{\"@id\":\"https:\/\/www.urlaubcornwall.de\/blog\/#website\"},\"datePublished\":\"2017-12-28T18:22:36+00:00\",\"dateModified\":\"2021-09-02T10:42:32+00:00\",\"breadcrumb\":{\"@id\":\"https:\/\/www.urlaubcornwall.de\/blog\/ferienhaus-meer-widemouth-bay-strandurlaub-cornwall\/#breadcrumb\"},\"inLanguage\":\"en-US\",\"potentialAction\":[{\"@type\":\"ReadAction\",\"target\":[\"https:\/\/www.urlaubcornwall.de\/blog\/ferienhaus-meer-widemouth-bay-strandurlaub-cornwall\/\"]}]},{\"@type\":\"BreadcrumbList\",\"@id\":\"https:\/\/www.urlaubcornwall.de\/blog\/ferienhaus-meer-widemouth-bay-strandurlaub-cornwall\/#breadcrumb\",\"itemListElement\":[{\"@type\":\"ListItem\",\"position\":1,\"name\":\"Home\",\"item\":\"https:\/\/www.urlaubcornwall.de\/blog\/\"},{\"@type\":\"ListItem\",\"position\":2,\"name\":\"Ferienhaus am Meer Widemouth Bay &#8211; Strandurlaub Cornwall\"}]}]}<\/script>\n<!-- \/ Yoast SEO plugin. -->","yoast_head_json":{"title":"Ferienhaus am Meer Widemouth Bay - Strandurlaub Cornwall - Urlaub &amp; Reisen","robots":{"index":"index","follow":"follow","max-snippet":"max-snippet:-1","max-image-preview":"max-image-preview:large","max-video-preview":"max-video-preview:-1"},"canonical":"https:\/\/www.urlaubcornwall.de\/blog\/ferienhaus-meer-widemouth-bay-strandurlaub-cornwall\/","og_locale":"en_US","og_type":"article","og_title":"Ferienhaus am Meer Widemouth Bay - Strandurlaub Cornwall - Urlaub &amp; Reisen","og_description":"Ferienhaus 1.6 kilometern O von Widemouth Bay, Nordk\u00fcste Cornwall. 3 Schlafzimmer, hundefreundlich, Schlafplatz f\u00fcr 6 + Kinderbett, An-\/Abreisetag am Freitag, Preis pro Woche \u00a3522 &#8211; \u00a31451 Der alte Stall ist ein einst\u00f6ckiges, aus dem 19. Jahrhundert umgebauter Scheune mit einem geschlossenen Garten und nahe an den Ufern der Widemouth Bay. Luxuri\u00f6s eingerichtet, und alle sch\u00f6nen [&hellip;]","og_url":"https:\/\/www.urlaubcornwall.de\/blog\/ferienhaus-meer-widemouth-bay-strandurlaub-cornwall\/","og_site_name":"Urlaub &amp; Reisen","article_modified_time":"2021-09-02T10:42:32+00:00","og_image":[{"url":"https:\/\/www.urlaubcornwall.de\/blog\/wp-content\/uploads\/2017\/12\/ferienhaus-am-meer-widemouth-bay.jpg"}],"twitter_card":"summary","twitter_misc":{"Est. reading time":"1 minute"},"schema":{"@context":"https:\/\/schema.org","@graph":[{"@type":"WebSite","@id":"https:\/\/www.urlaubcornwall.de\/blog\/#website","url":"https:\/\/www.urlaubcornwall.de\/blog\/","name":"Urlaub &amp; Reisen","description":"Urlaub, Reisen, Cornwall und S\u00fcdengland: eine perfekte Kombination","potentialAction":[{"@type":"SearchAction","target":{"@type":"EntryPoint","urlTemplate":"https:\/\/www.urlaubcornwall.de\/blog\/?s={search_term_string}"},"query-input":"required name=search_term_string"}],"inLanguage":"en-US"},{"@type":"WebPage","@id":"https:\/\/www.urlaubcornwall.de\/blog\/ferienhaus-meer-widemouth-bay-strandurlaub-cornwall\/","url":"https:\/\/www.urlaubcornwall.de\/blog\/ferienhaus-meer-widemouth-bay-strandurlaub-cornwall\/","name":"Ferienhaus am Meer Widemouth Bay - Strandurlaub Cornwall - Urlaub &amp; Reisen","isPartOf":{"@id":"https:\/\/www.urlaubcornwall.de\/blog\/#website"},"datePublished":"2017-12-28T18:22:36+00:00","dateModified":"2021-09-02T10:42:32+00:00","breadcrumb":{"@id":"https:\/\/www.urlaubcornwall.de\/blog\/ferienhaus-meer-widemouth-bay-strandurlaub-cornwall\/#breadcrumb"},"inLanguage":"en-US","potentialAction":[{"@type":"ReadAction","target":["https:\/\/www.urlaubcornwall.de\/blog\/ferienhaus-meer-widemouth-bay-strandurlaub-cornwall\/"]}]},{"@type":"BreadcrumbList","@id":"https:\/\/www.urlaubcornwall.de\/blog\/ferienhaus-meer-widemouth-bay-strandurlaub-cornwall\/#breadcrumb","itemListElement":[{"@type":"ListItem","position":1,"name":"Home","item":"https:\/\/www.urlaubcornwall.de\/blog\/"},{"@type":"ListItem","position":2,"name":"Ferienhaus am Meer Widemouth Bay &#8211; Strandurlaub Cornwall"}]}]}},"_links":{"self":[{"href":"https:\/\/www.urlaubcornwall.de\/blog\/wp-json\/wp\/v2\/pages\/31562"}],"collection":[{"href":"https:\/\/www.urlaubcornwall.de\/blog\/wp-json\/wp\/v2\/pages"}],"about":[{"href":"https:\/\/www.urlaubcornwall.de\/blog\/wp-json\/wp\/v2\/types\/page"}],"author":[{"embeddable":true,"href":"https:\/\/www.urlaubcornwall.de\/blog\/wp-json\/wp\/v2\/users\/1"}],"replies":[{"embeddable":true,"href":"https:\/\/www.urlaubcornwall.de\/blog\/wp-json\/wp\/v2\/comments?post=31562"}],"version-history":[{"count":3,"href":"https:\/\/www.urlaubcornwall.de\/blog\/wp-json\/wp\/v2\/pages\/31562\/revisions"}],"predecessor-version":[{"id":42476,"href":"https:\/\/www.urlaubcornwall.de\/blog\/wp-json\/wp\/v2\/pages\/31562\/revisions\/42476"}],"wp:attachment":[{"href":"https:\/\/www.urlaubcornwall.de\/blog\/wp-json\/wp\/v2\/media?parent=31562"}],"curies":[{"name":"wp","href":"https:\/\/api.w.org\/{rel}","templated":true}]}}