{"id":31558,"date":"2017-12-28T18:05:13","date_gmt":"2017-12-28T18:05:13","guid":{"rendered":"https:\/\/www.urlaubcornwall.de\/blog\/?page_id=31558"},"modified":"2024-05-31T11:43:23","modified_gmt":"2024-05-31T11:43:23","slug":"ferienhaus-meer-tintagel-nr-3753","status":"publish","type":"page","link":"https:\/\/www.urlaubcornwall.de\/blog\/ferienhaus-meer-tintagel-nr-3753\/","title":{"rendered":"Ferienhaus am Meer Tintagel"},"content":{"rendered":"<p><img loading=\"lazy\" class=\"aligncenter size-full wp-image-50931\" src=\"https:\/\/www.urlaubcornwall.de\/blog\/wp-content\/uploads\/2024\/05\/tintagel_bridge.jpg\" alt=\"tintagel_bridge\" width=\"750\" height=\"643\" srcset=\"https:\/\/www.urlaubcornwall.de\/blog\/wp-content\/uploads\/2024\/05\/tintagel_bridge.jpg 750w, https:\/\/www.urlaubcornwall.de\/blog\/wp-content\/uploads\/2024\/05\/tintagel_bridge-300x257.jpg 300w\" sizes=\"(max-width: 750px) 100vw, 750px\" \/><br \/>\n<strong>Ferienhaus strandnah 6.3 kilometern SW von Boscastle, Nordk\u00fcste Cornwall.<\/strong><\/p>\n<p>3 Schlafzimmer, hundefreundlich, Schlafplatz f\u00fcr 5 + Kinderbett, An-\/Abreisetag am Samstag<\/p>\n<p>Preis pro Woche \u00a3482 &#8211; \u00a31065<\/p>\n<p>Pollywinky Cottage ist ein traditionelles Terrassen H\u00e4uschen, das sich im verschlafenen Weiler von Treknow an der atemberaubenden <a href=\"https:\/\/www.urlaubcornwall.de\/ferienhaeuser-fewos\/nordkueste-cornwall.html\">Nordk\u00fcste Cornwalls<\/a> befindet. Nur wenige Minuten von der Haust\u00fcr und Sie finden sich auf dem K\u00fcstenwanderweg, wo es endlose Meilen von atemberaubender Landschaft warten darauf, entdeckt zu werden, oder nehmen Sie die 10 Minuten zu Fu\u00df bis zum goldenen Sandstrand am Trebarwith Strang beliebt bei beiden Surfer und Familien gleich. Pollywinky hat einen gro\u00dfen Teil seines urspr\u00fcnglichen Charmes und Charakters und verf\u00fcgt \u00fcber einen Holzofen und eine komfortable Einrichtung. Au\u00dferhalb der kleinen geschlossenen Garten ist der perfekte Ort, um sich zur\u00fcckzulehnen, entspannen und nehmen Sie den Blick auf das Dorf und die offene Landschaft jenseits.<\/p>\n<p style=\"text-align: center;\"><a class=\"tidycta\" href=\"https:\/\/www.urlaubcornwall.de\/ferienhaeuser-fewos\/tintagel-am-meer.html\">Ferienh\u00e4user nahe Tintagel<\/a><\/p>\n<p style=\"text-align: center;\">Pers\u00f6nlich inspizierte <a href=\"https:\/\/www.urlaubcornwall.de\/ferienhaeuser\/cornwall.php\">Ferienh\u00e4user und Ferienwohnungen in Cornwall<\/a> f\u00fcr Ihren Urlaub.<\/p>\n","protected":false},"excerpt":{"rendered":"<p>Ferienhaus strandnah 6.3 kilometern SW von Boscastle, Nordk\u00fcste Cornwall. 3 Schlafzimmer, hundefreundlich, Schlafplatz f\u00fcr 5 + Kinderbett, An-\/Abreisetag am Samstag Preis pro Woche \u00a3482 &#8211; \u00a31065 Pollywinky Cottage ist ein traditionelles Terrassen H\u00e4uschen, das sich im verschlafenen Weiler von Treknow an der atemberaubenden Nordk\u00fcste Cornwalls befindet. Nur wenige Minuten von der Haust\u00fcr und Sie finden [&hellip;]<\/p>\n","protected":false},"author":1,"featured_media":0,"parent":0,"menu_order":0,"comment_status":"closed","ping_status":"closed","template":"single-four.php","meta":[],"acf":[],"yoast_head":"<!-- This site is optimized with the Yoast SEO plugin v19.4 - https:\/\/yoast.com\/wordpress\/plugins\/seo\/ -->\n<title>Ferienhaus am Meer Tintagel - Urlaub &amp; Reisen<\/title>\n<meta name=\"robots\" content=\"index, follow, max-snippet:-1, max-image-preview:large, max-video-preview:-1\" \/>\n<link rel=\"canonical\" href=\"https:\/\/www.urlaubcornwall.de\/blog\/ferienhaus-meer-tintagel-nr-3753\/\" \/>\n<meta property=\"og:locale\" content=\"en_US\" \/>\n<meta property=\"og:type\" content=\"article\" \/>\n<meta property=\"og:title\" content=\"Ferienhaus am Meer Tintagel - Urlaub &amp; Reisen\" \/>\n<meta property=\"og:description\" content=\"Ferienhaus strandnah 6.3 kilometern SW von Boscastle, Nordk\u00fcste Cornwall. 3 Schlafzimmer, hundefreundlich, Schlafplatz f\u00fcr 5 + Kinderbett, An-\/Abreisetag am Samstag Preis pro Woche \u00a3482 &#8211; \u00a31065 Pollywinky Cottage ist ein traditionelles Terrassen H\u00e4uschen, das sich im verschlafenen Weiler von Treknow an der atemberaubenden Nordk\u00fcste Cornwalls befindet. Nur wenige Minuten von der Haust\u00fcr und Sie finden [&hellip;]\" \/>\n<meta property=\"og:url\" content=\"https:\/\/www.urlaubcornwall.de\/blog\/ferienhaus-meer-tintagel-nr-3753\/\" \/>\n<meta property=\"og:site_name\" content=\"Urlaub &amp; Reisen\" \/>\n<meta property=\"article:modified_time\" content=\"2024-05-31T11:43:23+00:00\" \/>\n<meta property=\"og:image\" content=\"https:\/\/www.urlaubcornwall.de\/blog\/wp-content\/uploads\/2024\/05\/tintagel_bridge.jpg\" \/>\n<meta name=\"twitter:card\" content=\"summary\" \/>\n<meta name=\"twitter:label1\" content=\"Est. reading time\" \/>\n\t<meta name=\"twitter:data1\" content=\"1 minute\" \/>\n<script type=\"application\/ld+json\" class=\"yoast-schema-graph\">{\"@context\":\"https:\/\/schema.org\",\"@graph\":[{\"@type\":\"WebSite\",\"@id\":\"https:\/\/www.urlaubcornwall.de\/blog\/#website\",\"url\":\"https:\/\/www.urlaubcornwall.de\/blog\/\",\"name\":\"Urlaub &amp; Reisen\",\"description\":\"Urlaub, Reisen, Cornwall und S\u00fcdengland: eine perfekte Kombination\",\"potentialAction\":[{\"@type\":\"SearchAction\",\"target\":{\"@type\":\"EntryPoint\",\"urlTemplate\":\"https:\/\/www.urlaubcornwall.de\/blog\/?s={search_term_string}\"},\"query-input\":\"required name=search_term_string\"}],\"inLanguage\":\"en-US\"},{\"@type\":\"WebPage\",\"@id\":\"https:\/\/www.urlaubcornwall.de\/blog\/ferienhaus-meer-tintagel-nr-3753\/\",\"url\":\"https:\/\/www.urlaubcornwall.de\/blog\/ferienhaus-meer-tintagel-nr-3753\/\",\"name\":\"Ferienhaus am Meer Tintagel - Urlaub &amp; Reisen\",\"isPartOf\":{\"@id\":\"https:\/\/www.urlaubcornwall.de\/blog\/#website\"},\"datePublished\":\"2017-12-28T18:05:13+00:00\",\"dateModified\":\"2024-05-31T11:43:23+00:00\",\"breadcrumb\":{\"@id\":\"https:\/\/www.urlaubcornwall.de\/blog\/ferienhaus-meer-tintagel-nr-3753\/#breadcrumb\"},\"inLanguage\":\"en-US\",\"potentialAction\":[{\"@type\":\"ReadAction\",\"target\":[\"https:\/\/www.urlaubcornwall.de\/blog\/ferienhaus-meer-tintagel-nr-3753\/\"]}]},{\"@type\":\"BreadcrumbList\",\"@id\":\"https:\/\/www.urlaubcornwall.de\/blog\/ferienhaus-meer-tintagel-nr-3753\/#breadcrumb\",\"itemListElement\":[{\"@type\":\"ListItem\",\"position\":1,\"name\":\"Home\",\"item\":\"https:\/\/www.urlaubcornwall.de\/blog\/\"},{\"@type\":\"ListItem\",\"position\":2,\"name\":\"Ferienhaus am Meer Tintagel\"}]}]}<\/script>\n<!-- \/ Yoast SEO plugin. -->","yoast_head_json":{"title":"Ferienhaus am Meer Tintagel - Urlaub &amp; Reisen","robots":{"index":"index","follow":"follow","max-snippet":"max-snippet:-1","max-image-preview":"max-image-preview:large","max-video-preview":"max-video-preview:-1"},"canonical":"https:\/\/www.urlaubcornwall.de\/blog\/ferienhaus-meer-tintagel-nr-3753\/","og_locale":"en_US","og_type":"article","og_title":"Ferienhaus am Meer Tintagel - Urlaub &amp; Reisen","og_description":"Ferienhaus strandnah 6.3 kilometern SW von Boscastle, Nordk\u00fcste Cornwall. 3 Schlafzimmer, hundefreundlich, Schlafplatz f\u00fcr 5 + Kinderbett, An-\/Abreisetag am Samstag Preis pro Woche \u00a3482 &#8211; \u00a31065 Pollywinky Cottage ist ein traditionelles Terrassen H\u00e4uschen, das sich im verschlafenen Weiler von Treknow an der atemberaubenden Nordk\u00fcste Cornwalls befindet. Nur wenige Minuten von der Haust\u00fcr und Sie finden [&hellip;]","og_url":"https:\/\/www.urlaubcornwall.de\/blog\/ferienhaus-meer-tintagel-nr-3753\/","og_site_name":"Urlaub &amp; Reisen","article_modified_time":"2024-05-31T11:43:23+00:00","og_image":[{"url":"https:\/\/www.urlaubcornwall.de\/blog\/wp-content\/uploads\/2024\/05\/tintagel_bridge.jpg"}],"twitter_card":"summary","twitter_misc":{"Est. reading time":"1 minute"},"schema":{"@context":"https:\/\/schema.org","@graph":[{"@type":"WebSite","@id":"https:\/\/www.urlaubcornwall.de\/blog\/#website","url":"https:\/\/www.urlaubcornwall.de\/blog\/","name":"Urlaub &amp; Reisen","description":"Urlaub, Reisen, Cornwall und S\u00fcdengland: eine perfekte Kombination","potentialAction":[{"@type":"SearchAction","target":{"@type":"EntryPoint","urlTemplate":"https:\/\/www.urlaubcornwall.de\/blog\/?s={search_term_string}"},"query-input":"required name=search_term_string"}],"inLanguage":"en-US"},{"@type":"WebPage","@id":"https:\/\/www.urlaubcornwall.de\/blog\/ferienhaus-meer-tintagel-nr-3753\/","url":"https:\/\/www.urlaubcornwall.de\/blog\/ferienhaus-meer-tintagel-nr-3753\/","name":"Ferienhaus am Meer Tintagel - Urlaub &amp; Reisen","isPartOf":{"@id":"https:\/\/www.urlaubcornwall.de\/blog\/#website"},"datePublished":"2017-12-28T18:05:13+00:00","dateModified":"2024-05-31T11:43:23+00:00","breadcrumb":{"@id":"https:\/\/www.urlaubcornwall.de\/blog\/ferienhaus-meer-tintagel-nr-3753\/#breadcrumb"},"inLanguage":"en-US","potentialAction":[{"@type":"ReadAction","target":["https:\/\/www.urlaubcornwall.de\/blog\/ferienhaus-meer-tintagel-nr-3753\/"]}]},{"@type":"BreadcrumbList","@id":"https:\/\/www.urlaubcornwall.de\/blog\/ferienhaus-meer-tintagel-nr-3753\/#breadcrumb","itemListElement":[{"@type":"ListItem","position":1,"name":"Home","item":"https:\/\/www.urlaubcornwall.de\/blog\/"},{"@type":"ListItem","position":2,"name":"Ferienhaus am Meer Tintagel"}]}]}},"_links":{"self":[{"href":"https:\/\/www.urlaubcornwall.de\/blog\/wp-json\/wp\/v2\/pages\/31558"}],"collection":[{"href":"https:\/\/www.urlaubcornwall.de\/blog\/wp-json\/wp\/v2\/pages"}],"about":[{"href":"https:\/\/www.urlaubcornwall.de\/blog\/wp-json\/wp\/v2\/types\/page"}],"author":[{"embeddable":true,"href":"https:\/\/www.urlaubcornwall.de\/blog\/wp-json\/wp\/v2\/users\/1"}],"replies":[{"embeddable":true,"href":"https:\/\/www.urlaubcornwall.de\/blog\/wp-json\/wp\/v2\/comments?post=31558"}],"version-history":[{"count":5,"href":"https:\/\/www.urlaubcornwall.de\/blog\/wp-json\/wp\/v2\/pages\/31558\/revisions"}],"predecessor-version":[{"id":51320,"href":"https:\/\/www.urlaubcornwall.de\/blog\/wp-json\/wp\/v2\/pages\/31558\/revisions\/51320"}],"wp:attachment":[{"href":"https:\/\/www.urlaubcornwall.de\/blog\/wp-json\/wp\/v2\/media?parent=31558"}],"curies":[{"name":"wp","href":"https:\/\/api.w.org\/{rel}","templated":true}]}}