{"id":31555,"date":"2017-12-28T17:58:14","date_gmt":"2017-12-28T17:58:14","guid":{"rendered":"https:\/\/www.urlaubcornwall.de\/blog\/?page_id=31555"},"modified":"2021-09-02T09:31:21","modified_gmt":"2021-09-02T09:31:21","slug":"ferienhaus-meer-st-mawes-nr-3170","status":"publish","type":"page","link":"https:\/\/www.urlaubcornwall.de\/blog\/ferienhaus-meer-st-mawes-nr-3170\/","title":{"rendered":"Ferienhaus am Meer St Mawes"},"content":{"rendered":"<p><img loading=\"lazy\" class=\"aligncenter size-full wp-image-31556\" src=\"https:\/\/www.urlaubcornwall.de\/blog\/wp-content\/uploads\/2017\/12\/ferienhaus-am-meer-st-mawes.jpg\" alt=\"ferienhaus am meer st mawes\" width=\"746\" height=\"427\"\/><\/p>\n<p><strong>Ferienhaus strandnah St Mawes, S\u00fcdk\u00fcste Cornwall.<\/strong><\/p>\n<p>2 Schlafzimmer, leider keine Haustiere erlaubt, Schlafplatz f\u00fcr 4 + Kinderbett, An-\/Abreisetag am Samstag, Preis pro Woche \u00a3363 &#8211; \u00a3960<\/p>\n<p>Schritte f\u00fchren hinauf zu diesem wundersch\u00f6nen umgebauten Segel-Loft in der N\u00e4he des Zentrums von St. Mawes, ber\u00fchmt f\u00fcr seine malerischen Hafen und reizvolle Passagierf\u00e4hre nach Falmouth. Versteckt und nur einen Steinwurf vom Tavern Beach entfernt, hat das Studio eine gesch\u00fctzte und private Terrasse, die von franz\u00f6sischen Fenstern aus dem Speisesaal zug\u00e4nglich ist. Es gibt auch eine kleine K\u00fcche, Bad und Zweibettzimmer im Erdgeschoss. Treppen f\u00fchren aus dem Esszimmer zu einem offenen Plan &#8216; L &#8216; geformt Schlafzimmer und Sitzecke mit Doppelbett, bequeme Sofas und f Meerblick. St Mawes ist sehr sch\u00f6n und hat eine Reihe von Pubs, Restaurants und Galerien, sowie Sandstr\u00e4nde mit Fels-Pools punktiert, so dass dies ein ideales Reiseziel f\u00fcr die ganze Familie.<\/p>\n<p style=\"text-align: center;\"><a class=\"tidycta\" href=\"https:\/\/www.urlaubcornwall.de\/ferienhaeuser-fewos\/st-mawes-am-meer.html\">Suche Ferienh\u00e4user St Mawes<\/a><\/p>\n<p><strong>Um UrlaubCornwall.de einzigartige Kollektion nach Ihrem idealen Ferienhaus zu durchsuchen.<\/strong> <a href=\"https:\/\/www.urlaubcornwall.de\/ferienhaeuser\/cornwall.php\"><span style=\"text-decoration: underline;\"><strong>Klicken Sie hier<\/strong><\/span><strong> &gt;&gt;<\/strong><\/a><\/p>\n","protected":false},"excerpt":{"rendered":"<p>Ferienhaus strandnah St Mawes, S\u00fcdk\u00fcste Cornwall. 2 Schlafzimmer, leider keine Haustiere erlaubt, Schlafplatz f\u00fcr 4 + Kinderbett, An-\/Abreisetag am Samstag, Preis pro Woche \u00a3363 &#8211; \u00a3960 Schritte f\u00fchren hinauf zu diesem wundersch\u00f6nen umgebauten Segel-Loft in der N\u00e4he des Zentrums von St. Mawes, ber\u00fchmt f\u00fcr seine malerischen Hafen und reizvolle Passagierf\u00e4hre nach Falmouth. Versteckt und nur [&hellip;]<\/p>\n","protected":false},"author":1,"featured_media":0,"parent":0,"menu_order":0,"comment_status":"closed","ping_status":"closed","template":"single-four.php","meta":[],"acf":[],"yoast_head":"<!-- This site is optimized with the Yoast SEO plugin v19.4 - https:\/\/yoast.com\/wordpress\/plugins\/seo\/ -->\n<title>Ferienhaus am Meer St Mawes - Urlaub &amp; Reisen<\/title>\n<meta name=\"robots\" content=\"index, follow, max-snippet:-1, max-image-preview:large, max-video-preview:-1\" \/>\n<link rel=\"canonical\" href=\"https:\/\/www.urlaubcornwall.de\/blog\/ferienhaus-meer-st-mawes-nr-3170\/\" \/>\n<meta property=\"og:locale\" content=\"en_US\" \/>\n<meta property=\"og:type\" content=\"article\" \/>\n<meta property=\"og:title\" content=\"Ferienhaus am Meer St Mawes - Urlaub &amp; Reisen\" \/>\n<meta property=\"og:description\" content=\"Ferienhaus strandnah St Mawes, S\u00fcdk\u00fcste Cornwall. 2 Schlafzimmer, leider keine Haustiere erlaubt, Schlafplatz f\u00fcr 4 + Kinderbett, An-\/Abreisetag am Samstag, Preis pro Woche \u00a3363 &#8211; \u00a3960 Schritte f\u00fchren hinauf zu diesem wundersch\u00f6nen umgebauten Segel-Loft in der N\u00e4he des Zentrums von St. Mawes, ber\u00fchmt f\u00fcr seine malerischen Hafen und reizvolle Passagierf\u00e4hre nach Falmouth. Versteckt und nur [&hellip;]\" \/>\n<meta property=\"og:url\" content=\"https:\/\/www.urlaubcornwall.de\/blog\/ferienhaus-meer-st-mawes-nr-3170\/\" \/>\n<meta property=\"og:site_name\" content=\"Urlaub &amp; Reisen\" \/>\n<meta property=\"article:modified_time\" content=\"2021-09-02T09:31:21+00:00\" \/>\n<meta property=\"og:image\" content=\"https:\/\/www.urlaubcornwall.de\/blog\/wp-content\/uploads\/2017\/12\/ferienhaus-am-meer-st-mawes.jpg\" \/>\n<meta name=\"twitter:card\" content=\"summary\" \/>\n<meta name=\"twitter:label1\" content=\"Est. reading time\" \/>\n\t<meta name=\"twitter:data1\" content=\"1 minute\" \/>\n<script type=\"application\/ld+json\" class=\"yoast-schema-graph\">{\"@context\":\"https:\/\/schema.org\",\"@graph\":[{\"@type\":\"WebSite\",\"@id\":\"https:\/\/www.urlaubcornwall.de\/blog\/#website\",\"url\":\"https:\/\/www.urlaubcornwall.de\/blog\/\",\"name\":\"Urlaub &amp; Reisen\",\"description\":\"Urlaub, Reisen, Cornwall und S\u00fcdengland: eine perfekte Kombination\",\"potentialAction\":[{\"@type\":\"SearchAction\",\"target\":{\"@type\":\"EntryPoint\",\"urlTemplate\":\"https:\/\/www.urlaubcornwall.de\/blog\/?s={search_term_string}\"},\"query-input\":\"required name=search_term_string\"}],\"inLanguage\":\"en-US\"},{\"@type\":\"WebPage\",\"@id\":\"https:\/\/www.urlaubcornwall.de\/blog\/ferienhaus-meer-st-mawes-nr-3170\/\",\"url\":\"https:\/\/www.urlaubcornwall.de\/blog\/ferienhaus-meer-st-mawes-nr-3170\/\",\"name\":\"Ferienhaus am Meer St Mawes - Urlaub &amp; Reisen\",\"isPartOf\":{\"@id\":\"https:\/\/www.urlaubcornwall.de\/blog\/#website\"},\"datePublished\":\"2017-12-28T17:58:14+00:00\",\"dateModified\":\"2021-09-02T09:31:21+00:00\",\"breadcrumb\":{\"@id\":\"https:\/\/www.urlaubcornwall.de\/blog\/ferienhaus-meer-st-mawes-nr-3170\/#breadcrumb\"},\"inLanguage\":\"en-US\",\"potentialAction\":[{\"@type\":\"ReadAction\",\"target\":[\"https:\/\/www.urlaubcornwall.de\/blog\/ferienhaus-meer-st-mawes-nr-3170\/\"]}]},{\"@type\":\"BreadcrumbList\",\"@id\":\"https:\/\/www.urlaubcornwall.de\/blog\/ferienhaus-meer-st-mawes-nr-3170\/#breadcrumb\",\"itemListElement\":[{\"@type\":\"ListItem\",\"position\":1,\"name\":\"Home\",\"item\":\"https:\/\/www.urlaubcornwall.de\/blog\/\"},{\"@type\":\"ListItem\",\"position\":2,\"name\":\"Ferienhaus am Meer St Mawes\"}]}]}<\/script>\n<!-- \/ Yoast SEO plugin. -->","yoast_head_json":{"title":"Ferienhaus am Meer St Mawes - Urlaub &amp; Reisen","robots":{"index":"index","follow":"follow","max-snippet":"max-snippet:-1","max-image-preview":"max-image-preview:large","max-video-preview":"max-video-preview:-1"},"canonical":"https:\/\/www.urlaubcornwall.de\/blog\/ferienhaus-meer-st-mawes-nr-3170\/","og_locale":"en_US","og_type":"article","og_title":"Ferienhaus am Meer St Mawes - Urlaub &amp; Reisen","og_description":"Ferienhaus strandnah St Mawes, S\u00fcdk\u00fcste Cornwall. 2 Schlafzimmer, leider keine Haustiere erlaubt, Schlafplatz f\u00fcr 4 + Kinderbett, An-\/Abreisetag am Samstag, Preis pro Woche \u00a3363 &#8211; \u00a3960 Schritte f\u00fchren hinauf zu diesem wundersch\u00f6nen umgebauten Segel-Loft in der N\u00e4he des Zentrums von St. Mawes, ber\u00fchmt f\u00fcr seine malerischen Hafen und reizvolle Passagierf\u00e4hre nach Falmouth. Versteckt und nur [&hellip;]","og_url":"https:\/\/www.urlaubcornwall.de\/blog\/ferienhaus-meer-st-mawes-nr-3170\/","og_site_name":"Urlaub &amp; Reisen","article_modified_time":"2021-09-02T09:31:21+00:00","og_image":[{"url":"https:\/\/www.urlaubcornwall.de\/blog\/wp-content\/uploads\/2017\/12\/ferienhaus-am-meer-st-mawes.jpg"}],"twitter_card":"summary","twitter_misc":{"Est. reading time":"1 minute"},"schema":{"@context":"https:\/\/schema.org","@graph":[{"@type":"WebSite","@id":"https:\/\/www.urlaubcornwall.de\/blog\/#website","url":"https:\/\/www.urlaubcornwall.de\/blog\/","name":"Urlaub &amp; Reisen","description":"Urlaub, Reisen, Cornwall und S\u00fcdengland: eine perfekte Kombination","potentialAction":[{"@type":"SearchAction","target":{"@type":"EntryPoint","urlTemplate":"https:\/\/www.urlaubcornwall.de\/blog\/?s={search_term_string}"},"query-input":"required name=search_term_string"}],"inLanguage":"en-US"},{"@type":"WebPage","@id":"https:\/\/www.urlaubcornwall.de\/blog\/ferienhaus-meer-st-mawes-nr-3170\/","url":"https:\/\/www.urlaubcornwall.de\/blog\/ferienhaus-meer-st-mawes-nr-3170\/","name":"Ferienhaus am Meer St Mawes - Urlaub &amp; Reisen","isPartOf":{"@id":"https:\/\/www.urlaubcornwall.de\/blog\/#website"},"datePublished":"2017-12-28T17:58:14+00:00","dateModified":"2021-09-02T09:31:21+00:00","breadcrumb":{"@id":"https:\/\/www.urlaubcornwall.de\/blog\/ferienhaus-meer-st-mawes-nr-3170\/#breadcrumb"},"inLanguage":"en-US","potentialAction":[{"@type":"ReadAction","target":["https:\/\/www.urlaubcornwall.de\/blog\/ferienhaus-meer-st-mawes-nr-3170\/"]}]},{"@type":"BreadcrumbList","@id":"https:\/\/www.urlaubcornwall.de\/blog\/ferienhaus-meer-st-mawes-nr-3170\/#breadcrumb","itemListElement":[{"@type":"ListItem","position":1,"name":"Home","item":"https:\/\/www.urlaubcornwall.de\/blog\/"},{"@type":"ListItem","position":2,"name":"Ferienhaus am Meer St Mawes"}]}]}},"_links":{"self":[{"href":"https:\/\/www.urlaubcornwall.de\/blog\/wp-json\/wp\/v2\/pages\/31555"}],"collection":[{"href":"https:\/\/www.urlaubcornwall.de\/blog\/wp-json\/wp\/v2\/pages"}],"about":[{"href":"https:\/\/www.urlaubcornwall.de\/blog\/wp-json\/wp\/v2\/types\/page"}],"author":[{"embeddable":true,"href":"https:\/\/www.urlaubcornwall.de\/blog\/wp-json\/wp\/v2\/users\/1"}],"replies":[{"embeddable":true,"href":"https:\/\/www.urlaubcornwall.de\/blog\/wp-json\/wp\/v2\/comments?post=31555"}],"version-history":[{"count":3,"href":"https:\/\/www.urlaubcornwall.de\/blog\/wp-json\/wp\/v2\/pages\/31555\/revisions"}],"predecessor-version":[{"id":42430,"href":"https:\/\/www.urlaubcornwall.de\/blog\/wp-json\/wp\/v2\/pages\/31555\/revisions\/42430"}],"wp:attachment":[{"href":"https:\/\/www.urlaubcornwall.de\/blog\/wp-json\/wp\/v2\/media?parent=31555"}],"curies":[{"name":"wp","href":"https:\/\/api.w.org\/{rel}","templated":true}]}}