{"id":31549,"date":"2017-12-28T17:47:34","date_gmt":"2017-12-28T17:47:34","guid":{"rendered":"https:\/\/www.urlaubcornwall.de\/blog\/?page_id=31549"},"modified":"2021-09-17T10:57:57","modified_gmt":"2021-09-17T10:57:57","slug":"ferienhaus-meer-st-just-nr-2678","status":"publish","type":"page","link":"https:\/\/www.urlaubcornwall.de\/blog\/ferienhaus-meer-st-just-nr-2678\/","title":{"rendered":"Ferienhaus am Meer St Just &#8211; West Cornwall"},"content":{"rendered":"<p><img loading=\"lazy\" class=\"aligncenter size-full wp-image-31552\" src=\"https:\/\/www.urlaubcornwall.de\/blog\/wp-content\/uploads\/2017\/12\/ferienhaus-am-meer-st-just.jpg\" alt=\"ferienhaus am meer st just\" width=\"746\" height=\"494\"\/><br \/>\n<strong>Ferienhaus in St Just, West-Cornwall.<\/strong><\/p>\n<p>4 Schlafzimmer, leider keine Haustiere erlaubt, Schlafplatz f\u00fcr 7 + Kinderbett, An-\/Abreisetag am Freitag<\/p>\n<p>Einzigartig und voller Charakter Katies Cottage befindet sich in der N\u00e4he des Zentrums der Marktstadt St Just. In der Fu\u00dfg\u00e4ngerzone liegt das Cottage mit zwei Holz Brennern, einem kleinen Garten Zimmer und einem h\u00fcbschen, geschlossenen Garten. Es gibt ein ger\u00e4umiges Wohnzimmer, ein Esszimmer mit einem Bauerntisch und bequemen Sesseln, und eine K\u00fcche mit einem Herd und die urspr\u00fcngliche Stein und Schiefer Waschbecken. Treppen f\u00fchren in den Raum mit einem Fernseher, T\u00fcren \u00f6ffnen sich auf den Garten und den Zugang zu einer Dusche-Zimmer. Von der K\u00fcche, Treppen f\u00fchren zu einem sch\u00f6nen Doppelzimmer und en Suite Badezimmer-auch von der Haupttreppe und Flur zugegriffen. Auf der Stra\u00dfe Parken ist in der Regel leicht verf\u00fcgbar nur 20 Meter entfernt.<\/p>\n<p style=\"text-align: center;\"><a class=\"tidycta\" href=\"https:\/\/www.urlaubcornwall.de\/ferienhaeuser-fewos\/st-just-am-meer.html\">Ferienh\u00e4user St Just<\/a><\/p>\n<p style=\"text-align: center;\">Pers\u00f6nlich inspizierte <a href=\"https:\/\/www.urlaubcornwall.de\/ferienhaeuser\/cornwall.php\">Ferienh\u00e4user und Ferienwohnungen in Cornwall<\/a> f\u00fcr Ihren Urlaub.<\/p>\n","protected":false},"excerpt":{"rendered":"<p>Ferienhaus in St Just, West-Cornwall. 4 Schlafzimmer, leider keine Haustiere erlaubt, Schlafplatz f\u00fcr 7 + Kinderbett, An-\/Abreisetag am Freitag Einzigartig und voller Charakter Katies Cottage befindet sich in der N\u00e4he des Zentrums der Marktstadt St Just. In der Fu\u00dfg\u00e4ngerzone liegt das Cottage mit zwei Holz Brennern, einem kleinen Garten Zimmer und einem h\u00fcbschen, geschlossenen Garten. [&hellip;]<\/p>\n","protected":false},"author":1,"featured_media":0,"parent":0,"menu_order":0,"comment_status":"closed","ping_status":"closed","template":"single-four.php","meta":[],"acf":[],"yoast_head":"<!-- This site is optimized with the Yoast SEO plugin v19.4 - https:\/\/yoast.com\/wordpress\/plugins\/seo\/ -->\n<title>Ferienhaus am Meer St Just - West Cornwall - Urlaub &amp; Reisen<\/title>\n<meta name=\"robots\" content=\"index, follow, max-snippet:-1, max-image-preview:large, max-video-preview:-1\" \/>\n<link rel=\"canonical\" href=\"https:\/\/www.urlaubcornwall.de\/blog\/ferienhaus-meer-st-just-nr-2678\/\" \/>\n<meta property=\"og:locale\" content=\"en_US\" \/>\n<meta property=\"og:type\" content=\"article\" \/>\n<meta property=\"og:title\" content=\"Ferienhaus am Meer St Just - West Cornwall - Urlaub &amp; Reisen\" \/>\n<meta property=\"og:description\" content=\"Ferienhaus in St Just, West-Cornwall. 4 Schlafzimmer, leider keine Haustiere erlaubt, Schlafplatz f\u00fcr 7 + Kinderbett, An-\/Abreisetag am Freitag Einzigartig und voller Charakter Katies Cottage befindet sich in der N\u00e4he des Zentrums der Marktstadt St Just. In der Fu\u00dfg\u00e4ngerzone liegt das Cottage mit zwei Holz Brennern, einem kleinen Garten Zimmer und einem h\u00fcbschen, geschlossenen Garten. [&hellip;]\" \/>\n<meta property=\"og:url\" content=\"https:\/\/www.urlaubcornwall.de\/blog\/ferienhaus-meer-st-just-nr-2678\/\" \/>\n<meta property=\"og:site_name\" content=\"Urlaub &amp; Reisen\" \/>\n<meta property=\"article:modified_time\" content=\"2021-09-17T10:57:57+00:00\" \/>\n<meta property=\"og:image\" content=\"https:\/\/www.urlaubcornwall.de\/blog\/wp-content\/uploads\/2017\/12\/ferienhaus-am-meer-st-just.jpg\" \/>\n<meta name=\"twitter:card\" content=\"summary\" \/>\n<meta name=\"twitter:label1\" content=\"Est. reading time\" \/>\n\t<meta name=\"twitter:data1\" content=\"1 minute\" \/>\n<script type=\"application\/ld+json\" class=\"yoast-schema-graph\">{\"@context\":\"https:\/\/schema.org\",\"@graph\":[{\"@type\":\"WebSite\",\"@id\":\"https:\/\/www.urlaubcornwall.de\/blog\/#website\",\"url\":\"https:\/\/www.urlaubcornwall.de\/blog\/\",\"name\":\"Urlaub &amp; Reisen\",\"description\":\"Urlaub, Reisen, Cornwall und S\u00fcdengland: eine perfekte Kombination\",\"potentialAction\":[{\"@type\":\"SearchAction\",\"target\":{\"@type\":\"EntryPoint\",\"urlTemplate\":\"https:\/\/www.urlaubcornwall.de\/blog\/?s={search_term_string}\"},\"query-input\":\"required name=search_term_string\"}],\"inLanguage\":\"en-US\"},{\"@type\":\"WebPage\",\"@id\":\"https:\/\/www.urlaubcornwall.de\/blog\/ferienhaus-meer-st-just-nr-2678\/\",\"url\":\"https:\/\/www.urlaubcornwall.de\/blog\/ferienhaus-meer-st-just-nr-2678\/\",\"name\":\"Ferienhaus am Meer St Just - West Cornwall - Urlaub &amp; Reisen\",\"isPartOf\":{\"@id\":\"https:\/\/www.urlaubcornwall.de\/blog\/#website\"},\"datePublished\":\"2017-12-28T17:47:34+00:00\",\"dateModified\":\"2021-09-17T10:57:57+00:00\",\"breadcrumb\":{\"@id\":\"https:\/\/www.urlaubcornwall.de\/blog\/ferienhaus-meer-st-just-nr-2678\/#breadcrumb\"},\"inLanguage\":\"en-US\",\"potentialAction\":[{\"@type\":\"ReadAction\",\"target\":[\"https:\/\/www.urlaubcornwall.de\/blog\/ferienhaus-meer-st-just-nr-2678\/\"]}]},{\"@type\":\"BreadcrumbList\",\"@id\":\"https:\/\/www.urlaubcornwall.de\/blog\/ferienhaus-meer-st-just-nr-2678\/#breadcrumb\",\"itemListElement\":[{\"@type\":\"ListItem\",\"position\":1,\"name\":\"Home\",\"item\":\"https:\/\/www.urlaubcornwall.de\/blog\/\"},{\"@type\":\"ListItem\",\"position\":2,\"name\":\"Ferienhaus am Meer St Just &#8211; West Cornwall\"}]}]}<\/script>\n<!-- \/ Yoast SEO plugin. -->","yoast_head_json":{"title":"Ferienhaus am Meer St Just - West Cornwall - Urlaub &amp; Reisen","robots":{"index":"index","follow":"follow","max-snippet":"max-snippet:-1","max-image-preview":"max-image-preview:large","max-video-preview":"max-video-preview:-1"},"canonical":"https:\/\/www.urlaubcornwall.de\/blog\/ferienhaus-meer-st-just-nr-2678\/","og_locale":"en_US","og_type":"article","og_title":"Ferienhaus am Meer St Just - West Cornwall - Urlaub &amp; Reisen","og_description":"Ferienhaus in St Just, West-Cornwall. 4 Schlafzimmer, leider keine Haustiere erlaubt, Schlafplatz f\u00fcr 7 + Kinderbett, An-\/Abreisetag am Freitag Einzigartig und voller Charakter Katies Cottage befindet sich in der N\u00e4he des Zentrums der Marktstadt St Just. In der Fu\u00dfg\u00e4ngerzone liegt das Cottage mit zwei Holz Brennern, einem kleinen Garten Zimmer und einem h\u00fcbschen, geschlossenen Garten. [&hellip;]","og_url":"https:\/\/www.urlaubcornwall.de\/blog\/ferienhaus-meer-st-just-nr-2678\/","og_site_name":"Urlaub &amp; Reisen","article_modified_time":"2021-09-17T10:57:57+00:00","og_image":[{"url":"https:\/\/www.urlaubcornwall.de\/blog\/wp-content\/uploads\/2017\/12\/ferienhaus-am-meer-st-just.jpg"}],"twitter_card":"summary","twitter_misc":{"Est. reading time":"1 minute"},"schema":{"@context":"https:\/\/schema.org","@graph":[{"@type":"WebSite","@id":"https:\/\/www.urlaubcornwall.de\/blog\/#website","url":"https:\/\/www.urlaubcornwall.de\/blog\/","name":"Urlaub &amp; Reisen","description":"Urlaub, Reisen, Cornwall und S\u00fcdengland: eine perfekte Kombination","potentialAction":[{"@type":"SearchAction","target":{"@type":"EntryPoint","urlTemplate":"https:\/\/www.urlaubcornwall.de\/blog\/?s={search_term_string}"},"query-input":"required name=search_term_string"}],"inLanguage":"en-US"},{"@type":"WebPage","@id":"https:\/\/www.urlaubcornwall.de\/blog\/ferienhaus-meer-st-just-nr-2678\/","url":"https:\/\/www.urlaubcornwall.de\/blog\/ferienhaus-meer-st-just-nr-2678\/","name":"Ferienhaus am Meer St Just - West Cornwall - Urlaub &amp; Reisen","isPartOf":{"@id":"https:\/\/www.urlaubcornwall.de\/blog\/#website"},"datePublished":"2017-12-28T17:47:34+00:00","dateModified":"2021-09-17T10:57:57+00:00","breadcrumb":{"@id":"https:\/\/www.urlaubcornwall.de\/blog\/ferienhaus-meer-st-just-nr-2678\/#breadcrumb"},"inLanguage":"en-US","potentialAction":[{"@type":"ReadAction","target":["https:\/\/www.urlaubcornwall.de\/blog\/ferienhaus-meer-st-just-nr-2678\/"]}]},{"@type":"BreadcrumbList","@id":"https:\/\/www.urlaubcornwall.de\/blog\/ferienhaus-meer-st-just-nr-2678\/#breadcrumb","itemListElement":[{"@type":"ListItem","position":1,"name":"Home","item":"https:\/\/www.urlaubcornwall.de\/blog\/"},{"@type":"ListItem","position":2,"name":"Ferienhaus am Meer St Just &#8211; West Cornwall"}]}]}},"_links":{"self":[{"href":"https:\/\/www.urlaubcornwall.de\/blog\/wp-json\/wp\/v2\/pages\/31549"}],"collection":[{"href":"https:\/\/www.urlaubcornwall.de\/blog\/wp-json\/wp\/v2\/pages"}],"about":[{"href":"https:\/\/www.urlaubcornwall.de\/blog\/wp-json\/wp\/v2\/types\/page"}],"author":[{"embeddable":true,"href":"https:\/\/www.urlaubcornwall.de\/blog\/wp-json\/wp\/v2\/users\/1"}],"replies":[{"embeddable":true,"href":"https:\/\/www.urlaubcornwall.de\/blog\/wp-json\/wp\/v2\/comments?post=31549"}],"version-history":[{"count":6,"href":"https:\/\/www.urlaubcornwall.de\/blog\/wp-json\/wp\/v2\/pages\/31549\/revisions"}],"predecessor-version":[{"id":42853,"href":"https:\/\/www.urlaubcornwall.de\/blog\/wp-json\/wp\/v2\/pages\/31549\/revisions\/42853"}],"wp:attachment":[{"href":"https:\/\/www.urlaubcornwall.de\/blog\/wp-json\/wp\/v2\/media?parent=31549"}],"curies":[{"name":"wp","href":"https:\/\/api.w.org\/{rel}","templated":true}]}}