{"id":31546,"date":"2017-12-28T17:40:24","date_gmt":"2017-12-28T17:40:24","guid":{"rendered":"https:\/\/www.urlaubcornwall.de\/blog\/?page_id=31546"},"modified":"2021-09-02T09:30:31","modified_gmt":"2021-09-02T09:30:31","slug":"ferienhaus-meer-st-austell-nr-4003","status":"publish","type":"page","link":"https:\/\/www.urlaubcornwall.de\/blog\/ferienhaus-meer-st-austell-nr-4003\/","title":{"rendered":"Ferienhaus am Meer St Austell &#8211; Nr 4003"},"content":{"rendered":"<p><img loading=\"lazy\" class=\"aligncenter size-full wp-image-31547\" src=\"https:\/\/www.urlaubcornwall.de\/blog\/wp-content\/uploads\/2017\/12\/ferienhaus-am-meer-st-austell.jpg\" alt=\"ferienhaus am meer st austell\" width=\"746\" height=\"494\"\/><br \/>\n<strong>Ferienhaus strandnah Mevagissey, S\u00fcdk\u00fcste Cornwall.<\/strong><\/p>\n<p>1 Schlafzimmer, leider keine Haustiere erlaubt, Schlafplatz f\u00fcr 2, An-\/Abreisetag am Freitag, Preis pro Woche \u00a3292 &#8211; \u00a3672<\/p>\n<p>Mevagissey ist ein gesch\u00e4ftiger kleiner Hafen und beherbergt eine kleine Fischerflotte. H\u00fcbsche, bunte Terrassen H\u00fctten h\u00e4ngen an den steilen, engen Gassen und alten Pubs, schrulligen Gesch\u00e4ften und kleinen Caf\u00e9s und Restaurants sind rund um das Wasser durcheinander. Oberhalb der Hektik des Dorfes liegt Little Trevarne, ein in sich geschlossenes Doppel-Ferienhaus mit Blick auf einen ruhigen Garten auf die Landschaft angrenzende Heligan G\u00e4rten. Auf einer schmalen Gasse gen\u00e4hert, bietet Little Trevarne komfortable und gem\u00fctliche Unterkunft f\u00fcr Paare. Die H\u00fctte ist nach unten eine Flucht von au\u00dfen Schritte aus dem Parkplatz erreicht und wie es ist, die Eigent\u00fcmer Ferienhaus befestigt, k\u00f6nnen Sie in Sie sto\u00dfen w\u00e4hrend Ihres Aufenthaltes, wenn Sie besuchen. Das offene Wohnzimmer verf\u00fcgt \u00fcber einen voll ausgestatteten K\u00fcchenbereich mit einer Fr\u00fchst\u00fcckstheke sowie ein Sofa und einen Sessel mit offenem Kamin. Drau\u00dfen, ein gesch\u00fctztes erh\u00f6htes Deck f\u00e4ngt die Sonne, ein sch\u00f6ner Ort f\u00fcr Kaffee oder Abend Getr\u00e4nke. Stufen f\u00fchren hinunter zum Garten und Privatparkplatz.<\/p>\n<p style=\"text-align: center;\"><a class=\"tidycta\" href=\"https:\/\/www.urlaubcornwall.de\/ferienhaeuser-fewos\/st-austell-am-meer.html\">Suche Ferienh\u00e4user St Austell<\/a><\/p>\n<p><strong>Um UrlaubCornwall.de einzigartige Kollektion nach Ihrem idealen Ferienhaus zu durchsuchen.<\/strong> <a href=\"https:\/\/www.urlaubcornwall.de\/ferienhaeuser\/cornwall.php\"><span style=\"text-decoration: underline;\"><strong>Klicken Sie hier<\/strong><\/span><strong> &gt;&gt;<\/strong><\/a><\/p>\n","protected":false},"excerpt":{"rendered":"<p>Ferienhaus strandnah Mevagissey, S\u00fcdk\u00fcste Cornwall. 1 Schlafzimmer, leider keine Haustiere erlaubt, Schlafplatz f\u00fcr 2, An-\/Abreisetag am Freitag, Preis pro Woche \u00a3292 &#8211; \u00a3672 Mevagissey ist ein gesch\u00e4ftiger kleiner Hafen und beherbergt eine kleine Fischerflotte. H\u00fcbsche, bunte Terrassen H\u00fctten h\u00e4ngen an den steilen, engen Gassen und alten Pubs, schrulligen Gesch\u00e4ften und kleinen Caf\u00e9s und Restaurants sind [&hellip;]<\/p>\n","protected":false},"author":1,"featured_media":0,"parent":0,"menu_order":0,"comment_status":"closed","ping_status":"closed","template":"single-four.php","meta":[],"acf":[],"yoast_head":"<!-- This site is optimized with the Yoast SEO plugin v19.4 - https:\/\/yoast.com\/wordpress\/plugins\/seo\/ -->\n<title>Ferienhaus am Meer St Austell - Nr 4003 - Urlaub &amp; Reisen<\/title>\n<meta name=\"robots\" content=\"index, follow, max-snippet:-1, max-image-preview:large, max-video-preview:-1\" \/>\n<link rel=\"canonical\" href=\"https:\/\/www.urlaubcornwall.de\/blog\/ferienhaus-meer-st-austell-nr-4003\/\" \/>\n<meta property=\"og:locale\" content=\"en_US\" \/>\n<meta property=\"og:type\" content=\"article\" \/>\n<meta property=\"og:title\" content=\"Ferienhaus am Meer St Austell - Nr 4003 - Urlaub &amp; Reisen\" \/>\n<meta property=\"og:description\" content=\"Ferienhaus strandnah Mevagissey, S\u00fcdk\u00fcste Cornwall. 1 Schlafzimmer, leider keine Haustiere erlaubt, Schlafplatz f\u00fcr 2, An-\/Abreisetag am Freitag, Preis pro Woche \u00a3292 &#8211; \u00a3672 Mevagissey ist ein gesch\u00e4ftiger kleiner Hafen und beherbergt eine kleine Fischerflotte. H\u00fcbsche, bunte Terrassen H\u00fctten h\u00e4ngen an den steilen, engen Gassen und alten Pubs, schrulligen Gesch\u00e4ften und kleinen Caf\u00e9s und Restaurants sind [&hellip;]\" \/>\n<meta property=\"og:url\" content=\"https:\/\/www.urlaubcornwall.de\/blog\/ferienhaus-meer-st-austell-nr-4003\/\" \/>\n<meta property=\"og:site_name\" content=\"Urlaub &amp; Reisen\" \/>\n<meta property=\"article:modified_time\" content=\"2021-09-02T09:30:31+00:00\" \/>\n<meta property=\"og:image\" content=\"https:\/\/www.urlaubcornwall.de\/blog\/wp-content\/uploads\/2017\/12\/ferienhaus-am-meer-st-austell.jpg\" \/>\n<meta name=\"twitter:card\" content=\"summary\" \/>\n<meta name=\"twitter:label1\" content=\"Est. reading time\" \/>\n\t<meta name=\"twitter:data1\" content=\"1 minute\" \/>\n<script type=\"application\/ld+json\" class=\"yoast-schema-graph\">{\"@context\":\"https:\/\/schema.org\",\"@graph\":[{\"@type\":\"WebSite\",\"@id\":\"https:\/\/www.urlaubcornwall.de\/blog\/#website\",\"url\":\"https:\/\/www.urlaubcornwall.de\/blog\/\",\"name\":\"Urlaub &amp; Reisen\",\"description\":\"Urlaub, Reisen, Cornwall und S\u00fcdengland: eine perfekte Kombination\",\"potentialAction\":[{\"@type\":\"SearchAction\",\"target\":{\"@type\":\"EntryPoint\",\"urlTemplate\":\"https:\/\/www.urlaubcornwall.de\/blog\/?s={search_term_string}\"},\"query-input\":\"required name=search_term_string\"}],\"inLanguage\":\"en-US\"},{\"@type\":\"WebPage\",\"@id\":\"https:\/\/www.urlaubcornwall.de\/blog\/ferienhaus-meer-st-austell-nr-4003\/\",\"url\":\"https:\/\/www.urlaubcornwall.de\/blog\/ferienhaus-meer-st-austell-nr-4003\/\",\"name\":\"Ferienhaus am Meer St Austell - Nr 4003 - Urlaub &amp; Reisen\",\"isPartOf\":{\"@id\":\"https:\/\/www.urlaubcornwall.de\/blog\/#website\"},\"datePublished\":\"2017-12-28T17:40:24+00:00\",\"dateModified\":\"2021-09-02T09:30:31+00:00\",\"breadcrumb\":{\"@id\":\"https:\/\/www.urlaubcornwall.de\/blog\/ferienhaus-meer-st-austell-nr-4003\/#breadcrumb\"},\"inLanguage\":\"en-US\",\"potentialAction\":[{\"@type\":\"ReadAction\",\"target\":[\"https:\/\/www.urlaubcornwall.de\/blog\/ferienhaus-meer-st-austell-nr-4003\/\"]}]},{\"@type\":\"BreadcrumbList\",\"@id\":\"https:\/\/www.urlaubcornwall.de\/blog\/ferienhaus-meer-st-austell-nr-4003\/#breadcrumb\",\"itemListElement\":[{\"@type\":\"ListItem\",\"position\":1,\"name\":\"Home\",\"item\":\"https:\/\/www.urlaubcornwall.de\/blog\/\"},{\"@type\":\"ListItem\",\"position\":2,\"name\":\"Ferienhaus am Meer St Austell &#8211; Nr 4003\"}]}]}<\/script>\n<!-- \/ Yoast SEO plugin. -->","yoast_head_json":{"title":"Ferienhaus am Meer St Austell - Nr 4003 - Urlaub &amp; Reisen","robots":{"index":"index","follow":"follow","max-snippet":"max-snippet:-1","max-image-preview":"max-image-preview:large","max-video-preview":"max-video-preview:-1"},"canonical":"https:\/\/www.urlaubcornwall.de\/blog\/ferienhaus-meer-st-austell-nr-4003\/","og_locale":"en_US","og_type":"article","og_title":"Ferienhaus am Meer St Austell - Nr 4003 - Urlaub &amp; Reisen","og_description":"Ferienhaus strandnah Mevagissey, S\u00fcdk\u00fcste Cornwall. 1 Schlafzimmer, leider keine Haustiere erlaubt, Schlafplatz f\u00fcr 2, An-\/Abreisetag am Freitag, Preis pro Woche \u00a3292 &#8211; \u00a3672 Mevagissey ist ein gesch\u00e4ftiger kleiner Hafen und beherbergt eine kleine Fischerflotte. H\u00fcbsche, bunte Terrassen H\u00fctten h\u00e4ngen an den steilen, engen Gassen und alten Pubs, schrulligen Gesch\u00e4ften und kleinen Caf\u00e9s und Restaurants sind [&hellip;]","og_url":"https:\/\/www.urlaubcornwall.de\/blog\/ferienhaus-meer-st-austell-nr-4003\/","og_site_name":"Urlaub &amp; Reisen","article_modified_time":"2021-09-02T09:30:31+00:00","og_image":[{"url":"https:\/\/www.urlaubcornwall.de\/blog\/wp-content\/uploads\/2017\/12\/ferienhaus-am-meer-st-austell.jpg"}],"twitter_card":"summary","twitter_misc":{"Est. reading time":"1 minute"},"schema":{"@context":"https:\/\/schema.org","@graph":[{"@type":"WebSite","@id":"https:\/\/www.urlaubcornwall.de\/blog\/#website","url":"https:\/\/www.urlaubcornwall.de\/blog\/","name":"Urlaub &amp; Reisen","description":"Urlaub, Reisen, Cornwall und S\u00fcdengland: eine perfekte Kombination","potentialAction":[{"@type":"SearchAction","target":{"@type":"EntryPoint","urlTemplate":"https:\/\/www.urlaubcornwall.de\/blog\/?s={search_term_string}"},"query-input":"required name=search_term_string"}],"inLanguage":"en-US"},{"@type":"WebPage","@id":"https:\/\/www.urlaubcornwall.de\/blog\/ferienhaus-meer-st-austell-nr-4003\/","url":"https:\/\/www.urlaubcornwall.de\/blog\/ferienhaus-meer-st-austell-nr-4003\/","name":"Ferienhaus am Meer St Austell - Nr 4003 - Urlaub &amp; Reisen","isPartOf":{"@id":"https:\/\/www.urlaubcornwall.de\/blog\/#website"},"datePublished":"2017-12-28T17:40:24+00:00","dateModified":"2021-09-02T09:30:31+00:00","breadcrumb":{"@id":"https:\/\/www.urlaubcornwall.de\/blog\/ferienhaus-meer-st-austell-nr-4003\/#breadcrumb"},"inLanguage":"en-US","potentialAction":[{"@type":"ReadAction","target":["https:\/\/www.urlaubcornwall.de\/blog\/ferienhaus-meer-st-austell-nr-4003\/"]}]},{"@type":"BreadcrumbList","@id":"https:\/\/www.urlaubcornwall.de\/blog\/ferienhaus-meer-st-austell-nr-4003\/#breadcrumb","itemListElement":[{"@type":"ListItem","position":1,"name":"Home","item":"https:\/\/www.urlaubcornwall.de\/blog\/"},{"@type":"ListItem","position":2,"name":"Ferienhaus am Meer St Austell &#8211; Nr 4003"}]}]}},"_links":{"self":[{"href":"https:\/\/www.urlaubcornwall.de\/blog\/wp-json\/wp\/v2\/pages\/31546"}],"collection":[{"href":"https:\/\/www.urlaubcornwall.de\/blog\/wp-json\/wp\/v2\/pages"}],"about":[{"href":"https:\/\/www.urlaubcornwall.de\/blog\/wp-json\/wp\/v2\/types\/page"}],"author":[{"embeddable":true,"href":"https:\/\/www.urlaubcornwall.de\/blog\/wp-json\/wp\/v2\/users\/1"}],"replies":[{"embeddable":true,"href":"https:\/\/www.urlaubcornwall.de\/blog\/wp-json\/wp\/v2\/comments?post=31546"}],"version-history":[{"count":3,"href":"https:\/\/www.urlaubcornwall.de\/blog\/wp-json\/wp\/v2\/pages\/31546\/revisions"}],"predecessor-version":[{"id":42428,"href":"https:\/\/www.urlaubcornwall.de\/blog\/wp-json\/wp\/v2\/pages\/31546\/revisions\/42428"}],"wp:attachment":[{"href":"https:\/\/www.urlaubcornwall.de\/blog\/wp-json\/wp\/v2\/media?parent=31546"}],"curies":[{"name":"wp","href":"https:\/\/api.w.org\/{rel}","templated":true}]}}