{"id":31543,"date":"2017-12-28T17:33:46","date_gmt":"2017-12-28T17:33:46","guid":{"rendered":"https:\/\/www.urlaubcornwall.de\/blog\/?page_id=31543"},"modified":"2021-09-02T09:29:41","modified_gmt":"2021-09-02T09:29:41","slug":"ferienhaus-meer-st-agnes-urlaub-nordkueste-cornwall","status":"publish","type":"page","link":"https:\/\/www.urlaubcornwall.de\/blog\/ferienhaus-meer-st-agnes-urlaub-nordkueste-cornwall\/","title":{"rendered":"Ferienhaus am Meer St Agnes &#8211; Urlaub Nordk\u00fcste Cornwall"},"content":{"rendered":"<p><img loading=\"lazy\" class=\"aligncenter size-full wp-image-31544\" src=\"https:\/\/www.urlaubcornwall.de\/blog\/wp-content\/uploads\/2017\/12\/ferienhaus-am-meer-st-agnes-cornwall.jpg\" alt=\"ferienhaus am meer st agnes cornwall\" width=\"746\" height=\"425\"\/><br \/>\n<strong>Ferienhaus strandnah St Agnes, Nordk\u00fcste Cornwall.<\/strong><\/p>\n<p>2 Schlafzimmer, leider keine Haustiere erlaubt, Schlafplatz f\u00fcr 4, An-\/Abreisetag am Samstag, Preis pro Woche \u00a3302 &#8211; \u00a3828<\/p>\n<p>Dieses herrlich kleine H\u00e4uschen befindet sich im Herzen des freundlichen Nordk\u00fcsten Dorfes St. Agnes. Es gibt viele Gesch\u00e4fte, Bars und Restaurants zu Fu\u00df erreichbar, in der N\u00e4he Zugang zu herrlichen K\u00fcstenwanderwege und fabelhafte Str\u00e4nde und Surf Breaks innerhalb von nur ein paar Meilen. Dies ist ein wunderbarer Ort f\u00fcr Wanderungen und diejenigen, die Outdoor-Aktivit\u00e4ten zu genie\u00dfen, mit Surfen, Mountainbiken und Reiten alle beliebten. Mapled Cottage hat viele originelle Eigenschaften mit kleinen Zimmern, eine steile H\u00fctte Treppe, gro\u00dfe Kaminecke Kamin und niedrige St\u00fcrze, Decken und Balken. Sch\u00f6n renoviert und liebevoll eingerichtet und ausgestattet, ist dies ein charmantes H\u00e4uschen und eine ideale Urlaubs Basis.<\/p>\n<p style=\"text-align: center;\"><a class=\"tidycta\" href=\"https:\/\/www.urlaubcornwall.de\/ferienhaeuser-fewos\/st-agnes-am-meer.html\">Suche Ferienh\u00e4user Hayle<\/a><\/p>\n<p><strong>Um UrlaubCornwall.de einzigartige Kollektion nach Ihrem idealen Ferienhaus zu durchsuchen.<\/strong> <a href=\"https:\/\/www.urlaubcornwall.de\/ferienhaeuser\/cornwall.php\"><span style=\"text-decoration: underline;\"><strong>Klicken Sie hier<\/strong><\/span><strong> &gt;&gt;<\/strong><\/a><\/p>\n","protected":false},"excerpt":{"rendered":"<p>Ferienhaus strandnah St Agnes, Nordk\u00fcste Cornwall. 2 Schlafzimmer, leider keine Haustiere erlaubt, Schlafplatz f\u00fcr 4, An-\/Abreisetag am Samstag, Preis pro Woche \u00a3302 &#8211; \u00a3828 Dieses herrlich kleine H\u00e4uschen befindet sich im Herzen des freundlichen Nordk\u00fcsten Dorfes St. Agnes. Es gibt viele Gesch\u00e4fte, Bars und Restaurants zu Fu\u00df erreichbar, in der N\u00e4he Zugang zu herrlichen K\u00fcstenwanderwege [&hellip;]<\/p>\n","protected":false},"author":1,"featured_media":0,"parent":0,"menu_order":0,"comment_status":"closed","ping_status":"closed","template":"single-four.php","meta":[],"acf":[],"yoast_head":"<!-- This site is optimized with the Yoast SEO plugin v19.4 - https:\/\/yoast.com\/wordpress\/plugins\/seo\/ -->\n<title>Ferienhaus am Meer St Agnes - Urlaub Nordk\u00fcste Cornwall - Urlaub &amp; Reisen<\/title>\n<meta name=\"robots\" content=\"index, follow, max-snippet:-1, max-image-preview:large, max-video-preview:-1\" \/>\n<link rel=\"canonical\" href=\"https:\/\/www.urlaubcornwall.de\/blog\/ferienhaus-meer-st-agnes-urlaub-nordkueste-cornwall\/\" \/>\n<meta property=\"og:locale\" content=\"en_US\" \/>\n<meta property=\"og:type\" content=\"article\" \/>\n<meta property=\"og:title\" content=\"Ferienhaus am Meer St Agnes - Urlaub Nordk\u00fcste Cornwall - Urlaub &amp; Reisen\" \/>\n<meta property=\"og:description\" content=\"Ferienhaus strandnah St Agnes, Nordk\u00fcste Cornwall. 2 Schlafzimmer, leider keine Haustiere erlaubt, Schlafplatz f\u00fcr 4, An-\/Abreisetag am Samstag, Preis pro Woche \u00a3302 &#8211; \u00a3828 Dieses herrlich kleine H\u00e4uschen befindet sich im Herzen des freundlichen Nordk\u00fcsten Dorfes St. Agnes. Es gibt viele Gesch\u00e4fte, Bars und Restaurants zu Fu\u00df erreichbar, in der N\u00e4he Zugang zu herrlichen K\u00fcstenwanderwege [&hellip;]\" \/>\n<meta property=\"og:url\" content=\"https:\/\/www.urlaubcornwall.de\/blog\/ferienhaus-meer-st-agnes-urlaub-nordkueste-cornwall\/\" \/>\n<meta property=\"og:site_name\" content=\"Urlaub &amp; Reisen\" \/>\n<meta property=\"article:modified_time\" content=\"2021-09-02T09:29:41+00:00\" \/>\n<meta property=\"og:image\" content=\"https:\/\/www.urlaubcornwall.de\/blog\/wp-content\/uploads\/2017\/12\/ferienhaus-am-meer-st-agnes-cornwall.jpg\" \/>\n<meta name=\"twitter:card\" content=\"summary\" \/>\n<meta name=\"twitter:label1\" content=\"Est. reading time\" \/>\n\t<meta name=\"twitter:data1\" content=\"1 minute\" \/>\n<script type=\"application\/ld+json\" class=\"yoast-schema-graph\">{\"@context\":\"https:\/\/schema.org\",\"@graph\":[{\"@type\":\"WebSite\",\"@id\":\"https:\/\/www.urlaubcornwall.de\/blog\/#website\",\"url\":\"https:\/\/www.urlaubcornwall.de\/blog\/\",\"name\":\"Urlaub &amp; Reisen\",\"description\":\"Urlaub, Reisen, Cornwall und S\u00fcdengland: eine perfekte Kombination\",\"potentialAction\":[{\"@type\":\"SearchAction\",\"target\":{\"@type\":\"EntryPoint\",\"urlTemplate\":\"https:\/\/www.urlaubcornwall.de\/blog\/?s={search_term_string}\"},\"query-input\":\"required name=search_term_string\"}],\"inLanguage\":\"en-US\"},{\"@type\":\"WebPage\",\"@id\":\"https:\/\/www.urlaubcornwall.de\/blog\/ferienhaus-meer-st-agnes-urlaub-nordkueste-cornwall\/\",\"url\":\"https:\/\/www.urlaubcornwall.de\/blog\/ferienhaus-meer-st-agnes-urlaub-nordkueste-cornwall\/\",\"name\":\"Ferienhaus am Meer St Agnes - Urlaub Nordk\u00fcste Cornwall - Urlaub &amp; Reisen\",\"isPartOf\":{\"@id\":\"https:\/\/www.urlaubcornwall.de\/blog\/#website\"},\"datePublished\":\"2017-12-28T17:33:46+00:00\",\"dateModified\":\"2021-09-02T09:29:41+00:00\",\"breadcrumb\":{\"@id\":\"https:\/\/www.urlaubcornwall.de\/blog\/ferienhaus-meer-st-agnes-urlaub-nordkueste-cornwall\/#breadcrumb\"},\"inLanguage\":\"en-US\",\"potentialAction\":[{\"@type\":\"ReadAction\",\"target\":[\"https:\/\/www.urlaubcornwall.de\/blog\/ferienhaus-meer-st-agnes-urlaub-nordkueste-cornwall\/\"]}]},{\"@type\":\"BreadcrumbList\",\"@id\":\"https:\/\/www.urlaubcornwall.de\/blog\/ferienhaus-meer-st-agnes-urlaub-nordkueste-cornwall\/#breadcrumb\",\"itemListElement\":[{\"@type\":\"ListItem\",\"position\":1,\"name\":\"Home\",\"item\":\"https:\/\/www.urlaubcornwall.de\/blog\/\"},{\"@type\":\"ListItem\",\"position\":2,\"name\":\"Ferienhaus am Meer St Agnes &#8211; Urlaub Nordk\u00fcste Cornwall\"}]}]}<\/script>\n<!-- \/ Yoast SEO plugin. -->","yoast_head_json":{"title":"Ferienhaus am Meer St Agnes - Urlaub Nordk\u00fcste Cornwall - Urlaub &amp; Reisen","robots":{"index":"index","follow":"follow","max-snippet":"max-snippet:-1","max-image-preview":"max-image-preview:large","max-video-preview":"max-video-preview:-1"},"canonical":"https:\/\/www.urlaubcornwall.de\/blog\/ferienhaus-meer-st-agnes-urlaub-nordkueste-cornwall\/","og_locale":"en_US","og_type":"article","og_title":"Ferienhaus am Meer St Agnes - Urlaub Nordk\u00fcste Cornwall - Urlaub &amp; Reisen","og_description":"Ferienhaus strandnah St Agnes, Nordk\u00fcste Cornwall. 2 Schlafzimmer, leider keine Haustiere erlaubt, Schlafplatz f\u00fcr 4, An-\/Abreisetag am Samstag, Preis pro Woche \u00a3302 &#8211; \u00a3828 Dieses herrlich kleine H\u00e4uschen befindet sich im Herzen des freundlichen Nordk\u00fcsten Dorfes St. Agnes. Es gibt viele Gesch\u00e4fte, Bars und Restaurants zu Fu\u00df erreichbar, in der N\u00e4he Zugang zu herrlichen K\u00fcstenwanderwege [&hellip;]","og_url":"https:\/\/www.urlaubcornwall.de\/blog\/ferienhaus-meer-st-agnes-urlaub-nordkueste-cornwall\/","og_site_name":"Urlaub &amp; Reisen","article_modified_time":"2021-09-02T09:29:41+00:00","og_image":[{"url":"https:\/\/www.urlaubcornwall.de\/blog\/wp-content\/uploads\/2017\/12\/ferienhaus-am-meer-st-agnes-cornwall.jpg"}],"twitter_card":"summary","twitter_misc":{"Est. reading time":"1 minute"},"schema":{"@context":"https:\/\/schema.org","@graph":[{"@type":"WebSite","@id":"https:\/\/www.urlaubcornwall.de\/blog\/#website","url":"https:\/\/www.urlaubcornwall.de\/blog\/","name":"Urlaub &amp; Reisen","description":"Urlaub, Reisen, Cornwall und S\u00fcdengland: eine perfekte Kombination","potentialAction":[{"@type":"SearchAction","target":{"@type":"EntryPoint","urlTemplate":"https:\/\/www.urlaubcornwall.de\/blog\/?s={search_term_string}"},"query-input":"required name=search_term_string"}],"inLanguage":"en-US"},{"@type":"WebPage","@id":"https:\/\/www.urlaubcornwall.de\/blog\/ferienhaus-meer-st-agnes-urlaub-nordkueste-cornwall\/","url":"https:\/\/www.urlaubcornwall.de\/blog\/ferienhaus-meer-st-agnes-urlaub-nordkueste-cornwall\/","name":"Ferienhaus am Meer St Agnes - Urlaub Nordk\u00fcste Cornwall - Urlaub &amp; Reisen","isPartOf":{"@id":"https:\/\/www.urlaubcornwall.de\/blog\/#website"},"datePublished":"2017-12-28T17:33:46+00:00","dateModified":"2021-09-02T09:29:41+00:00","breadcrumb":{"@id":"https:\/\/www.urlaubcornwall.de\/blog\/ferienhaus-meer-st-agnes-urlaub-nordkueste-cornwall\/#breadcrumb"},"inLanguage":"en-US","potentialAction":[{"@type":"ReadAction","target":["https:\/\/www.urlaubcornwall.de\/blog\/ferienhaus-meer-st-agnes-urlaub-nordkueste-cornwall\/"]}]},{"@type":"BreadcrumbList","@id":"https:\/\/www.urlaubcornwall.de\/blog\/ferienhaus-meer-st-agnes-urlaub-nordkueste-cornwall\/#breadcrumb","itemListElement":[{"@type":"ListItem","position":1,"name":"Home","item":"https:\/\/www.urlaubcornwall.de\/blog\/"},{"@type":"ListItem","position":2,"name":"Ferienhaus am Meer St Agnes &#8211; Urlaub Nordk\u00fcste Cornwall"}]}]}},"_links":{"self":[{"href":"https:\/\/www.urlaubcornwall.de\/blog\/wp-json\/wp\/v2\/pages\/31543"}],"collection":[{"href":"https:\/\/www.urlaubcornwall.de\/blog\/wp-json\/wp\/v2\/pages"}],"about":[{"href":"https:\/\/www.urlaubcornwall.de\/blog\/wp-json\/wp\/v2\/types\/page"}],"author":[{"embeddable":true,"href":"https:\/\/www.urlaubcornwall.de\/blog\/wp-json\/wp\/v2\/users\/1"}],"replies":[{"embeddable":true,"href":"https:\/\/www.urlaubcornwall.de\/blog\/wp-json\/wp\/v2\/comments?post=31543"}],"version-history":[{"count":2,"href":"https:\/\/www.urlaubcornwall.de\/blog\/wp-json\/wp\/v2\/pages\/31543\/revisions"}],"predecessor-version":[{"id":42426,"href":"https:\/\/www.urlaubcornwall.de\/blog\/wp-json\/wp\/v2\/pages\/31543\/revisions\/42426"}],"wp:attachment":[{"href":"https:\/\/www.urlaubcornwall.de\/blog\/wp-json\/wp\/v2\/media?parent=31543"}],"curies":[{"name":"wp","href":"https:\/\/api.w.org\/{rel}","templated":true}]}}