{"id":31540,"date":"2017-12-28T17:16:53","date_gmt":"2017-12-28T17:16:53","guid":{"rendered":"https:\/\/www.urlaubcornwall.de\/blog\/?page_id=31540"},"modified":"2021-09-02T09:27:00","modified_gmt":"2021-09-02T09:27:00","slug":"ferienhaus-meer-roseland-halbinsel-nr-1924","status":"publish","type":"page","link":"https:\/\/www.urlaubcornwall.de\/blog\/ferienhaus-meer-roseland-halbinsel-nr-1924\/","title":{"rendered":"Ferienhaus am Meer Roseland Halbinsel"},"content":{"rendered":"<p><img loading=\"lazy\" class=\"aligncenter size-full wp-image-31541\" src=\"https:\/\/www.urlaubcornwall.de\/blog\/wp-content\/uploads\/2017\/12\/ferienhaus-am-meer-roseland-halbinsel.jpg\" alt=\"ferienhaus am meer roseland halbinsel\" width=\"749\" height=\"436\"\/><br \/>\n<strong>Ferienhaus strandnah 8.7 kilometern NO von St Mawes, S\u00fcdk\u00fcste Cornwall.<\/strong><\/p>\n<p>2 Schlafzimmer, leider keine Haustiere erlaubt, Schlafplatz f\u00fcr 4 + Kinderbett, An-\/Abreisetag am Freitag, Preis pro Woche \u00a3369 &#8211; \u00a3849<\/p>\n<p>Angesprochen von einem sanft abfallenden Weg, ist freistehendes Crugsillick Studio ideal f\u00fcr Familien mit kleinen Kindern oder Personen mit eingeschr\u00e4nkter Mobilit\u00e4t. Alle auf einer Ebene innen, das Wohnzimmer ist hell, komfortabel und gem\u00fctlich, mit hohen Decken und einem Holz-Brenner f\u00fcr K\u00fchler Wetter. Das Doppelzimmer verf\u00fcgt \u00fcber ein eigenes Badezimmer mit einer halben Badewanne und Dusche oben, w\u00e4hrend das Familienbadezimmer neben dem Zwillingszimmer ist.<\/p>\n<p style=\"text-align: center;\"><a class=\"tidycta\" href=\"https:\/\/www.urlaubcornwall.de\/ferienhaeuser-fewos\/st-mawes.html\">Suche Ferienh\u00e4user St Mawes<\/a><\/p>\n<p><strong>Um UrlaubCornwall.de einzigartige Kollektion nach Ihrem idealen Ferienhaus zu durchsuchen.<\/strong> <a href=\"https:\/\/www.urlaubcornwall.de\/ferienhaeuser\/cornwall.php\"><span style=\"text-decoration: underline;\"><strong>Klicken Sie hier<\/strong><\/span><strong> &gt;&gt;<\/strong><\/a><\/p>\n","protected":false},"excerpt":{"rendered":"<p>Ferienhaus strandnah 8.7 kilometern NO von St Mawes, S\u00fcdk\u00fcste Cornwall. 2 Schlafzimmer, leider keine Haustiere erlaubt, Schlafplatz f\u00fcr 4 + Kinderbett, An-\/Abreisetag am Freitag, Preis pro Woche \u00a3369 &#8211; \u00a3849 Angesprochen von einem sanft abfallenden Weg, ist freistehendes Crugsillick Studio ideal f\u00fcr Familien mit kleinen Kindern oder Personen mit eingeschr\u00e4nkter Mobilit\u00e4t. Alle auf einer Ebene [&hellip;]<\/p>\n","protected":false},"author":1,"featured_media":0,"parent":0,"menu_order":0,"comment_status":"closed","ping_status":"closed","template":"single-four.php","meta":[],"acf":[],"yoast_head":"<!-- This site is optimized with the Yoast SEO plugin v19.4 - https:\/\/yoast.com\/wordpress\/plugins\/seo\/ -->\n<title>Ferienhaus am Meer Roseland Halbinsel - Urlaub &amp; Reisen<\/title>\n<meta name=\"robots\" content=\"index, follow, max-snippet:-1, max-image-preview:large, max-video-preview:-1\" \/>\n<link rel=\"canonical\" href=\"https:\/\/www.urlaubcornwall.de\/blog\/ferienhaus-meer-roseland-halbinsel-nr-1924\/\" \/>\n<meta property=\"og:locale\" content=\"en_US\" \/>\n<meta property=\"og:type\" content=\"article\" \/>\n<meta property=\"og:title\" content=\"Ferienhaus am Meer Roseland Halbinsel - Urlaub &amp; Reisen\" \/>\n<meta property=\"og:description\" content=\"Ferienhaus strandnah 8.7 kilometern NO von St Mawes, S\u00fcdk\u00fcste Cornwall. 2 Schlafzimmer, leider keine Haustiere erlaubt, Schlafplatz f\u00fcr 4 + Kinderbett, An-\/Abreisetag am Freitag, Preis pro Woche \u00a3369 &#8211; \u00a3849 Angesprochen von einem sanft abfallenden Weg, ist freistehendes Crugsillick Studio ideal f\u00fcr Familien mit kleinen Kindern oder Personen mit eingeschr\u00e4nkter Mobilit\u00e4t. Alle auf einer Ebene [&hellip;]\" \/>\n<meta property=\"og:url\" content=\"https:\/\/www.urlaubcornwall.de\/blog\/ferienhaus-meer-roseland-halbinsel-nr-1924\/\" \/>\n<meta property=\"og:site_name\" content=\"Urlaub &amp; Reisen\" \/>\n<meta property=\"article:modified_time\" content=\"2021-09-02T09:27:00+00:00\" \/>\n<meta property=\"og:image\" content=\"https:\/\/www.urlaubcornwall.de\/blog\/wp-content\/uploads\/2017\/12\/ferienhaus-am-meer-roseland-halbinsel.jpg\" \/>\n<meta name=\"twitter:card\" content=\"summary\" \/>\n<meta name=\"twitter:label1\" content=\"Est. reading time\" \/>\n\t<meta name=\"twitter:data1\" content=\"1 minute\" \/>\n<script type=\"application\/ld+json\" class=\"yoast-schema-graph\">{\"@context\":\"https:\/\/schema.org\",\"@graph\":[{\"@type\":\"WebSite\",\"@id\":\"https:\/\/www.urlaubcornwall.de\/blog\/#website\",\"url\":\"https:\/\/www.urlaubcornwall.de\/blog\/\",\"name\":\"Urlaub &amp; Reisen\",\"description\":\"Urlaub, Reisen, Cornwall und S\u00fcdengland: eine perfekte Kombination\",\"potentialAction\":[{\"@type\":\"SearchAction\",\"target\":{\"@type\":\"EntryPoint\",\"urlTemplate\":\"https:\/\/www.urlaubcornwall.de\/blog\/?s={search_term_string}\"},\"query-input\":\"required name=search_term_string\"}],\"inLanguage\":\"en-US\"},{\"@type\":\"WebPage\",\"@id\":\"https:\/\/www.urlaubcornwall.de\/blog\/ferienhaus-meer-roseland-halbinsel-nr-1924\/\",\"url\":\"https:\/\/www.urlaubcornwall.de\/blog\/ferienhaus-meer-roseland-halbinsel-nr-1924\/\",\"name\":\"Ferienhaus am Meer Roseland Halbinsel - Urlaub &amp; Reisen\",\"isPartOf\":{\"@id\":\"https:\/\/www.urlaubcornwall.de\/blog\/#website\"},\"datePublished\":\"2017-12-28T17:16:53+00:00\",\"dateModified\":\"2021-09-02T09:27:00+00:00\",\"breadcrumb\":{\"@id\":\"https:\/\/www.urlaubcornwall.de\/blog\/ferienhaus-meer-roseland-halbinsel-nr-1924\/#breadcrumb\"},\"inLanguage\":\"en-US\",\"potentialAction\":[{\"@type\":\"ReadAction\",\"target\":[\"https:\/\/www.urlaubcornwall.de\/blog\/ferienhaus-meer-roseland-halbinsel-nr-1924\/\"]}]},{\"@type\":\"BreadcrumbList\",\"@id\":\"https:\/\/www.urlaubcornwall.de\/blog\/ferienhaus-meer-roseland-halbinsel-nr-1924\/#breadcrumb\",\"itemListElement\":[{\"@type\":\"ListItem\",\"position\":1,\"name\":\"Home\",\"item\":\"https:\/\/www.urlaubcornwall.de\/blog\/\"},{\"@type\":\"ListItem\",\"position\":2,\"name\":\"Ferienhaus am Meer Roseland Halbinsel\"}]}]}<\/script>\n<!-- \/ Yoast SEO plugin. -->","yoast_head_json":{"title":"Ferienhaus am Meer Roseland Halbinsel - Urlaub &amp; Reisen","robots":{"index":"index","follow":"follow","max-snippet":"max-snippet:-1","max-image-preview":"max-image-preview:large","max-video-preview":"max-video-preview:-1"},"canonical":"https:\/\/www.urlaubcornwall.de\/blog\/ferienhaus-meer-roseland-halbinsel-nr-1924\/","og_locale":"en_US","og_type":"article","og_title":"Ferienhaus am Meer Roseland Halbinsel - Urlaub &amp; Reisen","og_description":"Ferienhaus strandnah 8.7 kilometern NO von St Mawes, S\u00fcdk\u00fcste Cornwall. 2 Schlafzimmer, leider keine Haustiere erlaubt, Schlafplatz f\u00fcr 4 + Kinderbett, An-\/Abreisetag am Freitag, Preis pro Woche \u00a3369 &#8211; \u00a3849 Angesprochen von einem sanft abfallenden Weg, ist freistehendes Crugsillick Studio ideal f\u00fcr Familien mit kleinen Kindern oder Personen mit eingeschr\u00e4nkter Mobilit\u00e4t. Alle auf einer Ebene [&hellip;]","og_url":"https:\/\/www.urlaubcornwall.de\/blog\/ferienhaus-meer-roseland-halbinsel-nr-1924\/","og_site_name":"Urlaub &amp; Reisen","article_modified_time":"2021-09-02T09:27:00+00:00","og_image":[{"url":"https:\/\/www.urlaubcornwall.de\/blog\/wp-content\/uploads\/2017\/12\/ferienhaus-am-meer-roseland-halbinsel.jpg"}],"twitter_card":"summary","twitter_misc":{"Est. reading time":"1 minute"},"schema":{"@context":"https:\/\/schema.org","@graph":[{"@type":"WebSite","@id":"https:\/\/www.urlaubcornwall.de\/blog\/#website","url":"https:\/\/www.urlaubcornwall.de\/blog\/","name":"Urlaub &amp; Reisen","description":"Urlaub, Reisen, Cornwall und S\u00fcdengland: eine perfekte Kombination","potentialAction":[{"@type":"SearchAction","target":{"@type":"EntryPoint","urlTemplate":"https:\/\/www.urlaubcornwall.de\/blog\/?s={search_term_string}"},"query-input":"required name=search_term_string"}],"inLanguage":"en-US"},{"@type":"WebPage","@id":"https:\/\/www.urlaubcornwall.de\/blog\/ferienhaus-meer-roseland-halbinsel-nr-1924\/","url":"https:\/\/www.urlaubcornwall.de\/blog\/ferienhaus-meer-roseland-halbinsel-nr-1924\/","name":"Ferienhaus am Meer Roseland Halbinsel - Urlaub &amp; Reisen","isPartOf":{"@id":"https:\/\/www.urlaubcornwall.de\/blog\/#website"},"datePublished":"2017-12-28T17:16:53+00:00","dateModified":"2021-09-02T09:27:00+00:00","breadcrumb":{"@id":"https:\/\/www.urlaubcornwall.de\/blog\/ferienhaus-meer-roseland-halbinsel-nr-1924\/#breadcrumb"},"inLanguage":"en-US","potentialAction":[{"@type":"ReadAction","target":["https:\/\/www.urlaubcornwall.de\/blog\/ferienhaus-meer-roseland-halbinsel-nr-1924\/"]}]},{"@type":"BreadcrumbList","@id":"https:\/\/www.urlaubcornwall.de\/blog\/ferienhaus-meer-roseland-halbinsel-nr-1924\/#breadcrumb","itemListElement":[{"@type":"ListItem","position":1,"name":"Home","item":"https:\/\/www.urlaubcornwall.de\/blog\/"},{"@type":"ListItem","position":2,"name":"Ferienhaus am Meer Roseland Halbinsel"}]}]}},"_links":{"self":[{"href":"https:\/\/www.urlaubcornwall.de\/blog\/wp-json\/wp\/v2\/pages\/31540"}],"collection":[{"href":"https:\/\/www.urlaubcornwall.de\/blog\/wp-json\/wp\/v2\/pages"}],"about":[{"href":"https:\/\/www.urlaubcornwall.de\/blog\/wp-json\/wp\/v2\/types\/page"}],"author":[{"embeddable":true,"href":"https:\/\/www.urlaubcornwall.de\/blog\/wp-json\/wp\/v2\/users\/1"}],"replies":[{"embeddable":true,"href":"https:\/\/www.urlaubcornwall.de\/blog\/wp-json\/wp\/v2\/comments?post=31540"}],"version-history":[{"count":3,"href":"https:\/\/www.urlaubcornwall.de\/blog\/wp-json\/wp\/v2\/pages\/31540\/revisions"}],"predecessor-version":[{"id":42422,"href":"https:\/\/www.urlaubcornwall.de\/blog\/wp-json\/wp\/v2\/pages\/31540\/revisions\/42422"}],"wp:attachment":[{"href":"https:\/\/www.urlaubcornwall.de\/blog\/wp-json\/wp\/v2\/media?parent=31540"}],"curies":[{"name":"wp","href":"https:\/\/api.w.org\/{rel}","templated":true}]}}