{"id":31537,"date":"2017-12-28T14:30:17","date_gmt":"2017-12-28T14:30:17","guid":{"rendered":"https:\/\/www.urlaubcornwall.de\/blog\/?page_id=31537"},"modified":"2021-09-02T09:25:41","modified_gmt":"2021-09-02T09:25:41","slug":"ferienhaus-meer-praa-sands-nr-3847","status":"publish","type":"page","link":"https:\/\/www.urlaubcornwall.de\/blog\/ferienhaus-meer-praa-sands-nr-3847\/","title":{"rendered":"Ferienhaus am Meer Praa Sands &#8211; Nr. 3847"},"content":{"rendered":"<p><img loading=\"lazy\" class=\"aligncenter size-full wp-image-31538\" src=\"https:\/\/www.urlaubcornwall.de\/blog\/wp-content\/uploads\/2017\/12\/ferienhaus-am-meer-praa-sands-meerblick.jpg\" alt=\"ferienhaus am meer praa sands meerblick\" width=\"746\" height=\"439\"\/><br \/>\n<strong>Ferienwohnung mit Meerblick Praa Sands, S\u00fcdwest-Cornwall.<\/strong><\/p>\n<p>2 Schlafzimmer, leider keine Haustiere erlaubt, Schlafplatz f\u00fcr 4 + Kinderbett, An-\/Abreisetag am Samstag, Preis pro Woche \u00a3741 &#8211; \u00a31497<\/p>\n<p>Die atemberaubende Aussicht von diesem atemberaubenden Strand Apartment muss eines der besten in Cornwall sein; Stellen Sie sich vor, Sie entspannen auf Ihrem privaten Balkon am Ende eines weiteren wunderbaren Tages und beobachten die untergehende Sonne \u00fcber den Atlantischen Ozean. Boden bis Decke Bi-fold T\u00fcren \u00f6ffnen sich auf den Balkon aus dem offenen Wohnzimmer, so dass diese wunderbare Aussicht kann auch von innen genossen werden, w\u00e4hrend auf dem bequemen Sofa gerollt. Diese exquisite Boutique Strandhaus wurde eingerichtet und mit gro\u00dfer Sorgfalt und Liebe zum Detail ausgestattet, die Schaffung eines stilvollen und komfortablen Raum, um Zeit mit Familie und Freunden zu verbringen. Die offene K\u00fcche erm\u00f6glicht es dem K\u00fcchenchef, die Aussicht genie\u00dfen, w\u00e4hrend der Zubereitung Abendessen und nach einem Tag am Strand, in ein entspannendes Bad sinken oder stehen unter der m\u00e4chtigen Dusche, um das Meersalz von der Haut zu waschen. Am Abend sitzen Sie auf dem Balkon oder entspannen Sie sich in den G\u00e4rten, bevor Sie zum Abendessen auf der Stra\u00dfe oder unter der kurzen Fahrt zu einem der vielen wunderbaren Pubs und Restaurants in der N\u00e4he. All diese Dinge und mehr machen dies zu einem perfekten Cornish Urlaub-spazieren Sie die K\u00fcstenwege, Surfen Sie die Wellen.<\/p>\n<p style=\"text-align: center;\"><a class=\"tidycta\" href=\"https:\/\/www.urlaubcornwall.de\/ferienhaeuser-fewos\/praa-sands-am-meer.html\">Suche Ferienh\u00e4user Praa Sands<\/a><\/p>\n<p><strong>Um UrlaubCornwall.de einzigartige Kollektion nach Ihrem idealen Ferienhaus zu durchsuchen.<\/strong> <a href=\"https:\/\/www.urlaubcornwall.de\/ferienhaeuser\/cornwall.php\"><span style=\"text-decoration: underline;\"><strong>Klicken Sie hier<\/strong><\/span><strong> &gt;&gt;<\/strong><\/a><\/p>\n","protected":false},"excerpt":{"rendered":"<p>Ferienwohnung mit Meerblick Praa Sands, S\u00fcdwest-Cornwall. 2 Schlafzimmer, leider keine Haustiere erlaubt, Schlafplatz f\u00fcr 4 + Kinderbett, An-\/Abreisetag am Samstag, Preis pro Woche \u00a3741 &#8211; \u00a31497 Die atemberaubende Aussicht von diesem atemberaubenden Strand Apartment muss eines der besten in Cornwall sein; Stellen Sie sich vor, Sie entspannen auf Ihrem privaten Balkon am Ende eines weiteren [&hellip;]<\/p>\n","protected":false},"author":1,"featured_media":0,"parent":0,"menu_order":0,"comment_status":"closed","ping_status":"closed","template":"single-four.php","meta":[],"acf":[],"yoast_head":"<!-- This site is optimized with the Yoast SEO plugin v19.4 - https:\/\/yoast.com\/wordpress\/plugins\/seo\/ -->\n<title>Ferienhaus am Meer Praa Sands - Nr. 3847 - Urlaub &amp; Reisen<\/title>\n<meta name=\"robots\" content=\"index, follow, max-snippet:-1, max-image-preview:large, max-video-preview:-1\" \/>\n<link rel=\"canonical\" href=\"https:\/\/www.urlaubcornwall.de\/blog\/ferienhaus-meer-praa-sands-nr-3847\/\" \/>\n<meta property=\"og:locale\" content=\"en_US\" \/>\n<meta property=\"og:type\" content=\"article\" \/>\n<meta property=\"og:title\" content=\"Ferienhaus am Meer Praa Sands - Nr. 3847 - Urlaub &amp; Reisen\" \/>\n<meta property=\"og:description\" content=\"Ferienwohnung mit Meerblick Praa Sands, S\u00fcdwest-Cornwall. 2 Schlafzimmer, leider keine Haustiere erlaubt, Schlafplatz f\u00fcr 4 + Kinderbett, An-\/Abreisetag am Samstag, Preis pro Woche \u00a3741 &#8211; \u00a31497 Die atemberaubende Aussicht von diesem atemberaubenden Strand Apartment muss eines der besten in Cornwall sein; Stellen Sie sich vor, Sie entspannen auf Ihrem privaten Balkon am Ende eines weiteren [&hellip;]\" \/>\n<meta property=\"og:url\" content=\"https:\/\/www.urlaubcornwall.de\/blog\/ferienhaus-meer-praa-sands-nr-3847\/\" \/>\n<meta property=\"og:site_name\" content=\"Urlaub &amp; Reisen\" \/>\n<meta property=\"article:modified_time\" content=\"2021-09-02T09:25:41+00:00\" \/>\n<meta property=\"og:image\" content=\"https:\/\/www.urlaubcornwall.de\/blog\/wp-content\/uploads\/2017\/12\/ferienhaus-am-meer-praa-sands-meerblick.jpg\" \/>\n<meta name=\"twitter:card\" content=\"summary\" \/>\n<meta name=\"twitter:label1\" content=\"Est. reading time\" \/>\n\t<meta name=\"twitter:data1\" content=\"1 minute\" \/>\n<script type=\"application\/ld+json\" class=\"yoast-schema-graph\">{\"@context\":\"https:\/\/schema.org\",\"@graph\":[{\"@type\":\"WebSite\",\"@id\":\"https:\/\/www.urlaubcornwall.de\/blog\/#website\",\"url\":\"https:\/\/www.urlaubcornwall.de\/blog\/\",\"name\":\"Urlaub &amp; Reisen\",\"description\":\"Urlaub, Reisen, Cornwall und S\u00fcdengland: eine perfekte Kombination\",\"potentialAction\":[{\"@type\":\"SearchAction\",\"target\":{\"@type\":\"EntryPoint\",\"urlTemplate\":\"https:\/\/www.urlaubcornwall.de\/blog\/?s={search_term_string}\"},\"query-input\":\"required name=search_term_string\"}],\"inLanguage\":\"en-US\"},{\"@type\":\"WebPage\",\"@id\":\"https:\/\/www.urlaubcornwall.de\/blog\/ferienhaus-meer-praa-sands-nr-3847\/\",\"url\":\"https:\/\/www.urlaubcornwall.de\/blog\/ferienhaus-meer-praa-sands-nr-3847\/\",\"name\":\"Ferienhaus am Meer Praa Sands - Nr. 3847 - Urlaub &amp; Reisen\",\"isPartOf\":{\"@id\":\"https:\/\/www.urlaubcornwall.de\/blog\/#website\"},\"datePublished\":\"2017-12-28T14:30:17+00:00\",\"dateModified\":\"2021-09-02T09:25:41+00:00\",\"breadcrumb\":{\"@id\":\"https:\/\/www.urlaubcornwall.de\/blog\/ferienhaus-meer-praa-sands-nr-3847\/#breadcrumb\"},\"inLanguage\":\"en-US\",\"potentialAction\":[{\"@type\":\"ReadAction\",\"target\":[\"https:\/\/www.urlaubcornwall.de\/blog\/ferienhaus-meer-praa-sands-nr-3847\/\"]}]},{\"@type\":\"BreadcrumbList\",\"@id\":\"https:\/\/www.urlaubcornwall.de\/blog\/ferienhaus-meer-praa-sands-nr-3847\/#breadcrumb\",\"itemListElement\":[{\"@type\":\"ListItem\",\"position\":1,\"name\":\"Home\",\"item\":\"https:\/\/www.urlaubcornwall.de\/blog\/\"},{\"@type\":\"ListItem\",\"position\":2,\"name\":\"Ferienhaus am Meer Praa Sands &#8211; Nr. 3847\"}]}]}<\/script>\n<!-- \/ Yoast SEO plugin. -->","yoast_head_json":{"title":"Ferienhaus am Meer Praa Sands - Nr. 3847 - Urlaub &amp; Reisen","robots":{"index":"index","follow":"follow","max-snippet":"max-snippet:-1","max-image-preview":"max-image-preview:large","max-video-preview":"max-video-preview:-1"},"canonical":"https:\/\/www.urlaubcornwall.de\/blog\/ferienhaus-meer-praa-sands-nr-3847\/","og_locale":"en_US","og_type":"article","og_title":"Ferienhaus am Meer Praa Sands - Nr. 3847 - Urlaub &amp; Reisen","og_description":"Ferienwohnung mit Meerblick Praa Sands, S\u00fcdwest-Cornwall. 2 Schlafzimmer, leider keine Haustiere erlaubt, Schlafplatz f\u00fcr 4 + Kinderbett, An-\/Abreisetag am Samstag, Preis pro Woche \u00a3741 &#8211; \u00a31497 Die atemberaubende Aussicht von diesem atemberaubenden Strand Apartment muss eines der besten in Cornwall sein; Stellen Sie sich vor, Sie entspannen auf Ihrem privaten Balkon am Ende eines weiteren [&hellip;]","og_url":"https:\/\/www.urlaubcornwall.de\/blog\/ferienhaus-meer-praa-sands-nr-3847\/","og_site_name":"Urlaub &amp; Reisen","article_modified_time":"2021-09-02T09:25:41+00:00","og_image":[{"url":"https:\/\/www.urlaubcornwall.de\/blog\/wp-content\/uploads\/2017\/12\/ferienhaus-am-meer-praa-sands-meerblick.jpg"}],"twitter_card":"summary","twitter_misc":{"Est. reading time":"1 minute"},"schema":{"@context":"https:\/\/schema.org","@graph":[{"@type":"WebSite","@id":"https:\/\/www.urlaubcornwall.de\/blog\/#website","url":"https:\/\/www.urlaubcornwall.de\/blog\/","name":"Urlaub &amp; Reisen","description":"Urlaub, Reisen, Cornwall und S\u00fcdengland: eine perfekte Kombination","potentialAction":[{"@type":"SearchAction","target":{"@type":"EntryPoint","urlTemplate":"https:\/\/www.urlaubcornwall.de\/blog\/?s={search_term_string}"},"query-input":"required name=search_term_string"}],"inLanguage":"en-US"},{"@type":"WebPage","@id":"https:\/\/www.urlaubcornwall.de\/blog\/ferienhaus-meer-praa-sands-nr-3847\/","url":"https:\/\/www.urlaubcornwall.de\/blog\/ferienhaus-meer-praa-sands-nr-3847\/","name":"Ferienhaus am Meer Praa Sands - Nr. 3847 - Urlaub &amp; Reisen","isPartOf":{"@id":"https:\/\/www.urlaubcornwall.de\/blog\/#website"},"datePublished":"2017-12-28T14:30:17+00:00","dateModified":"2021-09-02T09:25:41+00:00","breadcrumb":{"@id":"https:\/\/www.urlaubcornwall.de\/blog\/ferienhaus-meer-praa-sands-nr-3847\/#breadcrumb"},"inLanguage":"en-US","potentialAction":[{"@type":"ReadAction","target":["https:\/\/www.urlaubcornwall.de\/blog\/ferienhaus-meer-praa-sands-nr-3847\/"]}]},{"@type":"BreadcrumbList","@id":"https:\/\/www.urlaubcornwall.de\/blog\/ferienhaus-meer-praa-sands-nr-3847\/#breadcrumb","itemListElement":[{"@type":"ListItem","position":1,"name":"Home","item":"https:\/\/www.urlaubcornwall.de\/blog\/"},{"@type":"ListItem","position":2,"name":"Ferienhaus am Meer Praa Sands &#8211; Nr. 3847"}]}]}},"_links":{"self":[{"href":"https:\/\/www.urlaubcornwall.de\/blog\/wp-json\/wp\/v2\/pages\/31537"}],"collection":[{"href":"https:\/\/www.urlaubcornwall.de\/blog\/wp-json\/wp\/v2\/pages"}],"about":[{"href":"https:\/\/www.urlaubcornwall.de\/blog\/wp-json\/wp\/v2\/types\/page"}],"author":[{"embeddable":true,"href":"https:\/\/www.urlaubcornwall.de\/blog\/wp-json\/wp\/v2\/users\/1"}],"replies":[{"embeddable":true,"href":"https:\/\/www.urlaubcornwall.de\/blog\/wp-json\/wp\/v2\/comments?post=31537"}],"version-history":[{"count":2,"href":"https:\/\/www.urlaubcornwall.de\/blog\/wp-json\/wp\/v2\/pages\/31537\/revisions"}],"predecessor-version":[{"id":42420,"href":"https:\/\/www.urlaubcornwall.de\/blog\/wp-json\/wp\/v2\/pages\/31537\/revisions\/42420"}],"wp:attachment":[{"href":"https:\/\/www.urlaubcornwall.de\/blog\/wp-json\/wp\/v2\/media?parent=31537"}],"curies":[{"name":"wp","href":"https:\/\/api.w.org\/{rel}","templated":true}]}}