{"id":31531,"date":"2017-12-28T14:14:00","date_gmt":"2017-12-28T14:14:00","guid":{"rendered":"https:\/\/www.urlaubcornwall.de\/blog\/?page_id=31531"},"modified":"2021-07-12T13:01:28","modified_gmt":"2021-07-12T13:01:28","slug":"ferienhaus-meer-porthallow-nr-2834","status":"publish","type":"page","link":"https:\/\/www.urlaubcornwall.de\/blog\/ferienhaus-meer-porthallow-nr-2834\/","title":{"rendered":"Ferienhaus am Meer Porthallow"},"content":{"rendered":"<p><img loading=\"lazy\" class=\"aligncenter size-full wp-image-31532\" src=\"https:\/\/www.urlaubcornwall.de\/blog\/wp-content\/uploads\/2017\/12\/ferienhaus-am-Meer-Porthallow.jpg\" alt=\"ferienhaus am Meer Porthallow\" width=\"746\" height=\"423\"\/><br \/>\n<strong>Ferienhaus strandnah Porthallow, S\u00fcdwest-Cornwall.<\/strong><\/p>\n<p>2 Schlafzimmer, hundefreundlich, Schlafplatz f\u00fcr 4 + Kinderbett, An-\/Abreisetag am Samstag<\/p>\n<p>Preis pro Woche \u00a3503 &#8211; \u00a31257<\/p>\n<p>Diese sch\u00f6ne Steinscheune beh\u00e4lt viele seiner urspr\u00fcnglichen Eigenschaften, die, wegen des nachdenklichen Entwurfs durch den Inhaber und Meisterhand Werker, nahtlos mit den neueren zeitgen\u00f6ssischen Erg\u00e4nzungen mischen. Das offene Wohnzimmer mit Balkendecken hat einen gem\u00fctlichen Holzofen und T\u00fcren \u00f6ffnen sich auf den privaten Garten und Whirlpool. Es gibt zwei Doppelschlafzimmer und ein fabelhaftes Badezimmer, das eine luxuri\u00f6se Mischung der nat\u00fcrlichen Materialien und des Glases ist.<\/p>\n<p style=\"text-align: center;\"><a class=\"tidycta\" href=\"https:\/\/www.urlaubcornwall.de\/ferienhaeuser-fewos\/porthallow-am-meer.html\">Ferienh\u00e4user Porthallow<\/a><\/p>\n<p style=\"text-align: center;\">Pers\u00f6nlich inspizierte <a href=\"https:\/\/www.urlaubcornwall.de\/ferienhaeuser\/cornwall.php\">Ferienh\u00e4user und Ferienwohnungen in Cornwall<\/a> f\u00fcr Ihren Urlaub.<\/p>\n","protected":false},"excerpt":{"rendered":"<p>Ferienhaus strandnah Porthallow, S\u00fcdwest-Cornwall. 2 Schlafzimmer, hundefreundlich, Schlafplatz f\u00fcr 4 + Kinderbett, An-\/Abreisetag am Samstag Preis pro Woche \u00a3503 &#8211; \u00a31257 Diese sch\u00f6ne Steinscheune beh\u00e4lt viele seiner urspr\u00fcnglichen Eigenschaften, die, wegen des nachdenklichen Entwurfs durch den Inhaber und Meisterhand Werker, nahtlos mit den neueren zeitgen\u00f6ssischen Erg\u00e4nzungen mischen. Das offene Wohnzimmer mit Balkendecken hat einen gem\u00fctlichen [&hellip;]<\/p>\n","protected":false},"author":1,"featured_media":0,"parent":0,"menu_order":0,"comment_status":"closed","ping_status":"closed","template":"single-four.php","meta":[],"acf":[],"yoast_head":"<!-- This site is optimized with the Yoast SEO plugin v19.4 - https:\/\/yoast.com\/wordpress\/plugins\/seo\/ -->\n<title>Ferienhaus am Meer Porthallow - Urlaub &amp; Reisen<\/title>\n<meta name=\"robots\" content=\"index, follow, max-snippet:-1, max-image-preview:large, max-video-preview:-1\" \/>\n<link rel=\"canonical\" href=\"https:\/\/www.urlaubcornwall.de\/blog\/ferienhaus-meer-porthallow-nr-2834\/\" \/>\n<meta property=\"og:locale\" content=\"en_US\" \/>\n<meta property=\"og:type\" content=\"article\" \/>\n<meta property=\"og:title\" content=\"Ferienhaus am Meer Porthallow - Urlaub &amp; Reisen\" \/>\n<meta property=\"og:description\" content=\"Ferienhaus strandnah Porthallow, S\u00fcdwest-Cornwall. 2 Schlafzimmer, hundefreundlich, Schlafplatz f\u00fcr 4 + Kinderbett, An-\/Abreisetag am Samstag Preis pro Woche \u00a3503 &#8211; \u00a31257 Diese sch\u00f6ne Steinscheune beh\u00e4lt viele seiner urspr\u00fcnglichen Eigenschaften, die, wegen des nachdenklichen Entwurfs durch den Inhaber und Meisterhand Werker, nahtlos mit den neueren zeitgen\u00f6ssischen Erg\u00e4nzungen mischen. Das offene Wohnzimmer mit Balkendecken hat einen gem\u00fctlichen [&hellip;]\" \/>\n<meta property=\"og:url\" content=\"https:\/\/www.urlaubcornwall.de\/blog\/ferienhaus-meer-porthallow-nr-2834\/\" \/>\n<meta property=\"og:site_name\" content=\"Urlaub &amp; Reisen\" \/>\n<meta property=\"article:modified_time\" content=\"2021-07-12T13:01:28+00:00\" \/>\n<meta property=\"og:image\" content=\"https:\/\/www.urlaubcornwall.de\/blog\/wp-content\/uploads\/2017\/12\/ferienhaus-am-Meer-Porthallow.jpg\" \/>\n<meta name=\"twitter:card\" content=\"summary\" \/>\n<meta name=\"twitter:label1\" content=\"Est. reading time\" \/>\n\t<meta name=\"twitter:data1\" content=\"1 minute\" \/>\n<script type=\"application\/ld+json\" class=\"yoast-schema-graph\">{\"@context\":\"https:\/\/schema.org\",\"@graph\":[{\"@type\":\"WebSite\",\"@id\":\"https:\/\/www.urlaubcornwall.de\/blog\/#website\",\"url\":\"https:\/\/www.urlaubcornwall.de\/blog\/\",\"name\":\"Urlaub &amp; Reisen\",\"description\":\"Urlaub, Reisen, Cornwall und S\u00fcdengland: eine perfekte Kombination\",\"potentialAction\":[{\"@type\":\"SearchAction\",\"target\":{\"@type\":\"EntryPoint\",\"urlTemplate\":\"https:\/\/www.urlaubcornwall.de\/blog\/?s={search_term_string}\"},\"query-input\":\"required name=search_term_string\"}],\"inLanguage\":\"en-US\"},{\"@type\":\"WebPage\",\"@id\":\"https:\/\/www.urlaubcornwall.de\/blog\/ferienhaus-meer-porthallow-nr-2834\/\",\"url\":\"https:\/\/www.urlaubcornwall.de\/blog\/ferienhaus-meer-porthallow-nr-2834\/\",\"name\":\"Ferienhaus am Meer Porthallow - Urlaub &amp; Reisen\",\"isPartOf\":{\"@id\":\"https:\/\/www.urlaubcornwall.de\/blog\/#website\"},\"datePublished\":\"2017-12-28T14:14:00+00:00\",\"dateModified\":\"2021-07-12T13:01:28+00:00\",\"breadcrumb\":{\"@id\":\"https:\/\/www.urlaubcornwall.de\/blog\/ferienhaus-meer-porthallow-nr-2834\/#breadcrumb\"},\"inLanguage\":\"en-US\",\"potentialAction\":[{\"@type\":\"ReadAction\",\"target\":[\"https:\/\/www.urlaubcornwall.de\/blog\/ferienhaus-meer-porthallow-nr-2834\/\"]}]},{\"@type\":\"BreadcrumbList\",\"@id\":\"https:\/\/www.urlaubcornwall.de\/blog\/ferienhaus-meer-porthallow-nr-2834\/#breadcrumb\",\"itemListElement\":[{\"@type\":\"ListItem\",\"position\":1,\"name\":\"Home\",\"item\":\"https:\/\/www.urlaubcornwall.de\/blog\/\"},{\"@type\":\"ListItem\",\"position\":2,\"name\":\"Ferienhaus am Meer Porthallow\"}]}]}<\/script>\n<!-- \/ Yoast SEO plugin. -->","yoast_head_json":{"title":"Ferienhaus am Meer Porthallow - Urlaub &amp; Reisen","robots":{"index":"index","follow":"follow","max-snippet":"max-snippet:-1","max-image-preview":"max-image-preview:large","max-video-preview":"max-video-preview:-1"},"canonical":"https:\/\/www.urlaubcornwall.de\/blog\/ferienhaus-meer-porthallow-nr-2834\/","og_locale":"en_US","og_type":"article","og_title":"Ferienhaus am Meer Porthallow - Urlaub &amp; Reisen","og_description":"Ferienhaus strandnah Porthallow, S\u00fcdwest-Cornwall. 2 Schlafzimmer, hundefreundlich, Schlafplatz f\u00fcr 4 + Kinderbett, An-\/Abreisetag am Samstag Preis pro Woche \u00a3503 &#8211; \u00a31257 Diese sch\u00f6ne Steinscheune beh\u00e4lt viele seiner urspr\u00fcnglichen Eigenschaften, die, wegen des nachdenklichen Entwurfs durch den Inhaber und Meisterhand Werker, nahtlos mit den neueren zeitgen\u00f6ssischen Erg\u00e4nzungen mischen. Das offene Wohnzimmer mit Balkendecken hat einen gem\u00fctlichen [&hellip;]","og_url":"https:\/\/www.urlaubcornwall.de\/blog\/ferienhaus-meer-porthallow-nr-2834\/","og_site_name":"Urlaub &amp; Reisen","article_modified_time":"2021-07-12T13:01:28+00:00","og_image":[{"url":"https:\/\/www.urlaubcornwall.de\/blog\/wp-content\/uploads\/2017\/12\/ferienhaus-am-Meer-Porthallow.jpg"}],"twitter_card":"summary","twitter_misc":{"Est. reading time":"1 minute"},"schema":{"@context":"https:\/\/schema.org","@graph":[{"@type":"WebSite","@id":"https:\/\/www.urlaubcornwall.de\/blog\/#website","url":"https:\/\/www.urlaubcornwall.de\/blog\/","name":"Urlaub &amp; Reisen","description":"Urlaub, Reisen, Cornwall und S\u00fcdengland: eine perfekte Kombination","potentialAction":[{"@type":"SearchAction","target":{"@type":"EntryPoint","urlTemplate":"https:\/\/www.urlaubcornwall.de\/blog\/?s={search_term_string}"},"query-input":"required name=search_term_string"}],"inLanguage":"en-US"},{"@type":"WebPage","@id":"https:\/\/www.urlaubcornwall.de\/blog\/ferienhaus-meer-porthallow-nr-2834\/","url":"https:\/\/www.urlaubcornwall.de\/blog\/ferienhaus-meer-porthallow-nr-2834\/","name":"Ferienhaus am Meer Porthallow - Urlaub &amp; Reisen","isPartOf":{"@id":"https:\/\/www.urlaubcornwall.de\/blog\/#website"},"datePublished":"2017-12-28T14:14:00+00:00","dateModified":"2021-07-12T13:01:28+00:00","breadcrumb":{"@id":"https:\/\/www.urlaubcornwall.de\/blog\/ferienhaus-meer-porthallow-nr-2834\/#breadcrumb"},"inLanguage":"en-US","potentialAction":[{"@type":"ReadAction","target":["https:\/\/www.urlaubcornwall.de\/blog\/ferienhaus-meer-porthallow-nr-2834\/"]}]},{"@type":"BreadcrumbList","@id":"https:\/\/www.urlaubcornwall.de\/blog\/ferienhaus-meer-porthallow-nr-2834\/#breadcrumb","itemListElement":[{"@type":"ListItem","position":1,"name":"Home","item":"https:\/\/www.urlaubcornwall.de\/blog\/"},{"@type":"ListItem","position":2,"name":"Ferienhaus am Meer Porthallow"}]}]}},"_links":{"self":[{"href":"https:\/\/www.urlaubcornwall.de\/blog\/wp-json\/wp\/v2\/pages\/31531"}],"collection":[{"href":"https:\/\/www.urlaubcornwall.de\/blog\/wp-json\/wp\/v2\/pages"}],"about":[{"href":"https:\/\/www.urlaubcornwall.de\/blog\/wp-json\/wp\/v2\/types\/page"}],"author":[{"embeddable":true,"href":"https:\/\/www.urlaubcornwall.de\/blog\/wp-json\/wp\/v2\/users\/1"}],"replies":[{"embeddable":true,"href":"https:\/\/www.urlaubcornwall.de\/blog\/wp-json\/wp\/v2\/comments?post=31531"}],"version-history":[{"count":5,"href":"https:\/\/www.urlaubcornwall.de\/blog\/wp-json\/wp\/v2\/pages\/31531\/revisions"}],"predecessor-version":[{"id":41861,"href":"https:\/\/www.urlaubcornwall.de\/blog\/wp-json\/wp\/v2\/pages\/31531\/revisions\/41861"}],"wp:attachment":[{"href":"https:\/\/www.urlaubcornwall.de\/blog\/wp-json\/wp\/v2\/media?parent=31531"}],"curies":[{"name":"wp","href":"https:\/\/api.w.org\/{rel}","templated":true}]}}