{"id":31527,"date":"2017-12-28T10:49:36","date_gmt":"2017-12-28T10:49:36","guid":{"rendered":"https:\/\/www.urlaubcornwall.de\/blog\/?page_id=31527"},"modified":"2021-09-02T09:28:45","modified_gmt":"2021-09-02T09:28:45","slug":"ferienhaus-meer-pendeen-urlaub-lands-end","status":"publish","type":"page","link":"https:\/\/www.urlaubcornwall.de\/blog\/ferienhaus-meer-pendeen-urlaub-lands-end\/","title":{"rendered":"Ferienhaus am Meer Pendeen &#8211; Urlaub Lands End"},"content":{"rendered":"<p><img loading=\"lazy\" class=\"aligncenter size-full wp-image-31529\" src=\"https:\/\/www.urlaubcornwall.de\/blog\/wp-content\/uploads\/2017\/12\/ferienhaus-am-meer-pendeen.jpg\" alt=\"ferienhaus am meer pendeen lands end\" width=\"749\" height=\"416\"\/><\/p>\n<p><strong>Ferienhaus mit Meerblick in Pendeen, 3.4 kilometern N von St Just, West-Cornwall.<\/strong><\/p>\n<p>1 Schlafzimmer, hundefreundlich, Schlafplatz f\u00fcr 2, An-\/Abreisetag am Freitag, Preis pro Woche \u00a3320 &#8211; \u00a3705<\/p>\n<p>Bos Arvorek ist eine traditionelle, freistehende, ehemalige Heu-Scheune. Unten eine schmale Granit-Walled Stra\u00dfe im Weiler von Boscaswell, ist die H\u00fctte vom Meer durch Felder getrennt. Das Anwesen verf\u00fcgt \u00fcber einen separaten geschlossenen, Kies Innenhof und Parkplatz und Meerblick von fast jedem Fenster aus. Die Unterkunft verf\u00fcgt \u00fcber ein komfortables Wohn-Esszimmer im ersten Stock. Viele Original-Features wurden beibehalten. Im Erdgeschoss befindet sich die K\u00fcche neben dem charmanten Schlafzimmer und Badezimmer, die ein Roll-Top-Bad verf\u00fcgt. Da der K\u00fcstenpfad ist direkt vor der Haust\u00fcr dieses Cottage ist ideal f\u00fcr Wanderer, und ist sicher, einen wunderbaren R\u00fcckzug bieten.<\/p>\n<p style=\"text-align: center;\"><a class=\"tidycta\" href=\"https:\/\/www.urlaubcornwall.de\/ferienhaeuser-fewos\/pendeen-am-meer.html\">Suche Ferienh\u00e4user Pendeen<\/a><\/p>\n<p><strong>Um UrlaubCornwall.de einzigartige Kollektion nach Ihrem idealen Ferienhaus zu durchsuchen.<\/strong> <a href=\"https:\/\/www.urlaubcornwall.de\/ferienhaeuser\/cornwall.php\"><span style=\"text-decoration: underline;\"><strong>Klicken Sie hier<\/strong><\/span><strong> &gt;&gt;<\/strong><\/a><\/p>\n","protected":false},"excerpt":{"rendered":"<p>Ferienhaus mit Meerblick in Pendeen, 3.4 kilometern N von St Just, West-Cornwall. 1 Schlafzimmer, hundefreundlich, Schlafplatz f\u00fcr 2, An-\/Abreisetag am Freitag, Preis pro Woche \u00a3320 &#8211; \u00a3705 Bos Arvorek ist eine traditionelle, freistehende, ehemalige Heu-Scheune. Unten eine schmale Granit-Walled Stra\u00dfe im Weiler von Boscaswell, ist die H\u00fctte vom Meer durch Felder getrennt. Das Anwesen verf\u00fcgt [&hellip;]<\/p>\n","protected":false},"author":1,"featured_media":0,"parent":0,"menu_order":0,"comment_status":"closed","ping_status":"closed","template":"single-four.php","meta":[],"acf":[],"yoast_head":"<!-- This site is optimized with the Yoast SEO plugin v19.4 - https:\/\/yoast.com\/wordpress\/plugins\/seo\/ -->\n<title>Ferienhaus am Meer Pendeen - Urlaub Lands End - Urlaub &amp; Reisen<\/title>\n<meta name=\"robots\" content=\"index, follow, max-snippet:-1, max-image-preview:large, max-video-preview:-1\" \/>\n<link rel=\"canonical\" href=\"https:\/\/www.urlaubcornwall.de\/blog\/ferienhaus-meer-pendeen-urlaub-lands-end\/\" \/>\n<meta property=\"og:locale\" content=\"en_US\" \/>\n<meta property=\"og:type\" content=\"article\" \/>\n<meta property=\"og:title\" content=\"Ferienhaus am Meer Pendeen - Urlaub Lands End - Urlaub &amp; Reisen\" \/>\n<meta property=\"og:description\" content=\"Ferienhaus mit Meerblick in Pendeen, 3.4 kilometern N von St Just, West-Cornwall. 1 Schlafzimmer, hundefreundlich, Schlafplatz f\u00fcr 2, An-\/Abreisetag am Freitag, Preis pro Woche \u00a3320 &#8211; \u00a3705 Bos Arvorek ist eine traditionelle, freistehende, ehemalige Heu-Scheune. Unten eine schmale Granit-Walled Stra\u00dfe im Weiler von Boscaswell, ist die H\u00fctte vom Meer durch Felder getrennt. Das Anwesen verf\u00fcgt [&hellip;]\" \/>\n<meta property=\"og:url\" content=\"https:\/\/www.urlaubcornwall.de\/blog\/ferienhaus-meer-pendeen-urlaub-lands-end\/\" \/>\n<meta property=\"og:site_name\" content=\"Urlaub &amp; Reisen\" \/>\n<meta property=\"article:modified_time\" content=\"2021-09-02T09:28:45+00:00\" \/>\n<meta property=\"og:image\" content=\"https:\/\/www.urlaubcornwall.de\/blog\/wp-content\/uploads\/2017\/12\/ferienhaus-am-meer-pendeen.jpg\" \/>\n<meta name=\"twitter:card\" content=\"summary\" \/>\n<meta name=\"twitter:label1\" content=\"Est. reading time\" \/>\n\t<meta name=\"twitter:data1\" content=\"1 minute\" \/>\n<script type=\"application\/ld+json\" class=\"yoast-schema-graph\">{\"@context\":\"https:\/\/schema.org\",\"@graph\":[{\"@type\":\"WebSite\",\"@id\":\"https:\/\/www.urlaubcornwall.de\/blog\/#website\",\"url\":\"https:\/\/www.urlaubcornwall.de\/blog\/\",\"name\":\"Urlaub &amp; Reisen\",\"description\":\"Urlaub, Reisen, Cornwall und S\u00fcdengland: eine perfekte Kombination\",\"potentialAction\":[{\"@type\":\"SearchAction\",\"target\":{\"@type\":\"EntryPoint\",\"urlTemplate\":\"https:\/\/www.urlaubcornwall.de\/blog\/?s={search_term_string}\"},\"query-input\":\"required name=search_term_string\"}],\"inLanguage\":\"en-US\"},{\"@type\":\"WebPage\",\"@id\":\"https:\/\/www.urlaubcornwall.de\/blog\/ferienhaus-meer-pendeen-urlaub-lands-end\/\",\"url\":\"https:\/\/www.urlaubcornwall.de\/blog\/ferienhaus-meer-pendeen-urlaub-lands-end\/\",\"name\":\"Ferienhaus am Meer Pendeen - Urlaub Lands End - Urlaub &amp; Reisen\",\"isPartOf\":{\"@id\":\"https:\/\/www.urlaubcornwall.de\/blog\/#website\"},\"datePublished\":\"2017-12-28T10:49:36+00:00\",\"dateModified\":\"2021-09-02T09:28:45+00:00\",\"breadcrumb\":{\"@id\":\"https:\/\/www.urlaubcornwall.de\/blog\/ferienhaus-meer-pendeen-urlaub-lands-end\/#breadcrumb\"},\"inLanguage\":\"en-US\",\"potentialAction\":[{\"@type\":\"ReadAction\",\"target\":[\"https:\/\/www.urlaubcornwall.de\/blog\/ferienhaus-meer-pendeen-urlaub-lands-end\/\"]}]},{\"@type\":\"BreadcrumbList\",\"@id\":\"https:\/\/www.urlaubcornwall.de\/blog\/ferienhaus-meer-pendeen-urlaub-lands-end\/#breadcrumb\",\"itemListElement\":[{\"@type\":\"ListItem\",\"position\":1,\"name\":\"Home\",\"item\":\"https:\/\/www.urlaubcornwall.de\/blog\/\"},{\"@type\":\"ListItem\",\"position\":2,\"name\":\"Ferienhaus am Meer Pendeen &#8211; Urlaub Lands End\"}]}]}<\/script>\n<!-- \/ Yoast SEO plugin. -->","yoast_head_json":{"title":"Ferienhaus am Meer Pendeen - Urlaub Lands End - Urlaub &amp; Reisen","robots":{"index":"index","follow":"follow","max-snippet":"max-snippet:-1","max-image-preview":"max-image-preview:large","max-video-preview":"max-video-preview:-1"},"canonical":"https:\/\/www.urlaubcornwall.de\/blog\/ferienhaus-meer-pendeen-urlaub-lands-end\/","og_locale":"en_US","og_type":"article","og_title":"Ferienhaus am Meer Pendeen - Urlaub Lands End - Urlaub &amp; Reisen","og_description":"Ferienhaus mit Meerblick in Pendeen, 3.4 kilometern N von St Just, West-Cornwall. 1 Schlafzimmer, hundefreundlich, Schlafplatz f\u00fcr 2, An-\/Abreisetag am Freitag, Preis pro Woche \u00a3320 &#8211; \u00a3705 Bos Arvorek ist eine traditionelle, freistehende, ehemalige Heu-Scheune. Unten eine schmale Granit-Walled Stra\u00dfe im Weiler von Boscaswell, ist die H\u00fctte vom Meer durch Felder getrennt. Das Anwesen verf\u00fcgt [&hellip;]","og_url":"https:\/\/www.urlaubcornwall.de\/blog\/ferienhaus-meer-pendeen-urlaub-lands-end\/","og_site_name":"Urlaub &amp; Reisen","article_modified_time":"2021-09-02T09:28:45+00:00","og_image":[{"url":"https:\/\/www.urlaubcornwall.de\/blog\/wp-content\/uploads\/2017\/12\/ferienhaus-am-meer-pendeen.jpg"}],"twitter_card":"summary","twitter_misc":{"Est. reading time":"1 minute"},"schema":{"@context":"https:\/\/schema.org","@graph":[{"@type":"WebSite","@id":"https:\/\/www.urlaubcornwall.de\/blog\/#website","url":"https:\/\/www.urlaubcornwall.de\/blog\/","name":"Urlaub &amp; Reisen","description":"Urlaub, Reisen, Cornwall und S\u00fcdengland: eine perfekte Kombination","potentialAction":[{"@type":"SearchAction","target":{"@type":"EntryPoint","urlTemplate":"https:\/\/www.urlaubcornwall.de\/blog\/?s={search_term_string}"},"query-input":"required name=search_term_string"}],"inLanguage":"en-US"},{"@type":"WebPage","@id":"https:\/\/www.urlaubcornwall.de\/blog\/ferienhaus-meer-pendeen-urlaub-lands-end\/","url":"https:\/\/www.urlaubcornwall.de\/blog\/ferienhaus-meer-pendeen-urlaub-lands-end\/","name":"Ferienhaus am Meer Pendeen - Urlaub Lands End - Urlaub &amp; Reisen","isPartOf":{"@id":"https:\/\/www.urlaubcornwall.de\/blog\/#website"},"datePublished":"2017-12-28T10:49:36+00:00","dateModified":"2021-09-02T09:28:45+00:00","breadcrumb":{"@id":"https:\/\/www.urlaubcornwall.de\/blog\/ferienhaus-meer-pendeen-urlaub-lands-end\/#breadcrumb"},"inLanguage":"en-US","potentialAction":[{"@type":"ReadAction","target":["https:\/\/www.urlaubcornwall.de\/blog\/ferienhaus-meer-pendeen-urlaub-lands-end\/"]}]},{"@type":"BreadcrumbList","@id":"https:\/\/www.urlaubcornwall.de\/blog\/ferienhaus-meer-pendeen-urlaub-lands-end\/#breadcrumb","itemListElement":[{"@type":"ListItem","position":1,"name":"Home","item":"https:\/\/www.urlaubcornwall.de\/blog\/"},{"@type":"ListItem","position":2,"name":"Ferienhaus am Meer Pendeen &#8211; Urlaub Lands End"}]}]}},"_links":{"self":[{"href":"https:\/\/www.urlaubcornwall.de\/blog\/wp-json\/wp\/v2\/pages\/31527"}],"collection":[{"href":"https:\/\/www.urlaubcornwall.de\/blog\/wp-json\/wp\/v2\/pages"}],"about":[{"href":"https:\/\/www.urlaubcornwall.de\/blog\/wp-json\/wp\/v2\/types\/page"}],"author":[{"embeddable":true,"href":"https:\/\/www.urlaubcornwall.de\/blog\/wp-json\/wp\/v2\/users\/1"}],"replies":[{"embeddable":true,"href":"https:\/\/www.urlaubcornwall.de\/blog\/wp-json\/wp\/v2\/comments?post=31527"}],"version-history":[{"count":3,"href":"https:\/\/www.urlaubcornwall.de\/blog\/wp-json\/wp\/v2\/pages\/31527\/revisions"}],"predecessor-version":[{"id":42424,"href":"https:\/\/www.urlaubcornwall.de\/blog\/wp-json\/wp\/v2\/pages\/31527\/revisions\/42424"}],"wp:attachment":[{"href":"https:\/\/www.urlaubcornwall.de\/blog\/wp-json\/wp\/v2\/media?parent=31527"}],"curies":[{"name":"wp","href":"https:\/\/api.w.org\/{rel}","templated":true}]}}