{"id":31519,"date":"2017-12-24T16:33:50","date_gmt":"2017-12-24T16:33:50","guid":{"rendered":"https:\/\/www.urlaubcornwall.de\/blog\/?page_id=31519"},"modified":"2021-09-02T09:32:42","modified_gmt":"2021-09-02T09:32:42","slug":"ferienhaus-strand-newquay-urlaub-meer-corwnall","status":"publish","type":"page","link":"https:\/\/www.urlaubcornwall.de\/blog\/ferienhaus-strand-newquay-urlaub-meer-corwnall\/","title":{"rendered":"Ferienhaus am Strand Newquay &#8211; Urlaub am Meer Cornwall"},"content":{"rendered":"<p><img loading=\"lazy\" class=\"aligncenter size-full wp-image-31520\" src=\"https:\/\/www.urlaubcornwall.de\/blog\/wp-content\/uploads\/2017\/12\/ferienhaus-am-strand-newquay.jpg\" alt=\"ferienhaus am strand newquay\" width=\"749\" height=\"433\"\/><br \/>\n<strong>Ferienhaus strandnah Crantock, Nordk\u00fcste Cornwall.<\/strong><\/p>\n<p>5 Schlafzimmer, hundefreundlich, Schlafplatz f\u00fcr 11 + 2 Kinderbetten, An-\/Abreisetag am Sonntag, Preis pro Woche \u00a31058 &#8211; \u00a32950<\/p>\n<p>Das Malz-Haus, erbaut in 1825 und Klasse II aufgef\u00fchrt, befindet sich im Zentrum von Crantock, eine kurze Entfernung vom Dorf gr\u00fcn und nur eine halbe Meile von der sandigen, hundefreundlichen Strand und Rolling Surf. Dieses freistehende Anwesen bewahrt noch viele originelle Eigenschaften, mit Tauben, Balkendecken und teilweise Schieferb\u00f6den. Obwohl es mit neutralem Dekor eingerichtet ist, ist der rustikale Einfluss noch offensichtlich. Alte und ungew\u00f6hnliche T\u00fcren verbinden die Sitz-und Wohnzimmer, und die Einrichtung, Beleuchtung und M\u00f6bel tragen alle zur Atmosph\u00e4re und zum Komfort bei. Das Wohnzimmer, mit seinem gro\u00dfen Granit Kamin Geh\u00e4use ein Multi-Brenner, hat Schritte hinunter in die K\u00fcche\/Fr\u00fchst\u00fccksraum, wo viele gesellige Familienmahlzeiten werden rund um den gro\u00dfen Esstisch genossen werden. Eine breite, verglaste T\u00fcr \u00f6ffnet sich au\u00dferhalb vom Fr\u00fchst\u00fccksbereich bis zur kleinen, sonnigen, geschlossenen Terrasse. Von der Schiefer Eingangshalle, steigt die Treppe zur galleried Landung und f\u00fcnf Schlafzimmer, alle mit en Suite Einrichtungen. Die au\u00dfergew\u00f6hnlichen Einrichtungen, zusammen mit einer solchen g\u00fcnstigen Lage, machen einen idealen R\u00fcckzugsort f\u00fcr Familien und Freunde, die gemeinsam Urlaub wollen. Die dramatische Nord-Cornish K\u00fcste, mit seinen gesch\u00fctzten Buchten abwechselnd mit herrlichen steil aufragenden Klippen, sowie viele andere Attraktionen, sind alle in Reichweite.<\/p>\n<p style=\"text-align: center;\"><a class=\"tidycta\" href=\"https:\/\/www.urlaubcornwall.de\/ferienhaeuser-fewos\/newquay-am-meer.html\">Suche Ferienh\u00e4user Hayle<\/a><\/p>\n<p><strong>Um UrlaubCornwall.de einzigartige Kollektion nach Ihrem idealen Ferienhaus zu durchsuchen.<\/strong> <a href=\"https:\/\/www.urlaubcornwall.de\/ferienhaeuser\/cornwall.php\"><span style=\"text-decoration: underline;\"><strong>Klicken Sie hier<\/strong><\/span><strong> &gt;&gt;<\/strong><\/a><\/p>\n","protected":false},"excerpt":{"rendered":"<p>Ferienhaus strandnah Crantock, Nordk\u00fcste Cornwall. 5 Schlafzimmer, hundefreundlich, Schlafplatz f\u00fcr 11 + 2 Kinderbetten, An-\/Abreisetag am Sonntag, Preis pro Woche \u00a31058 &#8211; \u00a32950 Das Malz-Haus, erbaut in 1825 und Klasse II aufgef\u00fchrt, befindet sich im Zentrum von Crantock, eine kurze Entfernung vom Dorf gr\u00fcn und nur eine halbe Meile von der sandigen, hundefreundlichen Strand und [&hellip;]<\/p>\n","protected":false},"author":1,"featured_media":0,"parent":0,"menu_order":0,"comment_status":"closed","ping_status":"closed","template":"single-four.php","meta":[],"acf":[],"yoast_head":"<!-- This site is optimized with the Yoast SEO plugin v19.4 - https:\/\/yoast.com\/wordpress\/plugins\/seo\/ -->\n<title>Ferienhaus am Strand Newquay - Urlaub am Meer Cornwall - Urlaub &amp; Reisen<\/title>\n<meta name=\"robots\" content=\"index, follow, max-snippet:-1, max-image-preview:large, max-video-preview:-1\" \/>\n<link rel=\"canonical\" href=\"https:\/\/www.urlaubcornwall.de\/blog\/ferienhaus-strand-newquay-urlaub-meer-corwnall\/\" \/>\n<meta property=\"og:locale\" content=\"en_US\" \/>\n<meta property=\"og:type\" content=\"article\" \/>\n<meta property=\"og:title\" content=\"Ferienhaus am Strand Newquay - Urlaub am Meer Cornwall - Urlaub &amp; Reisen\" \/>\n<meta property=\"og:description\" content=\"Ferienhaus strandnah Crantock, Nordk\u00fcste Cornwall. 5 Schlafzimmer, hundefreundlich, Schlafplatz f\u00fcr 11 + 2 Kinderbetten, An-\/Abreisetag am Sonntag, Preis pro Woche \u00a31058 &#8211; \u00a32950 Das Malz-Haus, erbaut in 1825 und Klasse II aufgef\u00fchrt, befindet sich im Zentrum von Crantock, eine kurze Entfernung vom Dorf gr\u00fcn und nur eine halbe Meile von der sandigen, hundefreundlichen Strand und [&hellip;]\" \/>\n<meta property=\"og:url\" content=\"https:\/\/www.urlaubcornwall.de\/blog\/ferienhaus-strand-newquay-urlaub-meer-corwnall\/\" \/>\n<meta property=\"og:site_name\" content=\"Urlaub &amp; Reisen\" \/>\n<meta property=\"article:modified_time\" content=\"2021-09-02T09:32:42+00:00\" \/>\n<meta property=\"og:image\" content=\"https:\/\/www.urlaubcornwall.de\/blog\/wp-content\/uploads\/2017\/12\/ferienhaus-am-strand-newquay.jpg\" \/>\n<meta name=\"twitter:card\" content=\"summary\" \/>\n<meta name=\"twitter:label1\" content=\"Est. reading time\" \/>\n\t<meta name=\"twitter:data1\" content=\"1 minute\" \/>\n<script type=\"application\/ld+json\" class=\"yoast-schema-graph\">{\"@context\":\"https:\/\/schema.org\",\"@graph\":[{\"@type\":\"WebSite\",\"@id\":\"https:\/\/www.urlaubcornwall.de\/blog\/#website\",\"url\":\"https:\/\/www.urlaubcornwall.de\/blog\/\",\"name\":\"Urlaub &amp; Reisen\",\"description\":\"Urlaub, Reisen, Cornwall und S\u00fcdengland: eine perfekte Kombination\",\"potentialAction\":[{\"@type\":\"SearchAction\",\"target\":{\"@type\":\"EntryPoint\",\"urlTemplate\":\"https:\/\/www.urlaubcornwall.de\/blog\/?s={search_term_string}\"},\"query-input\":\"required name=search_term_string\"}],\"inLanguage\":\"en-US\"},{\"@type\":\"WebPage\",\"@id\":\"https:\/\/www.urlaubcornwall.de\/blog\/ferienhaus-strand-newquay-urlaub-meer-corwnall\/\",\"url\":\"https:\/\/www.urlaubcornwall.de\/blog\/ferienhaus-strand-newquay-urlaub-meer-corwnall\/\",\"name\":\"Ferienhaus am Strand Newquay - Urlaub am Meer Cornwall - Urlaub &amp; Reisen\",\"isPartOf\":{\"@id\":\"https:\/\/www.urlaubcornwall.de\/blog\/#website\"},\"datePublished\":\"2017-12-24T16:33:50+00:00\",\"dateModified\":\"2021-09-02T09:32:42+00:00\",\"breadcrumb\":{\"@id\":\"https:\/\/www.urlaubcornwall.de\/blog\/ferienhaus-strand-newquay-urlaub-meer-corwnall\/#breadcrumb\"},\"inLanguage\":\"en-US\",\"potentialAction\":[{\"@type\":\"ReadAction\",\"target\":[\"https:\/\/www.urlaubcornwall.de\/blog\/ferienhaus-strand-newquay-urlaub-meer-corwnall\/\"]}]},{\"@type\":\"BreadcrumbList\",\"@id\":\"https:\/\/www.urlaubcornwall.de\/blog\/ferienhaus-strand-newquay-urlaub-meer-corwnall\/#breadcrumb\",\"itemListElement\":[{\"@type\":\"ListItem\",\"position\":1,\"name\":\"Home\",\"item\":\"https:\/\/www.urlaubcornwall.de\/blog\/\"},{\"@type\":\"ListItem\",\"position\":2,\"name\":\"Ferienhaus am Strand Newquay &#8211; Urlaub am Meer Cornwall\"}]}]}<\/script>\n<!-- \/ Yoast SEO plugin. -->","yoast_head_json":{"title":"Ferienhaus am Strand Newquay - Urlaub am Meer Cornwall - Urlaub &amp; Reisen","robots":{"index":"index","follow":"follow","max-snippet":"max-snippet:-1","max-image-preview":"max-image-preview:large","max-video-preview":"max-video-preview:-1"},"canonical":"https:\/\/www.urlaubcornwall.de\/blog\/ferienhaus-strand-newquay-urlaub-meer-corwnall\/","og_locale":"en_US","og_type":"article","og_title":"Ferienhaus am Strand Newquay - Urlaub am Meer Cornwall - Urlaub &amp; Reisen","og_description":"Ferienhaus strandnah Crantock, Nordk\u00fcste Cornwall. 5 Schlafzimmer, hundefreundlich, Schlafplatz f\u00fcr 11 + 2 Kinderbetten, An-\/Abreisetag am Sonntag, Preis pro Woche \u00a31058 &#8211; \u00a32950 Das Malz-Haus, erbaut in 1825 und Klasse II aufgef\u00fchrt, befindet sich im Zentrum von Crantock, eine kurze Entfernung vom Dorf gr\u00fcn und nur eine halbe Meile von der sandigen, hundefreundlichen Strand und [&hellip;]","og_url":"https:\/\/www.urlaubcornwall.de\/blog\/ferienhaus-strand-newquay-urlaub-meer-corwnall\/","og_site_name":"Urlaub &amp; Reisen","article_modified_time":"2021-09-02T09:32:42+00:00","og_image":[{"url":"https:\/\/www.urlaubcornwall.de\/blog\/wp-content\/uploads\/2017\/12\/ferienhaus-am-strand-newquay.jpg"}],"twitter_card":"summary","twitter_misc":{"Est. reading time":"1 minute"},"schema":{"@context":"https:\/\/schema.org","@graph":[{"@type":"WebSite","@id":"https:\/\/www.urlaubcornwall.de\/blog\/#website","url":"https:\/\/www.urlaubcornwall.de\/blog\/","name":"Urlaub &amp; Reisen","description":"Urlaub, Reisen, Cornwall und S\u00fcdengland: eine perfekte Kombination","potentialAction":[{"@type":"SearchAction","target":{"@type":"EntryPoint","urlTemplate":"https:\/\/www.urlaubcornwall.de\/blog\/?s={search_term_string}"},"query-input":"required name=search_term_string"}],"inLanguage":"en-US"},{"@type":"WebPage","@id":"https:\/\/www.urlaubcornwall.de\/blog\/ferienhaus-strand-newquay-urlaub-meer-corwnall\/","url":"https:\/\/www.urlaubcornwall.de\/blog\/ferienhaus-strand-newquay-urlaub-meer-corwnall\/","name":"Ferienhaus am Strand Newquay - Urlaub am Meer Cornwall - Urlaub &amp; Reisen","isPartOf":{"@id":"https:\/\/www.urlaubcornwall.de\/blog\/#website"},"datePublished":"2017-12-24T16:33:50+00:00","dateModified":"2021-09-02T09:32:42+00:00","breadcrumb":{"@id":"https:\/\/www.urlaubcornwall.de\/blog\/ferienhaus-strand-newquay-urlaub-meer-corwnall\/#breadcrumb"},"inLanguage":"en-US","potentialAction":[{"@type":"ReadAction","target":["https:\/\/www.urlaubcornwall.de\/blog\/ferienhaus-strand-newquay-urlaub-meer-corwnall\/"]}]},{"@type":"BreadcrumbList","@id":"https:\/\/www.urlaubcornwall.de\/blog\/ferienhaus-strand-newquay-urlaub-meer-corwnall\/#breadcrumb","itemListElement":[{"@type":"ListItem","position":1,"name":"Home","item":"https:\/\/www.urlaubcornwall.de\/blog\/"},{"@type":"ListItem","position":2,"name":"Ferienhaus am Strand Newquay &#8211; Urlaub am Meer Cornwall"}]}]}},"_links":{"self":[{"href":"https:\/\/www.urlaubcornwall.de\/blog\/wp-json\/wp\/v2\/pages\/31519"}],"collection":[{"href":"https:\/\/www.urlaubcornwall.de\/blog\/wp-json\/wp\/v2\/pages"}],"about":[{"href":"https:\/\/www.urlaubcornwall.de\/blog\/wp-json\/wp\/v2\/types\/page"}],"author":[{"embeddable":true,"href":"https:\/\/www.urlaubcornwall.de\/blog\/wp-json\/wp\/v2\/users\/1"}],"replies":[{"embeddable":true,"href":"https:\/\/www.urlaubcornwall.de\/blog\/wp-json\/wp\/v2\/comments?post=31519"}],"version-history":[{"count":5,"href":"https:\/\/www.urlaubcornwall.de\/blog\/wp-json\/wp\/v2\/pages\/31519\/revisions"}],"predecessor-version":[{"id":42432,"href":"https:\/\/www.urlaubcornwall.de\/blog\/wp-json\/wp\/v2\/pages\/31519\/revisions\/42432"}],"wp:attachment":[{"href":"https:\/\/www.urlaubcornwall.de\/blog\/wp-json\/wp\/v2\/media?parent=31519"}],"curies":[{"name":"wp","href":"https:\/\/api.w.org\/{rel}","templated":true}]}}