{"id":31516,"date":"2017-12-24T16:13:57","date_gmt":"2017-12-24T16:13:57","guid":{"rendered":"https:\/\/www.urlaubcornwall.de\/blog\/?page_id=31516"},"modified":"2021-07-12T12:58:29","modified_gmt":"2021-07-12T12:58:29","slug":"ferienhaus-meer-newquay-strandurlaub-cornwall","status":"publish","type":"page","link":"https:\/\/www.urlaubcornwall.de\/blog\/ferienhaus-meer-newquay-strandurlaub-cornwall\/","title":{"rendered":"Ferienhaus am Meer Newquay &#8211; Strandurlaub Cornwall"},"content":{"rendered":"<p><img loading=\"lazy\" class=\"aligncenter size-full wp-image-31517\" src=\"https:\/\/www.urlaubcornwall.de\/blog\/wp-content\/uploads\/2017\/12\/ferienhaus-am-meer-newquay.jpg\" alt=\"ferienhaus am meer newquay\" width=\"746\" height=\"405\"\/><br \/>\n<strong>Ferienhaus mit Meerblick 2.1 kilometern W von Newquay, Nordk\u00fcste Cornwall.<\/strong><\/p>\n<p>4 Schlafzimmer, leider keine Haustiere erlaubt, Schlafplatz f\u00fcr 6 + Kinderbett, An-\/Abreisetag am Freitag<\/p>\n<p>Preis pro Woche \u00a3541 &#8211; \u00a31510<\/p>\n<p>Watersmeet sitzt hoch \u00fcber der Gannel M\u00fcndung, auf der Pentire Landzunge. Diese ruhige Gegend von Newquay r\u00fchmt sich einer wundersch\u00f6nen Aussicht, bietet eine ganze Reihe von Aktivit\u00e4ten wie Kanu fahren, Reiten, Vogelbeobachtung, Angeln und atemberaubende Wanderungen, und hat einfachen Zugang zu Fistral und <a href=\"https:\/\/www.urlaubcornwall.de\/ferienhaeuser-fewos\/crantock.html\">Crantock<\/a> Str\u00e4nden. Die Aussicht \u00fcber die Gannel-M\u00fcndung begr\u00fc\u00dft Sie von den meisten Zimmern und vom geschlossenen, Terrassengarten. Dieses freistehende, sonnige Haus bietet ein wunderbares Raumgef\u00fchl \u2013 die K\u00fcche erstreckt sich in das lichtdurchflutete Wohnzimmer, das eine erh\u00f6hte Lage bietet, um den Garten und die Gannel zu bewundern. K\u00f6che werden mit der AGA und anderen kulinarischen Einrichtungen begeistert sein, und die Wet-Zimmer ist von unsch\u00e4tzbarem Wert f\u00fcr die R\u00fcckkehr von einem Tag am Strand.<\/p>\n<p style=\"text-align: center;\"><a class=\"tidycta\" href=\"https:\/\/www.urlaubcornwall.de\/ferienhaeuser-fewos\/newquay-am-meer.html\">Ferienh\u00e4user Newquay am Meer<\/a><\/p>\n<p style=\"text-align: center;\">Pers\u00f6nlich inspizierte <a href=\"https:\/\/www.urlaubcornwall.de\/ferienhaeuser\/cornwall.php\">Ferienh\u00e4user und Ferienwohnungen in Cornwall<\/a> f\u00fcr Ihren Urlaub.<\/p>\n","protected":false},"excerpt":{"rendered":"<p>Ferienhaus mit Meerblick 2.1 kilometern W von Newquay, Nordk\u00fcste Cornwall. 4 Schlafzimmer, leider keine Haustiere erlaubt, Schlafplatz f\u00fcr 6 + Kinderbett, An-\/Abreisetag am Freitag Preis pro Woche \u00a3541 &#8211; \u00a31510 Watersmeet sitzt hoch \u00fcber der Gannel M\u00fcndung, auf der Pentire Landzunge. Diese ruhige Gegend von Newquay r\u00fchmt sich einer wundersch\u00f6nen Aussicht, bietet eine ganze Reihe [&hellip;]<\/p>\n","protected":false},"author":1,"featured_media":0,"parent":0,"menu_order":0,"comment_status":"closed","ping_status":"closed","template":"single-four.php","meta":[],"acf":[],"yoast_head":"<!-- This site is optimized with the Yoast SEO plugin v19.4 - https:\/\/yoast.com\/wordpress\/plugins\/seo\/ -->\n<title>Ferienhaus am Meer Newquay - Strandurlaub Cornwall - Urlaub &amp; Reisen<\/title>\n<meta name=\"robots\" content=\"index, follow, max-snippet:-1, max-image-preview:large, max-video-preview:-1\" \/>\n<link rel=\"canonical\" href=\"https:\/\/www.urlaubcornwall.de\/blog\/ferienhaus-meer-newquay-strandurlaub-cornwall\/\" \/>\n<meta property=\"og:locale\" content=\"en_US\" \/>\n<meta property=\"og:type\" content=\"article\" \/>\n<meta property=\"og:title\" content=\"Ferienhaus am Meer Newquay - Strandurlaub Cornwall - Urlaub &amp; Reisen\" \/>\n<meta property=\"og:description\" content=\"Ferienhaus mit Meerblick 2.1 kilometern W von Newquay, Nordk\u00fcste Cornwall. 4 Schlafzimmer, leider keine Haustiere erlaubt, Schlafplatz f\u00fcr 6 + Kinderbett, An-\/Abreisetag am Freitag Preis pro Woche \u00a3541 &#8211; \u00a31510 Watersmeet sitzt hoch \u00fcber der Gannel M\u00fcndung, auf der Pentire Landzunge. Diese ruhige Gegend von Newquay r\u00fchmt sich einer wundersch\u00f6nen Aussicht, bietet eine ganze Reihe [&hellip;]\" \/>\n<meta property=\"og:url\" content=\"https:\/\/www.urlaubcornwall.de\/blog\/ferienhaus-meer-newquay-strandurlaub-cornwall\/\" \/>\n<meta property=\"og:site_name\" content=\"Urlaub &amp; Reisen\" \/>\n<meta property=\"article:modified_time\" content=\"2021-07-12T12:58:29+00:00\" \/>\n<meta property=\"og:image\" content=\"https:\/\/www.urlaubcornwall.de\/blog\/wp-content\/uploads\/2017\/12\/ferienhaus-am-meer-newquay.jpg\" \/>\n<meta name=\"twitter:card\" content=\"summary\" \/>\n<meta name=\"twitter:label1\" content=\"Est. reading time\" \/>\n\t<meta name=\"twitter:data1\" content=\"1 minute\" \/>\n<script type=\"application\/ld+json\" class=\"yoast-schema-graph\">{\"@context\":\"https:\/\/schema.org\",\"@graph\":[{\"@type\":\"WebSite\",\"@id\":\"https:\/\/www.urlaubcornwall.de\/blog\/#website\",\"url\":\"https:\/\/www.urlaubcornwall.de\/blog\/\",\"name\":\"Urlaub &amp; Reisen\",\"description\":\"Urlaub, Reisen, Cornwall und S\u00fcdengland: eine perfekte Kombination\",\"potentialAction\":[{\"@type\":\"SearchAction\",\"target\":{\"@type\":\"EntryPoint\",\"urlTemplate\":\"https:\/\/www.urlaubcornwall.de\/blog\/?s={search_term_string}\"},\"query-input\":\"required name=search_term_string\"}],\"inLanguage\":\"en-US\"},{\"@type\":\"WebPage\",\"@id\":\"https:\/\/www.urlaubcornwall.de\/blog\/ferienhaus-meer-newquay-strandurlaub-cornwall\/\",\"url\":\"https:\/\/www.urlaubcornwall.de\/blog\/ferienhaus-meer-newquay-strandurlaub-cornwall\/\",\"name\":\"Ferienhaus am Meer Newquay - Strandurlaub Cornwall - Urlaub &amp; Reisen\",\"isPartOf\":{\"@id\":\"https:\/\/www.urlaubcornwall.de\/blog\/#website\"},\"datePublished\":\"2017-12-24T16:13:57+00:00\",\"dateModified\":\"2021-07-12T12:58:29+00:00\",\"breadcrumb\":{\"@id\":\"https:\/\/www.urlaubcornwall.de\/blog\/ferienhaus-meer-newquay-strandurlaub-cornwall\/#breadcrumb\"},\"inLanguage\":\"en-US\",\"potentialAction\":[{\"@type\":\"ReadAction\",\"target\":[\"https:\/\/www.urlaubcornwall.de\/blog\/ferienhaus-meer-newquay-strandurlaub-cornwall\/\"]}]},{\"@type\":\"BreadcrumbList\",\"@id\":\"https:\/\/www.urlaubcornwall.de\/blog\/ferienhaus-meer-newquay-strandurlaub-cornwall\/#breadcrumb\",\"itemListElement\":[{\"@type\":\"ListItem\",\"position\":1,\"name\":\"Home\",\"item\":\"https:\/\/www.urlaubcornwall.de\/blog\/\"},{\"@type\":\"ListItem\",\"position\":2,\"name\":\"Ferienhaus am Meer Newquay &#8211; Strandurlaub Cornwall\"}]}]}<\/script>\n<!-- \/ Yoast SEO plugin. -->","yoast_head_json":{"title":"Ferienhaus am Meer Newquay - Strandurlaub Cornwall - Urlaub &amp; Reisen","robots":{"index":"index","follow":"follow","max-snippet":"max-snippet:-1","max-image-preview":"max-image-preview:large","max-video-preview":"max-video-preview:-1"},"canonical":"https:\/\/www.urlaubcornwall.de\/blog\/ferienhaus-meer-newquay-strandurlaub-cornwall\/","og_locale":"en_US","og_type":"article","og_title":"Ferienhaus am Meer Newquay - Strandurlaub Cornwall - Urlaub &amp; Reisen","og_description":"Ferienhaus mit Meerblick 2.1 kilometern W von Newquay, Nordk\u00fcste Cornwall. 4 Schlafzimmer, leider keine Haustiere erlaubt, Schlafplatz f\u00fcr 6 + Kinderbett, An-\/Abreisetag am Freitag Preis pro Woche \u00a3541 &#8211; \u00a31510 Watersmeet sitzt hoch \u00fcber der Gannel M\u00fcndung, auf der Pentire Landzunge. Diese ruhige Gegend von Newquay r\u00fchmt sich einer wundersch\u00f6nen Aussicht, bietet eine ganze Reihe [&hellip;]","og_url":"https:\/\/www.urlaubcornwall.de\/blog\/ferienhaus-meer-newquay-strandurlaub-cornwall\/","og_site_name":"Urlaub &amp; Reisen","article_modified_time":"2021-07-12T12:58:29+00:00","og_image":[{"url":"https:\/\/www.urlaubcornwall.de\/blog\/wp-content\/uploads\/2017\/12\/ferienhaus-am-meer-newquay.jpg"}],"twitter_card":"summary","twitter_misc":{"Est. reading time":"1 minute"},"schema":{"@context":"https:\/\/schema.org","@graph":[{"@type":"WebSite","@id":"https:\/\/www.urlaubcornwall.de\/blog\/#website","url":"https:\/\/www.urlaubcornwall.de\/blog\/","name":"Urlaub &amp; Reisen","description":"Urlaub, Reisen, Cornwall und S\u00fcdengland: eine perfekte Kombination","potentialAction":[{"@type":"SearchAction","target":{"@type":"EntryPoint","urlTemplate":"https:\/\/www.urlaubcornwall.de\/blog\/?s={search_term_string}"},"query-input":"required name=search_term_string"}],"inLanguage":"en-US"},{"@type":"WebPage","@id":"https:\/\/www.urlaubcornwall.de\/blog\/ferienhaus-meer-newquay-strandurlaub-cornwall\/","url":"https:\/\/www.urlaubcornwall.de\/blog\/ferienhaus-meer-newquay-strandurlaub-cornwall\/","name":"Ferienhaus am Meer Newquay - Strandurlaub Cornwall - Urlaub &amp; Reisen","isPartOf":{"@id":"https:\/\/www.urlaubcornwall.de\/blog\/#website"},"datePublished":"2017-12-24T16:13:57+00:00","dateModified":"2021-07-12T12:58:29+00:00","breadcrumb":{"@id":"https:\/\/www.urlaubcornwall.de\/blog\/ferienhaus-meer-newquay-strandurlaub-cornwall\/#breadcrumb"},"inLanguage":"en-US","potentialAction":[{"@type":"ReadAction","target":["https:\/\/www.urlaubcornwall.de\/blog\/ferienhaus-meer-newquay-strandurlaub-cornwall\/"]}]},{"@type":"BreadcrumbList","@id":"https:\/\/www.urlaubcornwall.de\/blog\/ferienhaus-meer-newquay-strandurlaub-cornwall\/#breadcrumb","itemListElement":[{"@type":"ListItem","position":1,"name":"Home","item":"https:\/\/www.urlaubcornwall.de\/blog\/"},{"@type":"ListItem","position":2,"name":"Ferienhaus am Meer Newquay &#8211; Strandurlaub Cornwall"}]}]}},"_links":{"self":[{"href":"https:\/\/www.urlaubcornwall.de\/blog\/wp-json\/wp\/v2\/pages\/31516"}],"collection":[{"href":"https:\/\/www.urlaubcornwall.de\/blog\/wp-json\/wp\/v2\/pages"}],"about":[{"href":"https:\/\/www.urlaubcornwall.de\/blog\/wp-json\/wp\/v2\/types\/page"}],"author":[{"embeddable":true,"href":"https:\/\/www.urlaubcornwall.de\/blog\/wp-json\/wp\/v2\/users\/1"}],"replies":[{"embeddable":true,"href":"https:\/\/www.urlaubcornwall.de\/blog\/wp-json\/wp\/v2\/comments?post=31516"}],"version-history":[{"count":3,"href":"https:\/\/www.urlaubcornwall.de\/blog\/wp-json\/wp\/v2\/pages\/31516\/revisions"}],"predecessor-version":[{"id":41857,"href":"https:\/\/www.urlaubcornwall.de\/blog\/wp-json\/wp\/v2\/pages\/31516\/revisions\/41857"}],"wp:attachment":[{"href":"https:\/\/www.urlaubcornwall.de\/blog\/wp-json\/wp\/v2\/media?parent=31516"}],"curies":[{"name":"wp","href":"https:\/\/api.w.org\/{rel}","templated":true}]}}