{"id":31513,"date":"2017-12-24T15:15:57","date_gmt":"2017-12-24T15:15:57","guid":{"rendered":"https:\/\/www.urlaubcornwall.de\/blog\/?page_id=31513"},"modified":"2021-09-02T09:32:07","modified_gmt":"2021-09-02T09:32:07","slug":"ferienhaus-strand-mullion-urlaub-meer-cornwall","status":"publish","type":"page","link":"https:\/\/www.urlaubcornwall.de\/blog\/ferienhaus-strand-mullion-urlaub-meer-cornwall\/","title":{"rendered":"Ferienhaus am Strand Mullion &#8211; Urlaub am Meer Cornwall"},"content":{"rendered":"<p><img loading=\"lazy\" class=\"aligncenter size-full wp-image-31514\" src=\"https:\/\/www.urlaubcornwall.de\/blog\/wp-content\/uploads\/2017\/12\/ferienhaus-am-strand-mullion.jpg\" alt=\"ferienhaus am strand mullion\" width=\"749\" height=\"425\"\/><br \/>\n<strong>Ferienhaus strandnah Mullion, S\u00fcdwest-Cornwall.<\/strong><\/p>\n<p>4 Schlafzimmer, hundefreundlich, Schlafplatz f\u00fcr 8 + Kinderbett, An-\/Abreisetag am Freitag, Preis pro Woche \u00a3656 &#8211; \u00a31830<\/p>\n<p>Das Grand Old Edwardian House liegt am Rande des Mullion, dem gr\u00f6\u00dften Dorf der Eidechse mit seinen Kunstgalerien, Gesch\u00e4ften, Gasth\u00e4usern und Caf\u00e9s, und erf\u00fcllt die Anforderungen des modernen Lebens und bewahrt gleichzeitig den Geist und die Merkmale einer vergangenen Epoche. Wundersch\u00f6n und sympathisch von den Besitzern renoviert, bietet dieses elegante Anwesen mit seinen hohen Decken und originellen Parkett Holzfu\u00dfb\u00f6den den G\u00e4sten reichlich Platz f\u00fcr Familien und Freunde. Tregwyth hat einen Raum f\u00fcr alle Ihre Urlaubsbed\u00fcrfnisse, ob die Suche nach einem gem\u00fctlichen gem\u00fctlich, ein gutes Buch zu lesen, ein gem\u00fctliches Sofa vor dem Holz-Brenner oder vielleicht einen Moment, um die Elfenbein zu kitzeln, hat dieses Familienhaus eine Willkommen f\u00fcr alle.<\/p>\n<p style=\"text-align: center;\"><a class=\"tidycta\" href=\"https:\/\/www.urlaubcornwall.de\/ferienhaeuser-fewos\/mullion-am-meer.html\">Suche Ferienh\u00e4user Mullion<\/a><\/p>\n<p><strong>Um UrlaubCornwall.de einzigartige Kollektion nach Ihrem idealen Ferienhaus zu durchsuchen.<\/strong> <a href=\"https:\/\/www.urlaubcornwall.de\/ferienhaeuser\/cornwall.php\"><span style=\"text-decoration: underline;\"><strong>Klicken Sie hier<\/strong><\/span><strong> &gt;&gt;<\/strong><\/a><\/p>\n","protected":false},"excerpt":{"rendered":"<p>Ferienhaus strandnah Mullion, S\u00fcdwest-Cornwall. 4 Schlafzimmer, hundefreundlich, Schlafplatz f\u00fcr 8 + Kinderbett, An-\/Abreisetag am Freitag, Preis pro Woche \u00a3656 &#8211; \u00a31830 Das Grand Old Edwardian House liegt am Rande des Mullion, dem gr\u00f6\u00dften Dorf der Eidechse mit seinen Kunstgalerien, Gesch\u00e4ften, Gasth\u00e4usern und Caf\u00e9s, und erf\u00fcllt die Anforderungen des modernen Lebens und bewahrt gleichzeitig den Geist [&hellip;]<\/p>\n","protected":false},"author":1,"featured_media":0,"parent":0,"menu_order":0,"comment_status":"closed","ping_status":"closed","template":"single-four.php","meta":[],"acf":[],"yoast_head":"<!-- This site is optimized with the Yoast SEO plugin v19.4 - https:\/\/yoast.com\/wordpress\/plugins\/seo\/ -->\n<title>Ferienhaus am Strand Mullion - Urlaub am Meer Cornwall - Urlaub &amp; Reisen<\/title>\n<meta name=\"robots\" content=\"index, follow, max-snippet:-1, max-image-preview:large, max-video-preview:-1\" \/>\n<link rel=\"canonical\" href=\"https:\/\/www.urlaubcornwall.de\/blog\/ferienhaus-strand-mullion-urlaub-meer-cornwall\/\" \/>\n<meta property=\"og:locale\" content=\"en_US\" \/>\n<meta property=\"og:type\" content=\"article\" \/>\n<meta property=\"og:title\" content=\"Ferienhaus am Strand Mullion - Urlaub am Meer Cornwall - Urlaub &amp; Reisen\" \/>\n<meta property=\"og:description\" content=\"Ferienhaus strandnah Mullion, S\u00fcdwest-Cornwall. 4 Schlafzimmer, hundefreundlich, Schlafplatz f\u00fcr 8 + Kinderbett, An-\/Abreisetag am Freitag, Preis pro Woche \u00a3656 &#8211; \u00a31830 Das Grand Old Edwardian House liegt am Rande des Mullion, dem gr\u00f6\u00dften Dorf der Eidechse mit seinen Kunstgalerien, Gesch\u00e4ften, Gasth\u00e4usern und Caf\u00e9s, und erf\u00fcllt die Anforderungen des modernen Lebens und bewahrt gleichzeitig den Geist [&hellip;]\" \/>\n<meta property=\"og:url\" content=\"https:\/\/www.urlaubcornwall.de\/blog\/ferienhaus-strand-mullion-urlaub-meer-cornwall\/\" \/>\n<meta property=\"og:site_name\" content=\"Urlaub &amp; Reisen\" \/>\n<meta property=\"article:modified_time\" content=\"2021-09-02T09:32:07+00:00\" \/>\n<meta property=\"og:image\" content=\"https:\/\/www.urlaubcornwall.de\/blog\/wp-content\/uploads\/2017\/12\/ferienhaus-am-strand-mullion.jpg\" \/>\n<meta name=\"twitter:card\" content=\"summary\" \/>\n<meta name=\"twitter:label1\" content=\"Est. reading time\" \/>\n\t<meta name=\"twitter:data1\" content=\"1 minute\" \/>\n<script type=\"application\/ld+json\" class=\"yoast-schema-graph\">{\"@context\":\"https:\/\/schema.org\",\"@graph\":[{\"@type\":\"WebSite\",\"@id\":\"https:\/\/www.urlaubcornwall.de\/blog\/#website\",\"url\":\"https:\/\/www.urlaubcornwall.de\/blog\/\",\"name\":\"Urlaub &amp; Reisen\",\"description\":\"Urlaub, Reisen, Cornwall und S\u00fcdengland: eine perfekte Kombination\",\"potentialAction\":[{\"@type\":\"SearchAction\",\"target\":{\"@type\":\"EntryPoint\",\"urlTemplate\":\"https:\/\/www.urlaubcornwall.de\/blog\/?s={search_term_string}\"},\"query-input\":\"required name=search_term_string\"}],\"inLanguage\":\"en-US\"},{\"@type\":\"WebPage\",\"@id\":\"https:\/\/www.urlaubcornwall.de\/blog\/ferienhaus-strand-mullion-urlaub-meer-cornwall\/\",\"url\":\"https:\/\/www.urlaubcornwall.de\/blog\/ferienhaus-strand-mullion-urlaub-meer-cornwall\/\",\"name\":\"Ferienhaus am Strand Mullion - Urlaub am Meer Cornwall - Urlaub &amp; Reisen\",\"isPartOf\":{\"@id\":\"https:\/\/www.urlaubcornwall.de\/blog\/#website\"},\"datePublished\":\"2017-12-24T15:15:57+00:00\",\"dateModified\":\"2021-09-02T09:32:07+00:00\",\"breadcrumb\":{\"@id\":\"https:\/\/www.urlaubcornwall.de\/blog\/ferienhaus-strand-mullion-urlaub-meer-cornwall\/#breadcrumb\"},\"inLanguage\":\"en-US\",\"potentialAction\":[{\"@type\":\"ReadAction\",\"target\":[\"https:\/\/www.urlaubcornwall.de\/blog\/ferienhaus-strand-mullion-urlaub-meer-cornwall\/\"]}]},{\"@type\":\"BreadcrumbList\",\"@id\":\"https:\/\/www.urlaubcornwall.de\/blog\/ferienhaus-strand-mullion-urlaub-meer-cornwall\/#breadcrumb\",\"itemListElement\":[{\"@type\":\"ListItem\",\"position\":1,\"name\":\"Home\",\"item\":\"https:\/\/www.urlaubcornwall.de\/blog\/\"},{\"@type\":\"ListItem\",\"position\":2,\"name\":\"Ferienhaus am Strand Mullion &#8211; Urlaub am Meer Cornwall\"}]}]}<\/script>\n<!-- \/ Yoast SEO plugin. -->","yoast_head_json":{"title":"Ferienhaus am Strand Mullion - Urlaub am Meer Cornwall - Urlaub &amp; Reisen","robots":{"index":"index","follow":"follow","max-snippet":"max-snippet:-1","max-image-preview":"max-image-preview:large","max-video-preview":"max-video-preview:-1"},"canonical":"https:\/\/www.urlaubcornwall.de\/blog\/ferienhaus-strand-mullion-urlaub-meer-cornwall\/","og_locale":"en_US","og_type":"article","og_title":"Ferienhaus am Strand Mullion - Urlaub am Meer Cornwall - Urlaub &amp; Reisen","og_description":"Ferienhaus strandnah Mullion, S\u00fcdwest-Cornwall. 4 Schlafzimmer, hundefreundlich, Schlafplatz f\u00fcr 8 + Kinderbett, An-\/Abreisetag am Freitag, Preis pro Woche \u00a3656 &#8211; \u00a31830 Das Grand Old Edwardian House liegt am Rande des Mullion, dem gr\u00f6\u00dften Dorf der Eidechse mit seinen Kunstgalerien, Gesch\u00e4ften, Gasth\u00e4usern und Caf\u00e9s, und erf\u00fcllt die Anforderungen des modernen Lebens und bewahrt gleichzeitig den Geist [&hellip;]","og_url":"https:\/\/www.urlaubcornwall.de\/blog\/ferienhaus-strand-mullion-urlaub-meer-cornwall\/","og_site_name":"Urlaub &amp; Reisen","article_modified_time":"2021-09-02T09:32:07+00:00","og_image":[{"url":"https:\/\/www.urlaubcornwall.de\/blog\/wp-content\/uploads\/2017\/12\/ferienhaus-am-strand-mullion.jpg"}],"twitter_card":"summary","twitter_misc":{"Est. reading time":"1 minute"},"schema":{"@context":"https:\/\/schema.org","@graph":[{"@type":"WebSite","@id":"https:\/\/www.urlaubcornwall.de\/blog\/#website","url":"https:\/\/www.urlaubcornwall.de\/blog\/","name":"Urlaub &amp; Reisen","description":"Urlaub, Reisen, Cornwall und S\u00fcdengland: eine perfekte Kombination","potentialAction":[{"@type":"SearchAction","target":{"@type":"EntryPoint","urlTemplate":"https:\/\/www.urlaubcornwall.de\/blog\/?s={search_term_string}"},"query-input":"required name=search_term_string"}],"inLanguage":"en-US"},{"@type":"WebPage","@id":"https:\/\/www.urlaubcornwall.de\/blog\/ferienhaus-strand-mullion-urlaub-meer-cornwall\/","url":"https:\/\/www.urlaubcornwall.de\/blog\/ferienhaus-strand-mullion-urlaub-meer-cornwall\/","name":"Ferienhaus am Strand Mullion - Urlaub am Meer Cornwall - Urlaub &amp; Reisen","isPartOf":{"@id":"https:\/\/www.urlaubcornwall.de\/blog\/#website"},"datePublished":"2017-12-24T15:15:57+00:00","dateModified":"2021-09-02T09:32:07+00:00","breadcrumb":{"@id":"https:\/\/www.urlaubcornwall.de\/blog\/ferienhaus-strand-mullion-urlaub-meer-cornwall\/#breadcrumb"},"inLanguage":"en-US","potentialAction":[{"@type":"ReadAction","target":["https:\/\/www.urlaubcornwall.de\/blog\/ferienhaus-strand-mullion-urlaub-meer-cornwall\/"]}]},{"@type":"BreadcrumbList","@id":"https:\/\/www.urlaubcornwall.de\/blog\/ferienhaus-strand-mullion-urlaub-meer-cornwall\/#breadcrumb","itemListElement":[{"@type":"ListItem","position":1,"name":"Home","item":"https:\/\/www.urlaubcornwall.de\/blog\/"},{"@type":"ListItem","position":2,"name":"Ferienhaus am Strand Mullion &#8211; Urlaub am Meer Cornwall"}]}]}},"_links":{"self":[{"href":"https:\/\/www.urlaubcornwall.de\/blog\/wp-json\/wp\/v2\/pages\/31513"}],"collection":[{"href":"https:\/\/www.urlaubcornwall.de\/blog\/wp-json\/wp\/v2\/pages"}],"about":[{"href":"https:\/\/www.urlaubcornwall.de\/blog\/wp-json\/wp\/v2\/types\/page"}],"author":[{"embeddable":true,"href":"https:\/\/www.urlaubcornwall.de\/blog\/wp-json\/wp\/v2\/users\/1"}],"replies":[{"embeddable":true,"href":"https:\/\/www.urlaubcornwall.de\/blog\/wp-json\/wp\/v2\/comments?post=31513"}],"version-history":[{"count":3,"href":"https:\/\/www.urlaubcornwall.de\/blog\/wp-json\/wp\/v2\/pages\/31513\/revisions"}],"predecessor-version":[{"id":42431,"href":"https:\/\/www.urlaubcornwall.de\/blog\/wp-json\/wp\/v2\/pages\/31513\/revisions\/42431"}],"wp:attachment":[{"href":"https:\/\/www.urlaubcornwall.de\/blog\/wp-json\/wp\/v2\/media?parent=31513"}],"curies":[{"name":"wp","href":"https:\/\/api.w.org\/{rel}","templated":true}]}}