{"id":31509,"date":"2017-12-24T15:11:05","date_gmt":"2017-12-24T15:11:05","guid":{"rendered":"https:\/\/www.urlaubcornwall.de\/blog\/?page_id=31509"},"modified":"2021-07-12T12:56:52","modified_gmt":"2021-07-12T12:56:52","slug":"ferienhaus-meer-mullion-mieten-strandurlaub-lizard-halbinsel","status":"publish","type":"page","link":"https:\/\/www.urlaubcornwall.de\/blog\/ferienhaus-meer-mullion-mieten-strandurlaub-lizard-halbinsel\/","title":{"rendered":"Ferienhaus am Meer Mullion mieten &#8211; Strandurlaub Lizard Halbinsel"},"content":{"rendered":"<p><img loading=\"lazy\" class=\"aligncenter size-full wp-image-31510\" src=\"https:\/\/www.urlaubcornwall.de\/blog\/wp-content\/uploads\/2017\/12\/ferienhaus-am-meer-mullion.jpg\" alt=\"ferienhaus am meer mullion\" width=\"746\" height=\"430\"\/><br \/>\n<strong>Ferienhaus strandnah Mullion, S\u00fcdwest-Cornwall.<\/strong><\/p>\n<p>3 Schlafzimmer, leider keine Haustiere erlaubt, Schlafplatz f\u00fcr 5 + Kinderbett, An-\/Abreisetag am Sonntag<\/p>\n<p>Preis pro Woche \u00a3479 &#8211; \u00a31220<\/p>\n<p>Das h\u00fcbsche Dorf von Mullion ist das gr\u00f6\u00dfte auf der Eidechse, mit Gesch\u00e4ften, Pubs und Restaurants, die um die 15. Jahrhundert Kirche von Str. Mellanus, die in seinem Herzen liegt, gruppiert. Das Hotel liegt in einer ruhigen nahe am Rande des Dorfes, ein bequemer Spaziergang von der Kirche liegt Overstrand, ein attraktiver freistehenden Bungalow. Treten Sie in die Haust\u00fcr und Sie sind in f\u00fcr eine Festlichkeit, wie die sch\u00f6n eingerichtete und einladende Interieur ist ein Ergebnis der Besitzer die Liebe zum Detail. Bequeme Sofas zum entspannen, eine K\u00fcche zum Kochen und ein herrlicher Garten mit viel Platz zum Chillen mit Freunden und Familie \u2013 was braucht man mehr f\u00fcr einen perfekten Urlaub?<\/p>\n<p style=\"text-align: center;\"><a class=\"tidycta\" href=\"https:\/\/www.urlaubcornwall.de\/ferienhaeuser-fewos\/mullion-am-meer.html\">Ferienh\u00e4user Mullion<\/a><\/p>\n<p style=\"text-align: center;\">Pers\u00f6nlich inspizierte <a href=\"https:\/\/www.urlaubcornwall.de\/ferienhaeuser\/cornwall.php\">Ferienh\u00e4user und Ferienwohnungen in Cornwall<\/a> f\u00fcr Ihren Urlaub.<\/p>\n","protected":false},"excerpt":{"rendered":"<p>Ferienhaus strandnah Mullion, S\u00fcdwest-Cornwall. 3 Schlafzimmer, leider keine Haustiere erlaubt, Schlafplatz f\u00fcr 5 + Kinderbett, An-\/Abreisetag am Sonntag Preis pro Woche \u00a3479 &#8211; \u00a31220 Das h\u00fcbsche Dorf von Mullion ist das gr\u00f6\u00dfte auf der Eidechse, mit Gesch\u00e4ften, Pubs und Restaurants, die um die 15. Jahrhundert Kirche von Str. Mellanus, die in seinem Herzen liegt, gruppiert. [&hellip;]<\/p>\n","protected":false},"author":1,"featured_media":0,"parent":0,"menu_order":0,"comment_status":"closed","ping_status":"closed","template":"single-four.php","meta":[],"acf":[],"yoast_head":"<!-- This site is optimized with the Yoast SEO plugin v19.4 - https:\/\/yoast.com\/wordpress\/plugins\/seo\/ -->\n<title>Ferienhaus am Meer Mullion mieten - Strandurlaub Lizard Halbinsel - Urlaub &amp; Reisen<\/title>\n<meta name=\"robots\" content=\"index, follow, max-snippet:-1, max-image-preview:large, max-video-preview:-1\" \/>\n<link rel=\"canonical\" href=\"https:\/\/www.urlaubcornwall.de\/blog\/ferienhaus-meer-mullion-mieten-strandurlaub-lizard-halbinsel\/\" \/>\n<meta property=\"og:locale\" content=\"en_US\" \/>\n<meta property=\"og:type\" content=\"article\" \/>\n<meta property=\"og:title\" content=\"Ferienhaus am Meer Mullion mieten - Strandurlaub Lizard Halbinsel - Urlaub &amp; Reisen\" \/>\n<meta property=\"og:description\" content=\"Ferienhaus strandnah Mullion, S\u00fcdwest-Cornwall. 3 Schlafzimmer, leider keine Haustiere erlaubt, Schlafplatz f\u00fcr 5 + Kinderbett, An-\/Abreisetag am Sonntag Preis pro Woche \u00a3479 &#8211; \u00a31220 Das h\u00fcbsche Dorf von Mullion ist das gr\u00f6\u00dfte auf der Eidechse, mit Gesch\u00e4ften, Pubs und Restaurants, die um die 15. Jahrhundert Kirche von Str. Mellanus, die in seinem Herzen liegt, gruppiert. [&hellip;]\" \/>\n<meta property=\"og:url\" content=\"https:\/\/www.urlaubcornwall.de\/blog\/ferienhaus-meer-mullion-mieten-strandurlaub-lizard-halbinsel\/\" \/>\n<meta property=\"og:site_name\" content=\"Urlaub &amp; Reisen\" \/>\n<meta property=\"article:modified_time\" content=\"2021-07-12T12:56:52+00:00\" \/>\n<meta property=\"og:image\" content=\"https:\/\/www.urlaubcornwall.de\/blog\/wp-content\/uploads\/2017\/12\/ferienhaus-am-meer-mullion.jpg\" \/>\n<meta name=\"twitter:card\" content=\"summary\" \/>\n<meta name=\"twitter:label1\" content=\"Est. reading time\" \/>\n\t<meta name=\"twitter:data1\" content=\"1 minute\" \/>\n<script type=\"application\/ld+json\" class=\"yoast-schema-graph\">{\"@context\":\"https:\/\/schema.org\",\"@graph\":[{\"@type\":\"WebSite\",\"@id\":\"https:\/\/www.urlaubcornwall.de\/blog\/#website\",\"url\":\"https:\/\/www.urlaubcornwall.de\/blog\/\",\"name\":\"Urlaub &amp; Reisen\",\"description\":\"Urlaub, Reisen, Cornwall und S\u00fcdengland: eine perfekte Kombination\",\"potentialAction\":[{\"@type\":\"SearchAction\",\"target\":{\"@type\":\"EntryPoint\",\"urlTemplate\":\"https:\/\/www.urlaubcornwall.de\/blog\/?s={search_term_string}\"},\"query-input\":\"required name=search_term_string\"}],\"inLanguage\":\"en-US\"},{\"@type\":\"WebPage\",\"@id\":\"https:\/\/www.urlaubcornwall.de\/blog\/ferienhaus-meer-mullion-mieten-strandurlaub-lizard-halbinsel\/\",\"url\":\"https:\/\/www.urlaubcornwall.de\/blog\/ferienhaus-meer-mullion-mieten-strandurlaub-lizard-halbinsel\/\",\"name\":\"Ferienhaus am Meer Mullion mieten - Strandurlaub Lizard Halbinsel - Urlaub &amp; Reisen\",\"isPartOf\":{\"@id\":\"https:\/\/www.urlaubcornwall.de\/blog\/#website\"},\"datePublished\":\"2017-12-24T15:11:05+00:00\",\"dateModified\":\"2021-07-12T12:56:52+00:00\",\"breadcrumb\":{\"@id\":\"https:\/\/www.urlaubcornwall.de\/blog\/ferienhaus-meer-mullion-mieten-strandurlaub-lizard-halbinsel\/#breadcrumb\"},\"inLanguage\":\"en-US\",\"potentialAction\":[{\"@type\":\"ReadAction\",\"target\":[\"https:\/\/www.urlaubcornwall.de\/blog\/ferienhaus-meer-mullion-mieten-strandurlaub-lizard-halbinsel\/\"]}]},{\"@type\":\"BreadcrumbList\",\"@id\":\"https:\/\/www.urlaubcornwall.de\/blog\/ferienhaus-meer-mullion-mieten-strandurlaub-lizard-halbinsel\/#breadcrumb\",\"itemListElement\":[{\"@type\":\"ListItem\",\"position\":1,\"name\":\"Home\",\"item\":\"https:\/\/www.urlaubcornwall.de\/blog\/\"},{\"@type\":\"ListItem\",\"position\":2,\"name\":\"Ferienhaus am Meer Mullion mieten &#8211; Strandurlaub Lizard Halbinsel\"}]}]}<\/script>\n<!-- \/ Yoast SEO plugin. -->","yoast_head_json":{"title":"Ferienhaus am Meer Mullion mieten - Strandurlaub Lizard Halbinsel - Urlaub &amp; Reisen","robots":{"index":"index","follow":"follow","max-snippet":"max-snippet:-1","max-image-preview":"max-image-preview:large","max-video-preview":"max-video-preview:-1"},"canonical":"https:\/\/www.urlaubcornwall.de\/blog\/ferienhaus-meer-mullion-mieten-strandurlaub-lizard-halbinsel\/","og_locale":"en_US","og_type":"article","og_title":"Ferienhaus am Meer Mullion mieten - Strandurlaub Lizard Halbinsel - Urlaub &amp; Reisen","og_description":"Ferienhaus strandnah Mullion, S\u00fcdwest-Cornwall. 3 Schlafzimmer, leider keine Haustiere erlaubt, Schlafplatz f\u00fcr 5 + Kinderbett, An-\/Abreisetag am Sonntag Preis pro Woche \u00a3479 &#8211; \u00a31220 Das h\u00fcbsche Dorf von Mullion ist das gr\u00f6\u00dfte auf der Eidechse, mit Gesch\u00e4ften, Pubs und Restaurants, die um die 15. Jahrhundert Kirche von Str. Mellanus, die in seinem Herzen liegt, gruppiert. [&hellip;]","og_url":"https:\/\/www.urlaubcornwall.de\/blog\/ferienhaus-meer-mullion-mieten-strandurlaub-lizard-halbinsel\/","og_site_name":"Urlaub &amp; Reisen","article_modified_time":"2021-07-12T12:56:52+00:00","og_image":[{"url":"https:\/\/www.urlaubcornwall.de\/blog\/wp-content\/uploads\/2017\/12\/ferienhaus-am-meer-mullion.jpg"}],"twitter_card":"summary","twitter_misc":{"Est. reading time":"1 minute"},"schema":{"@context":"https:\/\/schema.org","@graph":[{"@type":"WebSite","@id":"https:\/\/www.urlaubcornwall.de\/blog\/#website","url":"https:\/\/www.urlaubcornwall.de\/blog\/","name":"Urlaub &amp; Reisen","description":"Urlaub, Reisen, Cornwall und S\u00fcdengland: eine perfekte Kombination","potentialAction":[{"@type":"SearchAction","target":{"@type":"EntryPoint","urlTemplate":"https:\/\/www.urlaubcornwall.de\/blog\/?s={search_term_string}"},"query-input":"required name=search_term_string"}],"inLanguage":"en-US"},{"@type":"WebPage","@id":"https:\/\/www.urlaubcornwall.de\/blog\/ferienhaus-meer-mullion-mieten-strandurlaub-lizard-halbinsel\/","url":"https:\/\/www.urlaubcornwall.de\/blog\/ferienhaus-meer-mullion-mieten-strandurlaub-lizard-halbinsel\/","name":"Ferienhaus am Meer Mullion mieten - Strandurlaub Lizard Halbinsel - Urlaub &amp; Reisen","isPartOf":{"@id":"https:\/\/www.urlaubcornwall.de\/blog\/#website"},"datePublished":"2017-12-24T15:11:05+00:00","dateModified":"2021-07-12T12:56:52+00:00","breadcrumb":{"@id":"https:\/\/www.urlaubcornwall.de\/blog\/ferienhaus-meer-mullion-mieten-strandurlaub-lizard-halbinsel\/#breadcrumb"},"inLanguage":"en-US","potentialAction":[{"@type":"ReadAction","target":["https:\/\/www.urlaubcornwall.de\/blog\/ferienhaus-meer-mullion-mieten-strandurlaub-lizard-halbinsel\/"]}]},{"@type":"BreadcrumbList","@id":"https:\/\/www.urlaubcornwall.de\/blog\/ferienhaus-meer-mullion-mieten-strandurlaub-lizard-halbinsel\/#breadcrumb","itemListElement":[{"@type":"ListItem","position":1,"name":"Home","item":"https:\/\/www.urlaubcornwall.de\/blog\/"},{"@type":"ListItem","position":2,"name":"Ferienhaus am Meer Mullion mieten &#8211; Strandurlaub Lizard Halbinsel"}]}]}},"_links":{"self":[{"href":"https:\/\/www.urlaubcornwall.de\/blog\/wp-json\/wp\/v2\/pages\/31509"}],"collection":[{"href":"https:\/\/www.urlaubcornwall.de\/blog\/wp-json\/wp\/v2\/pages"}],"about":[{"href":"https:\/\/www.urlaubcornwall.de\/blog\/wp-json\/wp\/v2\/types\/page"}],"author":[{"embeddable":true,"href":"https:\/\/www.urlaubcornwall.de\/blog\/wp-json\/wp\/v2\/users\/1"}],"replies":[{"embeddable":true,"href":"https:\/\/www.urlaubcornwall.de\/blog\/wp-json\/wp\/v2\/comments?post=31509"}],"version-history":[{"count":3,"href":"https:\/\/www.urlaubcornwall.de\/blog\/wp-json\/wp\/v2\/pages\/31509\/revisions"}],"predecessor-version":[{"id":41855,"href":"https:\/\/www.urlaubcornwall.de\/blog\/wp-json\/wp\/v2\/pages\/31509\/revisions\/41855"}],"wp:attachment":[{"href":"https:\/\/www.urlaubcornwall.de\/blog\/wp-json\/wp\/v2\/media?parent=31509"}],"curies":[{"name":"wp","href":"https:\/\/api.w.org\/{rel}","templated":true}]}}