{"id":31505,"date":"2017-12-24T14:25:18","date_gmt":"2017-12-24T14:25:18","guid":{"rendered":"https:\/\/www.urlaubcornwall.de\/blog\/?page_id=31505"},"modified":"2021-09-02T09:22:42","modified_gmt":"2021-09-02T09:22:42","slug":"ferienhaus-meer-mawgan-porth","status":"publish","type":"page","link":"https:\/\/www.urlaubcornwall.de\/blog\/ferienhaus-meer-mawgan-porth\/","title":{"rendered":"Ferienhaus am Meer in Mawgan Porth"},"content":{"rendered":"<p><img loading=\"lazy\" class=\"aligncenter size-full wp-image-31506\" src=\"https:\/\/www.urlaubcornwall.de\/blog\/wp-content\/uploads\/2017\/12\/ferienhaus-am-meer-mawgan-porth-10-personen.jpg\" alt=\"ferienhaus am meer mawgan porth \" width=\"746\" height=\"455\"\/><br \/>\n<strong>Ferienhaus mit Meerblick Mawgan Porth, Nordk\u00fcste Cornwall.<\/strong><\/p>\n<p>5 Schlafzimmer, leider keine Haustiere erlaubt, Schlafplatz f\u00fcr 10 + 2 Kinderbetten, An-\/Abreisetag am Freitag, Preis pro Woche \u00a3944 &#8211; \u00a32900<\/p>\n<p>Zw\u00f6lf Schritte von der K\u00fcstenstra\u00dfe f\u00fchrt hinunter zum Mawgan Porth, einem echten Surfer es Paradise Strand an der <a href=\"https:\/\/www.urlaubcornwall.de\/ferienhaeuser-fewos\/nordkueste-cornwall.html\">Nord Cornish K\u00fcste<\/a>. Mit Blick auf den Atlantik und direkten Zugang zum Strand \u00fcber einen Fu\u00dfweg aus dem geschlossenen Garten, ist zw\u00f6lf Schritte ein freistehendes, zeitgen\u00f6ssisches Ferienhaus mit gro\u00dfer Aufmerksamkeit auf die Maximierung der Aussicht und den Zugang zu den sch\u00f6nen Garten renoviert. Terrassent\u00fcren f\u00fchren aus dem offenen Wohnzimmer, das eine ma\u00dfgeschneiderte Einbauk\u00fcche, einen Holzofen und bequeme Sofas beinhaltet. Der gro\u00dfe Esstisch wird sich als Anlaufstelle f\u00fcr alle erweisen, denn es gibt Platz f\u00fcr alle, um zu versammeln und genie\u00dfen Sie gesellige Mahlzeiten und planen die n\u00e4chste Strand Reise zusammen. Vier der Schlafzimmer sind im Erdgeschoss, die en Suite Master mit wunderbarem Blick aufs Meer. Im Obergeschoss befindet sich ein weiteres Badezimmer mit Balkon mit Blick auf die Landschaft, und das zweite Wohnzimmer, mit Boden bis zur Decke Fenster bietet fabelhafte Aussicht auf das Meer. Erkunden Sie diese atemberaubende K\u00fcstenlage ist m\u00fchelos, mit Jamie Oliver es f\u00fcnfzehn Cornwall in Watergate Bay in der N\u00e4he zu genie\u00dfen, und der ideale Familienstrand in Mawgan Porth vor der Haust\u00fcr. F\u00fcr einen Tagesausflug ist das Eden Projekt auch leicht zu erreichen.<\/p>\n<p style=\"text-align: center;\"><a class=\"tidycta\" href=\"https:\/\/www.urlaubcornwall.de\/ferienhaeuser-fewos\/mawgan-porth-am-meer.html\">Ferienh\u00e4user Mawgan Porth<\/a><\/p>\n<p><strong>Um UrlaubCornwall.de einzigartige Kollektion nach Ihrem idealen Ferienhaus zu durchsuchen.<\/strong> <a href=\"https:\/\/www.urlaubcornwall.de\/ferienhaeuser\/cornwall.php\"><span style=\"text-decoration: underline;\"><strong>Klicken Sie hier<\/strong><\/span><strong> &gt;&gt;<\/strong><\/a><\/p>\n","protected":false},"excerpt":{"rendered":"<p>Ferienhaus mit Meerblick Mawgan Porth, Nordk\u00fcste Cornwall. 5 Schlafzimmer, leider keine Haustiere erlaubt, Schlafplatz f\u00fcr 10 + 2 Kinderbetten, An-\/Abreisetag am Freitag, Preis pro Woche \u00a3944 &#8211; \u00a32900 Zw\u00f6lf Schritte von der K\u00fcstenstra\u00dfe f\u00fchrt hinunter zum Mawgan Porth, einem echten Surfer es Paradise Strand an der Nord Cornish K\u00fcste. Mit Blick auf den Atlantik und [&hellip;]<\/p>\n","protected":false},"author":1,"featured_media":0,"parent":0,"menu_order":0,"comment_status":"closed","ping_status":"closed","template":"single-four.php","meta":[],"acf":[],"yoast_head":"<!-- This site is optimized with the Yoast SEO plugin v19.4 - https:\/\/yoast.com\/wordpress\/plugins\/seo\/ -->\n<title>Ferienhaus am Meer in Mawgan Porth - Urlaub &amp; Reisen<\/title>\n<meta name=\"robots\" content=\"index, follow, max-snippet:-1, max-image-preview:large, max-video-preview:-1\" \/>\n<link rel=\"canonical\" href=\"https:\/\/www.urlaubcornwall.de\/blog\/ferienhaus-meer-mawgan-porth\/\" \/>\n<meta property=\"og:locale\" content=\"en_US\" \/>\n<meta property=\"og:type\" content=\"article\" \/>\n<meta property=\"og:title\" content=\"Ferienhaus am Meer in Mawgan Porth - Urlaub &amp; Reisen\" \/>\n<meta property=\"og:description\" content=\"Ferienhaus mit Meerblick Mawgan Porth, Nordk\u00fcste Cornwall. 5 Schlafzimmer, leider keine Haustiere erlaubt, Schlafplatz f\u00fcr 10 + 2 Kinderbetten, An-\/Abreisetag am Freitag, Preis pro Woche \u00a3944 &#8211; \u00a32900 Zw\u00f6lf Schritte von der K\u00fcstenstra\u00dfe f\u00fchrt hinunter zum Mawgan Porth, einem echten Surfer es Paradise Strand an der Nord Cornish K\u00fcste. Mit Blick auf den Atlantik und [&hellip;]\" \/>\n<meta property=\"og:url\" content=\"https:\/\/www.urlaubcornwall.de\/blog\/ferienhaus-meer-mawgan-porth\/\" \/>\n<meta property=\"og:site_name\" content=\"Urlaub &amp; Reisen\" \/>\n<meta property=\"article:modified_time\" content=\"2021-09-02T09:22:42+00:00\" \/>\n<meta property=\"og:image\" content=\"https:\/\/www.urlaubcornwall.de\/blog\/wp-content\/uploads\/2017\/12\/ferienhaus-am-meer-mawgan-porth-10-personen.jpg\" \/>\n<meta name=\"twitter:card\" content=\"summary\" \/>\n<meta name=\"twitter:label1\" content=\"Est. reading time\" \/>\n\t<meta name=\"twitter:data1\" content=\"1 minute\" \/>\n<script type=\"application\/ld+json\" class=\"yoast-schema-graph\">{\"@context\":\"https:\/\/schema.org\",\"@graph\":[{\"@type\":\"WebSite\",\"@id\":\"https:\/\/www.urlaubcornwall.de\/blog\/#website\",\"url\":\"https:\/\/www.urlaubcornwall.de\/blog\/\",\"name\":\"Urlaub &amp; Reisen\",\"description\":\"Urlaub, Reisen, Cornwall und S\u00fcdengland: eine perfekte Kombination\",\"potentialAction\":[{\"@type\":\"SearchAction\",\"target\":{\"@type\":\"EntryPoint\",\"urlTemplate\":\"https:\/\/www.urlaubcornwall.de\/blog\/?s={search_term_string}\"},\"query-input\":\"required name=search_term_string\"}],\"inLanguage\":\"en-US\"},{\"@type\":\"WebPage\",\"@id\":\"https:\/\/www.urlaubcornwall.de\/blog\/ferienhaus-meer-mawgan-porth\/\",\"url\":\"https:\/\/www.urlaubcornwall.de\/blog\/ferienhaus-meer-mawgan-porth\/\",\"name\":\"Ferienhaus am Meer in Mawgan Porth - Urlaub &amp; Reisen\",\"isPartOf\":{\"@id\":\"https:\/\/www.urlaubcornwall.de\/blog\/#website\"},\"datePublished\":\"2017-12-24T14:25:18+00:00\",\"dateModified\":\"2021-09-02T09:22:42+00:00\",\"breadcrumb\":{\"@id\":\"https:\/\/www.urlaubcornwall.de\/blog\/ferienhaus-meer-mawgan-porth\/#breadcrumb\"},\"inLanguage\":\"en-US\",\"potentialAction\":[{\"@type\":\"ReadAction\",\"target\":[\"https:\/\/www.urlaubcornwall.de\/blog\/ferienhaus-meer-mawgan-porth\/\"]}]},{\"@type\":\"BreadcrumbList\",\"@id\":\"https:\/\/www.urlaubcornwall.de\/blog\/ferienhaus-meer-mawgan-porth\/#breadcrumb\",\"itemListElement\":[{\"@type\":\"ListItem\",\"position\":1,\"name\":\"Home\",\"item\":\"https:\/\/www.urlaubcornwall.de\/blog\/\"},{\"@type\":\"ListItem\",\"position\":2,\"name\":\"Ferienhaus am Meer in Mawgan Porth\"}]}]}<\/script>\n<!-- \/ Yoast SEO plugin. -->","yoast_head_json":{"title":"Ferienhaus am Meer in Mawgan Porth - Urlaub &amp; Reisen","robots":{"index":"index","follow":"follow","max-snippet":"max-snippet:-1","max-image-preview":"max-image-preview:large","max-video-preview":"max-video-preview:-1"},"canonical":"https:\/\/www.urlaubcornwall.de\/blog\/ferienhaus-meer-mawgan-porth\/","og_locale":"en_US","og_type":"article","og_title":"Ferienhaus am Meer in Mawgan Porth - Urlaub &amp; Reisen","og_description":"Ferienhaus mit Meerblick Mawgan Porth, Nordk\u00fcste Cornwall. 5 Schlafzimmer, leider keine Haustiere erlaubt, Schlafplatz f\u00fcr 10 + 2 Kinderbetten, An-\/Abreisetag am Freitag, Preis pro Woche \u00a3944 &#8211; \u00a32900 Zw\u00f6lf Schritte von der K\u00fcstenstra\u00dfe f\u00fchrt hinunter zum Mawgan Porth, einem echten Surfer es Paradise Strand an der Nord Cornish K\u00fcste. Mit Blick auf den Atlantik und [&hellip;]","og_url":"https:\/\/www.urlaubcornwall.de\/blog\/ferienhaus-meer-mawgan-porth\/","og_site_name":"Urlaub &amp; Reisen","article_modified_time":"2021-09-02T09:22:42+00:00","og_image":[{"url":"https:\/\/www.urlaubcornwall.de\/blog\/wp-content\/uploads\/2017\/12\/ferienhaus-am-meer-mawgan-porth-10-personen.jpg"}],"twitter_card":"summary","twitter_misc":{"Est. reading time":"1 minute"},"schema":{"@context":"https:\/\/schema.org","@graph":[{"@type":"WebSite","@id":"https:\/\/www.urlaubcornwall.de\/blog\/#website","url":"https:\/\/www.urlaubcornwall.de\/blog\/","name":"Urlaub &amp; Reisen","description":"Urlaub, Reisen, Cornwall und S\u00fcdengland: eine perfekte Kombination","potentialAction":[{"@type":"SearchAction","target":{"@type":"EntryPoint","urlTemplate":"https:\/\/www.urlaubcornwall.de\/blog\/?s={search_term_string}"},"query-input":"required name=search_term_string"}],"inLanguage":"en-US"},{"@type":"WebPage","@id":"https:\/\/www.urlaubcornwall.de\/blog\/ferienhaus-meer-mawgan-porth\/","url":"https:\/\/www.urlaubcornwall.de\/blog\/ferienhaus-meer-mawgan-porth\/","name":"Ferienhaus am Meer in Mawgan Porth - Urlaub &amp; Reisen","isPartOf":{"@id":"https:\/\/www.urlaubcornwall.de\/blog\/#website"},"datePublished":"2017-12-24T14:25:18+00:00","dateModified":"2021-09-02T09:22:42+00:00","breadcrumb":{"@id":"https:\/\/www.urlaubcornwall.de\/blog\/ferienhaus-meer-mawgan-porth\/#breadcrumb"},"inLanguage":"en-US","potentialAction":[{"@type":"ReadAction","target":["https:\/\/www.urlaubcornwall.de\/blog\/ferienhaus-meer-mawgan-porth\/"]}]},{"@type":"BreadcrumbList","@id":"https:\/\/www.urlaubcornwall.de\/blog\/ferienhaus-meer-mawgan-porth\/#breadcrumb","itemListElement":[{"@type":"ListItem","position":1,"name":"Home","item":"https:\/\/www.urlaubcornwall.de\/blog\/"},{"@type":"ListItem","position":2,"name":"Ferienhaus am Meer in Mawgan Porth"}]}]}},"_links":{"self":[{"href":"https:\/\/www.urlaubcornwall.de\/blog\/wp-json\/wp\/v2\/pages\/31505"}],"collection":[{"href":"https:\/\/www.urlaubcornwall.de\/blog\/wp-json\/wp\/v2\/pages"}],"about":[{"href":"https:\/\/www.urlaubcornwall.de\/blog\/wp-json\/wp\/v2\/types\/page"}],"author":[{"embeddable":true,"href":"https:\/\/www.urlaubcornwall.de\/blog\/wp-json\/wp\/v2\/users\/1"}],"replies":[{"embeddable":true,"href":"https:\/\/www.urlaubcornwall.de\/blog\/wp-json\/wp\/v2\/comments?post=31505"}],"version-history":[{"count":4,"href":"https:\/\/www.urlaubcornwall.de\/blog\/wp-json\/wp\/v2\/pages\/31505\/revisions"}],"predecessor-version":[{"id":42413,"href":"https:\/\/www.urlaubcornwall.de\/blog\/wp-json\/wp\/v2\/pages\/31505\/revisions\/42413"}],"wp:attachment":[{"href":"https:\/\/www.urlaubcornwall.de\/blog\/wp-json\/wp\/v2\/media?parent=31505"}],"curies":[{"name":"wp","href":"https:\/\/api.w.org\/{rel}","templated":true}]}}