{"id":31502,"date":"2017-12-24T13:33:31","date_gmt":"2017-12-24T13:33:31","guid":{"rendered":"https:\/\/www.urlaubcornwall.de\/blog\/?page_id=31502"},"modified":"2021-09-17T14:47:06","modified_gmt":"2021-09-17T14:47:06","slug":"ferienwohnung-meer-mawgan-porth","status":"publish","type":"page","link":"https:\/\/www.urlaubcornwall.de\/blog\/ferienwohnung-meer-mawgan-porth\/","title":{"rendered":"Ferienwohnung am Meer Mawgan Porth"},"content":{"rendered":"<p><img loading=\"lazy\" class=\"aligncenter size-full wp-image-31503\" src=\"https:\/\/www.urlaubcornwall.de\/blog\/wp-content\/uploads\/2017\/12\/ferienhaus-am-meer-mawgan-porth.jpg\" alt=\"ferienhaus am meer mawgan porth\" width=\"749\" height=\"449\"\/><br \/>\n<strong>Ferienwohnung strandnah Mawgan Porth, Nordk\u00fcste Cornwall.<\/strong><\/p>\n<p>2 Schlafzimmer, leider keine Haustiere erlaubt, Schlafplatz f\u00fcr 4 + Kinderbett, An-\/Abreisetag am Freitag<\/p>\n<p>Wie m\u00f6chten Sie Ihre eigene Ferienwohnung am Meer nur 200 Meter vom goldenen Sand in Mawgan Porth? -Nun schauen Sie nicht weiter als Seahorses! Alle auf einer Ebene, diese fabelhafte S\u00fcd-facing Erdgeschoss Wohnung ist ein sonnendurchfluteter Hafen, tadellos pr\u00e4sentiert und sch\u00f6n dekoriert, ideal f\u00fcr Familien oder Paare, die das ultimative St\u00fcck Strandleben erleben wollen. Und was f\u00fcr ein Strand-es ist preisgekr\u00f6nt Sie wissen-ein Favorit mit Surfern und Badenden gleicherma\u00dfen mit Hektar goldenen Sand-und Fels-Pools und H\u00f6hlen zu entdecken. F\u00fcgen Sie zu dieser atemberaubenden Landschaft, wunderbare Wanderungen, Pitch and Putt, tolle Pl\u00e4tze zu essen, ein Deli und Dorf-Shop und Sie haben alles, was Sie von Ihrem Urlaubsziel wollen.<\/p>\n<p style=\"text-align: center;\"><a class=\"tidycta\" href=\"https:\/\/www.urlaubcornwall.de\/ferienhaeuser-fewos\/mawgan-porth-am-meer.html\">Ferienh\u00e4user Mawgan Porth<\/a><\/p>\n<div class=\"snippet\"> <a class=\"featured-item\" href=\"https:\/\/www.urlaubcornwall.de\/ferienhaeuser\/cornwall.php\"> <span class=\"image-holder\" style=\"background-image: url('https:\/\/www.urlaubcornwall.de\/blog\/wp-content\/uploads\/2018\/12\/familienurlaub-corwnall-snippet.jpg');\"><\/span> <span class=\"featured-content\"> \n<h2 class=\"featured-title\">Ferienh\u00e4user in Cornwall am Meer<\/h2>\n<p class=\"featured-body\">Cornwall besitzt mehr K\u00fcstenlinien als jede andere Grafschaft und bietet einige der besten Str\u00e4nde, K\u00fcstenwanderwege und Klippenlandschaften, die man \u00fcberhaupt finden kann&#8230; <\/p><\/span> <span class=\"featured-link-holder\"> <span class=\"featured-extra-info\"> \n<p>F\u00fcr Paare, Familien &#038; Gruppen<\/p>\n<\/span> \n<p class=\"featured-link\">DETAILS<\/p>\n<\/span> <\/a><\/div>\n","protected":false},"excerpt":{"rendered":"<p>Ferienwohnung strandnah Mawgan Porth, Nordk\u00fcste Cornwall. 2 Schlafzimmer, leider keine Haustiere erlaubt, Schlafplatz f\u00fcr 4 + Kinderbett, An-\/Abreisetag am Freitag Wie m\u00f6chten Sie Ihre eigene Ferienwohnung am Meer nur 200 Meter vom goldenen Sand in Mawgan Porth? -Nun schauen Sie nicht weiter als Seahorses! Alle auf einer Ebene, diese fabelhafte S\u00fcd-facing Erdgeschoss Wohnung ist ein [&hellip;]<\/p>\n","protected":false},"author":1,"featured_media":0,"parent":0,"menu_order":0,"comment_status":"closed","ping_status":"closed","template":"single-four.php","meta":[],"acf":[],"yoast_head":"<!-- This site is optimized with the Yoast SEO plugin v19.4 - https:\/\/yoast.com\/wordpress\/plugins\/seo\/ -->\n<title>Ferienwohnung am Meer Mawgan Porth - Urlaub &amp; Reisen<\/title>\n<meta name=\"description\" content=\"Wie m\u00f6chten Sie Ihre eigene Ferienwohnung am Meer nur 200 Meter vom goldenen Sand in Mawgan Porth? -Nun schauen Sie nicht weiter als Seahorses! Alle auf einer Ebene, diese fabelhafte S\u00fcd-facing Erdgeschoss Wohnung ist ein sonnendurchfluteter Hafen, tadellos pr\u00e4sentiert und sch\u00f6n dekoriert, ideal f\u00fcr Familien oder Paare\" \/>\n<meta name=\"robots\" content=\"index, follow, max-snippet:-1, max-image-preview:large, max-video-preview:-1\" \/>\n<link rel=\"canonical\" href=\"https:\/\/www.urlaubcornwall.de\/blog\/ferienwohnung-meer-mawgan-porth\/\" \/>\n<meta property=\"og:locale\" content=\"en_US\" \/>\n<meta property=\"og:type\" content=\"article\" \/>\n<meta property=\"og:title\" content=\"Ferienwohnung am Meer Mawgan Porth - Urlaub &amp; Reisen\" \/>\n<meta property=\"og:description\" content=\"Wie m\u00f6chten Sie Ihre eigene Ferienwohnung am Meer nur 200 Meter vom goldenen Sand in Mawgan Porth? -Nun schauen Sie nicht weiter als Seahorses! Alle auf einer Ebene, diese fabelhafte S\u00fcd-facing Erdgeschoss Wohnung ist ein sonnendurchfluteter Hafen, tadellos pr\u00e4sentiert und sch\u00f6n dekoriert, ideal f\u00fcr Familien oder Paare\" \/>\n<meta property=\"og:url\" content=\"https:\/\/www.urlaubcornwall.de\/blog\/ferienwohnung-meer-mawgan-porth\/\" \/>\n<meta property=\"og:site_name\" content=\"Urlaub &amp; Reisen\" \/>\n<meta property=\"article:modified_time\" content=\"2021-09-17T14:47:06+00:00\" \/>\n<meta property=\"og:image\" content=\"https:\/\/www.urlaubcornwall.de\/blog\/wp-content\/uploads\/2017\/12\/ferienhaus-am-meer-mawgan-porth.jpg\" \/>\n<meta name=\"twitter:card\" content=\"summary\" \/>\n<meta name=\"twitter:label1\" content=\"Est. reading time\" \/>\n\t<meta name=\"twitter:data1\" content=\"1 minute\" \/>\n<script type=\"application\/ld+json\" class=\"yoast-schema-graph\">{\"@context\":\"https:\/\/schema.org\",\"@graph\":[{\"@type\":\"WebSite\",\"@id\":\"https:\/\/www.urlaubcornwall.de\/blog\/#website\",\"url\":\"https:\/\/www.urlaubcornwall.de\/blog\/\",\"name\":\"Urlaub &amp; Reisen\",\"description\":\"Urlaub, Reisen, Cornwall und S\u00fcdengland: eine perfekte Kombination\",\"potentialAction\":[{\"@type\":\"SearchAction\",\"target\":{\"@type\":\"EntryPoint\",\"urlTemplate\":\"https:\/\/www.urlaubcornwall.de\/blog\/?s={search_term_string}\"},\"query-input\":\"required name=search_term_string\"}],\"inLanguage\":\"en-US\"},{\"@type\":\"WebPage\",\"@id\":\"https:\/\/www.urlaubcornwall.de\/blog\/ferienwohnung-meer-mawgan-porth\/\",\"url\":\"https:\/\/www.urlaubcornwall.de\/blog\/ferienwohnung-meer-mawgan-porth\/\",\"name\":\"Ferienwohnung am Meer Mawgan Porth - Urlaub &amp; Reisen\",\"isPartOf\":{\"@id\":\"https:\/\/www.urlaubcornwall.de\/blog\/#website\"},\"datePublished\":\"2017-12-24T13:33:31+00:00\",\"dateModified\":\"2021-09-17T14:47:06+00:00\",\"description\":\"Wie m\u00f6chten Sie Ihre eigene Ferienwohnung am Meer nur 200 Meter vom goldenen Sand in Mawgan Porth? -Nun schauen Sie nicht weiter als Seahorses! Alle auf einer Ebene, diese fabelhafte S\u00fcd-facing Erdgeschoss Wohnung ist ein sonnendurchfluteter Hafen, tadellos pr\u00e4sentiert und sch\u00f6n dekoriert, ideal f\u00fcr Familien oder Paare\",\"breadcrumb\":{\"@id\":\"https:\/\/www.urlaubcornwall.de\/blog\/ferienwohnung-meer-mawgan-porth\/#breadcrumb\"},\"inLanguage\":\"en-US\",\"potentialAction\":[{\"@type\":\"ReadAction\",\"target\":[\"https:\/\/www.urlaubcornwall.de\/blog\/ferienwohnung-meer-mawgan-porth\/\"]}]},{\"@type\":\"BreadcrumbList\",\"@id\":\"https:\/\/www.urlaubcornwall.de\/blog\/ferienwohnung-meer-mawgan-porth\/#breadcrumb\",\"itemListElement\":[{\"@type\":\"ListItem\",\"position\":1,\"name\":\"Home\",\"item\":\"https:\/\/www.urlaubcornwall.de\/blog\/\"},{\"@type\":\"ListItem\",\"position\":2,\"name\":\"Ferienwohnung am Meer Mawgan Porth\"}]}]}<\/script>\n<!-- \/ Yoast SEO plugin. -->","yoast_head_json":{"title":"Ferienwohnung am Meer Mawgan Porth - Urlaub &amp; Reisen","description":"Wie m\u00f6chten Sie Ihre eigene Ferienwohnung am Meer nur 200 Meter vom goldenen Sand in Mawgan Porth? -Nun schauen Sie nicht weiter als Seahorses! Alle auf einer Ebene, diese fabelhafte S\u00fcd-facing Erdgeschoss Wohnung ist ein sonnendurchfluteter Hafen, tadellos pr\u00e4sentiert und sch\u00f6n dekoriert, ideal f\u00fcr Familien oder Paare","robots":{"index":"index","follow":"follow","max-snippet":"max-snippet:-1","max-image-preview":"max-image-preview:large","max-video-preview":"max-video-preview:-1"},"canonical":"https:\/\/www.urlaubcornwall.de\/blog\/ferienwohnung-meer-mawgan-porth\/","og_locale":"en_US","og_type":"article","og_title":"Ferienwohnung am Meer Mawgan Porth - Urlaub &amp; Reisen","og_description":"Wie m\u00f6chten Sie Ihre eigene Ferienwohnung am Meer nur 200 Meter vom goldenen Sand in Mawgan Porth? -Nun schauen Sie nicht weiter als Seahorses! Alle auf einer Ebene, diese fabelhafte S\u00fcd-facing Erdgeschoss Wohnung ist ein sonnendurchfluteter Hafen, tadellos pr\u00e4sentiert und sch\u00f6n dekoriert, ideal f\u00fcr Familien oder Paare","og_url":"https:\/\/www.urlaubcornwall.de\/blog\/ferienwohnung-meer-mawgan-porth\/","og_site_name":"Urlaub &amp; Reisen","article_modified_time":"2021-09-17T14:47:06+00:00","og_image":[{"url":"https:\/\/www.urlaubcornwall.de\/blog\/wp-content\/uploads\/2017\/12\/ferienhaus-am-meer-mawgan-porth.jpg"}],"twitter_card":"summary","twitter_misc":{"Est. reading time":"1 minute"},"schema":{"@context":"https:\/\/schema.org","@graph":[{"@type":"WebSite","@id":"https:\/\/www.urlaubcornwall.de\/blog\/#website","url":"https:\/\/www.urlaubcornwall.de\/blog\/","name":"Urlaub &amp; Reisen","description":"Urlaub, Reisen, Cornwall und S\u00fcdengland: eine perfekte Kombination","potentialAction":[{"@type":"SearchAction","target":{"@type":"EntryPoint","urlTemplate":"https:\/\/www.urlaubcornwall.de\/blog\/?s={search_term_string}"},"query-input":"required name=search_term_string"}],"inLanguage":"en-US"},{"@type":"WebPage","@id":"https:\/\/www.urlaubcornwall.de\/blog\/ferienwohnung-meer-mawgan-porth\/","url":"https:\/\/www.urlaubcornwall.de\/blog\/ferienwohnung-meer-mawgan-porth\/","name":"Ferienwohnung am Meer Mawgan Porth - Urlaub &amp; Reisen","isPartOf":{"@id":"https:\/\/www.urlaubcornwall.de\/blog\/#website"},"datePublished":"2017-12-24T13:33:31+00:00","dateModified":"2021-09-17T14:47:06+00:00","description":"Wie m\u00f6chten Sie Ihre eigene Ferienwohnung am Meer nur 200 Meter vom goldenen Sand in Mawgan Porth? -Nun schauen Sie nicht weiter als Seahorses! Alle auf einer Ebene, diese fabelhafte S\u00fcd-facing Erdgeschoss Wohnung ist ein sonnendurchfluteter Hafen, tadellos pr\u00e4sentiert und sch\u00f6n dekoriert, ideal f\u00fcr Familien oder Paare","breadcrumb":{"@id":"https:\/\/www.urlaubcornwall.de\/blog\/ferienwohnung-meer-mawgan-porth\/#breadcrumb"},"inLanguage":"en-US","potentialAction":[{"@type":"ReadAction","target":["https:\/\/www.urlaubcornwall.de\/blog\/ferienwohnung-meer-mawgan-porth\/"]}]},{"@type":"BreadcrumbList","@id":"https:\/\/www.urlaubcornwall.de\/blog\/ferienwohnung-meer-mawgan-porth\/#breadcrumb","itemListElement":[{"@type":"ListItem","position":1,"name":"Home","item":"https:\/\/www.urlaubcornwall.de\/blog\/"},{"@type":"ListItem","position":2,"name":"Ferienwohnung am Meer Mawgan Porth"}]}]}},"_links":{"self":[{"href":"https:\/\/www.urlaubcornwall.de\/blog\/wp-json\/wp\/v2\/pages\/31502"}],"collection":[{"href":"https:\/\/www.urlaubcornwall.de\/blog\/wp-json\/wp\/v2\/pages"}],"about":[{"href":"https:\/\/www.urlaubcornwall.de\/blog\/wp-json\/wp\/v2\/types\/page"}],"author":[{"embeddable":true,"href":"https:\/\/www.urlaubcornwall.de\/blog\/wp-json\/wp\/v2\/users\/1"}],"replies":[{"embeddable":true,"href":"https:\/\/www.urlaubcornwall.de\/blog\/wp-json\/wp\/v2\/comments?post=31502"}],"version-history":[{"count":6,"href":"https:\/\/www.urlaubcornwall.de\/blog\/wp-json\/wp\/v2\/pages\/31502\/revisions"}],"predecessor-version":[{"id":42932,"href":"https:\/\/www.urlaubcornwall.de\/blog\/wp-json\/wp\/v2\/pages\/31502\/revisions\/42932"}],"wp:attachment":[{"href":"https:\/\/www.urlaubcornwall.de\/blog\/wp-json\/wp\/v2\/media?parent=31502"}],"curies":[{"name":"wp","href":"https:\/\/api.w.org\/{rel}","templated":true}]}}