{"id":31499,"date":"2017-12-24T12:51:27","date_gmt":"2017-12-24T12:51:27","guid":{"rendered":"https:\/\/www.urlaubcornwall.de\/blog\/?page_id=31499"},"modified":"2021-07-12T13:14:29","modified_gmt":"2021-07-12T13:14:29","slug":"ferienhaus-strand-marazion-urlaub-west-cornwall","status":"publish","type":"page","link":"https:\/\/www.urlaubcornwall.de\/blog\/ferienhaus-strand-marazion-urlaub-west-cornwall\/","title":{"rendered":"Ferienhaus am Strand Marazion &#8211; Urlaub West Cornwall"},"content":{"rendered":"<p><img loading=\"lazy\" class=\"aligncenter size-full wp-image-31500\" src=\"https:\/\/www.urlaubcornwall.de\/blog\/wp-content\/uploads\/2017\/12\/ferienhaus-am-strand-marazion.jpg\" alt=\"ferienhaus am strand marazion\" width=\"746\" height=\"414\"\/><br \/>\n<strong>Ferienhaus strandnah Marazion, West-Cornwall.<\/strong><\/p>\n<p>1 Schlafzimmer, leider keine Haustiere erlaubt, Schlafplatz f\u00fcr 2 + Kinderbett, An-\/Abreisetag am Freitag<\/p>\n<p>Preis pro Woche \u00a3331 &#8211; \u00a3828<\/p>\n<p>Im Herzen von Marazion gelegen, bietet dieses zeitgen\u00f6ssische Refugium einen Meerblick \u00fcber die ummauerte Terrasse im Osten der Mount es Bay und dar\u00fcber hinaus. Lassen Sie das Auto hinter sich als Bryher ist in der N\u00e4he des South West Coast Path und das Herz von Marazion, die Galerien, Pubs und Restaurants in H\u00fclle und F\u00fclle hat. Das Hotel liegt auf dem Gel\u00e4nde des Besitzers &#8216; Bed and Breakfast, der Parkplatz ist durch eine kurze, aber sehr schmale Gasse, die f\u00fcr gro\u00dfe Fahrzeuge ungeeignet ist angesprochen; die offene Unterkunft ist alle auf einer Ebene, mit einem King-Size &#8220;Zip und Link&#8221; Bett im Schlafzimmer und eine gro\u00dfe begehbare Dusche in der en Suite Dusche-Zimmer. Der Wohnbereich ist nach S\u00fcden ausgerichtet, so dass die Sonne zu Fluten von Ihrem Walled Terrasse, wie Sie planen den Tag der Abenteuer.<\/p>\n<p style=\"text-align: center;\"><a class=\"tidycta\" href=\"https:\/\/www.urlaubcornwall.de\/ferienhaeuser-fewos\/marazion-am-meer.html\">Ferienh\u00e4user Marazion\/a><\/a><\/p>\n<p style=\"text-align: center;\">Pers\u00f6nlich inspizierte <a href=\"https:\/\/www.urlaubcornwall.de\/ferienhaeuser\/cornwall.php\">Ferienh\u00e4user und Ferienwohnungen in Cornwall<\/a> f\u00fcr Ihren Urlaub.<\/p>\n","protected":false},"excerpt":{"rendered":"<p>Ferienhaus strandnah Marazion, West-Cornwall. 1 Schlafzimmer, leider keine Haustiere erlaubt, Schlafplatz f\u00fcr 2 + Kinderbett, An-\/Abreisetag am Freitag Preis pro Woche \u00a3331 &#8211; \u00a3828 Im Herzen von Marazion gelegen, bietet dieses zeitgen\u00f6ssische Refugium einen Meerblick \u00fcber die ummauerte Terrasse im Osten der Mount es Bay und dar\u00fcber hinaus. Lassen Sie das Auto hinter sich als [&hellip;]<\/p>\n","protected":false},"author":1,"featured_media":0,"parent":0,"menu_order":0,"comment_status":"closed","ping_status":"closed","template":"single-four.php","meta":[],"acf":[],"yoast_head":"<!-- This site is optimized with the Yoast SEO plugin v19.4 - https:\/\/yoast.com\/wordpress\/plugins\/seo\/ -->\n<title>Ferienhaus am Strand Marazion - Urlaub West Cornwall - Urlaub &amp; Reisen<\/title>\n<meta name=\"robots\" content=\"index, follow, max-snippet:-1, max-image-preview:large, max-video-preview:-1\" \/>\n<link rel=\"canonical\" href=\"https:\/\/www.urlaubcornwall.de\/blog\/ferienhaus-strand-marazion-urlaub-west-cornwall\/\" \/>\n<meta property=\"og:locale\" content=\"en_US\" \/>\n<meta property=\"og:type\" content=\"article\" \/>\n<meta property=\"og:title\" content=\"Ferienhaus am Strand Marazion - Urlaub West Cornwall - Urlaub &amp; Reisen\" \/>\n<meta property=\"og:description\" content=\"Ferienhaus strandnah Marazion, West-Cornwall. 1 Schlafzimmer, leider keine Haustiere erlaubt, Schlafplatz f\u00fcr 2 + Kinderbett, An-\/Abreisetag am Freitag Preis pro Woche \u00a3331 &#8211; \u00a3828 Im Herzen von Marazion gelegen, bietet dieses zeitgen\u00f6ssische Refugium einen Meerblick \u00fcber die ummauerte Terrasse im Osten der Mount es Bay und dar\u00fcber hinaus. Lassen Sie das Auto hinter sich als [&hellip;]\" \/>\n<meta property=\"og:url\" content=\"https:\/\/www.urlaubcornwall.de\/blog\/ferienhaus-strand-marazion-urlaub-west-cornwall\/\" \/>\n<meta property=\"og:site_name\" content=\"Urlaub &amp; Reisen\" \/>\n<meta property=\"article:modified_time\" content=\"2021-07-12T13:14:29+00:00\" \/>\n<meta property=\"og:image\" content=\"https:\/\/www.urlaubcornwall.de\/blog\/wp-content\/uploads\/2017\/12\/ferienhaus-am-strand-marazion.jpg\" \/>\n<meta name=\"twitter:card\" content=\"summary\" \/>\n<meta name=\"twitter:label1\" content=\"Est. reading time\" \/>\n\t<meta name=\"twitter:data1\" content=\"1 minute\" \/>\n<script type=\"application\/ld+json\" class=\"yoast-schema-graph\">{\"@context\":\"https:\/\/schema.org\",\"@graph\":[{\"@type\":\"WebSite\",\"@id\":\"https:\/\/www.urlaubcornwall.de\/blog\/#website\",\"url\":\"https:\/\/www.urlaubcornwall.de\/blog\/\",\"name\":\"Urlaub &amp; Reisen\",\"description\":\"Urlaub, Reisen, Cornwall und S\u00fcdengland: eine perfekte Kombination\",\"potentialAction\":[{\"@type\":\"SearchAction\",\"target\":{\"@type\":\"EntryPoint\",\"urlTemplate\":\"https:\/\/www.urlaubcornwall.de\/blog\/?s={search_term_string}\"},\"query-input\":\"required name=search_term_string\"}],\"inLanguage\":\"en-US\"},{\"@type\":\"WebPage\",\"@id\":\"https:\/\/www.urlaubcornwall.de\/blog\/ferienhaus-strand-marazion-urlaub-west-cornwall\/\",\"url\":\"https:\/\/www.urlaubcornwall.de\/blog\/ferienhaus-strand-marazion-urlaub-west-cornwall\/\",\"name\":\"Ferienhaus am Strand Marazion - Urlaub West Cornwall - Urlaub &amp; Reisen\",\"isPartOf\":{\"@id\":\"https:\/\/www.urlaubcornwall.de\/blog\/#website\"},\"datePublished\":\"2017-12-24T12:51:27+00:00\",\"dateModified\":\"2021-07-12T13:14:29+00:00\",\"breadcrumb\":{\"@id\":\"https:\/\/www.urlaubcornwall.de\/blog\/ferienhaus-strand-marazion-urlaub-west-cornwall\/#breadcrumb\"},\"inLanguage\":\"en-US\",\"potentialAction\":[{\"@type\":\"ReadAction\",\"target\":[\"https:\/\/www.urlaubcornwall.de\/blog\/ferienhaus-strand-marazion-urlaub-west-cornwall\/\"]}]},{\"@type\":\"BreadcrumbList\",\"@id\":\"https:\/\/www.urlaubcornwall.de\/blog\/ferienhaus-strand-marazion-urlaub-west-cornwall\/#breadcrumb\",\"itemListElement\":[{\"@type\":\"ListItem\",\"position\":1,\"name\":\"Home\",\"item\":\"https:\/\/www.urlaubcornwall.de\/blog\/\"},{\"@type\":\"ListItem\",\"position\":2,\"name\":\"Ferienhaus am Strand Marazion &#8211; Urlaub West Cornwall\"}]}]}<\/script>\n<!-- \/ Yoast SEO plugin. -->","yoast_head_json":{"title":"Ferienhaus am Strand Marazion - Urlaub West Cornwall - Urlaub &amp; Reisen","robots":{"index":"index","follow":"follow","max-snippet":"max-snippet:-1","max-image-preview":"max-image-preview:large","max-video-preview":"max-video-preview:-1"},"canonical":"https:\/\/www.urlaubcornwall.de\/blog\/ferienhaus-strand-marazion-urlaub-west-cornwall\/","og_locale":"en_US","og_type":"article","og_title":"Ferienhaus am Strand Marazion - Urlaub West Cornwall - Urlaub &amp; Reisen","og_description":"Ferienhaus strandnah Marazion, West-Cornwall. 1 Schlafzimmer, leider keine Haustiere erlaubt, Schlafplatz f\u00fcr 2 + Kinderbett, An-\/Abreisetag am Freitag Preis pro Woche \u00a3331 &#8211; \u00a3828 Im Herzen von Marazion gelegen, bietet dieses zeitgen\u00f6ssische Refugium einen Meerblick \u00fcber die ummauerte Terrasse im Osten der Mount es Bay und dar\u00fcber hinaus. Lassen Sie das Auto hinter sich als [&hellip;]","og_url":"https:\/\/www.urlaubcornwall.de\/blog\/ferienhaus-strand-marazion-urlaub-west-cornwall\/","og_site_name":"Urlaub &amp; Reisen","article_modified_time":"2021-07-12T13:14:29+00:00","og_image":[{"url":"https:\/\/www.urlaubcornwall.de\/blog\/wp-content\/uploads\/2017\/12\/ferienhaus-am-strand-marazion.jpg"}],"twitter_card":"summary","twitter_misc":{"Est. reading time":"1 minute"},"schema":{"@context":"https:\/\/schema.org","@graph":[{"@type":"WebSite","@id":"https:\/\/www.urlaubcornwall.de\/blog\/#website","url":"https:\/\/www.urlaubcornwall.de\/blog\/","name":"Urlaub &amp; Reisen","description":"Urlaub, Reisen, Cornwall und S\u00fcdengland: eine perfekte Kombination","potentialAction":[{"@type":"SearchAction","target":{"@type":"EntryPoint","urlTemplate":"https:\/\/www.urlaubcornwall.de\/blog\/?s={search_term_string}"},"query-input":"required name=search_term_string"}],"inLanguage":"en-US"},{"@type":"WebPage","@id":"https:\/\/www.urlaubcornwall.de\/blog\/ferienhaus-strand-marazion-urlaub-west-cornwall\/","url":"https:\/\/www.urlaubcornwall.de\/blog\/ferienhaus-strand-marazion-urlaub-west-cornwall\/","name":"Ferienhaus am Strand Marazion - Urlaub West Cornwall - Urlaub &amp; Reisen","isPartOf":{"@id":"https:\/\/www.urlaubcornwall.de\/blog\/#website"},"datePublished":"2017-12-24T12:51:27+00:00","dateModified":"2021-07-12T13:14:29+00:00","breadcrumb":{"@id":"https:\/\/www.urlaubcornwall.de\/blog\/ferienhaus-strand-marazion-urlaub-west-cornwall\/#breadcrumb"},"inLanguage":"en-US","potentialAction":[{"@type":"ReadAction","target":["https:\/\/www.urlaubcornwall.de\/blog\/ferienhaus-strand-marazion-urlaub-west-cornwall\/"]}]},{"@type":"BreadcrumbList","@id":"https:\/\/www.urlaubcornwall.de\/blog\/ferienhaus-strand-marazion-urlaub-west-cornwall\/#breadcrumb","itemListElement":[{"@type":"ListItem","position":1,"name":"Home","item":"https:\/\/www.urlaubcornwall.de\/blog\/"},{"@type":"ListItem","position":2,"name":"Ferienhaus am Strand Marazion &#8211; Urlaub West Cornwall"}]}]}},"_links":{"self":[{"href":"https:\/\/www.urlaubcornwall.de\/blog\/wp-json\/wp\/v2\/pages\/31499"}],"collection":[{"href":"https:\/\/www.urlaubcornwall.de\/blog\/wp-json\/wp\/v2\/pages"}],"about":[{"href":"https:\/\/www.urlaubcornwall.de\/blog\/wp-json\/wp\/v2\/types\/page"}],"author":[{"embeddable":true,"href":"https:\/\/www.urlaubcornwall.de\/blog\/wp-json\/wp\/v2\/users\/1"}],"replies":[{"embeddable":true,"href":"https:\/\/www.urlaubcornwall.de\/blog\/wp-json\/wp\/v2\/comments?post=31499"}],"version-history":[{"count":3,"href":"https:\/\/www.urlaubcornwall.de\/blog\/wp-json\/wp\/v2\/pages\/31499\/revisions"}],"predecessor-version":[{"id":41870,"href":"https:\/\/www.urlaubcornwall.de\/blog\/wp-json\/wp\/v2\/pages\/31499\/revisions\/41870"}],"wp:attachment":[{"href":"https:\/\/www.urlaubcornwall.de\/blog\/wp-json\/wp\/v2\/media?parent=31499"}],"curies":[{"name":"wp","href":"https:\/\/api.w.org\/{rel}","templated":true}]}}