{"id":31493,"date":"2017-12-24T12:24:21","date_gmt":"2017-12-24T12:24:21","guid":{"rendered":"https:\/\/www.urlaubcornwall.de\/blog\/?page_id=31493"},"modified":"2021-09-02T09:24:18","modified_gmt":"2021-09-02T09:24:18","slug":"ferienhaus-meer-looe-nr-2142","status":"publish","type":"page","link":"https:\/\/www.urlaubcornwall.de\/blog\/ferienhaus-meer-looe-nr-2142\/","title":{"rendered":"Ferienhaus am Meer Looe &#8211; Nr 2142"},"content":{"rendered":"<p><img loading=\"lazy\" class=\"aligncenter size-full wp-image-31494\" src=\"https:\/\/www.urlaubcornwall.de\/blog\/wp-content\/uploads\/2017\/12\/ferienhaus-am-meer-looe.jpg\" alt=\"ferienhaus am meer looe\" width=\"749\" height=\"407\"\/><br \/>\n<strong>Ferienhaus strandnah 3.2 kilometern SW von Looe, S\u00fcdk\u00fcste Cornwall.<\/strong><\/p>\n<p>3 Schlafzimmer, hundefreundlich, Schlafplatz f\u00fcr 5 + Kinderbett, An-\/Abreisetag am Freitag, Preis pro Woche \u00a3350 &#8211; \u00a31120<\/p>\n<p>Es gibt Einblicke in das glitzernde Wasser der Bucht von Talland durch die B\u00e4ume rund um Fred es House, wo die gro\u00dfen gesch\u00fctzten Garten ist ideal f\u00fcr Mahlzeiten im Freien und der Rasen bietet Platz f\u00fcr Kinder zu spielen. Die familienfreundlichen Str\u00e4nde in Talland sind f\u00fcnf Gehminuten bergab und Wanderer werden den malerischen K\u00fcstenwanderweg, der zum Fischerdorf Polperro im Westen und der gesch\u00e4ftigen Hafenstadt Looe im Osten f\u00fchrt, lieben. In der N\u00e4he bietet das beliebte Talland Bay Hotel Brasserie und feine Speisekarten und zwei Strand Caf\u00e9s bieten traditionelles Essen am Meer und Grillabende in den Sommermonaten. Ideal f\u00fcr Familien, ist dieses makellos pr\u00e4sentierte Einfamilienhaus auch f\u00fcr Paare zu einem erm\u00e4\u00dfigten Preis au\u00dferhalb der Hauptsaison zur Verf\u00fcgung.<\/p>\n<p style=\"text-align: center;\"><a class=\"tidycta\" href=\"https:\/\/www.urlaubcornwall.de\/ferienhaeuser-fewos\/looe-am-meer.html\">Suche Ferienh\u00e4user Looe<\/a><\/p>\n<p><strong>Um UrlaubCornwall.de einzigartige Kollektion nach Ihrem idealen Ferienhaus zu durchsuchen.<\/strong> <a href=\"https:\/\/www.urlaubcornwall.de\/ferienhaeuser\/cornwall.php\"><span style=\"text-decoration: underline;\"><strong>Klicken Sie hier<\/strong><\/span><strong> &gt;&gt;<\/strong><\/a><\/p>\n","protected":false},"excerpt":{"rendered":"<p>Ferienhaus strandnah 3.2 kilometern SW von Looe, S\u00fcdk\u00fcste Cornwall. 3 Schlafzimmer, hundefreundlich, Schlafplatz f\u00fcr 5 + Kinderbett, An-\/Abreisetag am Freitag, Preis pro Woche \u00a3350 &#8211; \u00a31120 Es gibt Einblicke in das glitzernde Wasser der Bucht von Talland durch die B\u00e4ume rund um Fred es House, wo die gro\u00dfen gesch\u00fctzten Garten ist ideal f\u00fcr Mahlzeiten im [&hellip;]<\/p>\n","protected":false},"author":1,"featured_media":0,"parent":0,"menu_order":0,"comment_status":"closed","ping_status":"closed","template":"single-four.php","meta":[],"acf":[],"yoast_head":"<!-- This site is optimized with the Yoast SEO plugin v19.4 - https:\/\/yoast.com\/wordpress\/plugins\/seo\/ -->\n<title>Ferienhaus am Meer Looe - Nr 2142 - Urlaub &amp; Reisen<\/title>\n<meta name=\"robots\" content=\"index, follow, max-snippet:-1, max-image-preview:large, max-video-preview:-1\" \/>\n<link rel=\"canonical\" href=\"https:\/\/www.urlaubcornwall.de\/blog\/ferienhaus-meer-looe-nr-2142\/\" \/>\n<meta property=\"og:locale\" content=\"en_US\" \/>\n<meta property=\"og:type\" content=\"article\" \/>\n<meta property=\"og:title\" content=\"Ferienhaus am Meer Looe - Nr 2142 - Urlaub &amp; Reisen\" \/>\n<meta property=\"og:description\" content=\"Ferienhaus strandnah 3.2 kilometern SW von Looe, S\u00fcdk\u00fcste Cornwall. 3 Schlafzimmer, hundefreundlich, Schlafplatz f\u00fcr 5 + Kinderbett, An-\/Abreisetag am Freitag, Preis pro Woche \u00a3350 &#8211; \u00a31120 Es gibt Einblicke in das glitzernde Wasser der Bucht von Talland durch die B\u00e4ume rund um Fred es House, wo die gro\u00dfen gesch\u00fctzten Garten ist ideal f\u00fcr Mahlzeiten im [&hellip;]\" \/>\n<meta property=\"og:url\" content=\"https:\/\/www.urlaubcornwall.de\/blog\/ferienhaus-meer-looe-nr-2142\/\" \/>\n<meta property=\"og:site_name\" content=\"Urlaub &amp; Reisen\" \/>\n<meta property=\"article:modified_time\" content=\"2021-09-02T09:24:18+00:00\" \/>\n<meta property=\"og:image\" content=\"https:\/\/www.urlaubcornwall.de\/blog\/wp-content\/uploads\/2017\/12\/ferienhaus-am-meer-looe.jpg\" \/>\n<meta name=\"twitter:card\" content=\"summary\" \/>\n<meta name=\"twitter:label1\" content=\"Est. reading time\" \/>\n\t<meta name=\"twitter:data1\" content=\"1 minute\" \/>\n<script type=\"application\/ld+json\" class=\"yoast-schema-graph\">{\"@context\":\"https:\/\/schema.org\",\"@graph\":[{\"@type\":\"WebSite\",\"@id\":\"https:\/\/www.urlaubcornwall.de\/blog\/#website\",\"url\":\"https:\/\/www.urlaubcornwall.de\/blog\/\",\"name\":\"Urlaub &amp; Reisen\",\"description\":\"Urlaub, Reisen, Cornwall und S\u00fcdengland: eine perfekte Kombination\",\"potentialAction\":[{\"@type\":\"SearchAction\",\"target\":{\"@type\":\"EntryPoint\",\"urlTemplate\":\"https:\/\/www.urlaubcornwall.de\/blog\/?s={search_term_string}\"},\"query-input\":\"required name=search_term_string\"}],\"inLanguage\":\"en-US\"},{\"@type\":\"WebPage\",\"@id\":\"https:\/\/www.urlaubcornwall.de\/blog\/ferienhaus-meer-looe-nr-2142\/\",\"url\":\"https:\/\/www.urlaubcornwall.de\/blog\/ferienhaus-meer-looe-nr-2142\/\",\"name\":\"Ferienhaus am Meer Looe - Nr 2142 - Urlaub &amp; Reisen\",\"isPartOf\":{\"@id\":\"https:\/\/www.urlaubcornwall.de\/blog\/#website\"},\"datePublished\":\"2017-12-24T12:24:21+00:00\",\"dateModified\":\"2021-09-02T09:24:18+00:00\",\"breadcrumb\":{\"@id\":\"https:\/\/www.urlaubcornwall.de\/blog\/ferienhaus-meer-looe-nr-2142\/#breadcrumb\"},\"inLanguage\":\"en-US\",\"potentialAction\":[{\"@type\":\"ReadAction\",\"target\":[\"https:\/\/www.urlaubcornwall.de\/blog\/ferienhaus-meer-looe-nr-2142\/\"]}]},{\"@type\":\"BreadcrumbList\",\"@id\":\"https:\/\/www.urlaubcornwall.de\/blog\/ferienhaus-meer-looe-nr-2142\/#breadcrumb\",\"itemListElement\":[{\"@type\":\"ListItem\",\"position\":1,\"name\":\"Home\",\"item\":\"https:\/\/www.urlaubcornwall.de\/blog\/\"},{\"@type\":\"ListItem\",\"position\":2,\"name\":\"Ferienhaus am Meer Looe &#8211; Nr 2142\"}]}]}<\/script>\n<!-- \/ Yoast SEO plugin. -->","yoast_head_json":{"title":"Ferienhaus am Meer Looe - Nr 2142 - Urlaub &amp; Reisen","robots":{"index":"index","follow":"follow","max-snippet":"max-snippet:-1","max-image-preview":"max-image-preview:large","max-video-preview":"max-video-preview:-1"},"canonical":"https:\/\/www.urlaubcornwall.de\/blog\/ferienhaus-meer-looe-nr-2142\/","og_locale":"en_US","og_type":"article","og_title":"Ferienhaus am Meer Looe - Nr 2142 - Urlaub &amp; Reisen","og_description":"Ferienhaus strandnah 3.2 kilometern SW von Looe, S\u00fcdk\u00fcste Cornwall. 3 Schlafzimmer, hundefreundlich, Schlafplatz f\u00fcr 5 + Kinderbett, An-\/Abreisetag am Freitag, Preis pro Woche \u00a3350 &#8211; \u00a31120 Es gibt Einblicke in das glitzernde Wasser der Bucht von Talland durch die B\u00e4ume rund um Fred es House, wo die gro\u00dfen gesch\u00fctzten Garten ist ideal f\u00fcr Mahlzeiten im [&hellip;]","og_url":"https:\/\/www.urlaubcornwall.de\/blog\/ferienhaus-meer-looe-nr-2142\/","og_site_name":"Urlaub &amp; Reisen","article_modified_time":"2021-09-02T09:24:18+00:00","og_image":[{"url":"https:\/\/www.urlaubcornwall.de\/blog\/wp-content\/uploads\/2017\/12\/ferienhaus-am-meer-looe.jpg"}],"twitter_card":"summary","twitter_misc":{"Est. reading time":"1 minute"},"schema":{"@context":"https:\/\/schema.org","@graph":[{"@type":"WebSite","@id":"https:\/\/www.urlaubcornwall.de\/blog\/#website","url":"https:\/\/www.urlaubcornwall.de\/blog\/","name":"Urlaub &amp; Reisen","description":"Urlaub, Reisen, Cornwall und S\u00fcdengland: eine perfekte Kombination","potentialAction":[{"@type":"SearchAction","target":{"@type":"EntryPoint","urlTemplate":"https:\/\/www.urlaubcornwall.de\/blog\/?s={search_term_string}"},"query-input":"required name=search_term_string"}],"inLanguage":"en-US"},{"@type":"WebPage","@id":"https:\/\/www.urlaubcornwall.de\/blog\/ferienhaus-meer-looe-nr-2142\/","url":"https:\/\/www.urlaubcornwall.de\/blog\/ferienhaus-meer-looe-nr-2142\/","name":"Ferienhaus am Meer Looe - Nr 2142 - Urlaub &amp; Reisen","isPartOf":{"@id":"https:\/\/www.urlaubcornwall.de\/blog\/#website"},"datePublished":"2017-12-24T12:24:21+00:00","dateModified":"2021-09-02T09:24:18+00:00","breadcrumb":{"@id":"https:\/\/www.urlaubcornwall.de\/blog\/ferienhaus-meer-looe-nr-2142\/#breadcrumb"},"inLanguage":"en-US","potentialAction":[{"@type":"ReadAction","target":["https:\/\/www.urlaubcornwall.de\/blog\/ferienhaus-meer-looe-nr-2142\/"]}]},{"@type":"BreadcrumbList","@id":"https:\/\/www.urlaubcornwall.de\/blog\/ferienhaus-meer-looe-nr-2142\/#breadcrumb","itemListElement":[{"@type":"ListItem","position":1,"name":"Home","item":"https:\/\/www.urlaubcornwall.de\/blog\/"},{"@type":"ListItem","position":2,"name":"Ferienhaus am Meer Looe &#8211; Nr 2142"}]}]}},"_links":{"self":[{"href":"https:\/\/www.urlaubcornwall.de\/blog\/wp-json\/wp\/v2\/pages\/31493"}],"collection":[{"href":"https:\/\/www.urlaubcornwall.de\/blog\/wp-json\/wp\/v2\/pages"}],"about":[{"href":"https:\/\/www.urlaubcornwall.de\/blog\/wp-json\/wp\/v2\/types\/page"}],"author":[{"embeddable":true,"href":"https:\/\/www.urlaubcornwall.de\/blog\/wp-json\/wp\/v2\/users\/1"}],"replies":[{"embeddable":true,"href":"https:\/\/www.urlaubcornwall.de\/blog\/wp-json\/wp\/v2\/comments?post=31493"}],"version-history":[{"count":7,"href":"https:\/\/www.urlaubcornwall.de\/blog\/wp-json\/wp\/v2\/pages\/31493\/revisions"}],"predecessor-version":[{"id":42418,"href":"https:\/\/www.urlaubcornwall.de\/blog\/wp-json\/wp\/v2\/pages\/31493\/revisions\/42418"}],"wp:attachment":[{"href":"https:\/\/www.urlaubcornwall.de\/blog\/wp-json\/wp\/v2\/media?parent=31493"}],"curies":[{"name":"wp","href":"https:\/\/api.w.org\/{rel}","templated":true}]}}