{"id":31483,"date":"2017-12-24T11:40:41","date_gmt":"2017-12-24T11:40:41","guid":{"rendered":"https:\/\/www.urlaubcornwall.de\/blog\/?page_id=31483"},"modified":"2021-09-02T10:25:53","modified_gmt":"2021-09-02T10:25:53","slug":"schoenes-ferienhaus-meer-gorran-haven","status":"publish","type":"page","link":"https:\/\/www.urlaubcornwall.de\/blog\/schoenes-ferienhaus-meer-gorran-haven\/","title":{"rendered":"Sch\u00f6nes Ferienhaus am Meer in Gorran Haven"},"content":{"rendered":"<p><img loading=\"lazy\" class=\"aligncenter size-full wp-image-31484\" src=\"https:\/\/www.urlaubcornwall.de\/blog\/wp-content\/uploads\/2017\/12\/ferienhaus-am-meer-gorran-haven.jpg\" alt=\"ferienhaus am meer gorran haven\" width=\"746\" height=\"423\"\/><br \/>\n<strong>Ferienhaus mit Meerblick 3.1 kilometern S von Mevagissey, S\u00fcdk\u00fcste Cornwall.<\/strong><\/p>\n<p>4 Schlafzimmer, leider keine Haustiere erlaubt, Schlafplatz f\u00fcr 8 + Kinderbett, An-\/Abreisetag am Samstag, Preis pro Woche \u00a31376 &#8211; \u00a32991<\/p>\n<p>Wenn die Lage ist alles, dann ist dieses wundersch\u00f6ne Cottage ist alles und mehr! Direkt neben dem Strand in dem kleinen Dorf Gorran Haven, die Aussicht \u00fcber den Hafen und das Meer sind erstaunlich. Versteckt am Ende eines Fu\u00dfwegs und eines von nur drei H\u00e4usern, die sich \u00fcber die Bucht, 2 fort Cottages ist perfekt f\u00fcr einen Familienurlaub. Das Haus ist sehr gut ausgestattet und die beiden gro\u00dfen Empfangsr\u00e4ume \u2013 eine K\u00fcche\/ein Familienzimmer und ein gro\u00dfes Wohn-Esszimmer \u2013 bieten viel Platz f\u00fcr alle. Gesch\u00fctzt durch eine steinerne Meeres Mauer, die von den Felsen unten steigt, hat der Garten und Schiefer-gekennzeichnete Terrasse Rasen f\u00fcr die kleinen, zum auf zu spielen und Teak Holz Esszimmerm\u00f6bel f\u00fcr wundervolle im freien Mahlzeiten bildeten umso spezieller durch den erhabenen ausgedehnten Blick. Private Schritte f\u00fchren hinunter zum Strand, wo Sandcastle Building und Rock Pooling halten Jugendliche gl\u00fccklich besetzt, Kajaks k\u00f6nnen im Sommer gemietet werden und das Strand Caf\u00e9 verkauft frische Krabben Sandwiches. Der K\u00fcstenwanderweg schl\u00e4ngelt sich entlang der Klippen in Richtung des alten Fischerhafens von Mevagissey ostw\u00e4rts und den wundersch\u00f6nen G\u00e4rten des Caerhays Schlosses nach Westen, wunderbar landschaftlich reizvolle Routen f\u00fcr diejenigen, die gerne wander<\/p>\n<p style=\"text-align: center;\"><a class=\"tidycta\" href=\"https:\/\/www.urlaubcornwall.de\/ferienhaeuser-fewos\/gorran-haven-am-meer.html\">Suche Ferienh\u00e4user Gorran Haven<\/a><\/p>\n<p>Um UrlaubCornwall.de einzigartige Kollektion nach Ihrem idealen Ferienhaus zu durchsuchen. <a href=\"https:\/\/www.urlaubcornwall.de\/ferienhaeuser\/cornwall.php\"><span style=\"text-decoration: underline;\">Klicken Sie hier<\/span> &gt;&gt;<\/a><\/p>\n","protected":false},"excerpt":{"rendered":"<p>Ferienhaus mit Meerblick 3.1 kilometern S von Mevagissey, S\u00fcdk\u00fcste Cornwall. 4 Schlafzimmer, leider keine Haustiere erlaubt, Schlafplatz f\u00fcr 8 + Kinderbett, An-\/Abreisetag am Samstag, Preis pro Woche \u00a31376 &#8211; \u00a32991 Wenn die Lage ist alles, dann ist dieses wundersch\u00f6ne Cottage ist alles und mehr! Direkt neben dem Strand in dem kleinen Dorf Gorran Haven, die [&hellip;]<\/p>\n","protected":false},"author":1,"featured_media":0,"parent":0,"menu_order":0,"comment_status":"closed","ping_status":"closed","template":"single-four.php","meta":[],"acf":[],"yoast_head":"<!-- This site is optimized with the Yoast SEO plugin v19.4 - https:\/\/yoast.com\/wordpress\/plugins\/seo\/ -->\n<title>Sch\u00f6nes Ferienhaus am Meer in Gorran Haven - Urlaub &amp; Reisen<\/title>\n<meta name=\"robots\" content=\"index, follow, max-snippet:-1, max-image-preview:large, max-video-preview:-1\" \/>\n<link rel=\"canonical\" href=\"https:\/\/www.urlaubcornwall.de\/blog\/schoenes-ferienhaus-meer-gorran-haven\/\" \/>\n<meta property=\"og:locale\" content=\"en_US\" \/>\n<meta property=\"og:type\" content=\"article\" \/>\n<meta property=\"og:title\" content=\"Sch\u00f6nes Ferienhaus am Meer in Gorran Haven - Urlaub &amp; Reisen\" \/>\n<meta property=\"og:description\" content=\"Ferienhaus mit Meerblick 3.1 kilometern S von Mevagissey, S\u00fcdk\u00fcste Cornwall. 4 Schlafzimmer, leider keine Haustiere erlaubt, Schlafplatz f\u00fcr 8 + Kinderbett, An-\/Abreisetag am Samstag, Preis pro Woche \u00a31376 &#8211; \u00a32991 Wenn die Lage ist alles, dann ist dieses wundersch\u00f6ne Cottage ist alles und mehr! Direkt neben dem Strand in dem kleinen Dorf Gorran Haven, die [&hellip;]\" \/>\n<meta property=\"og:url\" content=\"https:\/\/www.urlaubcornwall.de\/blog\/schoenes-ferienhaus-meer-gorran-haven\/\" \/>\n<meta property=\"og:site_name\" content=\"Urlaub &amp; Reisen\" \/>\n<meta property=\"article:modified_time\" content=\"2021-09-02T10:25:53+00:00\" \/>\n<meta property=\"og:image\" content=\"https:\/\/www.urlaubcornwall.de\/blog\/wp-content\/uploads\/2017\/12\/ferienhaus-am-meer-gorran-haven.jpg\" \/>\n<meta name=\"twitter:card\" content=\"summary\" \/>\n<meta name=\"twitter:label1\" content=\"Est. reading time\" \/>\n\t<meta name=\"twitter:data1\" content=\"1 minute\" \/>\n<script type=\"application\/ld+json\" class=\"yoast-schema-graph\">{\"@context\":\"https:\/\/schema.org\",\"@graph\":[{\"@type\":\"WebSite\",\"@id\":\"https:\/\/www.urlaubcornwall.de\/blog\/#website\",\"url\":\"https:\/\/www.urlaubcornwall.de\/blog\/\",\"name\":\"Urlaub &amp; Reisen\",\"description\":\"Urlaub, Reisen, Cornwall und S\u00fcdengland: eine perfekte Kombination\",\"potentialAction\":[{\"@type\":\"SearchAction\",\"target\":{\"@type\":\"EntryPoint\",\"urlTemplate\":\"https:\/\/www.urlaubcornwall.de\/blog\/?s={search_term_string}\"},\"query-input\":\"required name=search_term_string\"}],\"inLanguage\":\"en-US\"},{\"@type\":\"WebPage\",\"@id\":\"https:\/\/www.urlaubcornwall.de\/blog\/schoenes-ferienhaus-meer-gorran-haven\/\",\"url\":\"https:\/\/www.urlaubcornwall.de\/blog\/schoenes-ferienhaus-meer-gorran-haven\/\",\"name\":\"Sch\u00f6nes Ferienhaus am Meer in Gorran Haven - Urlaub &amp; Reisen\",\"isPartOf\":{\"@id\":\"https:\/\/www.urlaubcornwall.de\/blog\/#website\"},\"datePublished\":\"2017-12-24T11:40:41+00:00\",\"dateModified\":\"2021-09-02T10:25:53+00:00\",\"breadcrumb\":{\"@id\":\"https:\/\/www.urlaubcornwall.de\/blog\/schoenes-ferienhaus-meer-gorran-haven\/#breadcrumb\"},\"inLanguage\":\"en-US\",\"potentialAction\":[{\"@type\":\"ReadAction\",\"target\":[\"https:\/\/www.urlaubcornwall.de\/blog\/schoenes-ferienhaus-meer-gorran-haven\/\"]}]},{\"@type\":\"BreadcrumbList\",\"@id\":\"https:\/\/www.urlaubcornwall.de\/blog\/schoenes-ferienhaus-meer-gorran-haven\/#breadcrumb\",\"itemListElement\":[{\"@type\":\"ListItem\",\"position\":1,\"name\":\"Home\",\"item\":\"https:\/\/www.urlaubcornwall.de\/blog\/\"},{\"@type\":\"ListItem\",\"position\":2,\"name\":\"Sch\u00f6nes Ferienhaus am Meer in Gorran Haven\"}]}]}<\/script>\n<!-- \/ Yoast SEO plugin. -->","yoast_head_json":{"title":"Sch\u00f6nes Ferienhaus am Meer in Gorran Haven - Urlaub &amp; Reisen","robots":{"index":"index","follow":"follow","max-snippet":"max-snippet:-1","max-image-preview":"max-image-preview:large","max-video-preview":"max-video-preview:-1"},"canonical":"https:\/\/www.urlaubcornwall.de\/blog\/schoenes-ferienhaus-meer-gorran-haven\/","og_locale":"en_US","og_type":"article","og_title":"Sch\u00f6nes Ferienhaus am Meer in Gorran Haven - Urlaub &amp; Reisen","og_description":"Ferienhaus mit Meerblick 3.1 kilometern S von Mevagissey, S\u00fcdk\u00fcste Cornwall. 4 Schlafzimmer, leider keine Haustiere erlaubt, Schlafplatz f\u00fcr 8 + Kinderbett, An-\/Abreisetag am Samstag, Preis pro Woche \u00a31376 &#8211; \u00a32991 Wenn die Lage ist alles, dann ist dieses wundersch\u00f6ne Cottage ist alles und mehr! Direkt neben dem Strand in dem kleinen Dorf Gorran Haven, die [&hellip;]","og_url":"https:\/\/www.urlaubcornwall.de\/blog\/schoenes-ferienhaus-meer-gorran-haven\/","og_site_name":"Urlaub &amp; Reisen","article_modified_time":"2021-09-02T10:25:53+00:00","og_image":[{"url":"https:\/\/www.urlaubcornwall.de\/blog\/wp-content\/uploads\/2017\/12\/ferienhaus-am-meer-gorran-haven.jpg"}],"twitter_card":"summary","twitter_misc":{"Est. reading time":"1 minute"},"schema":{"@context":"https:\/\/schema.org","@graph":[{"@type":"WebSite","@id":"https:\/\/www.urlaubcornwall.de\/blog\/#website","url":"https:\/\/www.urlaubcornwall.de\/blog\/","name":"Urlaub &amp; Reisen","description":"Urlaub, Reisen, Cornwall und S\u00fcdengland: eine perfekte Kombination","potentialAction":[{"@type":"SearchAction","target":{"@type":"EntryPoint","urlTemplate":"https:\/\/www.urlaubcornwall.de\/blog\/?s={search_term_string}"},"query-input":"required name=search_term_string"}],"inLanguage":"en-US"},{"@type":"WebPage","@id":"https:\/\/www.urlaubcornwall.de\/blog\/schoenes-ferienhaus-meer-gorran-haven\/","url":"https:\/\/www.urlaubcornwall.de\/blog\/schoenes-ferienhaus-meer-gorran-haven\/","name":"Sch\u00f6nes Ferienhaus am Meer in Gorran Haven - Urlaub &amp; Reisen","isPartOf":{"@id":"https:\/\/www.urlaubcornwall.de\/blog\/#website"},"datePublished":"2017-12-24T11:40:41+00:00","dateModified":"2021-09-02T10:25:53+00:00","breadcrumb":{"@id":"https:\/\/www.urlaubcornwall.de\/blog\/schoenes-ferienhaus-meer-gorran-haven\/#breadcrumb"},"inLanguage":"en-US","potentialAction":[{"@type":"ReadAction","target":["https:\/\/www.urlaubcornwall.de\/blog\/schoenes-ferienhaus-meer-gorran-haven\/"]}]},{"@type":"BreadcrumbList","@id":"https:\/\/www.urlaubcornwall.de\/blog\/schoenes-ferienhaus-meer-gorran-haven\/#breadcrumb","itemListElement":[{"@type":"ListItem","position":1,"name":"Home","item":"https:\/\/www.urlaubcornwall.de\/blog\/"},{"@type":"ListItem","position":2,"name":"Sch\u00f6nes Ferienhaus am Meer in Gorran Haven"}]}]}},"_links":{"self":[{"href":"https:\/\/www.urlaubcornwall.de\/blog\/wp-json\/wp\/v2\/pages\/31483"}],"collection":[{"href":"https:\/\/www.urlaubcornwall.de\/blog\/wp-json\/wp\/v2\/pages"}],"about":[{"href":"https:\/\/www.urlaubcornwall.de\/blog\/wp-json\/wp\/v2\/types\/page"}],"author":[{"embeddable":true,"href":"https:\/\/www.urlaubcornwall.de\/blog\/wp-json\/wp\/v2\/users\/1"}],"replies":[{"embeddable":true,"href":"https:\/\/www.urlaubcornwall.de\/blog\/wp-json\/wp\/v2\/comments?post=31483"}],"version-history":[{"count":2,"href":"https:\/\/www.urlaubcornwall.de\/blog\/wp-json\/wp\/v2\/pages\/31483\/revisions"}],"predecessor-version":[{"id":42462,"href":"https:\/\/www.urlaubcornwall.de\/blog\/wp-json\/wp\/v2\/pages\/31483\/revisions\/42462"}],"wp:attachment":[{"href":"https:\/\/www.urlaubcornwall.de\/blog\/wp-json\/wp\/v2\/media?parent=31483"}],"curies":[{"name":"wp","href":"https:\/\/api.w.org\/{rel}","templated":true}]}}