{"id":31480,"date":"2017-12-24T11:07:11","date_gmt":"2017-12-24T11:07:11","guid":{"rendered":"https:\/\/www.urlaubcornwall.de\/blog\/?page_id=31480"},"modified":"2021-09-02T09:18:49","modified_gmt":"2021-09-02T09:18:49","slug":"ferienhaus-meer-crantock-mieten-1522","status":"publish","type":"page","link":"https:\/\/www.urlaubcornwall.de\/blog\/ferienhaus-meer-crantock-mieten-1522\/","title":{"rendered":"Ferienhaus am Meer Crantock mieten &#8211; 1522"},"content":{"rendered":"<p><img loading=\"lazy\" class=\"aligncenter size-full wp-image-31481\" src=\"https:\/\/www.urlaubcornwall.de\/blog\/wp-content\/uploads\/2017\/12\/ferienhaus-am-meer-crantock-newquay.jpg\" alt=\"ferienhaus am meer crantock newquay\" width=\"749\" height=\"494\"\/><br \/>\n<strong>Ferienhaus strandnah Crantock, Nordk\u00fcste Cornwall.<\/strong><\/p>\n<p>2 Schlafzimmer, leider keine Haustiere erlaubt, Schlafplatz f\u00fcr 4 + Kinderbett,&nbsp; An-\/Abreisetag am Samstag, Preis pro Woche \u00a3415 &#8211; \u00a31130<\/p>\n<p>Crantock Dorf und seine sandigen Strand sind sehr beliebt bei den Besuchern dieser Gegend von North Cornwall, und gerecht so. Eingebettet in der Mitte des Dorfes, ist die Einsiedelei ein typisches Stroh gedecktes H\u00e4uschen mit wei\u00df get\u00fcnchten W\u00e4nden und einem kleinen geschlossenen Vorgarten. Im Inneren bietet es seinen G\u00e4sten viele originelle Features, wie Sie eintreten; niedrige Balken, schr\u00e4ge Decken und eine sehr niedrige Sturz \u00fcber die Treppe geben viel Charakter zu diesem kleinen H\u00e4uschen. Der Wohn-Esszimmer, ehemals zwei getrennte R\u00e4ume, hat dekorative Kamine an beiden Enden. Im Obergeschoss befinden sich zwei kleine, attraktiv eingerichtete Schlafzimmer und ein genial gestaltetes Badezimmer. Drau\u00dfen f\u00fchrt die sonnige Terrasse zum separaten Hauswirtschaftsraum und zur Sonnenstube.<\/p>\n<p style=\"text-align: center;\"><a class=\"tidycta\" href=\"https:\/\/www.urlaubcornwall.de\/ferienhaeuser-fewos\/crantock-am-meer.html\">Suche Ferienh\u00e4user Crantock<\/a><\/p>\n<p><strong>Um UrlaubCornwall.de einzigartige Kollektion nach Ihrem idealen Ferienhaus zu durchsuchen.<\/strong> <a href=\"https:\/\/www.urlaubcornwall.de\/ferienhaeuser\/cornwall.php\"><span style=\"text-decoration: underline;\"><strong>Klicken Sie hier<\/strong><\/span><strong> &gt;&gt;<\/strong><\/a><\/p>\n","protected":false},"excerpt":{"rendered":"<p>Ferienhaus strandnah Crantock, Nordk\u00fcste Cornwall. 2 Schlafzimmer, leider keine Haustiere erlaubt, Schlafplatz f\u00fcr 4 + Kinderbett,&nbsp; An-\/Abreisetag am Samstag, Preis pro Woche \u00a3415 &#8211; \u00a31130 Crantock Dorf und seine sandigen Strand sind sehr beliebt bei den Besuchern dieser Gegend von North Cornwall, und gerecht so. Eingebettet in der Mitte des Dorfes, ist die Einsiedelei ein [&hellip;]<\/p>\n","protected":false},"author":1,"featured_media":0,"parent":0,"menu_order":0,"comment_status":"closed","ping_status":"closed","template":"single-four.php","meta":[],"acf":[],"yoast_head":"<!-- This site is optimized with the Yoast SEO plugin v19.4 - https:\/\/yoast.com\/wordpress\/plugins\/seo\/ -->\n<title>Ferienhaus am Meer Crantock mieten - 1522 - Urlaub &amp; Reisen<\/title>\n<meta name=\"robots\" content=\"index, follow, max-snippet:-1, max-image-preview:large, max-video-preview:-1\" \/>\n<link rel=\"canonical\" href=\"https:\/\/www.urlaubcornwall.de\/blog\/ferienhaus-meer-crantock-mieten-1522\/\" \/>\n<meta property=\"og:locale\" content=\"en_US\" \/>\n<meta property=\"og:type\" content=\"article\" \/>\n<meta property=\"og:title\" content=\"Ferienhaus am Meer Crantock mieten - 1522 - Urlaub &amp; Reisen\" \/>\n<meta property=\"og:description\" content=\"Ferienhaus strandnah Crantock, Nordk\u00fcste Cornwall. 2 Schlafzimmer, leider keine Haustiere erlaubt, Schlafplatz f\u00fcr 4 + Kinderbett,&nbsp; An-\/Abreisetag am Samstag, Preis pro Woche \u00a3415 &#8211; \u00a31130 Crantock Dorf und seine sandigen Strand sind sehr beliebt bei den Besuchern dieser Gegend von North Cornwall, und gerecht so. Eingebettet in der Mitte des Dorfes, ist die Einsiedelei ein [&hellip;]\" \/>\n<meta property=\"og:url\" content=\"https:\/\/www.urlaubcornwall.de\/blog\/ferienhaus-meer-crantock-mieten-1522\/\" \/>\n<meta property=\"og:site_name\" content=\"Urlaub &amp; Reisen\" \/>\n<meta property=\"article:modified_time\" content=\"2021-09-02T09:18:49+00:00\" \/>\n<meta property=\"og:image\" content=\"https:\/\/www.urlaubcornwall.de\/blog\/wp-content\/uploads\/2017\/12\/ferienhaus-am-meer-crantock-newquay.jpg\" \/>\n<meta name=\"twitter:card\" content=\"summary\" \/>\n<meta name=\"twitter:label1\" content=\"Est. reading time\" \/>\n\t<meta name=\"twitter:data1\" content=\"1 minute\" \/>\n<script type=\"application\/ld+json\" class=\"yoast-schema-graph\">{\"@context\":\"https:\/\/schema.org\",\"@graph\":[{\"@type\":\"WebSite\",\"@id\":\"https:\/\/www.urlaubcornwall.de\/blog\/#website\",\"url\":\"https:\/\/www.urlaubcornwall.de\/blog\/\",\"name\":\"Urlaub &amp; Reisen\",\"description\":\"Urlaub, Reisen, Cornwall und S\u00fcdengland: eine perfekte Kombination\",\"potentialAction\":[{\"@type\":\"SearchAction\",\"target\":{\"@type\":\"EntryPoint\",\"urlTemplate\":\"https:\/\/www.urlaubcornwall.de\/blog\/?s={search_term_string}\"},\"query-input\":\"required name=search_term_string\"}],\"inLanguage\":\"en-US\"},{\"@type\":\"WebPage\",\"@id\":\"https:\/\/www.urlaubcornwall.de\/blog\/ferienhaus-meer-crantock-mieten-1522\/\",\"url\":\"https:\/\/www.urlaubcornwall.de\/blog\/ferienhaus-meer-crantock-mieten-1522\/\",\"name\":\"Ferienhaus am Meer Crantock mieten - 1522 - Urlaub &amp; Reisen\",\"isPartOf\":{\"@id\":\"https:\/\/www.urlaubcornwall.de\/blog\/#website\"},\"datePublished\":\"2017-12-24T11:07:11+00:00\",\"dateModified\":\"2021-09-02T09:18:49+00:00\",\"breadcrumb\":{\"@id\":\"https:\/\/www.urlaubcornwall.de\/blog\/ferienhaus-meer-crantock-mieten-1522\/#breadcrumb\"},\"inLanguage\":\"en-US\",\"potentialAction\":[{\"@type\":\"ReadAction\",\"target\":[\"https:\/\/www.urlaubcornwall.de\/blog\/ferienhaus-meer-crantock-mieten-1522\/\"]}]},{\"@type\":\"BreadcrumbList\",\"@id\":\"https:\/\/www.urlaubcornwall.de\/blog\/ferienhaus-meer-crantock-mieten-1522\/#breadcrumb\",\"itemListElement\":[{\"@type\":\"ListItem\",\"position\":1,\"name\":\"Home\",\"item\":\"https:\/\/www.urlaubcornwall.de\/blog\/\"},{\"@type\":\"ListItem\",\"position\":2,\"name\":\"Ferienhaus am Meer Crantock mieten &#8211; 1522\"}]}]}<\/script>\n<!-- \/ Yoast SEO plugin. -->","yoast_head_json":{"title":"Ferienhaus am Meer Crantock mieten - 1522 - Urlaub &amp; Reisen","robots":{"index":"index","follow":"follow","max-snippet":"max-snippet:-1","max-image-preview":"max-image-preview:large","max-video-preview":"max-video-preview:-1"},"canonical":"https:\/\/www.urlaubcornwall.de\/blog\/ferienhaus-meer-crantock-mieten-1522\/","og_locale":"en_US","og_type":"article","og_title":"Ferienhaus am Meer Crantock mieten - 1522 - Urlaub &amp; Reisen","og_description":"Ferienhaus strandnah Crantock, Nordk\u00fcste Cornwall. 2 Schlafzimmer, leider keine Haustiere erlaubt, Schlafplatz f\u00fcr 4 + Kinderbett,&nbsp; An-\/Abreisetag am Samstag, Preis pro Woche \u00a3415 &#8211; \u00a31130 Crantock Dorf und seine sandigen Strand sind sehr beliebt bei den Besuchern dieser Gegend von North Cornwall, und gerecht so. Eingebettet in der Mitte des Dorfes, ist die Einsiedelei ein [&hellip;]","og_url":"https:\/\/www.urlaubcornwall.de\/blog\/ferienhaus-meer-crantock-mieten-1522\/","og_site_name":"Urlaub &amp; Reisen","article_modified_time":"2021-09-02T09:18:49+00:00","og_image":[{"url":"https:\/\/www.urlaubcornwall.de\/blog\/wp-content\/uploads\/2017\/12\/ferienhaus-am-meer-crantock-newquay.jpg"}],"twitter_card":"summary","twitter_misc":{"Est. reading time":"1 minute"},"schema":{"@context":"https:\/\/schema.org","@graph":[{"@type":"WebSite","@id":"https:\/\/www.urlaubcornwall.de\/blog\/#website","url":"https:\/\/www.urlaubcornwall.de\/blog\/","name":"Urlaub &amp; Reisen","description":"Urlaub, Reisen, Cornwall und S\u00fcdengland: eine perfekte Kombination","potentialAction":[{"@type":"SearchAction","target":{"@type":"EntryPoint","urlTemplate":"https:\/\/www.urlaubcornwall.de\/blog\/?s={search_term_string}"},"query-input":"required name=search_term_string"}],"inLanguage":"en-US"},{"@type":"WebPage","@id":"https:\/\/www.urlaubcornwall.de\/blog\/ferienhaus-meer-crantock-mieten-1522\/","url":"https:\/\/www.urlaubcornwall.de\/blog\/ferienhaus-meer-crantock-mieten-1522\/","name":"Ferienhaus am Meer Crantock mieten - 1522 - Urlaub &amp; Reisen","isPartOf":{"@id":"https:\/\/www.urlaubcornwall.de\/blog\/#website"},"datePublished":"2017-12-24T11:07:11+00:00","dateModified":"2021-09-02T09:18:49+00:00","breadcrumb":{"@id":"https:\/\/www.urlaubcornwall.de\/blog\/ferienhaus-meer-crantock-mieten-1522\/#breadcrumb"},"inLanguage":"en-US","potentialAction":[{"@type":"ReadAction","target":["https:\/\/www.urlaubcornwall.de\/blog\/ferienhaus-meer-crantock-mieten-1522\/"]}]},{"@type":"BreadcrumbList","@id":"https:\/\/www.urlaubcornwall.de\/blog\/ferienhaus-meer-crantock-mieten-1522\/#breadcrumb","itemListElement":[{"@type":"ListItem","position":1,"name":"Home","item":"https:\/\/www.urlaubcornwall.de\/blog\/"},{"@type":"ListItem","position":2,"name":"Ferienhaus am Meer Crantock mieten &#8211; 1522"}]}]}},"_links":{"self":[{"href":"https:\/\/www.urlaubcornwall.de\/blog\/wp-json\/wp\/v2\/pages\/31480"}],"collection":[{"href":"https:\/\/www.urlaubcornwall.de\/blog\/wp-json\/wp\/v2\/pages"}],"about":[{"href":"https:\/\/www.urlaubcornwall.de\/blog\/wp-json\/wp\/v2\/types\/page"}],"author":[{"embeddable":true,"href":"https:\/\/www.urlaubcornwall.de\/blog\/wp-json\/wp\/v2\/users\/1"}],"replies":[{"embeddable":true,"href":"https:\/\/www.urlaubcornwall.de\/blog\/wp-json\/wp\/v2\/comments?post=31480"}],"version-history":[{"count":3,"href":"https:\/\/www.urlaubcornwall.de\/blog\/wp-json\/wp\/v2\/pages\/31480\/revisions"}],"predecessor-version":[{"id":42408,"href":"https:\/\/www.urlaubcornwall.de\/blog\/wp-json\/wp\/v2\/pages\/31480\/revisions\/42408"}],"wp:attachment":[{"href":"https:\/\/www.urlaubcornwall.de\/blog\/wp-json\/wp\/v2\/media?parent=31480"}],"curies":[{"name":"wp","href":"https:\/\/api.w.org\/{rel}","templated":true}]}}