{"id":31477,"date":"2017-12-24T10:59:50","date_gmt":"2017-12-24T10:59:50","guid":{"rendered":"https:\/\/www.urlaubcornwall.de\/blog\/?page_id=31477"},"modified":"2021-09-02T09:16:49","modified_gmt":"2021-09-02T09:16:49","slug":"ferienhaus-meer-charlestown-mieten-3810","status":"publish","type":"page","link":"https:\/\/www.urlaubcornwall.de\/blog\/ferienhaus-meer-charlestown-mieten-3810\/","title":{"rendered":"Ferienhaus am Meer Charlestown mieten &#8211; 3810"},"content":{"rendered":"<p><img loading=\"lazy\" class=\"aligncenter size-full wp-image-31478\" src=\"https:\/\/www.urlaubcornwall.de\/blog\/wp-content\/uploads\/2017\/12\/ferienhaus-am-meer-charlestown.jpg\" alt=\"ferienhaus am meer charlestown\" width=\"749\" height=\"425\"\/><br \/>\n<strong>Ferienhaus mit Meerblick Charlestown, S\u00fcdk\u00fcste Cornwall.<\/strong><\/p>\n<p>2 Schlafzimmer, hundefreundlich, Schlafplatz f\u00fcr 4 + Kinderbett, An-\/Abreisetag am Samstag | Preis pro Woche \u00a3563 &#8211; \u00a31248<\/p>\n<p>Nicht weit entfernt von den historischen Schiffen in Charlestowns winzigem Hafen und mit Blick auf die K\u00fcste, sitzt das Copper House direkt an der Hafenpromenade dieses sch\u00f6nen Dorfes. Das reizvolle Cottage aus dem 18. Jahrhundert, das auf Charlestowns Vergangenheit als Hauptexporteur von Kupfer verweist, wurde stilvoll modernisiert, um modernen Komfort zu bieten, wobei viele originelle Eigenschaften erhalten bleiben. Poldark-Enthusiasten werden diese wundersch\u00f6ne Lage, mit den unverdorbenen Terrassen H\u00fctten und den hohen Schiffen im Wasser, das bei zahlreichen Gelegenheiten zum Filmen verwendet wird, erkennen. Mit dem Wohnzimmer und beiden Schlafzimmern mit Blick auf die Aussicht, es ist ein Parade Punkt f\u00fcr das zur\u00fcck sitzen und beobachten die gesch\u00e4ftigen Aktivit\u00e4ten rund um den Hafen, und Sand und Kiesstrand; Sie k\u00f6nnen sogar sehen, Poldark selbst, wenn Sie das Gl\u00fcck haben, zu besuchen, wenn die Dreharbeiten im Gange ist! Das Copper House befindet sich gleich neben dem Captain es Gig und ist damit der ideale Ausgangspunkt f\u00fcr Gruppen von bis zu neun Erwachsenen.<\/p>\n<p style=\"text-align: center;\"><a class=\"tidycta\" href=\"https:\/\/www.urlaubcornwall.de\/ferienhaeuser-fewos\/charlestown-am-meer.html\">Suche Ferienh\u00e4user Charlestown<\/a><\/p>\n<p><strong>Um UrlaubCornwall.de einzigartige Kollektion nach Ihrem idealen Ferienhaus zu durchsuchen.<\/strong> <a href=\"https:\/\/www.urlaubcornwall.de\/ferienhaeuser\/cornwall.php\"><span style=\"text-decoration: underline;\"><strong>Klicken Sie hier<\/strong><\/span><strong> &gt;&gt;<\/strong><\/a><\/p>\n","protected":false},"excerpt":{"rendered":"<p>Ferienhaus mit Meerblick Charlestown, S\u00fcdk\u00fcste Cornwall. 2 Schlafzimmer, hundefreundlich, Schlafplatz f\u00fcr 4 + Kinderbett, An-\/Abreisetag am Samstag | Preis pro Woche \u00a3563 &#8211; \u00a31248 Nicht weit entfernt von den historischen Schiffen in Charlestowns winzigem Hafen und mit Blick auf die K\u00fcste, sitzt das Copper House direkt an der Hafenpromenade dieses sch\u00f6nen Dorfes. Das reizvolle Cottage [&hellip;]<\/p>\n","protected":false},"author":1,"featured_media":0,"parent":0,"menu_order":0,"comment_status":"closed","ping_status":"closed","template":"single-four.php","meta":[],"acf":[],"yoast_head":"<!-- This site is optimized with the Yoast SEO plugin v19.4 - https:\/\/yoast.com\/wordpress\/plugins\/seo\/ -->\n<title>Ferienhaus am Meer Charlestown mieten - 3810 - Urlaub &amp; Reisen<\/title>\n<meta name=\"robots\" content=\"index, follow, max-snippet:-1, max-image-preview:large, max-video-preview:-1\" \/>\n<link rel=\"canonical\" href=\"https:\/\/www.urlaubcornwall.de\/blog\/ferienhaus-meer-charlestown-mieten-3810\/\" \/>\n<meta property=\"og:locale\" content=\"en_US\" \/>\n<meta property=\"og:type\" content=\"article\" \/>\n<meta property=\"og:title\" content=\"Ferienhaus am Meer Charlestown mieten - 3810 - Urlaub &amp; Reisen\" \/>\n<meta property=\"og:description\" content=\"Ferienhaus mit Meerblick Charlestown, S\u00fcdk\u00fcste Cornwall. 2 Schlafzimmer, hundefreundlich, Schlafplatz f\u00fcr 4 + Kinderbett, An-\/Abreisetag am Samstag | Preis pro Woche \u00a3563 &#8211; \u00a31248 Nicht weit entfernt von den historischen Schiffen in Charlestowns winzigem Hafen und mit Blick auf die K\u00fcste, sitzt das Copper House direkt an der Hafenpromenade dieses sch\u00f6nen Dorfes. Das reizvolle Cottage [&hellip;]\" \/>\n<meta property=\"og:url\" content=\"https:\/\/www.urlaubcornwall.de\/blog\/ferienhaus-meer-charlestown-mieten-3810\/\" \/>\n<meta property=\"og:site_name\" content=\"Urlaub &amp; Reisen\" \/>\n<meta property=\"article:modified_time\" content=\"2021-09-02T09:16:49+00:00\" \/>\n<meta property=\"og:image\" content=\"https:\/\/www.urlaubcornwall.de\/blog\/wp-content\/uploads\/2017\/12\/ferienhaus-am-meer-charlestown.jpg\" \/>\n<meta name=\"twitter:card\" content=\"summary\" \/>\n<meta name=\"twitter:label1\" content=\"Est. reading time\" \/>\n\t<meta name=\"twitter:data1\" content=\"1 minute\" \/>\n<script type=\"application\/ld+json\" class=\"yoast-schema-graph\">{\"@context\":\"https:\/\/schema.org\",\"@graph\":[{\"@type\":\"WebSite\",\"@id\":\"https:\/\/www.urlaubcornwall.de\/blog\/#website\",\"url\":\"https:\/\/www.urlaubcornwall.de\/blog\/\",\"name\":\"Urlaub &amp; Reisen\",\"description\":\"Urlaub, Reisen, Cornwall und S\u00fcdengland: eine perfekte Kombination\",\"potentialAction\":[{\"@type\":\"SearchAction\",\"target\":{\"@type\":\"EntryPoint\",\"urlTemplate\":\"https:\/\/www.urlaubcornwall.de\/blog\/?s={search_term_string}\"},\"query-input\":\"required name=search_term_string\"}],\"inLanguage\":\"en-US\"},{\"@type\":\"WebPage\",\"@id\":\"https:\/\/www.urlaubcornwall.de\/blog\/ferienhaus-meer-charlestown-mieten-3810\/\",\"url\":\"https:\/\/www.urlaubcornwall.de\/blog\/ferienhaus-meer-charlestown-mieten-3810\/\",\"name\":\"Ferienhaus am Meer Charlestown mieten - 3810 - Urlaub &amp; Reisen\",\"isPartOf\":{\"@id\":\"https:\/\/www.urlaubcornwall.de\/blog\/#website\"},\"datePublished\":\"2017-12-24T10:59:50+00:00\",\"dateModified\":\"2021-09-02T09:16:49+00:00\",\"breadcrumb\":{\"@id\":\"https:\/\/www.urlaubcornwall.de\/blog\/ferienhaus-meer-charlestown-mieten-3810\/#breadcrumb\"},\"inLanguage\":\"en-US\",\"potentialAction\":[{\"@type\":\"ReadAction\",\"target\":[\"https:\/\/www.urlaubcornwall.de\/blog\/ferienhaus-meer-charlestown-mieten-3810\/\"]}]},{\"@type\":\"BreadcrumbList\",\"@id\":\"https:\/\/www.urlaubcornwall.de\/blog\/ferienhaus-meer-charlestown-mieten-3810\/#breadcrumb\",\"itemListElement\":[{\"@type\":\"ListItem\",\"position\":1,\"name\":\"Home\",\"item\":\"https:\/\/www.urlaubcornwall.de\/blog\/\"},{\"@type\":\"ListItem\",\"position\":2,\"name\":\"Ferienhaus am Meer Charlestown mieten &#8211; 3810\"}]}]}<\/script>\n<!-- \/ Yoast SEO plugin. -->","yoast_head_json":{"title":"Ferienhaus am Meer Charlestown mieten - 3810 - Urlaub &amp; Reisen","robots":{"index":"index","follow":"follow","max-snippet":"max-snippet:-1","max-image-preview":"max-image-preview:large","max-video-preview":"max-video-preview:-1"},"canonical":"https:\/\/www.urlaubcornwall.de\/blog\/ferienhaus-meer-charlestown-mieten-3810\/","og_locale":"en_US","og_type":"article","og_title":"Ferienhaus am Meer Charlestown mieten - 3810 - Urlaub &amp; Reisen","og_description":"Ferienhaus mit Meerblick Charlestown, S\u00fcdk\u00fcste Cornwall. 2 Schlafzimmer, hundefreundlich, Schlafplatz f\u00fcr 4 + Kinderbett, An-\/Abreisetag am Samstag | Preis pro Woche \u00a3563 &#8211; \u00a31248 Nicht weit entfernt von den historischen Schiffen in Charlestowns winzigem Hafen und mit Blick auf die K\u00fcste, sitzt das Copper House direkt an der Hafenpromenade dieses sch\u00f6nen Dorfes. Das reizvolle Cottage [&hellip;]","og_url":"https:\/\/www.urlaubcornwall.de\/blog\/ferienhaus-meer-charlestown-mieten-3810\/","og_site_name":"Urlaub &amp; Reisen","article_modified_time":"2021-09-02T09:16:49+00:00","og_image":[{"url":"https:\/\/www.urlaubcornwall.de\/blog\/wp-content\/uploads\/2017\/12\/ferienhaus-am-meer-charlestown.jpg"}],"twitter_card":"summary","twitter_misc":{"Est. reading time":"1 minute"},"schema":{"@context":"https:\/\/schema.org","@graph":[{"@type":"WebSite","@id":"https:\/\/www.urlaubcornwall.de\/blog\/#website","url":"https:\/\/www.urlaubcornwall.de\/blog\/","name":"Urlaub &amp; Reisen","description":"Urlaub, Reisen, Cornwall und S\u00fcdengland: eine perfekte Kombination","potentialAction":[{"@type":"SearchAction","target":{"@type":"EntryPoint","urlTemplate":"https:\/\/www.urlaubcornwall.de\/blog\/?s={search_term_string}"},"query-input":"required name=search_term_string"}],"inLanguage":"en-US"},{"@type":"WebPage","@id":"https:\/\/www.urlaubcornwall.de\/blog\/ferienhaus-meer-charlestown-mieten-3810\/","url":"https:\/\/www.urlaubcornwall.de\/blog\/ferienhaus-meer-charlestown-mieten-3810\/","name":"Ferienhaus am Meer Charlestown mieten - 3810 - Urlaub &amp; Reisen","isPartOf":{"@id":"https:\/\/www.urlaubcornwall.de\/blog\/#website"},"datePublished":"2017-12-24T10:59:50+00:00","dateModified":"2021-09-02T09:16:49+00:00","breadcrumb":{"@id":"https:\/\/www.urlaubcornwall.de\/blog\/ferienhaus-meer-charlestown-mieten-3810\/#breadcrumb"},"inLanguage":"en-US","potentialAction":[{"@type":"ReadAction","target":["https:\/\/www.urlaubcornwall.de\/blog\/ferienhaus-meer-charlestown-mieten-3810\/"]}]},{"@type":"BreadcrumbList","@id":"https:\/\/www.urlaubcornwall.de\/blog\/ferienhaus-meer-charlestown-mieten-3810\/#breadcrumb","itemListElement":[{"@type":"ListItem","position":1,"name":"Home","item":"https:\/\/www.urlaubcornwall.de\/blog\/"},{"@type":"ListItem","position":2,"name":"Ferienhaus am Meer Charlestown mieten &#8211; 3810"}]}]}},"_links":{"self":[{"href":"https:\/\/www.urlaubcornwall.de\/blog\/wp-json\/wp\/v2\/pages\/31477"}],"collection":[{"href":"https:\/\/www.urlaubcornwall.de\/blog\/wp-json\/wp\/v2\/pages"}],"about":[{"href":"https:\/\/www.urlaubcornwall.de\/blog\/wp-json\/wp\/v2\/types\/page"}],"author":[{"embeddable":true,"href":"https:\/\/www.urlaubcornwall.de\/blog\/wp-json\/wp\/v2\/users\/1"}],"replies":[{"embeddable":true,"href":"https:\/\/www.urlaubcornwall.de\/blog\/wp-json\/wp\/v2\/comments?post=31477"}],"version-history":[{"count":4,"href":"https:\/\/www.urlaubcornwall.de\/blog\/wp-json\/wp\/v2\/pages\/31477\/revisions"}],"predecessor-version":[{"id":42404,"href":"https:\/\/www.urlaubcornwall.de\/blog\/wp-json\/wp\/v2\/pages\/31477\/revisions\/42404"}],"wp:attachment":[{"href":"https:\/\/www.urlaubcornwall.de\/blog\/wp-json\/wp\/v2\/media?parent=31477"}],"curies":[{"name":"wp","href":"https:\/\/api.w.org\/{rel}","templated":true}]}}