{"id":31474,"date":"2017-12-24T10:31:12","date_gmt":"2017-12-24T10:31:12","guid":{"rendered":"https:\/\/www.urlaubcornwall.de\/blog\/?page_id=31474"},"modified":"2021-09-02T09:15:54","modified_gmt":"2021-09-02T09:15:54","slug":"ferienhaus-meer-carlyon-bay-mieten-2621","status":"publish","type":"page","link":"https:\/\/www.urlaubcornwall.de\/blog\/ferienhaus-meer-carlyon-bay-mieten-2621\/","title":{"rendered":"Ferienhaus am Meer Carlyon Bay mieten &#8211; 2621"},"content":{"rendered":"<p><img loading=\"lazy\" class=\"aligncenter size-full wp-image-31475\" src=\"https:\/\/www.urlaubcornwall.de\/blog\/wp-content\/uploads\/2017\/12\/ferienhaus-am-meer-carlyon-bay.jpg\" alt=\"ferienhaus am meer carlyon bay\" width=\"749\" height=\"418\"\/><br \/>\n<strong>Ferienhaus strandnah Carlyon Bay, S\u00fcdk\u00fcste Cornwall.<\/strong><\/p>\n<p>4 Schlafzimmer, leider keine Haustiere erlaubt, Schlafplatz f\u00fcr 8 + Kinderbett, An-\/Abreisetag am Samstag | Preis pro Woche \u00a3467 &#8211; \u00a31665<\/p>\n<p>Tredhowr ist ein ger\u00e4umiges, freistehendes, modernes Ferienhaus, nur 10 Gehminuten vom Strand, dem K\u00fcstenwanderweg und dem Championship-Golfplatz in der Carlyon Bay und den wunderbaren hohen Schiffen in <a href=\"https:\/\/www.urlaubcornwall.de\/ferienhaeuser-fewos\/charlestown.html\">Charlestown Hafen<\/a> entfernt. Es gibt Ebene Zugang in die Eiche Flur, und das gro\u00dfe offene Wohnzimmer verf\u00fcgt \u00fcber eine voll ausgestattete K\u00fcche, separate Essecke und einen Sitzbereich, Fenster mit Blick auf B\u00e4ume und Wiesen und T\u00fcren zu einer privaten Terrasse und geschlossenen Garten. Das Schlafzimmer im Erdgeschoss verf\u00fcgt \u00fcber ein eigenes Badezimmer mit separater Dusche und einem Eck-Bad, ideal f\u00fcr Personen mit eingeschr\u00e4nkter Mobilit\u00e4t. Der Hauswirtschaftsraum verf\u00fcgt \u00fcber einen kleinen Billardtisch und Kinderspiele, so dass die Erwachsenen sich entspannen k\u00f6nnen.<\/p>\n<p style=\"text-align: center;\"><a class=\"tidycta\" href=\"https:\/\/www.urlaubcornwall.de\/ferienhaeuser-fewos\/carlyon-bay-am-meer.html\">Suche Ferienh\u00e4user Carlyon Bay<\/a><\/p>\n<p><strong>Um UrlaubCornwall.de einzigartige Kollektion nach Ihrem idealen Ferienhaus zu durchsuchen.<\/strong> <a href=\"https:\/\/www.urlaubcornwall.de\/ferienhaeuser\/cornwall.php\"><span style=\"text-decoration: underline;\"><strong>Klicken Sie hier<\/strong><\/span><strong> &gt;&gt;<\/strong><\/a><\/p>\n","protected":false},"excerpt":{"rendered":"<p>Ferienhaus strandnah Carlyon Bay, S\u00fcdk\u00fcste Cornwall. 4 Schlafzimmer, leider keine Haustiere erlaubt, Schlafplatz f\u00fcr 8 + Kinderbett, An-\/Abreisetag am Samstag | Preis pro Woche \u00a3467 &#8211; \u00a31665 Tredhowr ist ein ger\u00e4umiges, freistehendes, modernes Ferienhaus, nur 10 Gehminuten vom Strand, dem K\u00fcstenwanderweg und dem Championship-Golfplatz in der Carlyon Bay und den wunderbaren hohen Schiffen in Charlestown [&hellip;]<\/p>\n","protected":false},"author":1,"featured_media":0,"parent":0,"menu_order":0,"comment_status":"closed","ping_status":"closed","template":"single-four.php","meta":[],"acf":[],"yoast_head":"<!-- This site is optimized with the Yoast SEO plugin v19.4 - https:\/\/yoast.com\/wordpress\/plugins\/seo\/ -->\n<title>Ferienhaus am Meer Carlyon Bay mieten - 2621 - Urlaub &amp; Reisen<\/title>\n<meta name=\"robots\" content=\"index, follow, max-snippet:-1, max-image-preview:large, max-video-preview:-1\" \/>\n<link rel=\"canonical\" href=\"https:\/\/www.urlaubcornwall.de\/blog\/ferienhaus-meer-carlyon-bay-mieten-2621\/\" \/>\n<meta property=\"og:locale\" content=\"en_US\" \/>\n<meta property=\"og:type\" content=\"article\" \/>\n<meta property=\"og:title\" content=\"Ferienhaus am Meer Carlyon Bay mieten - 2621 - Urlaub &amp; Reisen\" \/>\n<meta property=\"og:description\" content=\"Ferienhaus strandnah Carlyon Bay, S\u00fcdk\u00fcste Cornwall. 4 Schlafzimmer, leider keine Haustiere erlaubt, Schlafplatz f\u00fcr 8 + Kinderbett, An-\/Abreisetag am Samstag | Preis pro Woche \u00a3467 &#8211; \u00a31665 Tredhowr ist ein ger\u00e4umiges, freistehendes, modernes Ferienhaus, nur 10 Gehminuten vom Strand, dem K\u00fcstenwanderweg und dem Championship-Golfplatz in der Carlyon Bay und den wunderbaren hohen Schiffen in Charlestown [&hellip;]\" \/>\n<meta property=\"og:url\" content=\"https:\/\/www.urlaubcornwall.de\/blog\/ferienhaus-meer-carlyon-bay-mieten-2621\/\" \/>\n<meta property=\"og:site_name\" content=\"Urlaub &amp; Reisen\" \/>\n<meta property=\"article:modified_time\" content=\"2021-09-02T09:15:54+00:00\" \/>\n<meta property=\"og:image\" content=\"https:\/\/www.urlaubcornwall.de\/blog\/wp-content\/uploads\/2017\/12\/ferienhaus-am-meer-carlyon-bay.jpg\" \/>\n<meta name=\"twitter:card\" content=\"summary\" \/>\n<meta name=\"twitter:label1\" content=\"Est. reading time\" \/>\n\t<meta name=\"twitter:data1\" content=\"1 minute\" \/>\n<script type=\"application\/ld+json\" class=\"yoast-schema-graph\">{\"@context\":\"https:\/\/schema.org\",\"@graph\":[{\"@type\":\"WebSite\",\"@id\":\"https:\/\/www.urlaubcornwall.de\/blog\/#website\",\"url\":\"https:\/\/www.urlaubcornwall.de\/blog\/\",\"name\":\"Urlaub &amp; Reisen\",\"description\":\"Urlaub, Reisen, Cornwall und S\u00fcdengland: eine perfekte Kombination\",\"potentialAction\":[{\"@type\":\"SearchAction\",\"target\":{\"@type\":\"EntryPoint\",\"urlTemplate\":\"https:\/\/www.urlaubcornwall.de\/blog\/?s={search_term_string}\"},\"query-input\":\"required name=search_term_string\"}],\"inLanguage\":\"en-US\"},{\"@type\":\"WebPage\",\"@id\":\"https:\/\/www.urlaubcornwall.de\/blog\/ferienhaus-meer-carlyon-bay-mieten-2621\/\",\"url\":\"https:\/\/www.urlaubcornwall.de\/blog\/ferienhaus-meer-carlyon-bay-mieten-2621\/\",\"name\":\"Ferienhaus am Meer Carlyon Bay mieten - 2621 - Urlaub &amp; Reisen\",\"isPartOf\":{\"@id\":\"https:\/\/www.urlaubcornwall.de\/blog\/#website\"},\"datePublished\":\"2017-12-24T10:31:12+00:00\",\"dateModified\":\"2021-09-02T09:15:54+00:00\",\"breadcrumb\":{\"@id\":\"https:\/\/www.urlaubcornwall.de\/blog\/ferienhaus-meer-carlyon-bay-mieten-2621\/#breadcrumb\"},\"inLanguage\":\"en-US\",\"potentialAction\":[{\"@type\":\"ReadAction\",\"target\":[\"https:\/\/www.urlaubcornwall.de\/blog\/ferienhaus-meer-carlyon-bay-mieten-2621\/\"]}]},{\"@type\":\"BreadcrumbList\",\"@id\":\"https:\/\/www.urlaubcornwall.de\/blog\/ferienhaus-meer-carlyon-bay-mieten-2621\/#breadcrumb\",\"itemListElement\":[{\"@type\":\"ListItem\",\"position\":1,\"name\":\"Home\",\"item\":\"https:\/\/www.urlaubcornwall.de\/blog\/\"},{\"@type\":\"ListItem\",\"position\":2,\"name\":\"Ferienhaus am Meer Carlyon Bay mieten &#8211; 2621\"}]}]}<\/script>\n<!-- \/ Yoast SEO plugin. -->","yoast_head_json":{"title":"Ferienhaus am Meer Carlyon Bay mieten - 2621 - Urlaub &amp; Reisen","robots":{"index":"index","follow":"follow","max-snippet":"max-snippet:-1","max-image-preview":"max-image-preview:large","max-video-preview":"max-video-preview:-1"},"canonical":"https:\/\/www.urlaubcornwall.de\/blog\/ferienhaus-meer-carlyon-bay-mieten-2621\/","og_locale":"en_US","og_type":"article","og_title":"Ferienhaus am Meer Carlyon Bay mieten - 2621 - Urlaub &amp; Reisen","og_description":"Ferienhaus strandnah Carlyon Bay, S\u00fcdk\u00fcste Cornwall. 4 Schlafzimmer, leider keine Haustiere erlaubt, Schlafplatz f\u00fcr 8 + Kinderbett, An-\/Abreisetag am Samstag | Preis pro Woche \u00a3467 &#8211; \u00a31665 Tredhowr ist ein ger\u00e4umiges, freistehendes, modernes Ferienhaus, nur 10 Gehminuten vom Strand, dem K\u00fcstenwanderweg und dem Championship-Golfplatz in der Carlyon Bay und den wunderbaren hohen Schiffen in Charlestown [&hellip;]","og_url":"https:\/\/www.urlaubcornwall.de\/blog\/ferienhaus-meer-carlyon-bay-mieten-2621\/","og_site_name":"Urlaub &amp; Reisen","article_modified_time":"2021-09-02T09:15:54+00:00","og_image":[{"url":"https:\/\/www.urlaubcornwall.de\/blog\/wp-content\/uploads\/2017\/12\/ferienhaus-am-meer-carlyon-bay.jpg"}],"twitter_card":"summary","twitter_misc":{"Est. reading time":"1 minute"},"schema":{"@context":"https:\/\/schema.org","@graph":[{"@type":"WebSite","@id":"https:\/\/www.urlaubcornwall.de\/blog\/#website","url":"https:\/\/www.urlaubcornwall.de\/blog\/","name":"Urlaub &amp; Reisen","description":"Urlaub, Reisen, Cornwall und S\u00fcdengland: eine perfekte Kombination","potentialAction":[{"@type":"SearchAction","target":{"@type":"EntryPoint","urlTemplate":"https:\/\/www.urlaubcornwall.de\/blog\/?s={search_term_string}"},"query-input":"required name=search_term_string"}],"inLanguage":"en-US"},{"@type":"WebPage","@id":"https:\/\/www.urlaubcornwall.de\/blog\/ferienhaus-meer-carlyon-bay-mieten-2621\/","url":"https:\/\/www.urlaubcornwall.de\/blog\/ferienhaus-meer-carlyon-bay-mieten-2621\/","name":"Ferienhaus am Meer Carlyon Bay mieten - 2621 - Urlaub &amp; Reisen","isPartOf":{"@id":"https:\/\/www.urlaubcornwall.de\/blog\/#website"},"datePublished":"2017-12-24T10:31:12+00:00","dateModified":"2021-09-02T09:15:54+00:00","breadcrumb":{"@id":"https:\/\/www.urlaubcornwall.de\/blog\/ferienhaus-meer-carlyon-bay-mieten-2621\/#breadcrumb"},"inLanguage":"en-US","potentialAction":[{"@type":"ReadAction","target":["https:\/\/www.urlaubcornwall.de\/blog\/ferienhaus-meer-carlyon-bay-mieten-2621\/"]}]},{"@type":"BreadcrumbList","@id":"https:\/\/www.urlaubcornwall.de\/blog\/ferienhaus-meer-carlyon-bay-mieten-2621\/#breadcrumb","itemListElement":[{"@type":"ListItem","position":1,"name":"Home","item":"https:\/\/www.urlaubcornwall.de\/blog\/"},{"@type":"ListItem","position":2,"name":"Ferienhaus am Meer Carlyon Bay mieten &#8211; 2621"}]}]}},"_links":{"self":[{"href":"https:\/\/www.urlaubcornwall.de\/blog\/wp-json\/wp\/v2\/pages\/31474"}],"collection":[{"href":"https:\/\/www.urlaubcornwall.de\/blog\/wp-json\/wp\/v2\/pages"}],"about":[{"href":"https:\/\/www.urlaubcornwall.de\/blog\/wp-json\/wp\/v2\/types\/page"}],"author":[{"embeddable":true,"href":"https:\/\/www.urlaubcornwall.de\/blog\/wp-json\/wp\/v2\/users\/1"}],"replies":[{"embeddable":true,"href":"https:\/\/www.urlaubcornwall.de\/blog\/wp-json\/wp\/v2\/comments?post=31474"}],"version-history":[{"count":4,"href":"https:\/\/www.urlaubcornwall.de\/blog\/wp-json\/wp\/v2\/pages\/31474\/revisions"}],"predecessor-version":[{"id":42403,"href":"https:\/\/www.urlaubcornwall.de\/blog\/wp-json\/wp\/v2\/pages\/31474\/revisions\/42403"}],"wp:attachment":[{"href":"https:\/\/www.urlaubcornwall.de\/blog\/wp-json\/wp\/v2\/media?parent=31474"}],"curies":[{"name":"wp","href":"https:\/\/api.w.org\/{rel}","templated":true}]}}