{"id":31470,"date":"2017-12-24T10:23:39","date_gmt":"2017-12-24T10:23:39","guid":{"rendered":"https:\/\/www.urlaubcornwall.de\/blog\/?page_id=31470"},"modified":"2021-09-02T09:17:30","modified_gmt":"2021-09-02T09:17:30","slug":"ferienhaus-meer-coverack-mieten-3237","status":"publish","type":"page","link":"https:\/\/www.urlaubcornwall.de\/blog\/ferienhaus-meer-coverack-mieten-3237\/","title":{"rendered":"Ferienhaus am Meer Coverack mieten &#8211; 3237"},"content":{"rendered":"<p><img loading=\"lazy\" class=\"aligncenter size-full wp-image-31471\" src=\"https:\/\/www.urlaubcornwall.de\/blog\/wp-content\/uploads\/2017\/12\/ferienhaus-am-meer-coverack.jpg\" alt=\"ferienhaus am meer coverack\" width=\"749\" height=\"442\"\/><br \/>\n<strong>Ferienhaus mit Meerblick Coverack, S\u00fcdwest-Cornwall.<\/strong><\/p>\n<p>3 Schlafzimmer, hundefreundlich, Schlafplatz f\u00fcr 4 + Kinderbett, An-\/Abreisetag am Samstag | Preis pro Woche \u00a3478 &#8211; \u00a31220<\/p>\n<p>Mit atemberaubender Aussicht auf das Meer und den Hafen, und nur einen kurzen Spaziergang hinunter zum malerischen Fischerdorf Coverack, ist dieser h\u00fcbsche Bungalow ein kleines Juwel von einem Anwesen, das von seiner kommandierenden Position am Hang funkelt. Sch\u00f6n pr\u00e4sentiert und einladend, ist Carnsullan der ideale R\u00fcckzugsort f\u00fcr bis zu vier G\u00e4ste mit der zus\u00e4tzlichen Flexibilit\u00e4t des kleinen Einzelzimmers, das ideal f\u00fcr das j\u00fcngste Familienmitglied ist. Bequem zu jeder Zeit des Jahres aufgrund der Holz-Brenner im Wohnzimmer mit herrlichem Meerblick auch ohne Verlassen des Master-Schlafzimmer genossen, ist dies ein perfektes Ferienhaus, wo besondere Erinnerungen gemacht werden.<\/p>\n<p style=\"text-align: center;\"><a class=\"tidycta\" href=\"https:\/\/www.urlaubcornwall.de\/ferienhaeuser-fewos\/coverack-am-meer.html\">Suche Ferienh\u00e4user Coverack<\/a><\/p>\n<p><strong>Um UrlaubCornwall.de einzigartige Kollektion nach Ihrem idealen Ferienhaus zu durchsuchen.<\/strong> <a href=\"https:\/\/www.urlaubcornwall.de\/ferienhaeuser\/cornwall.php\"><span style=\"text-decoration: underline;\"><strong>Klicken Sie hier<\/strong><\/span><strong> &gt;&gt;<\/strong><\/a><\/p>\n","protected":false},"excerpt":{"rendered":"<p>Ferienhaus mit Meerblick Coverack, S\u00fcdwest-Cornwall. 3 Schlafzimmer, hundefreundlich, Schlafplatz f\u00fcr 4 + Kinderbett, An-\/Abreisetag am Samstag | Preis pro Woche \u00a3478 &#8211; \u00a31220 Mit atemberaubender Aussicht auf das Meer und den Hafen, und nur einen kurzen Spaziergang hinunter zum malerischen Fischerdorf Coverack, ist dieser h\u00fcbsche Bungalow ein kleines Juwel von einem Anwesen, das von seiner [&hellip;]<\/p>\n","protected":false},"author":1,"featured_media":0,"parent":0,"menu_order":0,"comment_status":"closed","ping_status":"closed","template":"single-four.php","meta":[],"acf":[],"yoast_head":"<!-- This site is optimized with the Yoast SEO plugin v19.4 - https:\/\/yoast.com\/wordpress\/plugins\/seo\/ -->\n<title>Ferienhaus am Meer Coverack mieten - 3237 - Urlaub &amp; Reisen<\/title>\n<meta name=\"robots\" content=\"index, follow, max-snippet:-1, max-image-preview:large, max-video-preview:-1\" \/>\n<link rel=\"canonical\" href=\"https:\/\/www.urlaubcornwall.de\/blog\/ferienhaus-meer-coverack-mieten-3237\/\" \/>\n<meta property=\"og:locale\" content=\"en_US\" \/>\n<meta property=\"og:type\" content=\"article\" \/>\n<meta property=\"og:title\" content=\"Ferienhaus am Meer Coverack mieten - 3237 - Urlaub &amp; Reisen\" \/>\n<meta property=\"og:description\" content=\"Ferienhaus mit Meerblick Coverack, S\u00fcdwest-Cornwall. 3 Schlafzimmer, hundefreundlich, Schlafplatz f\u00fcr 4 + Kinderbett, An-\/Abreisetag am Samstag | Preis pro Woche \u00a3478 &#8211; \u00a31220 Mit atemberaubender Aussicht auf das Meer und den Hafen, und nur einen kurzen Spaziergang hinunter zum malerischen Fischerdorf Coverack, ist dieser h\u00fcbsche Bungalow ein kleines Juwel von einem Anwesen, das von seiner [&hellip;]\" \/>\n<meta property=\"og:url\" content=\"https:\/\/www.urlaubcornwall.de\/blog\/ferienhaus-meer-coverack-mieten-3237\/\" \/>\n<meta property=\"og:site_name\" content=\"Urlaub &amp; Reisen\" \/>\n<meta property=\"article:modified_time\" content=\"2021-09-02T09:17:30+00:00\" \/>\n<meta property=\"og:image\" content=\"https:\/\/www.urlaubcornwall.de\/blog\/wp-content\/uploads\/2017\/12\/ferienhaus-am-meer-coverack.jpg\" \/>\n<meta name=\"twitter:card\" content=\"summary\" \/>\n<meta name=\"twitter:label1\" content=\"Est. reading time\" \/>\n\t<meta name=\"twitter:data1\" content=\"1 minute\" \/>\n<script type=\"application\/ld+json\" class=\"yoast-schema-graph\">{\"@context\":\"https:\/\/schema.org\",\"@graph\":[{\"@type\":\"WebSite\",\"@id\":\"https:\/\/www.urlaubcornwall.de\/blog\/#website\",\"url\":\"https:\/\/www.urlaubcornwall.de\/blog\/\",\"name\":\"Urlaub &amp; Reisen\",\"description\":\"Urlaub, Reisen, Cornwall und S\u00fcdengland: eine perfekte Kombination\",\"potentialAction\":[{\"@type\":\"SearchAction\",\"target\":{\"@type\":\"EntryPoint\",\"urlTemplate\":\"https:\/\/www.urlaubcornwall.de\/blog\/?s={search_term_string}\"},\"query-input\":\"required name=search_term_string\"}],\"inLanguage\":\"en-US\"},{\"@type\":\"WebPage\",\"@id\":\"https:\/\/www.urlaubcornwall.de\/blog\/ferienhaus-meer-coverack-mieten-3237\/\",\"url\":\"https:\/\/www.urlaubcornwall.de\/blog\/ferienhaus-meer-coverack-mieten-3237\/\",\"name\":\"Ferienhaus am Meer Coverack mieten - 3237 - Urlaub &amp; Reisen\",\"isPartOf\":{\"@id\":\"https:\/\/www.urlaubcornwall.de\/blog\/#website\"},\"datePublished\":\"2017-12-24T10:23:39+00:00\",\"dateModified\":\"2021-09-02T09:17:30+00:00\",\"breadcrumb\":{\"@id\":\"https:\/\/www.urlaubcornwall.de\/blog\/ferienhaus-meer-coverack-mieten-3237\/#breadcrumb\"},\"inLanguage\":\"en-US\",\"potentialAction\":[{\"@type\":\"ReadAction\",\"target\":[\"https:\/\/www.urlaubcornwall.de\/blog\/ferienhaus-meer-coverack-mieten-3237\/\"]}]},{\"@type\":\"BreadcrumbList\",\"@id\":\"https:\/\/www.urlaubcornwall.de\/blog\/ferienhaus-meer-coverack-mieten-3237\/#breadcrumb\",\"itemListElement\":[{\"@type\":\"ListItem\",\"position\":1,\"name\":\"Home\",\"item\":\"https:\/\/www.urlaubcornwall.de\/blog\/\"},{\"@type\":\"ListItem\",\"position\":2,\"name\":\"Ferienhaus am Meer Coverack mieten &#8211; 3237\"}]}]}<\/script>\n<!-- \/ Yoast SEO plugin. -->","yoast_head_json":{"title":"Ferienhaus am Meer Coverack mieten - 3237 - Urlaub &amp; Reisen","robots":{"index":"index","follow":"follow","max-snippet":"max-snippet:-1","max-image-preview":"max-image-preview:large","max-video-preview":"max-video-preview:-1"},"canonical":"https:\/\/www.urlaubcornwall.de\/blog\/ferienhaus-meer-coverack-mieten-3237\/","og_locale":"en_US","og_type":"article","og_title":"Ferienhaus am Meer Coverack mieten - 3237 - Urlaub &amp; Reisen","og_description":"Ferienhaus mit Meerblick Coverack, S\u00fcdwest-Cornwall. 3 Schlafzimmer, hundefreundlich, Schlafplatz f\u00fcr 4 + Kinderbett, An-\/Abreisetag am Samstag | Preis pro Woche \u00a3478 &#8211; \u00a31220 Mit atemberaubender Aussicht auf das Meer und den Hafen, und nur einen kurzen Spaziergang hinunter zum malerischen Fischerdorf Coverack, ist dieser h\u00fcbsche Bungalow ein kleines Juwel von einem Anwesen, das von seiner [&hellip;]","og_url":"https:\/\/www.urlaubcornwall.de\/blog\/ferienhaus-meer-coverack-mieten-3237\/","og_site_name":"Urlaub &amp; Reisen","article_modified_time":"2021-09-02T09:17:30+00:00","og_image":[{"url":"https:\/\/www.urlaubcornwall.de\/blog\/wp-content\/uploads\/2017\/12\/ferienhaus-am-meer-coverack.jpg"}],"twitter_card":"summary","twitter_misc":{"Est. reading time":"1 minute"},"schema":{"@context":"https:\/\/schema.org","@graph":[{"@type":"WebSite","@id":"https:\/\/www.urlaubcornwall.de\/blog\/#website","url":"https:\/\/www.urlaubcornwall.de\/blog\/","name":"Urlaub &amp; Reisen","description":"Urlaub, Reisen, Cornwall und S\u00fcdengland: eine perfekte Kombination","potentialAction":[{"@type":"SearchAction","target":{"@type":"EntryPoint","urlTemplate":"https:\/\/www.urlaubcornwall.de\/blog\/?s={search_term_string}"},"query-input":"required name=search_term_string"}],"inLanguage":"en-US"},{"@type":"WebPage","@id":"https:\/\/www.urlaubcornwall.de\/blog\/ferienhaus-meer-coverack-mieten-3237\/","url":"https:\/\/www.urlaubcornwall.de\/blog\/ferienhaus-meer-coverack-mieten-3237\/","name":"Ferienhaus am Meer Coverack mieten - 3237 - Urlaub &amp; Reisen","isPartOf":{"@id":"https:\/\/www.urlaubcornwall.de\/blog\/#website"},"datePublished":"2017-12-24T10:23:39+00:00","dateModified":"2021-09-02T09:17:30+00:00","breadcrumb":{"@id":"https:\/\/www.urlaubcornwall.de\/blog\/ferienhaus-meer-coverack-mieten-3237\/#breadcrumb"},"inLanguage":"en-US","potentialAction":[{"@type":"ReadAction","target":["https:\/\/www.urlaubcornwall.de\/blog\/ferienhaus-meer-coverack-mieten-3237\/"]}]},{"@type":"BreadcrumbList","@id":"https:\/\/www.urlaubcornwall.de\/blog\/ferienhaus-meer-coverack-mieten-3237\/#breadcrumb","itemListElement":[{"@type":"ListItem","position":1,"name":"Home","item":"https:\/\/www.urlaubcornwall.de\/blog\/"},{"@type":"ListItem","position":2,"name":"Ferienhaus am Meer Coverack mieten &#8211; 3237"}]}]}},"_links":{"self":[{"href":"https:\/\/www.urlaubcornwall.de\/blog\/wp-json\/wp\/v2\/pages\/31470"}],"collection":[{"href":"https:\/\/www.urlaubcornwall.de\/blog\/wp-json\/wp\/v2\/pages"}],"about":[{"href":"https:\/\/www.urlaubcornwall.de\/blog\/wp-json\/wp\/v2\/types\/page"}],"author":[{"embeddable":true,"href":"https:\/\/www.urlaubcornwall.de\/blog\/wp-json\/wp\/v2\/users\/1"}],"replies":[{"embeddable":true,"href":"https:\/\/www.urlaubcornwall.de\/blog\/wp-json\/wp\/v2\/comments?post=31470"}],"version-history":[{"count":4,"href":"https:\/\/www.urlaubcornwall.de\/blog\/wp-json\/wp\/v2\/pages\/31470\/revisions"}],"predecessor-version":[{"id":42406,"href":"https:\/\/www.urlaubcornwall.de\/blog\/wp-json\/wp\/v2\/pages\/31470\/revisions\/42406"}],"wp:attachment":[{"href":"https:\/\/www.urlaubcornwall.de\/blog\/wp-json\/wp\/v2\/media?parent=31470"}],"curies":[{"name":"wp","href":"https:\/\/api.w.org\/{rel}","templated":true}]}}