{"id":31466,"date":"2017-12-24T10:02:50","date_gmt":"2017-12-24T10:02:50","guid":{"rendered":"https:\/\/www.urlaubcornwall.de\/blog\/?page_id=31466"},"modified":"2021-07-12T12:19:32","modified_gmt":"2021-07-12T12:19:32","slug":"ferienhaus-meer-salcombe-mieten-2440","status":"publish","type":"page","link":"https:\/\/www.urlaubcornwall.de\/blog\/ferienhaus-meer-salcombe-mieten-2440\/","title":{"rendered":"Ferienhaus am Meer in Salcombe mieten"},"content":{"rendered":"<p><img loading=\"lazy\" class=\"aligncenter size-full wp-image-31467\" src=\"https:\/\/www.urlaubcornwall.de\/blog\/wp-content\/uploads\/2017\/12\/ferienhaus-am-meer-salcombe.jpg\" alt=\"ferienhaus am meer salcombe\" width=\"746\" height=\"409\"\/><br \/>\n<strong>Ferienhaus mit Meerblick Salcombe,&nbsp; 10.3 kilometern SO von Kingsbridge, S\u00fcd-Devon.<\/strong><\/p>\n<p>2 Schlafzimmer, leider keine Haustiere erlaubt, Schlafplatz f\u00fcr 4, An-\/Abreisetag am Freitag<\/p>\n<p>Preis pro Woche \u00a3359 &#8211; \u00a3798<\/p>\n<p>Dieses ist wirklich ein sehr ungew\u00f6hnliches Ferienhaus, gelegen auf einer Klippe mit der Haust\u00fcr nur wenige Meter vom Rand. Casa Marinero bietet 180 Grad Ansichten der atemberaubenden K\u00fcste und der Schwung des Startpunkt Leuchtturm beleuchtet das Meer in der Nacht. Sch\u00f6n, obwohl es ist, ist dieses Reihenhaus nur f\u00fcr vern\u00fcnftigerweise fit Erwachsenen geeignet, da es einen steilen Aufstieg vom Parkplatz entfernt ist. Das offene Wohnzimmer ist mit einem Strand Thema in einfachen Pastellt\u00f6nen eingerichtet. Es gibt ein Bad im Erdgeschoss und eine kleine Terrasse auf der R\u00fcckseite. Sie k\u00f6nnen die herrliche Aussicht mit Fr\u00fchst\u00fcck genie\u00dfen, auf der Bank direkt vor der Haust\u00fcr.<\/p>\n<p style=\"text-align: center;\"><a class=\"tidycta\" href=\"https:\/\/www.urlaubcornwall.de\/ferienhaeuser-fewos\/salcombe-am-meer.html\">Ferienh\u00e4user in Salcombe<\/a><\/p>\n<p style=\"text-align: center;\">Pers\u00f6nlich inspizierte <a href=\"https:\/\/www.urlaubcornwall.de\/ferienhaeuser\/cornwall.php\">Ferienh\u00e4user und Ferienwohnungen in Cornwall<\/a> f\u00fcr Ihren Urlaub.<\/p>\n\n","protected":false},"excerpt":{"rendered":"<p>Ferienhaus mit Meerblick Salcombe,&nbsp; 10.3 kilometern SO von Kingsbridge, S\u00fcd-Devon. 2 Schlafzimmer, leider keine Haustiere erlaubt, Schlafplatz f\u00fcr 4, An-\/Abreisetag am Freitag Preis pro Woche \u00a3359 &#8211; \u00a3798 Dieses ist wirklich ein sehr ungew\u00f6hnliches Ferienhaus, gelegen auf einer Klippe mit der Haust\u00fcr nur wenige Meter vom Rand. Casa Marinero bietet 180 Grad Ansichten der atemberaubenden [&hellip;]<\/p>\n","protected":false},"author":1,"featured_media":0,"parent":0,"menu_order":0,"comment_status":"closed","ping_status":"closed","template":"single-four.php","meta":[],"acf":[],"yoast_head":"<!-- This site is optimized with the Yoast SEO plugin v19.4 - https:\/\/yoast.com\/wordpress\/plugins\/seo\/ -->\n<title>Ferienhaus am Meer in Salcombe mieten - Urlaub &amp; Reisen<\/title>\n<meta name=\"robots\" content=\"index, follow, max-snippet:-1, max-image-preview:large, max-video-preview:-1\" \/>\n<link rel=\"canonical\" href=\"https:\/\/www.urlaubcornwall.de\/blog\/ferienhaus-meer-salcombe-mieten-2440\/\" \/>\n<meta property=\"og:locale\" content=\"en_US\" \/>\n<meta property=\"og:type\" content=\"article\" \/>\n<meta property=\"og:title\" content=\"Ferienhaus am Meer in Salcombe mieten - Urlaub &amp; Reisen\" \/>\n<meta property=\"og:description\" content=\"Ferienhaus mit Meerblick Salcombe,&nbsp; 10.3 kilometern SO von Kingsbridge, S\u00fcd-Devon. 2 Schlafzimmer, leider keine Haustiere erlaubt, Schlafplatz f\u00fcr 4, An-\/Abreisetag am Freitag Preis pro Woche \u00a3359 &#8211; \u00a3798 Dieses ist wirklich ein sehr ungew\u00f6hnliches Ferienhaus, gelegen auf einer Klippe mit der Haust\u00fcr nur wenige Meter vom Rand. Casa Marinero bietet 180 Grad Ansichten der atemberaubenden [&hellip;]\" \/>\n<meta property=\"og:url\" content=\"https:\/\/www.urlaubcornwall.de\/blog\/ferienhaus-meer-salcombe-mieten-2440\/\" \/>\n<meta property=\"og:site_name\" content=\"Urlaub &amp; Reisen\" \/>\n<meta property=\"article:modified_time\" content=\"2021-07-12T12:19:32+00:00\" \/>\n<meta property=\"og:image\" content=\"https:\/\/www.urlaubcornwall.de\/blog\/wp-content\/uploads\/2017\/12\/ferienhaus-am-meer-salcombe.jpg\" \/>\n<meta name=\"twitter:card\" content=\"summary\" \/>\n<meta name=\"twitter:label1\" content=\"Est. reading time\" \/>\n\t<meta name=\"twitter:data1\" content=\"1 minute\" \/>\n<script type=\"application\/ld+json\" class=\"yoast-schema-graph\">{\"@context\":\"https:\/\/schema.org\",\"@graph\":[{\"@type\":\"WebSite\",\"@id\":\"https:\/\/www.urlaubcornwall.de\/blog\/#website\",\"url\":\"https:\/\/www.urlaubcornwall.de\/blog\/\",\"name\":\"Urlaub &amp; Reisen\",\"description\":\"Urlaub, Reisen, Cornwall und S\u00fcdengland: eine perfekte Kombination\",\"potentialAction\":[{\"@type\":\"SearchAction\",\"target\":{\"@type\":\"EntryPoint\",\"urlTemplate\":\"https:\/\/www.urlaubcornwall.de\/blog\/?s={search_term_string}\"},\"query-input\":\"required name=search_term_string\"}],\"inLanguage\":\"en-US\"},{\"@type\":\"WebPage\",\"@id\":\"https:\/\/www.urlaubcornwall.de\/blog\/ferienhaus-meer-salcombe-mieten-2440\/\",\"url\":\"https:\/\/www.urlaubcornwall.de\/blog\/ferienhaus-meer-salcombe-mieten-2440\/\",\"name\":\"Ferienhaus am Meer in Salcombe mieten - Urlaub &amp; Reisen\",\"isPartOf\":{\"@id\":\"https:\/\/www.urlaubcornwall.de\/blog\/#website\"},\"datePublished\":\"2017-12-24T10:02:50+00:00\",\"dateModified\":\"2021-07-12T12:19:32+00:00\",\"breadcrumb\":{\"@id\":\"https:\/\/www.urlaubcornwall.de\/blog\/ferienhaus-meer-salcombe-mieten-2440\/#breadcrumb\"},\"inLanguage\":\"en-US\",\"potentialAction\":[{\"@type\":\"ReadAction\",\"target\":[\"https:\/\/www.urlaubcornwall.de\/blog\/ferienhaus-meer-salcombe-mieten-2440\/\"]}]},{\"@type\":\"BreadcrumbList\",\"@id\":\"https:\/\/www.urlaubcornwall.de\/blog\/ferienhaus-meer-salcombe-mieten-2440\/#breadcrumb\",\"itemListElement\":[{\"@type\":\"ListItem\",\"position\":1,\"name\":\"Home\",\"item\":\"https:\/\/www.urlaubcornwall.de\/blog\/\"},{\"@type\":\"ListItem\",\"position\":2,\"name\":\"Ferienhaus am Meer in Salcombe mieten\"}]}]}<\/script>\n<!-- \/ Yoast SEO plugin. -->","yoast_head_json":{"title":"Ferienhaus am Meer in Salcombe mieten - Urlaub &amp; Reisen","robots":{"index":"index","follow":"follow","max-snippet":"max-snippet:-1","max-image-preview":"max-image-preview:large","max-video-preview":"max-video-preview:-1"},"canonical":"https:\/\/www.urlaubcornwall.de\/blog\/ferienhaus-meer-salcombe-mieten-2440\/","og_locale":"en_US","og_type":"article","og_title":"Ferienhaus am Meer in Salcombe mieten - Urlaub &amp; Reisen","og_description":"Ferienhaus mit Meerblick Salcombe,&nbsp; 10.3 kilometern SO von Kingsbridge, S\u00fcd-Devon. 2 Schlafzimmer, leider keine Haustiere erlaubt, Schlafplatz f\u00fcr 4, An-\/Abreisetag am Freitag Preis pro Woche \u00a3359 &#8211; \u00a3798 Dieses ist wirklich ein sehr ungew\u00f6hnliches Ferienhaus, gelegen auf einer Klippe mit der Haust\u00fcr nur wenige Meter vom Rand. Casa Marinero bietet 180 Grad Ansichten der atemberaubenden [&hellip;]","og_url":"https:\/\/www.urlaubcornwall.de\/blog\/ferienhaus-meer-salcombe-mieten-2440\/","og_site_name":"Urlaub &amp; Reisen","article_modified_time":"2021-07-12T12:19:32+00:00","og_image":[{"url":"https:\/\/www.urlaubcornwall.de\/blog\/wp-content\/uploads\/2017\/12\/ferienhaus-am-meer-salcombe.jpg"}],"twitter_card":"summary","twitter_misc":{"Est. reading time":"1 minute"},"schema":{"@context":"https:\/\/schema.org","@graph":[{"@type":"WebSite","@id":"https:\/\/www.urlaubcornwall.de\/blog\/#website","url":"https:\/\/www.urlaubcornwall.de\/blog\/","name":"Urlaub &amp; Reisen","description":"Urlaub, Reisen, Cornwall und S\u00fcdengland: eine perfekte Kombination","potentialAction":[{"@type":"SearchAction","target":{"@type":"EntryPoint","urlTemplate":"https:\/\/www.urlaubcornwall.de\/blog\/?s={search_term_string}"},"query-input":"required name=search_term_string"}],"inLanguage":"en-US"},{"@type":"WebPage","@id":"https:\/\/www.urlaubcornwall.de\/blog\/ferienhaus-meer-salcombe-mieten-2440\/","url":"https:\/\/www.urlaubcornwall.de\/blog\/ferienhaus-meer-salcombe-mieten-2440\/","name":"Ferienhaus am Meer in Salcombe mieten - Urlaub &amp; Reisen","isPartOf":{"@id":"https:\/\/www.urlaubcornwall.de\/blog\/#website"},"datePublished":"2017-12-24T10:02:50+00:00","dateModified":"2021-07-12T12:19:32+00:00","breadcrumb":{"@id":"https:\/\/www.urlaubcornwall.de\/blog\/ferienhaus-meer-salcombe-mieten-2440\/#breadcrumb"},"inLanguage":"en-US","potentialAction":[{"@type":"ReadAction","target":["https:\/\/www.urlaubcornwall.de\/blog\/ferienhaus-meer-salcombe-mieten-2440\/"]}]},{"@type":"BreadcrumbList","@id":"https:\/\/www.urlaubcornwall.de\/blog\/ferienhaus-meer-salcombe-mieten-2440\/#breadcrumb","itemListElement":[{"@type":"ListItem","position":1,"name":"Home","item":"https:\/\/www.urlaubcornwall.de\/blog\/"},{"@type":"ListItem","position":2,"name":"Ferienhaus am Meer in Salcombe mieten"}]}]}},"_links":{"self":[{"href":"https:\/\/www.urlaubcornwall.de\/blog\/wp-json\/wp\/v2\/pages\/31466"}],"collection":[{"href":"https:\/\/www.urlaubcornwall.de\/blog\/wp-json\/wp\/v2\/pages"}],"about":[{"href":"https:\/\/www.urlaubcornwall.de\/blog\/wp-json\/wp\/v2\/types\/page"}],"author":[{"embeddable":true,"href":"https:\/\/www.urlaubcornwall.de\/blog\/wp-json\/wp\/v2\/users\/1"}],"replies":[{"embeddable":true,"href":"https:\/\/www.urlaubcornwall.de\/blog\/wp-json\/wp\/v2\/comments?post=31466"}],"version-history":[{"count":3,"href":"https:\/\/www.urlaubcornwall.de\/blog\/wp-json\/wp\/v2\/pages\/31466\/revisions"}],"predecessor-version":[{"id":41851,"href":"https:\/\/www.urlaubcornwall.de\/blog\/wp-json\/wp\/v2\/pages\/31466\/revisions\/41851"}],"wp:attachment":[{"href":"https:\/\/www.urlaubcornwall.de\/blog\/wp-json\/wp\/v2\/media?parent=31466"}],"curies":[{"name":"wp","href":"https:\/\/api.w.org\/{rel}","templated":true}]}}