{"id":31463,"date":"2017-12-23T18:11:43","date_gmt":"2017-12-23T18:11:43","guid":{"rendered":"https:\/\/www.urlaubcornwall.de\/blog\/?page_id=31463"},"modified":"2021-09-02T09:20:18","modified_gmt":"2021-09-02T09:20:18","slug":"ferienhaus-meer-cadgwith-mieten-2036","status":"publish","type":"page","link":"https:\/\/www.urlaubcornwall.de\/blog\/ferienhaus-meer-cadgwith-mieten-2036\/","title":{"rendered":"Ferienhaus am Meer in Cadgwith mieten &#8211; 2036"},"content":{"rendered":"<p><img loading=\"lazy\" class=\"aligncenter size-full wp-image-31464\" src=\"https:\/\/www.urlaubcornwall.de\/blog\/wp-content\/uploads\/2017\/12\/ferienhaus-am-meer-cadgwith.jpg\" alt=\"ferienhaus am meer cadgwith\" width=\"746\" height=\"436\"\/><br \/>\n<strong>Ferienhaus mit Meerblick Cadgwith, S\u00fcdwest-Cornwall.<\/strong><\/p>\n<p>3 Schlafzimmer, hundefreundlich, Schlafplatz f\u00fcr 6 + Kinderbett, An-\/Abreisetag am Samstag<\/p>\n<p>Preis pro Woche \u00a3527 &#8211; \u00a31480<\/p>\n<p>Die wohl malerischste Bucht auf der Eidechsen Halbinsel und immer noch ein bl\u00fchendes Fischerdorf, freundliche Cadgwith begr\u00fc\u00dft die Besucher das ganze Jahr hindurch. Bei Kinsale, einem h\u00fcbschen, abgetrennten strohgedeckten Cottage nur einen kurzen bergauf zu Fu\u00df von der ausgezeichneten lokalen Pub, f\u00fchlen Sie sich zu Hause den Augenblick treten Sie in. Fenster Sitze, freiliegende Steinmauern und ein riesiger Kaminecke Kamin; niedrige Balken und St\u00fcrze, Schritte hier und da und eine typische Aufteilung Cottage Treppe-alle sind charmante Features Verbesserung seiner Charakter und Attraktivit\u00e4t. Die vordere Terrasse ist perfekt f\u00fcr die Beobachtung der Welt vorbeigehen, aber die steile, terrassenf\u00f6rmige Heck Garten bietet die beste Aussicht-\u00fcber das Dorf in Richtung der K\u00fcstenwanderweg, und \u00fcber die Bucht zum Meer hinaus.<\/p>\n<p style=\"text-align: center;\"><a class=\"tidycta\" href=\"https:\/\/www.urlaubcornwall.de\/ferienhaeuser-fewos\/cadgwith-am-meer.html\">Suche Ferienh\u00e4user Cadgwith<\/a><\/p>\n<p><strong>Um UrlaubCornwall.de einzigartige Kollektion nach Ihrem idealen Ferienhaus zu durchsuchen.<\/strong> <a href=\"https:\/\/www.urlaubcornwall.de\/ferienhaeuser\/cornwall.php\"><span style=\"text-decoration: underline;\"><strong>Klicken Sie hier<\/strong><\/span><strong> &gt;&gt;<\/strong><\/a><\/p>\n","protected":false},"excerpt":{"rendered":"<p>Ferienhaus mit Meerblick Cadgwith, S\u00fcdwest-Cornwall. 3 Schlafzimmer, hundefreundlich, Schlafplatz f\u00fcr 6 + Kinderbett, An-\/Abreisetag am Samstag Preis pro Woche \u00a3527 &#8211; \u00a31480 Die wohl malerischste Bucht auf der Eidechsen Halbinsel und immer noch ein bl\u00fchendes Fischerdorf, freundliche Cadgwith begr\u00fc\u00dft die Besucher das ganze Jahr hindurch. Bei Kinsale, einem h\u00fcbschen, abgetrennten strohgedeckten Cottage nur einen kurzen [&hellip;]<\/p>\n","protected":false},"author":1,"featured_media":0,"parent":0,"menu_order":0,"comment_status":"closed","ping_status":"closed","template":"single-four.php","meta":[],"acf":[],"yoast_head":"<!-- This site is optimized with the Yoast SEO plugin v19.4 - https:\/\/yoast.com\/wordpress\/plugins\/seo\/ -->\n<title>Ferienhaus am Meer in Cadgwith mieten - 2036 - Urlaub &amp; Reisen<\/title>\n<meta name=\"robots\" content=\"index, follow, max-snippet:-1, max-image-preview:large, max-video-preview:-1\" \/>\n<link rel=\"canonical\" href=\"https:\/\/www.urlaubcornwall.de\/blog\/ferienhaus-meer-cadgwith-mieten-2036\/\" \/>\n<meta property=\"og:locale\" content=\"en_US\" \/>\n<meta property=\"og:type\" content=\"article\" \/>\n<meta property=\"og:title\" content=\"Ferienhaus am Meer in Cadgwith mieten - 2036 - Urlaub &amp; Reisen\" \/>\n<meta property=\"og:description\" content=\"Ferienhaus mit Meerblick Cadgwith, S\u00fcdwest-Cornwall. 3 Schlafzimmer, hundefreundlich, Schlafplatz f\u00fcr 6 + Kinderbett, An-\/Abreisetag am Samstag Preis pro Woche \u00a3527 &#8211; \u00a31480 Die wohl malerischste Bucht auf der Eidechsen Halbinsel und immer noch ein bl\u00fchendes Fischerdorf, freundliche Cadgwith begr\u00fc\u00dft die Besucher das ganze Jahr hindurch. Bei Kinsale, einem h\u00fcbschen, abgetrennten strohgedeckten Cottage nur einen kurzen [&hellip;]\" \/>\n<meta property=\"og:url\" content=\"https:\/\/www.urlaubcornwall.de\/blog\/ferienhaus-meer-cadgwith-mieten-2036\/\" \/>\n<meta property=\"og:site_name\" content=\"Urlaub &amp; Reisen\" \/>\n<meta property=\"article:modified_time\" content=\"2021-09-02T09:20:18+00:00\" \/>\n<meta property=\"og:image\" content=\"https:\/\/www.urlaubcornwall.de\/blog\/wp-content\/uploads\/2017\/12\/ferienhaus-am-meer-cadgwith.jpg\" \/>\n<meta name=\"twitter:card\" content=\"summary\" \/>\n<meta name=\"twitter:label1\" content=\"Est. reading time\" \/>\n\t<meta name=\"twitter:data1\" content=\"1 minute\" \/>\n<script type=\"application\/ld+json\" class=\"yoast-schema-graph\">{\"@context\":\"https:\/\/schema.org\",\"@graph\":[{\"@type\":\"WebSite\",\"@id\":\"https:\/\/www.urlaubcornwall.de\/blog\/#website\",\"url\":\"https:\/\/www.urlaubcornwall.de\/blog\/\",\"name\":\"Urlaub &amp; Reisen\",\"description\":\"Urlaub, Reisen, Cornwall und S\u00fcdengland: eine perfekte Kombination\",\"potentialAction\":[{\"@type\":\"SearchAction\",\"target\":{\"@type\":\"EntryPoint\",\"urlTemplate\":\"https:\/\/www.urlaubcornwall.de\/blog\/?s={search_term_string}\"},\"query-input\":\"required name=search_term_string\"}],\"inLanguage\":\"en-US\"},{\"@type\":\"WebPage\",\"@id\":\"https:\/\/www.urlaubcornwall.de\/blog\/ferienhaus-meer-cadgwith-mieten-2036\/\",\"url\":\"https:\/\/www.urlaubcornwall.de\/blog\/ferienhaus-meer-cadgwith-mieten-2036\/\",\"name\":\"Ferienhaus am Meer in Cadgwith mieten - 2036 - Urlaub &amp; Reisen\",\"isPartOf\":{\"@id\":\"https:\/\/www.urlaubcornwall.de\/blog\/#website\"},\"datePublished\":\"2017-12-23T18:11:43+00:00\",\"dateModified\":\"2021-09-02T09:20:18+00:00\",\"breadcrumb\":{\"@id\":\"https:\/\/www.urlaubcornwall.de\/blog\/ferienhaus-meer-cadgwith-mieten-2036\/#breadcrumb\"},\"inLanguage\":\"en-US\",\"potentialAction\":[{\"@type\":\"ReadAction\",\"target\":[\"https:\/\/www.urlaubcornwall.de\/blog\/ferienhaus-meer-cadgwith-mieten-2036\/\"]}]},{\"@type\":\"BreadcrumbList\",\"@id\":\"https:\/\/www.urlaubcornwall.de\/blog\/ferienhaus-meer-cadgwith-mieten-2036\/#breadcrumb\",\"itemListElement\":[{\"@type\":\"ListItem\",\"position\":1,\"name\":\"Home\",\"item\":\"https:\/\/www.urlaubcornwall.de\/blog\/\"},{\"@type\":\"ListItem\",\"position\":2,\"name\":\"Ferienhaus am Meer in Cadgwith mieten &#8211; 2036\"}]}]}<\/script>\n<!-- \/ Yoast SEO plugin. -->","yoast_head_json":{"title":"Ferienhaus am Meer in Cadgwith mieten - 2036 - Urlaub &amp; Reisen","robots":{"index":"index","follow":"follow","max-snippet":"max-snippet:-1","max-image-preview":"max-image-preview:large","max-video-preview":"max-video-preview:-1"},"canonical":"https:\/\/www.urlaubcornwall.de\/blog\/ferienhaus-meer-cadgwith-mieten-2036\/","og_locale":"en_US","og_type":"article","og_title":"Ferienhaus am Meer in Cadgwith mieten - 2036 - Urlaub &amp; Reisen","og_description":"Ferienhaus mit Meerblick Cadgwith, S\u00fcdwest-Cornwall. 3 Schlafzimmer, hundefreundlich, Schlafplatz f\u00fcr 6 + Kinderbett, An-\/Abreisetag am Samstag Preis pro Woche \u00a3527 &#8211; \u00a31480 Die wohl malerischste Bucht auf der Eidechsen Halbinsel und immer noch ein bl\u00fchendes Fischerdorf, freundliche Cadgwith begr\u00fc\u00dft die Besucher das ganze Jahr hindurch. Bei Kinsale, einem h\u00fcbschen, abgetrennten strohgedeckten Cottage nur einen kurzen [&hellip;]","og_url":"https:\/\/www.urlaubcornwall.de\/blog\/ferienhaus-meer-cadgwith-mieten-2036\/","og_site_name":"Urlaub &amp; Reisen","article_modified_time":"2021-09-02T09:20:18+00:00","og_image":[{"url":"https:\/\/www.urlaubcornwall.de\/blog\/wp-content\/uploads\/2017\/12\/ferienhaus-am-meer-cadgwith.jpg"}],"twitter_card":"summary","twitter_misc":{"Est. reading time":"1 minute"},"schema":{"@context":"https:\/\/schema.org","@graph":[{"@type":"WebSite","@id":"https:\/\/www.urlaubcornwall.de\/blog\/#website","url":"https:\/\/www.urlaubcornwall.de\/blog\/","name":"Urlaub &amp; Reisen","description":"Urlaub, Reisen, Cornwall und S\u00fcdengland: eine perfekte Kombination","potentialAction":[{"@type":"SearchAction","target":{"@type":"EntryPoint","urlTemplate":"https:\/\/www.urlaubcornwall.de\/blog\/?s={search_term_string}"},"query-input":"required name=search_term_string"}],"inLanguage":"en-US"},{"@type":"WebPage","@id":"https:\/\/www.urlaubcornwall.de\/blog\/ferienhaus-meer-cadgwith-mieten-2036\/","url":"https:\/\/www.urlaubcornwall.de\/blog\/ferienhaus-meer-cadgwith-mieten-2036\/","name":"Ferienhaus am Meer in Cadgwith mieten - 2036 - Urlaub &amp; Reisen","isPartOf":{"@id":"https:\/\/www.urlaubcornwall.de\/blog\/#website"},"datePublished":"2017-12-23T18:11:43+00:00","dateModified":"2021-09-02T09:20:18+00:00","breadcrumb":{"@id":"https:\/\/www.urlaubcornwall.de\/blog\/ferienhaus-meer-cadgwith-mieten-2036\/#breadcrumb"},"inLanguage":"en-US","potentialAction":[{"@type":"ReadAction","target":["https:\/\/www.urlaubcornwall.de\/blog\/ferienhaus-meer-cadgwith-mieten-2036\/"]}]},{"@type":"BreadcrumbList","@id":"https:\/\/www.urlaubcornwall.de\/blog\/ferienhaus-meer-cadgwith-mieten-2036\/#breadcrumb","itemListElement":[{"@type":"ListItem","position":1,"name":"Home","item":"https:\/\/www.urlaubcornwall.de\/blog\/"},{"@type":"ListItem","position":2,"name":"Ferienhaus am Meer in Cadgwith mieten &#8211; 2036"}]}]}},"_links":{"self":[{"href":"https:\/\/www.urlaubcornwall.de\/blog\/wp-json\/wp\/v2\/pages\/31463"}],"collection":[{"href":"https:\/\/www.urlaubcornwall.de\/blog\/wp-json\/wp\/v2\/pages"}],"about":[{"href":"https:\/\/www.urlaubcornwall.de\/blog\/wp-json\/wp\/v2\/types\/page"}],"author":[{"embeddable":true,"href":"https:\/\/www.urlaubcornwall.de\/blog\/wp-json\/wp\/v2\/users\/1"}],"replies":[{"embeddable":true,"href":"https:\/\/www.urlaubcornwall.de\/blog\/wp-json\/wp\/v2\/comments?post=31463"}],"version-history":[{"count":3,"href":"https:\/\/www.urlaubcornwall.de\/blog\/wp-json\/wp\/v2\/pages\/31463\/revisions"}],"predecessor-version":[{"id":42410,"href":"https:\/\/www.urlaubcornwall.de\/blog\/wp-json\/wp\/v2\/pages\/31463\/revisions\/42410"}],"wp:attachment":[{"href":"https:\/\/www.urlaubcornwall.de\/blog\/wp-json\/wp\/v2\/media?parent=31463"}],"curies":[{"name":"wp","href":"https:\/\/api.w.org\/{rel}","templated":true}]}}