{"id":31459,"date":"2017-12-23T18:03:59","date_gmt":"2017-12-23T18:03:59","guid":{"rendered":"https:\/\/www.urlaubcornwall.de\/blog\/?page_id=31459"},"modified":"2021-07-12T09:04:41","modified_gmt":"2021-07-12T09:04:41","slug":"ferienhaus-meer-carbis-bay-mieten-1623","status":"publish","type":"page","link":"https:\/\/www.urlaubcornwall.de\/blog\/ferienhaus-meer-carbis-bay-mieten-1623\/","title":{"rendered":"Ferienhaus am Meer Carbis Bay mieten"},"content":{"rendered":"<p><img loading=\"lazy\" class=\"aligncenter size-full wp-image-31460\" src=\"https:\/\/www.urlaubcornwall.de\/blog\/wp-content\/uploads\/2017\/12\/ferienhaus-am-meer-carbis-bay.jpg\" alt=\"ferienhaus am meer carbis bay\" width=\"746\" height=\"427\"\/><br \/>\n<strong>Ferienhaus in Carbis Bay mit Meerblick 1.8 kilometern S von St Ives, West-Cornwall.<\/strong><\/p>\n<p>4 Schlafzimmer, hundefreundlich, , Schlafplatz f\u00fcr 8 + Kinderbett, An-\/Abreisetag am Sonntag<\/p>\n<p>Preis pro Woche \u00a3745 &#8211; \u00a32310<\/p>\n<p>Treten Sie au\u00dferhalb des Wohnzimmers auf die pr\u00e4chtige Terrasse-genie\u00dfen Sie die fabelhafte Aussicht auf das Meer, das sich von Hayle Towans bis jenseits des Godrevy Leuchtturms erstreckt. Ein ger\u00e4umiges, zeitgen\u00f6ssisches Haus nur wenige Gehminuten von Carbis Bay Beach, freistehendes Ferienhaus CHY-an-Mor hat eine kurze steile Einfahrt und Schritte bis zum Eingang. Wenn Sie die Stufen erklimmen und die Schwelle \u00fcberschreiten, wissen Sie, dass dies Ihr perfektes Urlaubsrefugium ist. Terrassent\u00fcren f\u00fchren von der K\u00fcche\/Esszimmer zu den geschlossenen Terrassengarten und erh\u00f6hten Sonnendecks, der ideale Ort, um sich zu entspannen und genie\u00dfen Sie ein Glas Wein beobachten die sich st\u00e4ndig wandelnden Meere. Zwei Schlafzimmer sind unten; eine offene Holztreppe ist der luxuri\u00f6se en Suite Master und ein Zweibettzimmer.<\/p>\n<p><strong><span class=\"bold_text\">Klicken Sie auf \u201eDetails ansehen\u201c f\u00fcr weitere Informationen in englischer Sprache und buchen Sie online bei unserem Partner Classic Cottages.<\/span><\/strong><\/p>\n<p style=\"text-align: center;\"><a class=\"tidycta\" href=\"https:\/\/www.urlaubcornwall.de\/ferienhaeuser-fewos\/carbis-bay.html\">Ferienh\u00e4user in Carbis Bay<\/a><\/p>\n<p style=\"text-align: center;\">Pers\u00f6nlich inspizierte Ferienh\u00e4user und Ferienwohnungen in Cornwall f\u00fcr Ihren Urlaub.<\/p>\n<p style=\"text-align: center;\"><a href=\"https:\/\/www.urlaubcornwall.de\/ferienhaeuser-fewos\/carbis-bay-am-meer.html\"><strong>\u00dcber 50 Ferienh\u00e4user, Cottages &amp; Ferienwohnungen in Carbis Bay am Meer. <\/strong><\/a><\/p>\n","protected":false},"excerpt":{"rendered":"<p>Ferienhaus in Carbis Bay mit Meerblick 1.8 kilometern S von St Ives, West-Cornwall. 4 Schlafzimmer, hundefreundlich, , Schlafplatz f\u00fcr 8 + Kinderbett, An-\/Abreisetag am Sonntag Preis pro Woche \u00a3745 &#8211; \u00a32310 Treten Sie au\u00dferhalb des Wohnzimmers auf die pr\u00e4chtige Terrasse-genie\u00dfen Sie die fabelhafte Aussicht auf das Meer, das sich von Hayle Towans bis jenseits des [&hellip;]<\/p>\n","protected":false},"author":1,"featured_media":0,"parent":0,"menu_order":0,"comment_status":"closed","ping_status":"closed","template":"single-four.php","meta":[],"acf":[],"yoast_head":"<!-- This site is optimized with the Yoast SEO plugin v19.4 - https:\/\/yoast.com\/wordpress\/plugins\/seo\/ -->\n<title>Ferienhaus am Meer Carbis Bay mieten - Urlaub &amp; Reisen<\/title>\n<meta name=\"robots\" content=\"index, follow, max-snippet:-1, max-image-preview:large, max-video-preview:-1\" \/>\n<link rel=\"canonical\" href=\"https:\/\/www.urlaubcornwall.de\/blog\/ferienhaus-meer-carbis-bay-mieten-1623\/\" \/>\n<meta property=\"og:locale\" content=\"en_US\" \/>\n<meta property=\"og:type\" content=\"article\" \/>\n<meta property=\"og:title\" content=\"Ferienhaus am Meer Carbis Bay mieten - Urlaub &amp; Reisen\" \/>\n<meta property=\"og:description\" content=\"Ferienhaus in Carbis Bay mit Meerblick 1.8 kilometern S von St Ives, West-Cornwall. 4 Schlafzimmer, hundefreundlich, , Schlafplatz f\u00fcr 8 + Kinderbett, An-\/Abreisetag am Sonntag Preis pro Woche \u00a3745 &#8211; \u00a32310 Treten Sie au\u00dferhalb des Wohnzimmers auf die pr\u00e4chtige Terrasse-genie\u00dfen Sie die fabelhafte Aussicht auf das Meer, das sich von Hayle Towans bis jenseits des [&hellip;]\" \/>\n<meta property=\"og:url\" content=\"https:\/\/www.urlaubcornwall.de\/blog\/ferienhaus-meer-carbis-bay-mieten-1623\/\" \/>\n<meta property=\"og:site_name\" content=\"Urlaub &amp; Reisen\" \/>\n<meta property=\"article:modified_time\" content=\"2021-07-12T09:04:41+00:00\" \/>\n<meta property=\"og:image\" content=\"https:\/\/www.urlaubcornwall.de\/blog\/wp-content\/uploads\/2017\/12\/ferienhaus-am-meer-carbis-bay.jpg\" \/>\n<meta name=\"twitter:card\" content=\"summary\" \/>\n<meta name=\"twitter:label1\" content=\"Est. reading time\" \/>\n\t<meta name=\"twitter:data1\" content=\"1 minute\" \/>\n<script type=\"application\/ld+json\" class=\"yoast-schema-graph\">{\"@context\":\"https:\/\/schema.org\",\"@graph\":[{\"@type\":\"WebSite\",\"@id\":\"https:\/\/www.urlaubcornwall.de\/blog\/#website\",\"url\":\"https:\/\/www.urlaubcornwall.de\/blog\/\",\"name\":\"Urlaub &amp; Reisen\",\"description\":\"Urlaub, Reisen, Cornwall und S\u00fcdengland: eine perfekte Kombination\",\"potentialAction\":[{\"@type\":\"SearchAction\",\"target\":{\"@type\":\"EntryPoint\",\"urlTemplate\":\"https:\/\/www.urlaubcornwall.de\/blog\/?s={search_term_string}\"},\"query-input\":\"required name=search_term_string\"}],\"inLanguage\":\"en-US\"},{\"@type\":\"WebPage\",\"@id\":\"https:\/\/www.urlaubcornwall.de\/blog\/ferienhaus-meer-carbis-bay-mieten-1623\/\",\"url\":\"https:\/\/www.urlaubcornwall.de\/blog\/ferienhaus-meer-carbis-bay-mieten-1623\/\",\"name\":\"Ferienhaus am Meer Carbis Bay mieten - Urlaub &amp; Reisen\",\"isPartOf\":{\"@id\":\"https:\/\/www.urlaubcornwall.de\/blog\/#website\"},\"datePublished\":\"2017-12-23T18:03:59+00:00\",\"dateModified\":\"2021-07-12T09:04:41+00:00\",\"breadcrumb\":{\"@id\":\"https:\/\/www.urlaubcornwall.de\/blog\/ferienhaus-meer-carbis-bay-mieten-1623\/#breadcrumb\"},\"inLanguage\":\"en-US\",\"potentialAction\":[{\"@type\":\"ReadAction\",\"target\":[\"https:\/\/www.urlaubcornwall.de\/blog\/ferienhaus-meer-carbis-bay-mieten-1623\/\"]}]},{\"@type\":\"BreadcrumbList\",\"@id\":\"https:\/\/www.urlaubcornwall.de\/blog\/ferienhaus-meer-carbis-bay-mieten-1623\/#breadcrumb\",\"itemListElement\":[{\"@type\":\"ListItem\",\"position\":1,\"name\":\"Home\",\"item\":\"https:\/\/www.urlaubcornwall.de\/blog\/\"},{\"@type\":\"ListItem\",\"position\":2,\"name\":\"Ferienhaus am Meer Carbis Bay mieten\"}]}]}<\/script>\n<!-- \/ Yoast SEO plugin. -->","yoast_head_json":{"title":"Ferienhaus am Meer Carbis Bay mieten - Urlaub &amp; Reisen","robots":{"index":"index","follow":"follow","max-snippet":"max-snippet:-1","max-image-preview":"max-image-preview:large","max-video-preview":"max-video-preview:-1"},"canonical":"https:\/\/www.urlaubcornwall.de\/blog\/ferienhaus-meer-carbis-bay-mieten-1623\/","og_locale":"en_US","og_type":"article","og_title":"Ferienhaus am Meer Carbis Bay mieten - Urlaub &amp; Reisen","og_description":"Ferienhaus in Carbis Bay mit Meerblick 1.8 kilometern S von St Ives, West-Cornwall. 4 Schlafzimmer, hundefreundlich, , Schlafplatz f\u00fcr 8 + Kinderbett, An-\/Abreisetag am Sonntag Preis pro Woche \u00a3745 &#8211; \u00a32310 Treten Sie au\u00dferhalb des Wohnzimmers auf die pr\u00e4chtige Terrasse-genie\u00dfen Sie die fabelhafte Aussicht auf das Meer, das sich von Hayle Towans bis jenseits des [&hellip;]","og_url":"https:\/\/www.urlaubcornwall.de\/blog\/ferienhaus-meer-carbis-bay-mieten-1623\/","og_site_name":"Urlaub &amp; Reisen","article_modified_time":"2021-07-12T09:04:41+00:00","og_image":[{"url":"https:\/\/www.urlaubcornwall.de\/blog\/wp-content\/uploads\/2017\/12\/ferienhaus-am-meer-carbis-bay.jpg"}],"twitter_card":"summary","twitter_misc":{"Est. reading time":"1 minute"},"schema":{"@context":"https:\/\/schema.org","@graph":[{"@type":"WebSite","@id":"https:\/\/www.urlaubcornwall.de\/blog\/#website","url":"https:\/\/www.urlaubcornwall.de\/blog\/","name":"Urlaub &amp; Reisen","description":"Urlaub, Reisen, Cornwall und S\u00fcdengland: eine perfekte Kombination","potentialAction":[{"@type":"SearchAction","target":{"@type":"EntryPoint","urlTemplate":"https:\/\/www.urlaubcornwall.de\/blog\/?s={search_term_string}"},"query-input":"required name=search_term_string"}],"inLanguage":"en-US"},{"@type":"WebPage","@id":"https:\/\/www.urlaubcornwall.de\/blog\/ferienhaus-meer-carbis-bay-mieten-1623\/","url":"https:\/\/www.urlaubcornwall.de\/blog\/ferienhaus-meer-carbis-bay-mieten-1623\/","name":"Ferienhaus am Meer Carbis Bay mieten - Urlaub &amp; Reisen","isPartOf":{"@id":"https:\/\/www.urlaubcornwall.de\/blog\/#website"},"datePublished":"2017-12-23T18:03:59+00:00","dateModified":"2021-07-12T09:04:41+00:00","breadcrumb":{"@id":"https:\/\/www.urlaubcornwall.de\/blog\/ferienhaus-meer-carbis-bay-mieten-1623\/#breadcrumb"},"inLanguage":"en-US","potentialAction":[{"@type":"ReadAction","target":["https:\/\/www.urlaubcornwall.de\/blog\/ferienhaus-meer-carbis-bay-mieten-1623\/"]}]},{"@type":"BreadcrumbList","@id":"https:\/\/www.urlaubcornwall.de\/blog\/ferienhaus-meer-carbis-bay-mieten-1623\/#breadcrumb","itemListElement":[{"@type":"ListItem","position":1,"name":"Home","item":"https:\/\/www.urlaubcornwall.de\/blog\/"},{"@type":"ListItem","position":2,"name":"Ferienhaus am Meer Carbis Bay mieten"}]}]}},"_links":{"self":[{"href":"https:\/\/www.urlaubcornwall.de\/blog\/wp-json\/wp\/v2\/pages\/31459"}],"collection":[{"href":"https:\/\/www.urlaubcornwall.de\/blog\/wp-json\/wp\/v2\/pages"}],"about":[{"href":"https:\/\/www.urlaubcornwall.de\/blog\/wp-json\/wp\/v2\/types\/page"}],"author":[{"embeddable":true,"href":"https:\/\/www.urlaubcornwall.de\/blog\/wp-json\/wp\/v2\/users\/1"}],"replies":[{"embeddable":true,"href":"https:\/\/www.urlaubcornwall.de\/blog\/wp-json\/wp\/v2\/comments?post=31459"}],"version-history":[{"count":2,"href":"https:\/\/www.urlaubcornwall.de\/blog\/wp-json\/wp\/v2\/pages\/31459\/revisions"}],"predecessor-version":[{"id":41826,"href":"https:\/\/www.urlaubcornwall.de\/blog\/wp-json\/wp\/v2\/pages\/31459\/revisions\/41826"}],"wp:attachment":[{"href":"https:\/\/www.urlaubcornwall.de\/blog\/wp-json\/wp\/v2\/media?parent=31459"}],"curies":[{"name":"wp","href":"https:\/\/api.w.org\/{rel}","templated":true}]}}