{"id":31455,"date":"2017-12-23T17:46:59","date_gmt":"2017-12-23T17:46:59","guid":{"rendered":"https:\/\/www.urlaubcornwall.de\/blog\/?page_id=31455"},"modified":"2021-09-02T09:07:01","modified_gmt":"2021-09-02T09:07:01","slug":"ferienhaus-meer-boscastle-mieten-2633","status":"publish","type":"page","link":"https:\/\/www.urlaubcornwall.de\/blog\/ferienhaus-meer-boscastle-mieten-2633\/","title":{"rendered":"Ferienhaus am Meer Boscastle mieten &#8211; 2633"},"content":{"rendered":"<p><img loading=\"lazy\" class=\"aligncenter size-full wp-image-31457\" src=\"https:\/\/www.urlaubcornwall.de\/blog\/wp-content\/uploads\/2017\/12\/ferienhaus-am-meer-boscastle-1.jpg\" alt=\"ferienhaus am meer boscastle\" width=\"749\" height=\"433\"\/><br \/>\n<strong>Ferienhaus mit Meerblick 3.1 kilometern SW von Boscastle, Nordk\u00fcste Cornwall.<\/strong><\/p>\n<p>1 Schlafzimmer, hundefreundlich, Schlafplatz f\u00fcr 2 + Kinderbett, An-\/Abreisetag am Samstag | Preis pro Woche \u00a3280 &#8211; \u00a3550<\/p>\n<p>Schlich sich eine kleine Gasse in der N\u00e4he der K\u00fcste von der Nord-Cornish K\u00fcste, Treibholz ist der ideale R\u00fcckzugsort f\u00fcr zwei. Klein, aber perfekt geformt, schmiegt sich dieses charmante Bolthole neben dem wundersch\u00f6nen New England Style Home und befindet sich auf einer Ebene, abgesehen von den Garten Stufen, die zur sonnigen Terrasse f\u00fchren. Die Unterkunft verf\u00fcgt \u00fcber eine vollst\u00e4ndige Fu\u00dfbodenheizung, ein Doppelzimmer mit Bad und Meerblick, Komfort und eine ruhige Umgebung. F\u00fcr Gesch\u00e4fte, Restaurants und Caf\u00e9s sind Boscastle und Tintagel gleich weit von Treibholz entfernt. Die lokalen Klippenwanderungen sind einige der besten, die Cornwall zu bieten hat, und die Str\u00e4nde in Polzeath und Trebarwith Strand sind ziemlich atemberaubend. Sie werden sicher einen erholsamen, sorglosen Urlaub bei Treibholz haben.<\/p>\n<p style=\"text-align: center;\"><a class=\"tidycta\" href=\"https:\/\/www.urlaubcornwall.de\/ferienhaeuser-fewos\/boscastle-am-meer.html\">Suche Ferienh\u00e4user Boscastle<\/a><\/p>\n<p><strong>Um UrlaubCornwall.de einzigartige Kollektion nach Ihrem idealen Ferienhaus zu durchsuchen.<\/strong> <a href=\"https:\/\/www.urlaubcornwall.de\/ferienhaeuser\/cornwall.php\"><span style=\"text-decoration: underline;\"><strong>Klicken Sie hier<\/strong><\/span><strong> &gt;&gt;<\/strong><\/a><\/p>\n","protected":false},"excerpt":{"rendered":"<p>Ferienhaus mit Meerblick 3.1 kilometern SW von Boscastle, Nordk\u00fcste Cornwall. 1 Schlafzimmer, hundefreundlich, Schlafplatz f\u00fcr 2 + Kinderbett, An-\/Abreisetag am Samstag | Preis pro Woche \u00a3280 &#8211; \u00a3550 Schlich sich eine kleine Gasse in der N\u00e4he der K\u00fcste von der Nord-Cornish K\u00fcste, Treibholz ist der ideale R\u00fcckzugsort f\u00fcr zwei. Klein, aber perfekt geformt, schmiegt sich [&hellip;]<\/p>\n","protected":false},"author":1,"featured_media":0,"parent":0,"menu_order":0,"comment_status":"closed","ping_status":"closed","template":"single-four.php","meta":[],"acf":[],"yoast_head":"<!-- This site is optimized with the Yoast SEO plugin v19.4 - https:\/\/yoast.com\/wordpress\/plugins\/seo\/ -->\n<title>Ferienhaus am Meer Boscastle mieten - 2633 - Urlaub &amp; Reisen<\/title>\n<meta name=\"robots\" content=\"index, follow, max-snippet:-1, max-image-preview:large, max-video-preview:-1\" \/>\n<link rel=\"canonical\" href=\"https:\/\/www.urlaubcornwall.de\/blog\/ferienhaus-meer-boscastle-mieten-2633\/\" \/>\n<meta property=\"og:locale\" content=\"en_US\" \/>\n<meta property=\"og:type\" content=\"article\" \/>\n<meta property=\"og:title\" content=\"Ferienhaus am Meer Boscastle mieten - 2633 - Urlaub &amp; Reisen\" \/>\n<meta property=\"og:description\" content=\"Ferienhaus mit Meerblick 3.1 kilometern SW von Boscastle, Nordk\u00fcste Cornwall. 1 Schlafzimmer, hundefreundlich, Schlafplatz f\u00fcr 2 + Kinderbett, An-\/Abreisetag am Samstag | Preis pro Woche \u00a3280 &#8211; \u00a3550 Schlich sich eine kleine Gasse in der N\u00e4he der K\u00fcste von der Nord-Cornish K\u00fcste, Treibholz ist der ideale R\u00fcckzugsort f\u00fcr zwei. Klein, aber perfekt geformt, schmiegt sich [&hellip;]\" \/>\n<meta property=\"og:url\" content=\"https:\/\/www.urlaubcornwall.de\/blog\/ferienhaus-meer-boscastle-mieten-2633\/\" \/>\n<meta property=\"og:site_name\" content=\"Urlaub &amp; Reisen\" \/>\n<meta property=\"article:modified_time\" content=\"2021-09-02T09:07:01+00:00\" \/>\n<meta property=\"og:image\" content=\"https:\/\/www.urlaubcornwall.de\/blog\/wp-content\/uploads\/2017\/12\/ferienhaus-am-meer-boscastle-1.jpg\" \/>\n<meta name=\"twitter:card\" content=\"summary\" \/>\n<meta name=\"twitter:label1\" content=\"Est. reading time\" \/>\n\t<meta name=\"twitter:data1\" content=\"1 minute\" \/>\n<script type=\"application\/ld+json\" class=\"yoast-schema-graph\">{\"@context\":\"https:\/\/schema.org\",\"@graph\":[{\"@type\":\"WebSite\",\"@id\":\"https:\/\/www.urlaubcornwall.de\/blog\/#website\",\"url\":\"https:\/\/www.urlaubcornwall.de\/blog\/\",\"name\":\"Urlaub &amp; Reisen\",\"description\":\"Urlaub, Reisen, Cornwall und S\u00fcdengland: eine perfekte Kombination\",\"potentialAction\":[{\"@type\":\"SearchAction\",\"target\":{\"@type\":\"EntryPoint\",\"urlTemplate\":\"https:\/\/www.urlaubcornwall.de\/blog\/?s={search_term_string}\"},\"query-input\":\"required name=search_term_string\"}],\"inLanguage\":\"en-US\"},{\"@type\":\"WebPage\",\"@id\":\"https:\/\/www.urlaubcornwall.de\/blog\/ferienhaus-meer-boscastle-mieten-2633\/\",\"url\":\"https:\/\/www.urlaubcornwall.de\/blog\/ferienhaus-meer-boscastle-mieten-2633\/\",\"name\":\"Ferienhaus am Meer Boscastle mieten - 2633 - Urlaub &amp; Reisen\",\"isPartOf\":{\"@id\":\"https:\/\/www.urlaubcornwall.de\/blog\/#website\"},\"datePublished\":\"2017-12-23T17:46:59+00:00\",\"dateModified\":\"2021-09-02T09:07:01+00:00\",\"breadcrumb\":{\"@id\":\"https:\/\/www.urlaubcornwall.de\/blog\/ferienhaus-meer-boscastle-mieten-2633\/#breadcrumb\"},\"inLanguage\":\"en-US\",\"potentialAction\":[{\"@type\":\"ReadAction\",\"target\":[\"https:\/\/www.urlaubcornwall.de\/blog\/ferienhaus-meer-boscastle-mieten-2633\/\"]}]},{\"@type\":\"BreadcrumbList\",\"@id\":\"https:\/\/www.urlaubcornwall.de\/blog\/ferienhaus-meer-boscastle-mieten-2633\/#breadcrumb\",\"itemListElement\":[{\"@type\":\"ListItem\",\"position\":1,\"name\":\"Home\",\"item\":\"https:\/\/www.urlaubcornwall.de\/blog\/\"},{\"@type\":\"ListItem\",\"position\":2,\"name\":\"Ferienhaus am Meer Boscastle mieten &#8211; 2633\"}]}]}<\/script>\n<!-- \/ Yoast SEO plugin. -->","yoast_head_json":{"title":"Ferienhaus am Meer Boscastle mieten - 2633 - Urlaub &amp; Reisen","robots":{"index":"index","follow":"follow","max-snippet":"max-snippet:-1","max-image-preview":"max-image-preview:large","max-video-preview":"max-video-preview:-1"},"canonical":"https:\/\/www.urlaubcornwall.de\/blog\/ferienhaus-meer-boscastle-mieten-2633\/","og_locale":"en_US","og_type":"article","og_title":"Ferienhaus am Meer Boscastle mieten - 2633 - Urlaub &amp; Reisen","og_description":"Ferienhaus mit Meerblick 3.1 kilometern SW von Boscastle, Nordk\u00fcste Cornwall. 1 Schlafzimmer, hundefreundlich, Schlafplatz f\u00fcr 2 + Kinderbett, An-\/Abreisetag am Samstag | Preis pro Woche \u00a3280 &#8211; \u00a3550 Schlich sich eine kleine Gasse in der N\u00e4he der K\u00fcste von der Nord-Cornish K\u00fcste, Treibholz ist der ideale R\u00fcckzugsort f\u00fcr zwei. Klein, aber perfekt geformt, schmiegt sich [&hellip;]","og_url":"https:\/\/www.urlaubcornwall.de\/blog\/ferienhaus-meer-boscastle-mieten-2633\/","og_site_name":"Urlaub &amp; Reisen","article_modified_time":"2021-09-02T09:07:01+00:00","og_image":[{"url":"https:\/\/www.urlaubcornwall.de\/blog\/wp-content\/uploads\/2017\/12\/ferienhaus-am-meer-boscastle-1.jpg"}],"twitter_card":"summary","twitter_misc":{"Est. reading time":"1 minute"},"schema":{"@context":"https:\/\/schema.org","@graph":[{"@type":"WebSite","@id":"https:\/\/www.urlaubcornwall.de\/blog\/#website","url":"https:\/\/www.urlaubcornwall.de\/blog\/","name":"Urlaub &amp; Reisen","description":"Urlaub, Reisen, Cornwall und S\u00fcdengland: eine perfekte Kombination","potentialAction":[{"@type":"SearchAction","target":{"@type":"EntryPoint","urlTemplate":"https:\/\/www.urlaubcornwall.de\/blog\/?s={search_term_string}"},"query-input":"required name=search_term_string"}],"inLanguage":"en-US"},{"@type":"WebPage","@id":"https:\/\/www.urlaubcornwall.de\/blog\/ferienhaus-meer-boscastle-mieten-2633\/","url":"https:\/\/www.urlaubcornwall.de\/blog\/ferienhaus-meer-boscastle-mieten-2633\/","name":"Ferienhaus am Meer Boscastle mieten - 2633 - Urlaub &amp; Reisen","isPartOf":{"@id":"https:\/\/www.urlaubcornwall.de\/blog\/#website"},"datePublished":"2017-12-23T17:46:59+00:00","dateModified":"2021-09-02T09:07:01+00:00","breadcrumb":{"@id":"https:\/\/www.urlaubcornwall.de\/blog\/ferienhaus-meer-boscastle-mieten-2633\/#breadcrumb"},"inLanguage":"en-US","potentialAction":[{"@type":"ReadAction","target":["https:\/\/www.urlaubcornwall.de\/blog\/ferienhaus-meer-boscastle-mieten-2633\/"]}]},{"@type":"BreadcrumbList","@id":"https:\/\/www.urlaubcornwall.de\/blog\/ferienhaus-meer-boscastle-mieten-2633\/#breadcrumb","itemListElement":[{"@type":"ListItem","position":1,"name":"Home","item":"https:\/\/www.urlaubcornwall.de\/blog\/"},{"@type":"ListItem","position":2,"name":"Ferienhaus am Meer Boscastle mieten &#8211; 2633"}]}]}},"_links":{"self":[{"href":"https:\/\/www.urlaubcornwall.de\/blog\/wp-json\/wp\/v2\/pages\/31455"}],"collection":[{"href":"https:\/\/www.urlaubcornwall.de\/blog\/wp-json\/wp\/v2\/pages"}],"about":[{"href":"https:\/\/www.urlaubcornwall.de\/blog\/wp-json\/wp\/v2\/types\/page"}],"author":[{"embeddable":true,"href":"https:\/\/www.urlaubcornwall.de\/blog\/wp-json\/wp\/v2\/users\/1"}],"replies":[{"embeddable":true,"href":"https:\/\/www.urlaubcornwall.de\/blog\/wp-json\/wp\/v2\/comments?post=31455"}],"version-history":[{"count":4,"href":"https:\/\/www.urlaubcornwall.de\/blog\/wp-json\/wp\/v2\/pages\/31455\/revisions"}],"predecessor-version":[{"id":42402,"href":"https:\/\/www.urlaubcornwall.de\/blog\/wp-json\/wp\/v2\/pages\/31455\/revisions\/42402"}],"wp:attachment":[{"href":"https:\/\/www.urlaubcornwall.de\/blog\/wp-json\/wp\/v2\/media?parent=31455"}],"curies":[{"name":"wp","href":"https:\/\/api.w.org\/{rel}","templated":true}]}}