{"id":31452,"date":"2017-12-23T17:40:48","date_gmt":"2017-12-23T17:40:48","guid":{"rendered":"https:\/\/www.urlaubcornwall.de\/blog\/?page_id=31452"},"modified":"2021-09-02T09:05:59","modified_gmt":"2021-09-02T09:05:59","slug":"ferienhaus-meer-bude-mieten-2981","status":"publish","type":"page","link":"https:\/\/www.urlaubcornwall.de\/blog\/ferienhaus-meer-bude-mieten-2981\/","title":{"rendered":"Ferienhaus am Meer Bude mieten &#8211; 2981"},"content":{"rendered":"<p><img loading=\"lazy\" class=\"aligncenter size-full wp-image-31453\" src=\"https:\/\/www.urlaubcornwall.de\/blog\/wp-content\/uploads\/2017\/12\/ferienhaus-am-meer-bude.jpg\" alt=\"ferienhaus am meer bude\" width=\"746\" height=\"427\"\/><br \/>\n<strong>Ferienhaus in Bude, 1.6 kilometern O von Widemouth Bay, Nordk\u00fcste Cornwall.<\/strong><\/p>\n<p>3 Schlafzimmer, hundefreundlich, Schlafplatz f\u00fcr 6 + Kinderbett, An-\/Abreisetag am Freitag | Preis pro Woche \u00a3522 &#8211; \u00a31451<\/p>\n<p>Die alte Stall ist ein einst\u00f6ckiges, aus dem 19. Jahrhundert in ein sch\u00f6nes Haus mit einem geschlossenen Garten und in der N\u00e4he der Ufer der Widemouth Bay umgewandelt. Luxuri\u00f6s eingerichtet, und alle sch\u00f6nen Zimmer mit eigenem Bad, bietet dieses komfortable Haus viel Platz f\u00fcr Sie alle. Freuen Sie sich auf den Garten und die umliegende Landschaft. Von der Haust\u00fcr kann man \u00fcber Ackerland (ca. 20 Minuten) zum Strand und dem South West Coast Path, die in Bude f\u00fchrt zu Fu\u00df. Ideal f\u00fcr die Erkundung der ganzen Cornwall, oder knallen \u00fcber die Grenze nach Devon, die alte Stall ist der perfekte Ort&#8230;<\/p>\n<p style=\"text-align: center;\"><a class=\"tidycta\" href=\"https:\/\/www.urlaubcornwall.de\/ferienhaeuser-fewos\/bude-am-meer.html\">Suche Ferienh\u00e4user Bude<\/a><\/p>\n<p><strong>Um UrlaubCornwall.de einzigartige Kollektion nach Ihrem idealen Ferienhaus zu durchsuchen.<\/strong> <a href=\"https:\/\/www.urlaubcornwall.de\/ferienhaeuser\/cornwall.php\"><span style=\"text-decoration: underline;\"><strong>Klicken Sie hier<\/strong><\/span><strong> &gt;&gt;<\/strong><\/a><\/p>\n","protected":false},"excerpt":{"rendered":"<p>Ferienhaus in Bude, 1.6 kilometern O von Widemouth Bay, Nordk\u00fcste Cornwall. 3 Schlafzimmer, hundefreundlich, Schlafplatz f\u00fcr 6 + Kinderbett, An-\/Abreisetag am Freitag | Preis pro Woche \u00a3522 &#8211; \u00a31451 Die alte Stall ist ein einst\u00f6ckiges, aus dem 19. Jahrhundert in ein sch\u00f6nes Haus mit einem geschlossenen Garten und in der N\u00e4he der Ufer der Widemouth [&hellip;]<\/p>\n","protected":false},"author":1,"featured_media":0,"parent":0,"menu_order":0,"comment_status":"closed","ping_status":"closed","template":"single-four.php","meta":[],"acf":[],"yoast_head":"<!-- This site is optimized with the Yoast SEO plugin v19.4 - https:\/\/yoast.com\/wordpress\/plugins\/seo\/ -->\n<title>Ferienhaus am Meer Bude mieten - 2981 - Urlaub &amp; Reisen<\/title>\n<meta name=\"robots\" content=\"index, follow, max-snippet:-1, max-image-preview:large, max-video-preview:-1\" \/>\n<link rel=\"canonical\" href=\"https:\/\/www.urlaubcornwall.de\/blog\/ferienhaus-meer-bude-mieten-2981\/\" \/>\n<meta property=\"og:locale\" content=\"en_US\" \/>\n<meta property=\"og:type\" content=\"article\" \/>\n<meta property=\"og:title\" content=\"Ferienhaus am Meer Bude mieten - 2981 - Urlaub &amp; Reisen\" \/>\n<meta property=\"og:description\" content=\"Ferienhaus in Bude, 1.6 kilometern O von Widemouth Bay, Nordk\u00fcste Cornwall. 3 Schlafzimmer, hundefreundlich, Schlafplatz f\u00fcr 6 + Kinderbett, An-\/Abreisetag am Freitag | Preis pro Woche \u00a3522 &#8211; \u00a31451 Die alte Stall ist ein einst\u00f6ckiges, aus dem 19. Jahrhundert in ein sch\u00f6nes Haus mit einem geschlossenen Garten und in der N\u00e4he der Ufer der Widemouth [&hellip;]\" \/>\n<meta property=\"og:url\" content=\"https:\/\/www.urlaubcornwall.de\/blog\/ferienhaus-meer-bude-mieten-2981\/\" \/>\n<meta property=\"og:site_name\" content=\"Urlaub &amp; Reisen\" \/>\n<meta property=\"article:modified_time\" content=\"2021-09-02T09:05:59+00:00\" \/>\n<meta property=\"og:image\" content=\"https:\/\/www.urlaubcornwall.de\/blog\/wp-content\/uploads\/2017\/12\/ferienhaus-am-meer-bude.jpg\" \/>\n<meta name=\"twitter:card\" content=\"summary\" \/>\n<meta name=\"twitter:label1\" content=\"Est. reading time\" \/>\n\t<meta name=\"twitter:data1\" content=\"1 minute\" \/>\n<script type=\"application\/ld+json\" class=\"yoast-schema-graph\">{\"@context\":\"https:\/\/schema.org\",\"@graph\":[{\"@type\":\"WebSite\",\"@id\":\"https:\/\/www.urlaubcornwall.de\/blog\/#website\",\"url\":\"https:\/\/www.urlaubcornwall.de\/blog\/\",\"name\":\"Urlaub &amp; Reisen\",\"description\":\"Urlaub, Reisen, Cornwall und S\u00fcdengland: eine perfekte Kombination\",\"potentialAction\":[{\"@type\":\"SearchAction\",\"target\":{\"@type\":\"EntryPoint\",\"urlTemplate\":\"https:\/\/www.urlaubcornwall.de\/blog\/?s={search_term_string}\"},\"query-input\":\"required name=search_term_string\"}],\"inLanguage\":\"en-US\"},{\"@type\":\"WebPage\",\"@id\":\"https:\/\/www.urlaubcornwall.de\/blog\/ferienhaus-meer-bude-mieten-2981\/\",\"url\":\"https:\/\/www.urlaubcornwall.de\/blog\/ferienhaus-meer-bude-mieten-2981\/\",\"name\":\"Ferienhaus am Meer Bude mieten - 2981 - Urlaub &amp; Reisen\",\"isPartOf\":{\"@id\":\"https:\/\/www.urlaubcornwall.de\/blog\/#website\"},\"datePublished\":\"2017-12-23T17:40:48+00:00\",\"dateModified\":\"2021-09-02T09:05:59+00:00\",\"breadcrumb\":{\"@id\":\"https:\/\/www.urlaubcornwall.de\/blog\/ferienhaus-meer-bude-mieten-2981\/#breadcrumb\"},\"inLanguage\":\"en-US\",\"potentialAction\":[{\"@type\":\"ReadAction\",\"target\":[\"https:\/\/www.urlaubcornwall.de\/blog\/ferienhaus-meer-bude-mieten-2981\/\"]}]},{\"@type\":\"BreadcrumbList\",\"@id\":\"https:\/\/www.urlaubcornwall.de\/blog\/ferienhaus-meer-bude-mieten-2981\/#breadcrumb\",\"itemListElement\":[{\"@type\":\"ListItem\",\"position\":1,\"name\":\"Home\",\"item\":\"https:\/\/www.urlaubcornwall.de\/blog\/\"},{\"@type\":\"ListItem\",\"position\":2,\"name\":\"Ferienhaus am Meer Bude mieten &#8211; 2981\"}]}]}<\/script>\n<!-- \/ Yoast SEO plugin. -->","yoast_head_json":{"title":"Ferienhaus am Meer Bude mieten - 2981 - Urlaub &amp; Reisen","robots":{"index":"index","follow":"follow","max-snippet":"max-snippet:-1","max-image-preview":"max-image-preview:large","max-video-preview":"max-video-preview:-1"},"canonical":"https:\/\/www.urlaubcornwall.de\/blog\/ferienhaus-meer-bude-mieten-2981\/","og_locale":"en_US","og_type":"article","og_title":"Ferienhaus am Meer Bude mieten - 2981 - Urlaub &amp; Reisen","og_description":"Ferienhaus in Bude, 1.6 kilometern O von Widemouth Bay, Nordk\u00fcste Cornwall. 3 Schlafzimmer, hundefreundlich, Schlafplatz f\u00fcr 6 + Kinderbett, An-\/Abreisetag am Freitag | Preis pro Woche \u00a3522 &#8211; \u00a31451 Die alte Stall ist ein einst\u00f6ckiges, aus dem 19. Jahrhundert in ein sch\u00f6nes Haus mit einem geschlossenen Garten und in der N\u00e4he der Ufer der Widemouth [&hellip;]","og_url":"https:\/\/www.urlaubcornwall.de\/blog\/ferienhaus-meer-bude-mieten-2981\/","og_site_name":"Urlaub &amp; Reisen","article_modified_time":"2021-09-02T09:05:59+00:00","og_image":[{"url":"https:\/\/www.urlaubcornwall.de\/blog\/wp-content\/uploads\/2017\/12\/ferienhaus-am-meer-bude.jpg"}],"twitter_card":"summary","twitter_misc":{"Est. reading time":"1 minute"},"schema":{"@context":"https:\/\/schema.org","@graph":[{"@type":"WebSite","@id":"https:\/\/www.urlaubcornwall.de\/blog\/#website","url":"https:\/\/www.urlaubcornwall.de\/blog\/","name":"Urlaub &amp; Reisen","description":"Urlaub, Reisen, Cornwall und S\u00fcdengland: eine perfekte Kombination","potentialAction":[{"@type":"SearchAction","target":{"@type":"EntryPoint","urlTemplate":"https:\/\/www.urlaubcornwall.de\/blog\/?s={search_term_string}"},"query-input":"required name=search_term_string"}],"inLanguage":"en-US"},{"@type":"WebPage","@id":"https:\/\/www.urlaubcornwall.de\/blog\/ferienhaus-meer-bude-mieten-2981\/","url":"https:\/\/www.urlaubcornwall.de\/blog\/ferienhaus-meer-bude-mieten-2981\/","name":"Ferienhaus am Meer Bude mieten - 2981 - Urlaub &amp; Reisen","isPartOf":{"@id":"https:\/\/www.urlaubcornwall.de\/blog\/#website"},"datePublished":"2017-12-23T17:40:48+00:00","dateModified":"2021-09-02T09:05:59+00:00","breadcrumb":{"@id":"https:\/\/www.urlaubcornwall.de\/blog\/ferienhaus-meer-bude-mieten-2981\/#breadcrumb"},"inLanguage":"en-US","potentialAction":[{"@type":"ReadAction","target":["https:\/\/www.urlaubcornwall.de\/blog\/ferienhaus-meer-bude-mieten-2981\/"]}]},{"@type":"BreadcrumbList","@id":"https:\/\/www.urlaubcornwall.de\/blog\/ferienhaus-meer-bude-mieten-2981\/#breadcrumb","itemListElement":[{"@type":"ListItem","position":1,"name":"Home","item":"https:\/\/www.urlaubcornwall.de\/blog\/"},{"@type":"ListItem","position":2,"name":"Ferienhaus am Meer Bude mieten &#8211; 2981"}]}]}},"_links":{"self":[{"href":"https:\/\/www.urlaubcornwall.de\/blog\/wp-json\/wp\/v2\/pages\/31452"}],"collection":[{"href":"https:\/\/www.urlaubcornwall.de\/blog\/wp-json\/wp\/v2\/pages"}],"about":[{"href":"https:\/\/www.urlaubcornwall.de\/blog\/wp-json\/wp\/v2\/types\/page"}],"author":[{"embeddable":true,"href":"https:\/\/www.urlaubcornwall.de\/blog\/wp-json\/wp\/v2\/users\/1"}],"replies":[{"embeddable":true,"href":"https:\/\/www.urlaubcornwall.de\/blog\/wp-json\/wp\/v2\/comments?post=31452"}],"version-history":[{"count":4,"href":"https:\/\/www.urlaubcornwall.de\/blog\/wp-json\/wp\/v2\/pages\/31452\/revisions"}],"predecessor-version":[{"id":42400,"href":"https:\/\/www.urlaubcornwall.de\/blog\/wp-json\/wp\/v2\/pages\/31452\/revisions\/42400"}],"wp:attachment":[{"href":"https:\/\/www.urlaubcornwall.de\/blog\/wp-json\/wp\/v2\/media?parent=31452"}],"curies":[{"name":"wp","href":"https:\/\/api.w.org\/{rel}","templated":true}]}}