{"id":31449,"date":"2017-12-23T17:13:24","date_gmt":"2017-12-23T17:13:24","guid":{"rendered":"https:\/\/www.urlaubcornwall.de\/blog\/?page_id=31449"},"modified":"2021-09-02T09:37:54","modified_gmt":"2021-09-02T09:37:54","slug":"ferienhaus-padstow-meer-mieten-1615","status":"publish","type":"page","link":"https:\/\/www.urlaubcornwall.de\/blog\/ferienhaus-padstow-meer-mieten-1615\/","title":{"rendered":"Ferienhaus in Padstow am Meer mieten &#8211; 1615"},"content":{"rendered":"<p><img loading=\"lazy\" class=\"aligncenter size-full wp-image-31450\" src=\"https:\/\/www.urlaubcornwall.de\/blog\/wp-content\/uploads\/2017\/12\/ferienhaus-padstow-am-meer.jpg\" alt=\"ferienhaus padstow am meer\" width=\"746\" height=\"432\"\/><br \/>\n<strong>Ferienhaus mit Meerblick 2.4 kilometern W von Padstow, Nordk\u00fcste Cornwall.<\/strong><\/p>\n<p>4 Schlafzimmer, leider keine Haustiere erlaubt, Schlafplatz f\u00fcr 8 + Kinderbett<\/p>\n<p>An-\/Abreisetag am Freitag | Preis pro Woche \u00a3692 &#8211; \u00a32200<\/p>\n<p>Es wird schwer sein, sich von den Fenstern in GWel ein Keynvor Cornish f\u00fcr &#8216; Blick auf den Ozean &#8216; zu nehmen. Von allen Zimmern auf der R\u00fcckseite des Hauses k\u00f6nnen Sie Blick \u00fcber Trevone Bay, und die gl\u00fccklich genug, um die zweite Etage Master-Schlafzimmer kann lehnen Sie sich aus dem Balkon, um im Ozon zu atmen. Dieses Reihenhaus ist hell, ger\u00e4umig und komfortabel, mit unbegrenztem WiFi, einer gut ausgestatteten K\u00fcche und einem offenen Wohn-und Esszimmer, wo Sie vom Sofa aus den atemberaubenden Blick auf das Meer \u00fcber den eingeschlossenen Rasen Garten genie\u00dfen k\u00f6nnen. Durch ein Tor am Ende des Gartens gibt es eine sch\u00f6ne Sommer-Haus und Terrasse, wo man noch n\u00e4her an das Meer.<\/p>\n<p style=\"text-align: center;\"><a class=\"tidycta\" href=\"https:\/\/www.urlaubcornwall.de\/ferienhaeuser-fewos\/padstow-am-meer.html\">Suche Ferienh\u00e4user Padstow<\/a><\/p>\n<p>Um UrlaubCornwall.de einzigartige Kollektion nach Ihrem idealen Ferienhaus zu durchsuchen. <a href=\"https:\/\/www.urlaubcornwall.de\/ferienhaeuser\/cornwall.php\"><span style=\"text-decoration: underline;\">Klicken Sie hier<\/span> &gt;&gt;<\/a><\/p>\n","protected":false},"excerpt":{"rendered":"<p>Ferienhaus mit Meerblick 2.4 kilometern W von Padstow, Nordk\u00fcste Cornwall. 4 Schlafzimmer, leider keine Haustiere erlaubt, Schlafplatz f\u00fcr 8 + Kinderbett An-\/Abreisetag am Freitag | Preis pro Woche \u00a3692 &#8211; \u00a32200 Es wird schwer sein, sich von den Fenstern in GWel ein Keynvor Cornish f\u00fcr &#8216; Blick auf den Ozean &#8216; zu nehmen. Von allen [&hellip;]<\/p>\n","protected":false},"author":1,"featured_media":0,"parent":0,"menu_order":0,"comment_status":"closed","ping_status":"closed","template":"single-four.php","meta":[],"acf":[],"yoast_head":"<!-- This site is optimized with the Yoast SEO plugin v19.4 - https:\/\/yoast.com\/wordpress\/plugins\/seo\/ -->\n<title>Ferienhaus in Padstow am Meer mieten - 1615 - Urlaub &amp; Reisen<\/title>\n<meta name=\"robots\" content=\"index, follow, max-snippet:-1, max-image-preview:large, max-video-preview:-1\" \/>\n<link rel=\"canonical\" href=\"https:\/\/www.urlaubcornwall.de\/blog\/ferienhaus-padstow-meer-mieten-1615\/\" \/>\n<meta property=\"og:locale\" content=\"en_US\" \/>\n<meta property=\"og:type\" content=\"article\" \/>\n<meta property=\"og:title\" content=\"Ferienhaus in Padstow am Meer mieten - 1615 - Urlaub &amp; Reisen\" \/>\n<meta property=\"og:description\" content=\"Ferienhaus mit Meerblick 2.4 kilometern W von Padstow, Nordk\u00fcste Cornwall. 4 Schlafzimmer, leider keine Haustiere erlaubt, Schlafplatz f\u00fcr 8 + Kinderbett An-\/Abreisetag am Freitag | Preis pro Woche \u00a3692 &#8211; \u00a32200 Es wird schwer sein, sich von den Fenstern in GWel ein Keynvor Cornish f\u00fcr &#8216; Blick auf den Ozean &#8216; zu nehmen. Von allen [&hellip;]\" \/>\n<meta property=\"og:url\" content=\"https:\/\/www.urlaubcornwall.de\/blog\/ferienhaus-padstow-meer-mieten-1615\/\" \/>\n<meta property=\"og:site_name\" content=\"Urlaub &amp; Reisen\" \/>\n<meta property=\"article:modified_time\" content=\"2021-09-02T09:37:54+00:00\" \/>\n<meta property=\"og:image\" content=\"https:\/\/www.urlaubcornwall.de\/blog\/wp-content\/uploads\/2017\/12\/ferienhaus-padstow-am-meer.jpg\" \/>\n<meta name=\"twitter:card\" content=\"summary\" \/>\n<meta name=\"twitter:label1\" content=\"Est. reading time\" \/>\n\t<meta name=\"twitter:data1\" content=\"1 minute\" \/>\n<script type=\"application\/ld+json\" class=\"yoast-schema-graph\">{\"@context\":\"https:\/\/schema.org\",\"@graph\":[{\"@type\":\"WebSite\",\"@id\":\"https:\/\/www.urlaubcornwall.de\/blog\/#website\",\"url\":\"https:\/\/www.urlaubcornwall.de\/blog\/\",\"name\":\"Urlaub &amp; Reisen\",\"description\":\"Urlaub, Reisen, Cornwall und S\u00fcdengland: eine perfekte Kombination\",\"potentialAction\":[{\"@type\":\"SearchAction\",\"target\":{\"@type\":\"EntryPoint\",\"urlTemplate\":\"https:\/\/www.urlaubcornwall.de\/blog\/?s={search_term_string}\"},\"query-input\":\"required name=search_term_string\"}],\"inLanguage\":\"en-US\"},{\"@type\":\"WebPage\",\"@id\":\"https:\/\/www.urlaubcornwall.de\/blog\/ferienhaus-padstow-meer-mieten-1615\/\",\"url\":\"https:\/\/www.urlaubcornwall.de\/blog\/ferienhaus-padstow-meer-mieten-1615\/\",\"name\":\"Ferienhaus in Padstow am Meer mieten - 1615 - Urlaub &amp; Reisen\",\"isPartOf\":{\"@id\":\"https:\/\/www.urlaubcornwall.de\/blog\/#website\"},\"datePublished\":\"2017-12-23T17:13:24+00:00\",\"dateModified\":\"2021-09-02T09:37:54+00:00\",\"breadcrumb\":{\"@id\":\"https:\/\/www.urlaubcornwall.de\/blog\/ferienhaus-padstow-meer-mieten-1615\/#breadcrumb\"},\"inLanguage\":\"en-US\",\"potentialAction\":[{\"@type\":\"ReadAction\",\"target\":[\"https:\/\/www.urlaubcornwall.de\/blog\/ferienhaus-padstow-meer-mieten-1615\/\"]}]},{\"@type\":\"BreadcrumbList\",\"@id\":\"https:\/\/www.urlaubcornwall.de\/blog\/ferienhaus-padstow-meer-mieten-1615\/#breadcrumb\",\"itemListElement\":[{\"@type\":\"ListItem\",\"position\":1,\"name\":\"Home\",\"item\":\"https:\/\/www.urlaubcornwall.de\/blog\/\"},{\"@type\":\"ListItem\",\"position\":2,\"name\":\"Ferienhaus in Padstow am Meer mieten &#8211; 1615\"}]}]}<\/script>\n<!-- \/ Yoast SEO plugin. -->","yoast_head_json":{"title":"Ferienhaus in Padstow am Meer mieten - 1615 - Urlaub &amp; Reisen","robots":{"index":"index","follow":"follow","max-snippet":"max-snippet:-1","max-image-preview":"max-image-preview:large","max-video-preview":"max-video-preview:-1"},"canonical":"https:\/\/www.urlaubcornwall.de\/blog\/ferienhaus-padstow-meer-mieten-1615\/","og_locale":"en_US","og_type":"article","og_title":"Ferienhaus in Padstow am Meer mieten - 1615 - Urlaub &amp; Reisen","og_description":"Ferienhaus mit Meerblick 2.4 kilometern W von Padstow, Nordk\u00fcste Cornwall. 4 Schlafzimmer, leider keine Haustiere erlaubt, Schlafplatz f\u00fcr 8 + Kinderbett An-\/Abreisetag am Freitag | Preis pro Woche \u00a3692 &#8211; \u00a32200 Es wird schwer sein, sich von den Fenstern in GWel ein Keynvor Cornish f\u00fcr &#8216; Blick auf den Ozean &#8216; zu nehmen. Von allen [&hellip;]","og_url":"https:\/\/www.urlaubcornwall.de\/blog\/ferienhaus-padstow-meer-mieten-1615\/","og_site_name":"Urlaub &amp; Reisen","article_modified_time":"2021-09-02T09:37:54+00:00","og_image":[{"url":"https:\/\/www.urlaubcornwall.de\/blog\/wp-content\/uploads\/2017\/12\/ferienhaus-padstow-am-meer.jpg"}],"twitter_card":"summary","twitter_misc":{"Est. reading time":"1 minute"},"schema":{"@context":"https:\/\/schema.org","@graph":[{"@type":"WebSite","@id":"https:\/\/www.urlaubcornwall.de\/blog\/#website","url":"https:\/\/www.urlaubcornwall.de\/blog\/","name":"Urlaub &amp; Reisen","description":"Urlaub, Reisen, Cornwall und S\u00fcdengland: eine perfekte Kombination","potentialAction":[{"@type":"SearchAction","target":{"@type":"EntryPoint","urlTemplate":"https:\/\/www.urlaubcornwall.de\/blog\/?s={search_term_string}"},"query-input":"required name=search_term_string"}],"inLanguage":"en-US"},{"@type":"WebPage","@id":"https:\/\/www.urlaubcornwall.de\/blog\/ferienhaus-padstow-meer-mieten-1615\/","url":"https:\/\/www.urlaubcornwall.de\/blog\/ferienhaus-padstow-meer-mieten-1615\/","name":"Ferienhaus in Padstow am Meer mieten - 1615 - Urlaub &amp; Reisen","isPartOf":{"@id":"https:\/\/www.urlaubcornwall.de\/blog\/#website"},"datePublished":"2017-12-23T17:13:24+00:00","dateModified":"2021-09-02T09:37:54+00:00","breadcrumb":{"@id":"https:\/\/www.urlaubcornwall.de\/blog\/ferienhaus-padstow-meer-mieten-1615\/#breadcrumb"},"inLanguage":"en-US","potentialAction":[{"@type":"ReadAction","target":["https:\/\/www.urlaubcornwall.de\/blog\/ferienhaus-padstow-meer-mieten-1615\/"]}]},{"@type":"BreadcrumbList","@id":"https:\/\/www.urlaubcornwall.de\/blog\/ferienhaus-padstow-meer-mieten-1615\/#breadcrumb","itemListElement":[{"@type":"ListItem","position":1,"name":"Home","item":"https:\/\/www.urlaubcornwall.de\/blog\/"},{"@type":"ListItem","position":2,"name":"Ferienhaus in Padstow am Meer mieten &#8211; 1615"}]}]}},"_links":{"self":[{"href":"https:\/\/www.urlaubcornwall.de\/blog\/wp-json\/wp\/v2\/pages\/31449"}],"collection":[{"href":"https:\/\/www.urlaubcornwall.de\/blog\/wp-json\/wp\/v2\/pages"}],"about":[{"href":"https:\/\/www.urlaubcornwall.de\/blog\/wp-json\/wp\/v2\/types\/page"}],"author":[{"embeddable":true,"href":"https:\/\/www.urlaubcornwall.de\/blog\/wp-json\/wp\/v2\/users\/1"}],"replies":[{"embeddable":true,"href":"https:\/\/www.urlaubcornwall.de\/blog\/wp-json\/wp\/v2\/comments?post=31449"}],"version-history":[{"count":4,"href":"https:\/\/www.urlaubcornwall.de\/blog\/wp-json\/wp\/v2\/pages\/31449\/revisions"}],"predecessor-version":[{"id":42439,"href":"https:\/\/www.urlaubcornwall.de\/blog\/wp-json\/wp\/v2\/pages\/31449\/revisions\/42439"}],"wp:attachment":[{"href":"https:\/\/www.urlaubcornwall.de\/blog\/wp-json\/wp\/v2\/media?parent=31449"}],"curies":[{"name":"wp","href":"https:\/\/api.w.org\/{rel}","templated":true}]}}