{"id":31446,"date":"2017-12-23T14:10:19","date_gmt":"2017-12-23T14:10:19","guid":{"rendered":"https:\/\/www.urlaubcornwall.de\/blog\/?page_id=31446"},"modified":"2021-09-02T10:13:51","modified_gmt":"2021-09-02T10:13:51","slug":"ferienhaus-polperro-meer-mieten-3873","status":"publish","type":"page","link":"https:\/\/www.urlaubcornwall.de\/blog\/ferienhaus-polperro-meer-mieten-3873\/","title":{"rendered":"Ferienhaus Polperro am Meer mieten &#8211; 3873"},"content":{"rendered":"<p><img loading=\"lazy\" class=\"aligncenter size-full wp-image-31447\" src=\"https:\/\/www.urlaubcornwall.de\/blog\/wp-content\/uploads\/2017\/12\/ferienhaus-polperro-am-meer.jpg\" alt=\"ferienhaus polperro am meer\" width=\"746\" height=\"428\"\/><\/p>\n<p><strong>Ferienhaus mit Meerblick nahe Polperro, 3.4 kilometern SW von Looe, S\u00fcdk\u00fcste Cornwall.<\/strong><\/p>\n<p>4 Schlafzimmer, leider keine Haustiere erlaubt, Schlafplatz f\u00fcr 8 + Kinderbett<\/p>\n<p>An-\/Abreisetag am Freitag | Preis pro Woche \u00a3720 &#8211; \u00a32250<\/p>\n<p>Das glitzernde Wasser der Talland Bucht ist in seiner ganzen Pracht von der Terrasse und dem Haus in Phoenix zu sehen; eine atemberaubende Aussicht, die an sonnigen Tagen v\u00f6llig faszinier ist. Mit viel geselligen Raum, Phoenix ist der perfekte Ort f\u00fcr Familien oder Gruppen von Freunden zu sammeln und genie\u00dfen Sie einige Zeit zusammen. Stufen f\u00fchren hinunter vom Parkplatz zu einem zentralen Flur mit der Wohn Unterkunft-fokussiert um einen Doppel-Aspekt Holz-Brenner-auf der seew\u00e4rts Seite und drei Schlafzimmer und ein Familienbadezimmer nach hinten. Mehrere Zimmer haben T\u00fcren zum Wrap-around-Deck, wo Sie in Ruhe sitzen k\u00f6nnen, wie die Sonne untergeht am Ende eines abenteuerlichen Tag und beobachten Sie den Himmel wiederum Gold und rot \u00fcber dem Wasser der Bucht. Hell, zeitgen\u00f6ssisch, komfortabel und einladend, ist Phoenix ein Ferienhaus, wo gl\u00fcckliche Erinnerungen gemacht werden.<\/p>\n<p style=\"text-align: center;\"><a class=\"tidycta\" href=\"https:\/\/www.urlaubcornwall.de\/ferienhaeuser-fewos\/polperro-am-meer.html\">Suche Ferienh\u00e4user Polperro<\/a><\/p>\n<p>Um UrlaubCornwall.de einzigartige Kollektion nach Ihrem idealen Ferienhaus zu durchsuchen. <a href=\"https:\/\/www.urlaubcornwall.de\/ferienhaeuser\/cornwall.php\"><span style=\"text-decoration: underline;\">Klicken Sie hier<\/span> &gt;&gt;<\/a><\/p>\n","protected":false},"excerpt":{"rendered":"<p>Ferienhaus mit Meerblick nahe Polperro, 3.4 kilometern SW von Looe, S\u00fcdk\u00fcste Cornwall. 4 Schlafzimmer, leider keine Haustiere erlaubt, Schlafplatz f\u00fcr 8 + Kinderbett An-\/Abreisetag am Freitag | Preis pro Woche \u00a3720 &#8211; \u00a32250 Das glitzernde Wasser der Talland Bucht ist in seiner ganzen Pracht von der Terrasse und dem Haus in Phoenix zu sehen; eine [&hellip;]<\/p>\n","protected":false},"author":1,"featured_media":0,"parent":0,"menu_order":0,"comment_status":"closed","ping_status":"closed","template":"single-four.php","meta":[],"acf":[],"yoast_head":"<!-- This site is optimized with the Yoast SEO plugin v19.4 - https:\/\/yoast.com\/wordpress\/plugins\/seo\/ -->\n<title>Ferienhaus Polperro am Meer mieten - 3873 - Urlaub &amp; Reisen<\/title>\n<meta name=\"robots\" content=\"index, follow, max-snippet:-1, max-image-preview:large, max-video-preview:-1\" \/>\n<link rel=\"canonical\" href=\"https:\/\/www.urlaubcornwall.de\/blog\/ferienhaus-polperro-meer-mieten-3873\/\" \/>\n<meta property=\"og:locale\" content=\"en_US\" \/>\n<meta property=\"og:type\" content=\"article\" \/>\n<meta property=\"og:title\" content=\"Ferienhaus Polperro am Meer mieten - 3873 - Urlaub &amp; Reisen\" \/>\n<meta property=\"og:description\" content=\"Ferienhaus mit Meerblick nahe Polperro, 3.4 kilometern SW von Looe, S\u00fcdk\u00fcste Cornwall. 4 Schlafzimmer, leider keine Haustiere erlaubt, Schlafplatz f\u00fcr 8 + Kinderbett An-\/Abreisetag am Freitag | Preis pro Woche \u00a3720 &#8211; \u00a32250 Das glitzernde Wasser der Talland Bucht ist in seiner ganzen Pracht von der Terrasse und dem Haus in Phoenix zu sehen; eine [&hellip;]\" \/>\n<meta property=\"og:url\" content=\"https:\/\/www.urlaubcornwall.de\/blog\/ferienhaus-polperro-meer-mieten-3873\/\" \/>\n<meta property=\"og:site_name\" content=\"Urlaub &amp; Reisen\" \/>\n<meta property=\"article:modified_time\" content=\"2021-09-02T10:13:51+00:00\" \/>\n<meta property=\"og:image\" content=\"https:\/\/www.urlaubcornwall.de\/blog\/wp-content\/uploads\/2017\/12\/ferienhaus-polperro-am-meer.jpg\" \/>\n<meta name=\"twitter:card\" content=\"summary\" \/>\n<meta name=\"twitter:label1\" content=\"Est. reading time\" \/>\n\t<meta name=\"twitter:data1\" content=\"1 minute\" \/>\n<script type=\"application\/ld+json\" class=\"yoast-schema-graph\">{\"@context\":\"https:\/\/schema.org\",\"@graph\":[{\"@type\":\"WebSite\",\"@id\":\"https:\/\/www.urlaubcornwall.de\/blog\/#website\",\"url\":\"https:\/\/www.urlaubcornwall.de\/blog\/\",\"name\":\"Urlaub &amp; Reisen\",\"description\":\"Urlaub, Reisen, Cornwall und S\u00fcdengland: eine perfekte Kombination\",\"potentialAction\":[{\"@type\":\"SearchAction\",\"target\":{\"@type\":\"EntryPoint\",\"urlTemplate\":\"https:\/\/www.urlaubcornwall.de\/blog\/?s={search_term_string}\"},\"query-input\":\"required name=search_term_string\"}],\"inLanguage\":\"en-US\"},{\"@type\":\"WebPage\",\"@id\":\"https:\/\/www.urlaubcornwall.de\/blog\/ferienhaus-polperro-meer-mieten-3873\/\",\"url\":\"https:\/\/www.urlaubcornwall.de\/blog\/ferienhaus-polperro-meer-mieten-3873\/\",\"name\":\"Ferienhaus Polperro am Meer mieten - 3873 - Urlaub &amp; Reisen\",\"isPartOf\":{\"@id\":\"https:\/\/www.urlaubcornwall.de\/blog\/#website\"},\"datePublished\":\"2017-12-23T14:10:19+00:00\",\"dateModified\":\"2021-09-02T10:13:51+00:00\",\"breadcrumb\":{\"@id\":\"https:\/\/www.urlaubcornwall.de\/blog\/ferienhaus-polperro-meer-mieten-3873\/#breadcrumb\"},\"inLanguage\":\"en-US\",\"potentialAction\":[{\"@type\":\"ReadAction\",\"target\":[\"https:\/\/www.urlaubcornwall.de\/blog\/ferienhaus-polperro-meer-mieten-3873\/\"]}]},{\"@type\":\"BreadcrumbList\",\"@id\":\"https:\/\/www.urlaubcornwall.de\/blog\/ferienhaus-polperro-meer-mieten-3873\/#breadcrumb\",\"itemListElement\":[{\"@type\":\"ListItem\",\"position\":1,\"name\":\"Home\",\"item\":\"https:\/\/www.urlaubcornwall.de\/blog\/\"},{\"@type\":\"ListItem\",\"position\":2,\"name\":\"Ferienhaus Polperro am Meer mieten &#8211; 3873\"}]}]}<\/script>\n<!-- \/ Yoast SEO plugin. -->","yoast_head_json":{"title":"Ferienhaus Polperro am Meer mieten - 3873 - Urlaub &amp; Reisen","robots":{"index":"index","follow":"follow","max-snippet":"max-snippet:-1","max-image-preview":"max-image-preview:large","max-video-preview":"max-video-preview:-1"},"canonical":"https:\/\/www.urlaubcornwall.de\/blog\/ferienhaus-polperro-meer-mieten-3873\/","og_locale":"en_US","og_type":"article","og_title":"Ferienhaus Polperro am Meer mieten - 3873 - Urlaub &amp; Reisen","og_description":"Ferienhaus mit Meerblick nahe Polperro, 3.4 kilometern SW von Looe, S\u00fcdk\u00fcste Cornwall. 4 Schlafzimmer, leider keine Haustiere erlaubt, Schlafplatz f\u00fcr 8 + Kinderbett An-\/Abreisetag am Freitag | Preis pro Woche \u00a3720 &#8211; \u00a32250 Das glitzernde Wasser der Talland Bucht ist in seiner ganzen Pracht von der Terrasse und dem Haus in Phoenix zu sehen; eine [&hellip;]","og_url":"https:\/\/www.urlaubcornwall.de\/blog\/ferienhaus-polperro-meer-mieten-3873\/","og_site_name":"Urlaub &amp; Reisen","article_modified_time":"2021-09-02T10:13:51+00:00","og_image":[{"url":"https:\/\/www.urlaubcornwall.de\/blog\/wp-content\/uploads\/2017\/12\/ferienhaus-polperro-am-meer.jpg"}],"twitter_card":"summary","twitter_misc":{"Est. reading time":"1 minute"},"schema":{"@context":"https:\/\/schema.org","@graph":[{"@type":"WebSite","@id":"https:\/\/www.urlaubcornwall.de\/blog\/#website","url":"https:\/\/www.urlaubcornwall.de\/blog\/","name":"Urlaub &amp; Reisen","description":"Urlaub, Reisen, Cornwall und S\u00fcdengland: eine perfekte Kombination","potentialAction":[{"@type":"SearchAction","target":{"@type":"EntryPoint","urlTemplate":"https:\/\/www.urlaubcornwall.de\/blog\/?s={search_term_string}"},"query-input":"required name=search_term_string"}],"inLanguage":"en-US"},{"@type":"WebPage","@id":"https:\/\/www.urlaubcornwall.de\/blog\/ferienhaus-polperro-meer-mieten-3873\/","url":"https:\/\/www.urlaubcornwall.de\/blog\/ferienhaus-polperro-meer-mieten-3873\/","name":"Ferienhaus Polperro am Meer mieten - 3873 - Urlaub &amp; Reisen","isPartOf":{"@id":"https:\/\/www.urlaubcornwall.de\/blog\/#website"},"datePublished":"2017-12-23T14:10:19+00:00","dateModified":"2021-09-02T10:13:51+00:00","breadcrumb":{"@id":"https:\/\/www.urlaubcornwall.de\/blog\/ferienhaus-polperro-meer-mieten-3873\/#breadcrumb"},"inLanguage":"en-US","potentialAction":[{"@type":"ReadAction","target":["https:\/\/www.urlaubcornwall.de\/blog\/ferienhaus-polperro-meer-mieten-3873\/"]}]},{"@type":"BreadcrumbList","@id":"https:\/\/www.urlaubcornwall.de\/blog\/ferienhaus-polperro-meer-mieten-3873\/#breadcrumb","itemListElement":[{"@type":"ListItem","position":1,"name":"Home","item":"https:\/\/www.urlaubcornwall.de\/blog\/"},{"@type":"ListItem","position":2,"name":"Ferienhaus Polperro am Meer mieten &#8211; 3873"}]}]}},"_links":{"self":[{"href":"https:\/\/www.urlaubcornwall.de\/blog\/wp-json\/wp\/v2\/pages\/31446"}],"collection":[{"href":"https:\/\/www.urlaubcornwall.de\/blog\/wp-json\/wp\/v2\/pages"}],"about":[{"href":"https:\/\/www.urlaubcornwall.de\/blog\/wp-json\/wp\/v2\/types\/page"}],"author":[{"embeddable":true,"href":"https:\/\/www.urlaubcornwall.de\/blog\/wp-json\/wp\/v2\/users\/1"}],"replies":[{"embeddable":true,"href":"https:\/\/www.urlaubcornwall.de\/blog\/wp-json\/wp\/v2\/comments?post=31446"}],"version-history":[{"count":2,"href":"https:\/\/www.urlaubcornwall.de\/blog\/wp-json\/wp\/v2\/pages\/31446\/revisions"}],"predecessor-version":[{"id":42450,"href":"https:\/\/www.urlaubcornwall.de\/blog\/wp-json\/wp\/v2\/pages\/31446\/revisions\/42450"}],"wp:attachment":[{"href":"https:\/\/www.urlaubcornwall.de\/blog\/wp-json\/wp\/v2\/media?parent=31446"}],"curies":[{"name":"wp","href":"https:\/\/api.w.org\/{rel}","templated":true}]}}