{"id":31443,"date":"2017-12-23T11:51:18","date_gmt":"2017-12-23T11:51:18","guid":{"rendered":"https:\/\/www.urlaubcornwall.de\/blog\/?page_id=31443"},"modified":"2021-07-12T12:14:13","modified_gmt":"2021-07-12T12:14:13","slug":"ferienhaus-meer-mevagissey-mieten-2916","status":"publish","type":"page","link":"https:\/\/www.urlaubcornwall.de\/blog\/ferienhaus-meer-mevagissey-mieten-2916\/","title":{"rendered":"Ferienhaus am Meer in Mevagissey mieten"},"content":{"rendered":"<p><img loading=\"lazy\" class=\"aligncenter size-full wp-image-31444\" src=\"https:\/\/www.urlaubcornwall.de\/blog\/wp-content\/uploads\/2017\/12\/ferienhaus-mevagissey-am-meer.jpg\" alt=\"ferienhaus mevagissey am meer\" width=\"746\" height=\"402\"\/><\/p>\n<p><strong>Ferienhaus mit Meerblick Mevagissey, S\u00fcdk\u00fcste Cornwall.<\/strong><\/p>\n<p>4 Schlafzimmer, leider keine Haustiere erlaubt, Schlafplatz f\u00fcr 8 + Kinderbett<\/p>\n<p>An-\/Abreisetag am Freitag<\/p>\n<p>Preis pro Woche \u00a3852 &#8211; \u00a32630<\/p>\n<p>Wenn Sie Luxus, Raum und wundersch\u00f6ne Innenr\u00e4ume lieben, ist SkySails der Platz f\u00fcr Sie. Providing alles, was Sie f\u00fcr einen wunderbaren Urlaub gibt es vier Zimmer im Erdgeschoss, eine fabelhafte offene ersten Stock Wohnzimmer mit Panoramablick auf das Meer, Sitzgelegenheiten im Freien und Essbereich und einen gro\u00dfen geschlossenen Garten mit Rasen und Patios. Dies ist das perfekte &#8220;Beisammensein&#8221;-Haus, ideal f\u00fcr Familien oder Gruppen von Freunden. SkySails verf\u00fcgt \u00fcber einen privaten Parkplatz, ein Spielzimmer mit Tischtennis, Darts, B\u00fccher und Spiele, Sofas im Freien, Liegest\u00fchle und einen Grill. Mevagissey ist f\u00fcnf Minuten zu Fu\u00df bergab, eine Quintessenz Cornish Fischerdorf mit Trawlern, Boote und Yachten in den Hafen und Tee-Zimmer, alten Pubs, einladende Gesch\u00e4fte und terrassenf\u00f6rmige H\u00fctten dr\u00e4ngen die engen Gassen. Es gibt einen kleinen Strand am Hafen bei Ebbe, mit Str\u00e4nden in <a href=\"https:\/\/www.urlaubcornwall.de\/ferienhaeuser-fewos\/portmellon.html\">Portmellon<\/a> und <a href=\"https:\/\/www.urlaubcornwall.de\/ferienhaeuser-fewos\/gorran-haven.html\">Gorran Haven<\/a> nur wenige Minuten mit dem Auto entfernt. Die verlorenen G\u00e4rten von Heligan liegen am Rande des Dorfes, eine Freude zu erforschen und mit einem renommierten lokalen Bauernhof-Shop direkt neben dem Parkplatz verkaufen wunderbare lokale Produkte, perfekt f\u00fcr das Kochen bis leckere Ferien Mahlzeiten zu verweilen in der Freizeit w\u00e4hrend der Einnahme in die herrliche Aussicht entlang der K\u00fcste.<\/p>\n<p style=\"text-align: center;\"><a class=\"tidycta\" href=\"https:\/\/www.urlaubcornwall.de\/ferienhaeuser-fewos\/mevagissey.html\">Ferienh\u00e4user in Mevagissey<\/a><\/p>\n<p style=\"text-align: center;\">Pers\u00f6nlich inspizierte <a href=\"https:\/\/www.urlaubcornwall.de\/ferienhaeuser\/cornwall.php\">Ferienh\u00e4user und Ferienwohnungen in Cornwall<\/a> f\u00fcr Ihren Urlaub.<\/p>\n","protected":false},"excerpt":{"rendered":"<p>Ferienhaus mit Meerblick Mevagissey, S\u00fcdk\u00fcste Cornwall. 4 Schlafzimmer, leider keine Haustiere erlaubt, Schlafplatz f\u00fcr 8 + Kinderbett An-\/Abreisetag am Freitag Preis pro Woche \u00a3852 &#8211; \u00a32630 Wenn Sie Luxus, Raum und wundersch\u00f6ne Innenr\u00e4ume lieben, ist SkySails der Platz f\u00fcr Sie. Providing alles, was Sie f\u00fcr einen wunderbaren Urlaub gibt es vier Zimmer im Erdgeschoss, eine [&hellip;]<\/p>\n","protected":false},"author":1,"featured_media":0,"parent":0,"menu_order":0,"comment_status":"closed","ping_status":"closed","template":"single-four.php","meta":[],"acf":[],"yoast_head":"<!-- This site is optimized with the Yoast SEO plugin v19.4 - https:\/\/yoast.com\/wordpress\/plugins\/seo\/ -->\n<title>Ferienhaus am Meer in Mevagissey mieten - Urlaub &amp; Reisen<\/title>\n<meta name=\"robots\" content=\"index, follow, max-snippet:-1, max-image-preview:large, max-video-preview:-1\" \/>\n<link rel=\"canonical\" href=\"https:\/\/www.urlaubcornwall.de\/blog\/ferienhaus-meer-mevagissey-mieten-2916\/\" \/>\n<meta property=\"og:locale\" content=\"en_US\" \/>\n<meta property=\"og:type\" content=\"article\" \/>\n<meta property=\"og:title\" content=\"Ferienhaus am Meer in Mevagissey mieten - Urlaub &amp; Reisen\" \/>\n<meta property=\"og:description\" content=\"Ferienhaus mit Meerblick Mevagissey, S\u00fcdk\u00fcste Cornwall. 4 Schlafzimmer, leider keine Haustiere erlaubt, Schlafplatz f\u00fcr 8 + Kinderbett An-\/Abreisetag am Freitag Preis pro Woche \u00a3852 &#8211; \u00a32630 Wenn Sie Luxus, Raum und wundersch\u00f6ne Innenr\u00e4ume lieben, ist SkySails der Platz f\u00fcr Sie. Providing alles, was Sie f\u00fcr einen wunderbaren Urlaub gibt es vier Zimmer im Erdgeschoss, eine [&hellip;]\" \/>\n<meta property=\"og:url\" content=\"https:\/\/www.urlaubcornwall.de\/blog\/ferienhaus-meer-mevagissey-mieten-2916\/\" \/>\n<meta property=\"og:site_name\" content=\"Urlaub &amp; Reisen\" \/>\n<meta property=\"article:modified_time\" content=\"2021-07-12T12:14:13+00:00\" \/>\n<meta property=\"og:image\" content=\"https:\/\/www.urlaubcornwall.de\/blog\/wp-content\/uploads\/2017\/12\/ferienhaus-mevagissey-am-meer.jpg\" \/>\n<meta name=\"twitter:card\" content=\"summary\" \/>\n<meta name=\"twitter:label1\" content=\"Est. reading time\" \/>\n\t<meta name=\"twitter:data1\" content=\"1 minute\" \/>\n<script type=\"application\/ld+json\" class=\"yoast-schema-graph\">{\"@context\":\"https:\/\/schema.org\",\"@graph\":[{\"@type\":\"WebSite\",\"@id\":\"https:\/\/www.urlaubcornwall.de\/blog\/#website\",\"url\":\"https:\/\/www.urlaubcornwall.de\/blog\/\",\"name\":\"Urlaub &amp; Reisen\",\"description\":\"Urlaub, Reisen, Cornwall und S\u00fcdengland: eine perfekte Kombination\",\"potentialAction\":[{\"@type\":\"SearchAction\",\"target\":{\"@type\":\"EntryPoint\",\"urlTemplate\":\"https:\/\/www.urlaubcornwall.de\/blog\/?s={search_term_string}\"},\"query-input\":\"required name=search_term_string\"}],\"inLanguage\":\"en-US\"},{\"@type\":\"WebPage\",\"@id\":\"https:\/\/www.urlaubcornwall.de\/blog\/ferienhaus-meer-mevagissey-mieten-2916\/\",\"url\":\"https:\/\/www.urlaubcornwall.de\/blog\/ferienhaus-meer-mevagissey-mieten-2916\/\",\"name\":\"Ferienhaus am Meer in Mevagissey mieten - Urlaub &amp; Reisen\",\"isPartOf\":{\"@id\":\"https:\/\/www.urlaubcornwall.de\/blog\/#website\"},\"datePublished\":\"2017-12-23T11:51:18+00:00\",\"dateModified\":\"2021-07-12T12:14:13+00:00\",\"breadcrumb\":{\"@id\":\"https:\/\/www.urlaubcornwall.de\/blog\/ferienhaus-meer-mevagissey-mieten-2916\/#breadcrumb\"},\"inLanguage\":\"en-US\",\"potentialAction\":[{\"@type\":\"ReadAction\",\"target\":[\"https:\/\/www.urlaubcornwall.de\/blog\/ferienhaus-meer-mevagissey-mieten-2916\/\"]}]},{\"@type\":\"BreadcrumbList\",\"@id\":\"https:\/\/www.urlaubcornwall.de\/blog\/ferienhaus-meer-mevagissey-mieten-2916\/#breadcrumb\",\"itemListElement\":[{\"@type\":\"ListItem\",\"position\":1,\"name\":\"Home\",\"item\":\"https:\/\/www.urlaubcornwall.de\/blog\/\"},{\"@type\":\"ListItem\",\"position\":2,\"name\":\"Ferienhaus am Meer in Mevagissey mieten\"}]}]}<\/script>\n<!-- \/ Yoast SEO plugin. -->","yoast_head_json":{"title":"Ferienhaus am Meer in Mevagissey mieten - Urlaub &amp; Reisen","robots":{"index":"index","follow":"follow","max-snippet":"max-snippet:-1","max-image-preview":"max-image-preview:large","max-video-preview":"max-video-preview:-1"},"canonical":"https:\/\/www.urlaubcornwall.de\/blog\/ferienhaus-meer-mevagissey-mieten-2916\/","og_locale":"en_US","og_type":"article","og_title":"Ferienhaus am Meer in Mevagissey mieten - Urlaub &amp; Reisen","og_description":"Ferienhaus mit Meerblick Mevagissey, S\u00fcdk\u00fcste Cornwall. 4 Schlafzimmer, leider keine Haustiere erlaubt, Schlafplatz f\u00fcr 8 + Kinderbett An-\/Abreisetag am Freitag Preis pro Woche \u00a3852 &#8211; \u00a32630 Wenn Sie Luxus, Raum und wundersch\u00f6ne Innenr\u00e4ume lieben, ist SkySails der Platz f\u00fcr Sie. Providing alles, was Sie f\u00fcr einen wunderbaren Urlaub gibt es vier Zimmer im Erdgeschoss, eine [&hellip;]","og_url":"https:\/\/www.urlaubcornwall.de\/blog\/ferienhaus-meer-mevagissey-mieten-2916\/","og_site_name":"Urlaub &amp; Reisen","article_modified_time":"2021-07-12T12:14:13+00:00","og_image":[{"url":"https:\/\/www.urlaubcornwall.de\/blog\/wp-content\/uploads\/2017\/12\/ferienhaus-mevagissey-am-meer.jpg"}],"twitter_card":"summary","twitter_misc":{"Est. reading time":"1 minute"},"schema":{"@context":"https:\/\/schema.org","@graph":[{"@type":"WebSite","@id":"https:\/\/www.urlaubcornwall.de\/blog\/#website","url":"https:\/\/www.urlaubcornwall.de\/blog\/","name":"Urlaub &amp; Reisen","description":"Urlaub, Reisen, Cornwall und S\u00fcdengland: eine perfekte Kombination","potentialAction":[{"@type":"SearchAction","target":{"@type":"EntryPoint","urlTemplate":"https:\/\/www.urlaubcornwall.de\/blog\/?s={search_term_string}"},"query-input":"required name=search_term_string"}],"inLanguage":"en-US"},{"@type":"WebPage","@id":"https:\/\/www.urlaubcornwall.de\/blog\/ferienhaus-meer-mevagissey-mieten-2916\/","url":"https:\/\/www.urlaubcornwall.de\/blog\/ferienhaus-meer-mevagissey-mieten-2916\/","name":"Ferienhaus am Meer in Mevagissey mieten - Urlaub &amp; Reisen","isPartOf":{"@id":"https:\/\/www.urlaubcornwall.de\/blog\/#website"},"datePublished":"2017-12-23T11:51:18+00:00","dateModified":"2021-07-12T12:14:13+00:00","breadcrumb":{"@id":"https:\/\/www.urlaubcornwall.de\/blog\/ferienhaus-meer-mevagissey-mieten-2916\/#breadcrumb"},"inLanguage":"en-US","potentialAction":[{"@type":"ReadAction","target":["https:\/\/www.urlaubcornwall.de\/blog\/ferienhaus-meer-mevagissey-mieten-2916\/"]}]},{"@type":"BreadcrumbList","@id":"https:\/\/www.urlaubcornwall.de\/blog\/ferienhaus-meer-mevagissey-mieten-2916\/#breadcrumb","itemListElement":[{"@type":"ListItem","position":1,"name":"Home","item":"https:\/\/www.urlaubcornwall.de\/blog\/"},{"@type":"ListItem","position":2,"name":"Ferienhaus am Meer in Mevagissey mieten"}]}]}},"_links":{"self":[{"href":"https:\/\/www.urlaubcornwall.de\/blog\/wp-json\/wp\/v2\/pages\/31443"}],"collection":[{"href":"https:\/\/www.urlaubcornwall.de\/blog\/wp-json\/wp\/v2\/pages"}],"about":[{"href":"https:\/\/www.urlaubcornwall.de\/blog\/wp-json\/wp\/v2\/types\/page"}],"author":[{"embeddable":true,"href":"https:\/\/www.urlaubcornwall.de\/blog\/wp-json\/wp\/v2\/users\/1"}],"replies":[{"embeddable":true,"href":"https:\/\/www.urlaubcornwall.de\/blog\/wp-json\/wp\/v2\/comments?post=31443"}],"version-history":[{"count":4,"href":"https:\/\/www.urlaubcornwall.de\/blog\/wp-json\/wp\/v2\/pages\/31443\/revisions"}],"predecessor-version":[{"id":41843,"href":"https:\/\/www.urlaubcornwall.de\/blog\/wp-json\/wp\/v2\/pages\/31443\/revisions\/41843"}],"wp:attachment":[{"href":"https:\/\/www.urlaubcornwall.de\/blog\/wp-json\/wp\/v2\/media?parent=31443"}],"curies":[{"name":"wp","href":"https:\/\/api.w.org\/{rel}","templated":true}]}}