{"id":31440,"date":"2017-12-23T11:29:47","date_gmt":"2017-12-23T11:29:47","guid":{"rendered":"https:\/\/www.urlaubcornwall.de\/blog\/?page_id=31440"},"modified":"2021-07-12T13:10:31","modified_gmt":"2021-07-12T13:10:31","slug":"ferienhaus-meer-torquay-englische-riviera","status":"publish","type":"page","link":"https:\/\/www.urlaubcornwall.de\/blog\/ferienhaus-meer-torquay-englische-riviera\/","title":{"rendered":"Ferienhaus am Meer Torquay &#8211; Englische Riviera"},"content":{"rendered":"<p><img loading=\"lazy\" class=\"aligncenter size-full wp-image-31441\" src=\"https:\/\/www.urlaubcornwall.de\/blog\/wp-content\/uploads\/2017\/12\/ferienhaus-am-meer-torquay.jpg\" alt=\"ferienhaus am meer torquay\" width=\"746\" height=\"422\"\/><br \/>\n<strong>Ferienhaus mit Meerblick 1.9 kilometern NW von Torquay, S\u00fcd-Devon.<\/strong><\/p>\n<p>3 Schlafzimmer, hundefreundlich, , Schlafplatz f\u00fcr 6 + 2 Kinderbetten, An-\/Abreisetag am Samstag, Preis pro Woche \u00a3642 &#8211; \u00a31395<\/p>\n<p>Mit spektakul\u00e4rem Blick \u00fcber die blaue Fahne Meadfoot Strand, ist dieses ger\u00e4umige und geschmackvoll gestaltete, Doppelhaus das perfekte Ferienhaus f\u00fcr jeden Anlass. Die atemberaubende Aussicht auf das Meer und die Sonnenunterg\u00e4nge k\u00f6nnen von beiden Doppelschlafzimmern und dem Wohnbereich genossen werden, was das zur\u00fcck sitzen und entspannen zu einem Vergn\u00fcgen in diesem wunderbaren Ort macht. Henrys Beach bietet Unmengen an Raum und Stil, und mit seinem sch\u00f6nen geschlossenen Innenhof k\u00f6nnen Sie und Ihr Hund dieses sch\u00f6ne Haus genie\u00dfen. Die voll ausgestattete K\u00fcche macht das Kochen einen Sturm zu einem Vergn\u00fcgen, und serviert ein fest auf dem gro\u00dfen Esstisch ist ein idealer Weg, um einen Abend in Erinnerungen an die Ereignisse des Tages zu verbringen, und die Planung von morgen Abenteuer. Der Hafen von Torquay ist nur 1,5 km entfernt. M\u00e4ander rund um die K\u00fcste dieser lebhaften Stadt ist ein Vergn\u00fcgen, und erwartet Sie am Ende Ihres Spaziergangs mit einem warmen Strand willkommen sind zahlreiche Sehensw\u00fcrdigkeiten und reichlich Caf\u00e9s, Restaurants und Pubs. Meadfoot Strand ist direkt vor der Haust\u00fcr und das ist eine gro\u00dfe Familie Ziel; mit einem Caf\u00e9 auf der Terrasse, Toiletten und einem Gesch\u00e4ft, haben Sie alles, was Sie brauchen, um sich zur\u00fcckzulehnen und nehmen Sie die sch\u00f6ne Aussicht.<\/p>\n<p style=\"text-align: center;\"><a class=\"tidycta\" href=\"https:\/\/www.urlaubcornwall.de\/ferienhaeuser-fewos\/torquay-am-meer.html\">Details ansehen<\/a><\/p>\n<p style=\"text-align: center;\">Pers\u00f6nlich inspizierte <a href=\"https:\/\/www.urlaubcornwall.de\/ferienhaeuser\/cornwall.php\">Ferienh\u00e4user und Ferienwohnungen in Cornwal<\/a>l f\u00fcr Ihren Urlaub.<\/p>\n","protected":false},"excerpt":{"rendered":"<p>Ferienhaus mit Meerblick 1.9 kilometern NW von Torquay, S\u00fcd-Devon. 3 Schlafzimmer, hundefreundlich, , Schlafplatz f\u00fcr 6 + 2 Kinderbetten, An-\/Abreisetag am Samstag, Preis pro Woche \u00a3642 &#8211; \u00a31395 Mit spektakul\u00e4rem Blick \u00fcber die blaue Fahne Meadfoot Strand, ist dieses ger\u00e4umige und geschmackvoll gestaltete, Doppelhaus das perfekte Ferienhaus f\u00fcr jeden Anlass. Die atemberaubende Aussicht auf das [&hellip;]<\/p>\n","protected":false},"author":1,"featured_media":0,"parent":0,"menu_order":0,"comment_status":"closed","ping_status":"closed","template":"single-four.php","meta":[],"acf":[],"yoast_head":"<!-- This site is optimized with the Yoast SEO plugin v19.4 - https:\/\/yoast.com\/wordpress\/plugins\/seo\/ -->\n<title>Ferienhaus am Meer Torquay - Englische Riviera - Urlaub &amp; Reisen<\/title>\n<meta name=\"robots\" content=\"index, follow, max-snippet:-1, max-image-preview:large, max-video-preview:-1\" \/>\n<link rel=\"canonical\" href=\"https:\/\/www.urlaubcornwall.de\/blog\/ferienhaus-meer-torquay-englische-riviera\/\" \/>\n<meta property=\"og:locale\" content=\"en_US\" \/>\n<meta property=\"og:type\" content=\"article\" \/>\n<meta property=\"og:title\" content=\"Ferienhaus am Meer Torquay - Englische Riviera - Urlaub &amp; Reisen\" \/>\n<meta property=\"og:description\" content=\"Ferienhaus mit Meerblick 1.9 kilometern NW von Torquay, S\u00fcd-Devon. 3 Schlafzimmer, hundefreundlich, , Schlafplatz f\u00fcr 6 + 2 Kinderbetten, An-\/Abreisetag am Samstag, Preis pro Woche \u00a3642 &#8211; \u00a31395 Mit spektakul\u00e4rem Blick \u00fcber die blaue Fahne Meadfoot Strand, ist dieses ger\u00e4umige und geschmackvoll gestaltete, Doppelhaus das perfekte Ferienhaus f\u00fcr jeden Anlass. Die atemberaubende Aussicht auf das [&hellip;]\" \/>\n<meta property=\"og:url\" content=\"https:\/\/www.urlaubcornwall.de\/blog\/ferienhaus-meer-torquay-englische-riviera\/\" \/>\n<meta property=\"og:site_name\" content=\"Urlaub &amp; Reisen\" \/>\n<meta property=\"article:modified_time\" content=\"2021-07-12T13:10:31+00:00\" \/>\n<meta property=\"og:image\" content=\"https:\/\/www.urlaubcornwall.de\/blog\/wp-content\/uploads\/2017\/12\/ferienhaus-am-meer-torquay.jpg\" \/>\n<meta name=\"twitter:card\" content=\"summary\" \/>\n<meta name=\"twitter:label1\" content=\"Est. reading time\" \/>\n\t<meta name=\"twitter:data1\" content=\"1 minute\" \/>\n<script type=\"application\/ld+json\" class=\"yoast-schema-graph\">{\"@context\":\"https:\/\/schema.org\",\"@graph\":[{\"@type\":\"WebSite\",\"@id\":\"https:\/\/www.urlaubcornwall.de\/blog\/#website\",\"url\":\"https:\/\/www.urlaubcornwall.de\/blog\/\",\"name\":\"Urlaub &amp; Reisen\",\"description\":\"Urlaub, Reisen, Cornwall und S\u00fcdengland: eine perfekte Kombination\",\"potentialAction\":[{\"@type\":\"SearchAction\",\"target\":{\"@type\":\"EntryPoint\",\"urlTemplate\":\"https:\/\/www.urlaubcornwall.de\/blog\/?s={search_term_string}\"},\"query-input\":\"required name=search_term_string\"}],\"inLanguage\":\"en-US\"},{\"@type\":\"WebPage\",\"@id\":\"https:\/\/www.urlaubcornwall.de\/blog\/ferienhaus-meer-torquay-englische-riviera\/\",\"url\":\"https:\/\/www.urlaubcornwall.de\/blog\/ferienhaus-meer-torquay-englische-riviera\/\",\"name\":\"Ferienhaus am Meer Torquay - Englische Riviera - Urlaub &amp; Reisen\",\"isPartOf\":{\"@id\":\"https:\/\/www.urlaubcornwall.de\/blog\/#website\"},\"datePublished\":\"2017-12-23T11:29:47+00:00\",\"dateModified\":\"2021-07-12T13:10:31+00:00\",\"breadcrumb\":{\"@id\":\"https:\/\/www.urlaubcornwall.de\/blog\/ferienhaus-meer-torquay-englische-riviera\/#breadcrumb\"},\"inLanguage\":\"en-US\",\"potentialAction\":[{\"@type\":\"ReadAction\",\"target\":[\"https:\/\/www.urlaubcornwall.de\/blog\/ferienhaus-meer-torquay-englische-riviera\/\"]}]},{\"@type\":\"BreadcrumbList\",\"@id\":\"https:\/\/www.urlaubcornwall.de\/blog\/ferienhaus-meer-torquay-englische-riviera\/#breadcrumb\",\"itemListElement\":[{\"@type\":\"ListItem\",\"position\":1,\"name\":\"Home\",\"item\":\"https:\/\/www.urlaubcornwall.de\/blog\/\"},{\"@type\":\"ListItem\",\"position\":2,\"name\":\"Ferienhaus am Meer Torquay &#8211; Englische Riviera\"}]}]}<\/script>\n<!-- \/ Yoast SEO plugin. -->","yoast_head_json":{"title":"Ferienhaus am Meer Torquay - Englische Riviera - Urlaub &amp; Reisen","robots":{"index":"index","follow":"follow","max-snippet":"max-snippet:-1","max-image-preview":"max-image-preview:large","max-video-preview":"max-video-preview:-1"},"canonical":"https:\/\/www.urlaubcornwall.de\/blog\/ferienhaus-meer-torquay-englische-riviera\/","og_locale":"en_US","og_type":"article","og_title":"Ferienhaus am Meer Torquay - Englische Riviera - Urlaub &amp; Reisen","og_description":"Ferienhaus mit Meerblick 1.9 kilometern NW von Torquay, S\u00fcd-Devon. 3 Schlafzimmer, hundefreundlich, , Schlafplatz f\u00fcr 6 + 2 Kinderbetten, An-\/Abreisetag am Samstag, Preis pro Woche \u00a3642 &#8211; \u00a31395 Mit spektakul\u00e4rem Blick \u00fcber die blaue Fahne Meadfoot Strand, ist dieses ger\u00e4umige und geschmackvoll gestaltete, Doppelhaus das perfekte Ferienhaus f\u00fcr jeden Anlass. Die atemberaubende Aussicht auf das [&hellip;]","og_url":"https:\/\/www.urlaubcornwall.de\/blog\/ferienhaus-meer-torquay-englische-riviera\/","og_site_name":"Urlaub &amp; Reisen","article_modified_time":"2021-07-12T13:10:31+00:00","og_image":[{"url":"https:\/\/www.urlaubcornwall.de\/blog\/wp-content\/uploads\/2017\/12\/ferienhaus-am-meer-torquay.jpg"}],"twitter_card":"summary","twitter_misc":{"Est. reading time":"1 minute"},"schema":{"@context":"https:\/\/schema.org","@graph":[{"@type":"WebSite","@id":"https:\/\/www.urlaubcornwall.de\/blog\/#website","url":"https:\/\/www.urlaubcornwall.de\/blog\/","name":"Urlaub &amp; Reisen","description":"Urlaub, Reisen, Cornwall und S\u00fcdengland: eine perfekte Kombination","potentialAction":[{"@type":"SearchAction","target":{"@type":"EntryPoint","urlTemplate":"https:\/\/www.urlaubcornwall.de\/blog\/?s={search_term_string}"},"query-input":"required name=search_term_string"}],"inLanguage":"en-US"},{"@type":"WebPage","@id":"https:\/\/www.urlaubcornwall.de\/blog\/ferienhaus-meer-torquay-englische-riviera\/","url":"https:\/\/www.urlaubcornwall.de\/blog\/ferienhaus-meer-torquay-englische-riviera\/","name":"Ferienhaus am Meer Torquay - Englische Riviera - Urlaub &amp; Reisen","isPartOf":{"@id":"https:\/\/www.urlaubcornwall.de\/blog\/#website"},"datePublished":"2017-12-23T11:29:47+00:00","dateModified":"2021-07-12T13:10:31+00:00","breadcrumb":{"@id":"https:\/\/www.urlaubcornwall.de\/blog\/ferienhaus-meer-torquay-englische-riviera\/#breadcrumb"},"inLanguage":"en-US","potentialAction":[{"@type":"ReadAction","target":["https:\/\/www.urlaubcornwall.de\/blog\/ferienhaus-meer-torquay-englische-riviera\/"]}]},{"@type":"BreadcrumbList","@id":"https:\/\/www.urlaubcornwall.de\/blog\/ferienhaus-meer-torquay-englische-riviera\/#breadcrumb","itemListElement":[{"@type":"ListItem","position":1,"name":"Home","item":"https:\/\/www.urlaubcornwall.de\/blog\/"},{"@type":"ListItem","position":2,"name":"Ferienhaus am Meer Torquay &#8211; Englische Riviera"}]}]}},"_links":{"self":[{"href":"https:\/\/www.urlaubcornwall.de\/blog\/wp-json\/wp\/v2\/pages\/31440"}],"collection":[{"href":"https:\/\/www.urlaubcornwall.de\/blog\/wp-json\/wp\/v2\/pages"}],"about":[{"href":"https:\/\/www.urlaubcornwall.de\/blog\/wp-json\/wp\/v2\/types\/page"}],"author":[{"embeddable":true,"href":"https:\/\/www.urlaubcornwall.de\/blog\/wp-json\/wp\/v2\/users\/1"}],"replies":[{"embeddable":true,"href":"https:\/\/www.urlaubcornwall.de\/blog\/wp-json\/wp\/v2\/comments?post=31440"}],"version-history":[{"count":2,"href":"https:\/\/www.urlaubcornwall.de\/blog\/wp-json\/wp\/v2\/pages\/31440\/revisions"}],"predecessor-version":[{"id":41868,"href":"https:\/\/www.urlaubcornwall.de\/blog\/wp-json\/wp\/v2\/pages\/31440\/revisions\/41868"}],"wp:attachment":[{"href":"https:\/\/www.urlaubcornwall.de\/blog\/wp-json\/wp\/v2\/media?parent=31440"}],"curies":[{"name":"wp","href":"https:\/\/api.w.org\/{rel}","templated":true}]}}