{"id":31437,"date":"2017-12-23T11:10:10","date_gmt":"2017-12-23T11:10:10","guid":{"rendered":"https:\/\/www.urlaubcornwall.de\/blog\/?page_id=31437"},"modified":"2021-09-02T09:19:37","modified_gmt":"2021-09-02T09:19:37","slug":"ferienhaus-meer-hayle-strandurlaub-cornwall","status":"publish","type":"page","link":"https:\/\/www.urlaubcornwall.de\/blog\/ferienhaus-meer-hayle-strandurlaub-cornwall\/","title":{"rendered":"Ferienhaus am Meer Hayle &#8211; Strandurlaub Cornwall"},"content":{"rendered":"<p><img loading=\"lazy\" class=\"aligncenter size-full wp-image-31438\" src=\"https:\/\/www.urlaubcornwall.de\/blog\/wp-content\/uploads\/2017\/12\/ferienhaus-am-meer-hayle.jpg\" alt=\"ferienhaus am meer hayle\" width=\"749\" height=\"431\"\/><br \/>\n<strong> Ferienhaus in Hayle, strandnah 4 kilometern SO von St Ives, West-Cornwall<\/strong><\/p>\n<p>4 Schlafzimmer, hundefreundlich, Schlafplatz f\u00fcr 8 + 2 Kinderbetten, An-\/Abreisetag am Freitag, Preis pro Woche \u00a3963 &#8211; \u00a32952<\/p>\n<p>Dieses sch\u00f6ne freistehende Anwesen liegt in der N\u00e4he des herrlichen Sandstrandes von Porth Kidney und Lelants renommierten Links-Golfplatz. Es ist nur einen kurzen Spaziergang von allen Annehmlichkeiten des Dorfes entfernt, darunter ein exzellenter Pub und ein Gesch\u00e4ft. Es gibt sogar einen kleinen Bahnhof, von wo aus Sie eine herrliche Zugfahrt mit den eindrucksvollsten K\u00fcstenblicken zum nahe gelegenen St. Ives mit seinen Galerien, Gesch\u00e4ften und Restaurants unternehmen k\u00f6nnen. Viele originale Elemente wurden beibehalten, einschlie\u00dflich der Holzb\u00f6den in den Wohnbereichen und der Steinflaggen in der K\u00fcche \/ Esszimmer und Hauptk\u00fcche &#8211; wo die W\u00e4rme und der Komfort des gro\u00dfen roten Aga dies die ideale Unterkunft f\u00fcr ein Familientreffen zu jeder Zeit macht des Jahres. Zwei ger\u00e4umige Wohnzimmer bieten Platz f\u00fcr Kinder und Erwachsene zum Entspannen und das Spielzimmer mit Billardtisch und Tischfu\u00dfball bietet mehr Platz zum Ausbreiten. Eine Treppe f\u00fchrt zu den vier gro\u00dfen Schlafzimmern, jedes mit Kingsize- oder vielseitigen &#8220;Zip and Link&#8221; -Betten. Das luxuri\u00f6se Familienbadezimmer verf\u00fcgt \u00fcber eine freistehende Badewanne, ebenso wie das Bad im Hauptschlafzimmer.<\/p>\n<p style=\"text-align: center;\"><a class=\"tidycta\" href=\"https:\/\/www.urlaubcornwall.de\/ferienhaeuser-fewos\/hayle-am-meer.html\">Suche Ferienh\u00e4user Hayle<\/a><\/p>\n<p><strong>Um UrlaubCornwall.de einzigartige Kollektion nach Ihrem idealen Ferienhaus zu durchsuchen.<\/strong> <a href=\"https:\/\/www.urlaubcornwall.de\/ferienhaeuser\/cornwall.php\"><span style=\"text-decoration: underline;\"><strong>Klicken Sie hier<\/strong><\/span><strong> &gt;&gt;<\/strong><\/a><\/p>\n","protected":false},"excerpt":{"rendered":"<p>Ferienhaus in Hayle, strandnah 4 kilometern SO von St Ives, West-Cornwall 4 Schlafzimmer, hundefreundlich, Schlafplatz f\u00fcr 8 + 2 Kinderbetten, An-\/Abreisetag am Freitag, Preis pro Woche \u00a3963 &#8211; \u00a32952 Dieses sch\u00f6ne freistehende Anwesen liegt in der N\u00e4he des herrlichen Sandstrandes von Porth Kidney und Lelants renommierten Links-Golfplatz. Es ist nur einen kurzen Spaziergang von allen [&hellip;]<\/p>\n","protected":false},"author":1,"featured_media":0,"parent":0,"menu_order":0,"comment_status":"closed","ping_status":"closed","template":"single-four.php","meta":[],"acf":[],"yoast_head":"<!-- This site is optimized with the Yoast SEO plugin v19.4 - https:\/\/yoast.com\/wordpress\/plugins\/seo\/ -->\n<title>Ferienhaus am Meer Hayle - Strandurlaub Cornwall - Urlaub &amp; Reisen<\/title>\n<meta name=\"robots\" content=\"index, follow, max-snippet:-1, max-image-preview:large, max-video-preview:-1\" \/>\n<link rel=\"canonical\" href=\"https:\/\/www.urlaubcornwall.de\/blog\/ferienhaus-meer-hayle-strandurlaub-cornwall\/\" \/>\n<meta property=\"og:locale\" content=\"en_US\" \/>\n<meta property=\"og:type\" content=\"article\" \/>\n<meta property=\"og:title\" content=\"Ferienhaus am Meer Hayle - Strandurlaub Cornwall - Urlaub &amp; Reisen\" \/>\n<meta property=\"og:description\" content=\"Ferienhaus in Hayle, strandnah 4 kilometern SO von St Ives, West-Cornwall 4 Schlafzimmer, hundefreundlich, Schlafplatz f\u00fcr 8 + 2 Kinderbetten, An-\/Abreisetag am Freitag, Preis pro Woche \u00a3963 &#8211; \u00a32952 Dieses sch\u00f6ne freistehende Anwesen liegt in der N\u00e4he des herrlichen Sandstrandes von Porth Kidney und Lelants renommierten Links-Golfplatz. Es ist nur einen kurzen Spaziergang von allen [&hellip;]\" \/>\n<meta property=\"og:url\" content=\"https:\/\/www.urlaubcornwall.de\/blog\/ferienhaus-meer-hayle-strandurlaub-cornwall\/\" \/>\n<meta property=\"og:site_name\" content=\"Urlaub &amp; Reisen\" \/>\n<meta property=\"article:modified_time\" content=\"2021-09-02T09:19:37+00:00\" \/>\n<meta property=\"og:image\" content=\"https:\/\/www.urlaubcornwall.de\/blog\/wp-content\/uploads\/2017\/12\/ferienhaus-am-meer-hayle.jpg\" \/>\n<meta name=\"twitter:card\" content=\"summary\" \/>\n<meta name=\"twitter:label1\" content=\"Est. reading time\" \/>\n\t<meta name=\"twitter:data1\" content=\"1 minute\" \/>\n<script type=\"application\/ld+json\" class=\"yoast-schema-graph\">{\"@context\":\"https:\/\/schema.org\",\"@graph\":[{\"@type\":\"WebSite\",\"@id\":\"https:\/\/www.urlaubcornwall.de\/blog\/#website\",\"url\":\"https:\/\/www.urlaubcornwall.de\/blog\/\",\"name\":\"Urlaub &amp; Reisen\",\"description\":\"Urlaub, Reisen, Cornwall und S\u00fcdengland: eine perfekte Kombination\",\"potentialAction\":[{\"@type\":\"SearchAction\",\"target\":{\"@type\":\"EntryPoint\",\"urlTemplate\":\"https:\/\/www.urlaubcornwall.de\/blog\/?s={search_term_string}\"},\"query-input\":\"required name=search_term_string\"}],\"inLanguage\":\"en-US\"},{\"@type\":\"WebPage\",\"@id\":\"https:\/\/www.urlaubcornwall.de\/blog\/ferienhaus-meer-hayle-strandurlaub-cornwall\/\",\"url\":\"https:\/\/www.urlaubcornwall.de\/blog\/ferienhaus-meer-hayle-strandurlaub-cornwall\/\",\"name\":\"Ferienhaus am Meer Hayle - Strandurlaub Cornwall - Urlaub &amp; Reisen\",\"isPartOf\":{\"@id\":\"https:\/\/www.urlaubcornwall.de\/blog\/#website\"},\"datePublished\":\"2017-12-23T11:10:10+00:00\",\"dateModified\":\"2021-09-02T09:19:37+00:00\",\"breadcrumb\":{\"@id\":\"https:\/\/www.urlaubcornwall.de\/blog\/ferienhaus-meer-hayle-strandurlaub-cornwall\/#breadcrumb\"},\"inLanguage\":\"en-US\",\"potentialAction\":[{\"@type\":\"ReadAction\",\"target\":[\"https:\/\/www.urlaubcornwall.de\/blog\/ferienhaus-meer-hayle-strandurlaub-cornwall\/\"]}]},{\"@type\":\"BreadcrumbList\",\"@id\":\"https:\/\/www.urlaubcornwall.de\/blog\/ferienhaus-meer-hayle-strandurlaub-cornwall\/#breadcrumb\",\"itemListElement\":[{\"@type\":\"ListItem\",\"position\":1,\"name\":\"Home\",\"item\":\"https:\/\/www.urlaubcornwall.de\/blog\/\"},{\"@type\":\"ListItem\",\"position\":2,\"name\":\"Ferienhaus am Meer Hayle &#8211; Strandurlaub Cornwall\"}]}]}<\/script>\n<!-- \/ Yoast SEO plugin. -->","yoast_head_json":{"title":"Ferienhaus am Meer Hayle - Strandurlaub Cornwall - Urlaub &amp; Reisen","robots":{"index":"index","follow":"follow","max-snippet":"max-snippet:-1","max-image-preview":"max-image-preview:large","max-video-preview":"max-video-preview:-1"},"canonical":"https:\/\/www.urlaubcornwall.de\/blog\/ferienhaus-meer-hayle-strandurlaub-cornwall\/","og_locale":"en_US","og_type":"article","og_title":"Ferienhaus am Meer Hayle - Strandurlaub Cornwall - Urlaub &amp; Reisen","og_description":"Ferienhaus in Hayle, strandnah 4 kilometern SO von St Ives, West-Cornwall 4 Schlafzimmer, hundefreundlich, Schlafplatz f\u00fcr 8 + 2 Kinderbetten, An-\/Abreisetag am Freitag, Preis pro Woche \u00a3963 &#8211; \u00a32952 Dieses sch\u00f6ne freistehende Anwesen liegt in der N\u00e4he des herrlichen Sandstrandes von Porth Kidney und Lelants renommierten Links-Golfplatz. Es ist nur einen kurzen Spaziergang von allen [&hellip;]","og_url":"https:\/\/www.urlaubcornwall.de\/blog\/ferienhaus-meer-hayle-strandurlaub-cornwall\/","og_site_name":"Urlaub &amp; Reisen","article_modified_time":"2021-09-02T09:19:37+00:00","og_image":[{"url":"https:\/\/www.urlaubcornwall.de\/blog\/wp-content\/uploads\/2017\/12\/ferienhaus-am-meer-hayle.jpg"}],"twitter_card":"summary","twitter_misc":{"Est. reading time":"1 minute"},"schema":{"@context":"https:\/\/schema.org","@graph":[{"@type":"WebSite","@id":"https:\/\/www.urlaubcornwall.de\/blog\/#website","url":"https:\/\/www.urlaubcornwall.de\/blog\/","name":"Urlaub &amp; Reisen","description":"Urlaub, Reisen, Cornwall und S\u00fcdengland: eine perfekte Kombination","potentialAction":[{"@type":"SearchAction","target":{"@type":"EntryPoint","urlTemplate":"https:\/\/www.urlaubcornwall.de\/blog\/?s={search_term_string}"},"query-input":"required name=search_term_string"}],"inLanguage":"en-US"},{"@type":"WebPage","@id":"https:\/\/www.urlaubcornwall.de\/blog\/ferienhaus-meer-hayle-strandurlaub-cornwall\/","url":"https:\/\/www.urlaubcornwall.de\/blog\/ferienhaus-meer-hayle-strandurlaub-cornwall\/","name":"Ferienhaus am Meer Hayle - Strandurlaub Cornwall - Urlaub &amp; Reisen","isPartOf":{"@id":"https:\/\/www.urlaubcornwall.de\/blog\/#website"},"datePublished":"2017-12-23T11:10:10+00:00","dateModified":"2021-09-02T09:19:37+00:00","breadcrumb":{"@id":"https:\/\/www.urlaubcornwall.de\/blog\/ferienhaus-meer-hayle-strandurlaub-cornwall\/#breadcrumb"},"inLanguage":"en-US","potentialAction":[{"@type":"ReadAction","target":["https:\/\/www.urlaubcornwall.de\/blog\/ferienhaus-meer-hayle-strandurlaub-cornwall\/"]}]},{"@type":"BreadcrumbList","@id":"https:\/\/www.urlaubcornwall.de\/blog\/ferienhaus-meer-hayle-strandurlaub-cornwall\/#breadcrumb","itemListElement":[{"@type":"ListItem","position":1,"name":"Home","item":"https:\/\/www.urlaubcornwall.de\/blog\/"},{"@type":"ListItem","position":2,"name":"Ferienhaus am Meer Hayle &#8211; Strandurlaub Cornwall"}]}]}},"_links":{"self":[{"href":"https:\/\/www.urlaubcornwall.de\/blog\/wp-json\/wp\/v2\/pages\/31437"}],"collection":[{"href":"https:\/\/www.urlaubcornwall.de\/blog\/wp-json\/wp\/v2\/pages"}],"about":[{"href":"https:\/\/www.urlaubcornwall.de\/blog\/wp-json\/wp\/v2\/types\/page"}],"author":[{"embeddable":true,"href":"https:\/\/www.urlaubcornwall.de\/blog\/wp-json\/wp\/v2\/users\/1"}],"replies":[{"embeddable":true,"href":"https:\/\/www.urlaubcornwall.de\/blog\/wp-json\/wp\/v2\/comments?post=31437"}],"version-history":[{"count":4,"href":"https:\/\/www.urlaubcornwall.de\/blog\/wp-json\/wp\/v2\/pages\/31437\/revisions"}],"predecessor-version":[{"id":42409,"href":"https:\/\/www.urlaubcornwall.de\/blog\/wp-json\/wp\/v2\/pages\/31437\/revisions\/42409"}],"wp:attachment":[{"href":"https:\/\/www.urlaubcornwall.de\/blog\/wp-json\/wp\/v2\/media?parent=31437"}],"curies":[{"name":"wp","href":"https:\/\/api.w.org\/{rel}","templated":true}]}}