{"id":31433,"date":"2017-12-23T10:44:10","date_gmt":"2017-12-23T10:44:10","guid":{"rendered":"https:\/\/www.urlaubcornwall.de\/blog\/?page_id=31433"},"modified":"2021-07-12T12:17:45","modified_gmt":"2021-07-12T12:17:45","slug":"ferienhaus-meer-port-isaac-2602","status":"publish","type":"page","link":"https:\/\/www.urlaubcornwall.de\/blog\/ferienhaus-meer-port-isaac-2602\/","title":{"rendered":"Ferienhaus am Meer in Port Isaac"},"content":{"rendered":"<p><img loading=\"lazy\" class=\"aligncenter size-full wp-image-31434\" src=\"https:\/\/www.urlaubcornwall.de\/blog\/wp-content\/uploads\/2017\/12\/ferienhaus-am-meer-port-isaac.jpg\" alt=\"ferienhaus am meer port isaac\" width=\"746\" height=\"443\"\/><br \/>\n<strong><br \/>\nFerienhaus mit Meerblick Port Isaac, Nordk\u00fcste Cornwall.<\/strong><\/p>\n<p>3 Schlafzimmer, leider keine Haustiere erlaubt, Schlafplatz f\u00fcr 5 + Kinderbett, An-\/Abreisetag am Samstag, Preis pro Woche \u00a3496 &#8211; \u00a31700<\/p>\n<p>Dieses beeindruckende, 200 Jahre alte Cottage \u00fcberblickt Port Isaac und seinen malerischen Hafen und genie\u00dft wahrscheinlich den besten Meerblick im Dorf. Das bezaubernde Mount Pleasant, einst ein Fischerhaus, verf\u00fcgt \u00fcber gro\u00dfe nach S\u00fcden ausgerichtete G\u00e4rten, originale Schieferb\u00f6den, Schiffszimmerei, Abblendlicht und Dachschr\u00e4gen, die zu seinem Charme beitragen. Die K\u00fcche ist gegen\u00fcber dem Esszimmer versetzt, wo eine Stufe in das gem\u00fctliche Wohnzimmer f\u00fchrt, wo viele B\u00fccher und Brettspiele zur Verf\u00fcgung stehen. Drei Schlafzimmer sind \u00fcber die erste und zweite Etage verteilt, zwei davon mit spektakul\u00e4rem Blick auf den Hafen. Nur f\u00fcr Fu\u00dfg\u00e4nger ist das Mount Pleasant das Herz des Dorfes &#8211; ber\u00fchmt f\u00fcr die Fernsehserie Doc Martin und die traditionellen Fischerh\u00fctten der Fischer.<\/p>\n<p style=\"text-align: center;\"><a class=\"tidycta\" href=\"https:\/\/www.urlaubcornwall.de\/ferienhaeuser-fewos\/port-isaac.html\">Ferienh\u00e4user in Port Isaac<\/a><\/p>\n<p style=\"text-align: center;\">Pers\u00f6nlich inspizierte <a href=\"https:\/\/www.urlaubcornwall.de\/ferienhaeuser\/cornwall.php\">Ferienh\u00e4user und Ferienwohnungen in Cornwall<\/a> f\u00fcr Ihren Urlaub.<\/p>\n","protected":false},"excerpt":{"rendered":"<p>Ferienhaus mit Meerblick Port Isaac, Nordk\u00fcste Cornwall. 3 Schlafzimmer, leider keine Haustiere erlaubt, Schlafplatz f\u00fcr 5 + Kinderbett, An-\/Abreisetag am Samstag, Preis pro Woche \u00a3496 &#8211; \u00a31700 Dieses beeindruckende, 200 Jahre alte Cottage \u00fcberblickt Port Isaac und seinen malerischen Hafen und genie\u00dft wahrscheinlich den besten Meerblick im Dorf. Das bezaubernde Mount Pleasant, einst ein Fischerhaus, [&hellip;]<\/p>\n","protected":false},"author":1,"featured_media":0,"parent":0,"menu_order":0,"comment_status":"closed","ping_status":"closed","template":"single-four.php","meta":[],"acf":[],"yoast_head":"<!-- This site is optimized with the Yoast SEO plugin v19.4 - https:\/\/yoast.com\/wordpress\/plugins\/seo\/ -->\n<title>Ferienhaus am Meer in Port Isaac - Urlaub &amp; Reisen<\/title>\n<meta name=\"robots\" content=\"index, follow, max-snippet:-1, max-image-preview:large, max-video-preview:-1\" \/>\n<link rel=\"canonical\" href=\"https:\/\/www.urlaubcornwall.de\/blog\/ferienhaus-meer-port-isaac-2602\/\" \/>\n<meta property=\"og:locale\" content=\"en_US\" \/>\n<meta property=\"og:type\" content=\"article\" \/>\n<meta property=\"og:title\" content=\"Ferienhaus am Meer in Port Isaac - Urlaub &amp; Reisen\" \/>\n<meta property=\"og:description\" content=\"Ferienhaus mit Meerblick Port Isaac, Nordk\u00fcste Cornwall. 3 Schlafzimmer, leider keine Haustiere erlaubt, Schlafplatz f\u00fcr 5 + Kinderbett, An-\/Abreisetag am Samstag, Preis pro Woche \u00a3496 &#8211; \u00a31700 Dieses beeindruckende, 200 Jahre alte Cottage \u00fcberblickt Port Isaac und seinen malerischen Hafen und genie\u00dft wahrscheinlich den besten Meerblick im Dorf. Das bezaubernde Mount Pleasant, einst ein Fischerhaus, [&hellip;]\" \/>\n<meta property=\"og:url\" content=\"https:\/\/www.urlaubcornwall.de\/blog\/ferienhaus-meer-port-isaac-2602\/\" \/>\n<meta property=\"og:site_name\" content=\"Urlaub &amp; Reisen\" \/>\n<meta property=\"article:modified_time\" content=\"2021-07-12T12:17:45+00:00\" \/>\n<meta property=\"og:image\" content=\"https:\/\/www.urlaubcornwall.de\/blog\/wp-content\/uploads\/2017\/12\/ferienhaus-am-meer-port-isaac.jpg\" \/>\n<meta name=\"twitter:card\" content=\"summary\" \/>\n<meta name=\"twitter:label1\" content=\"Est. reading time\" \/>\n\t<meta name=\"twitter:data1\" content=\"1 minute\" \/>\n<script type=\"application\/ld+json\" class=\"yoast-schema-graph\">{\"@context\":\"https:\/\/schema.org\",\"@graph\":[{\"@type\":\"WebSite\",\"@id\":\"https:\/\/www.urlaubcornwall.de\/blog\/#website\",\"url\":\"https:\/\/www.urlaubcornwall.de\/blog\/\",\"name\":\"Urlaub &amp; Reisen\",\"description\":\"Urlaub, Reisen, Cornwall und S\u00fcdengland: eine perfekte Kombination\",\"potentialAction\":[{\"@type\":\"SearchAction\",\"target\":{\"@type\":\"EntryPoint\",\"urlTemplate\":\"https:\/\/www.urlaubcornwall.de\/blog\/?s={search_term_string}\"},\"query-input\":\"required name=search_term_string\"}],\"inLanguage\":\"en-US\"},{\"@type\":\"WebPage\",\"@id\":\"https:\/\/www.urlaubcornwall.de\/blog\/ferienhaus-meer-port-isaac-2602\/\",\"url\":\"https:\/\/www.urlaubcornwall.de\/blog\/ferienhaus-meer-port-isaac-2602\/\",\"name\":\"Ferienhaus am Meer in Port Isaac - Urlaub &amp; Reisen\",\"isPartOf\":{\"@id\":\"https:\/\/www.urlaubcornwall.de\/blog\/#website\"},\"datePublished\":\"2017-12-23T10:44:10+00:00\",\"dateModified\":\"2021-07-12T12:17:45+00:00\",\"breadcrumb\":{\"@id\":\"https:\/\/www.urlaubcornwall.de\/blog\/ferienhaus-meer-port-isaac-2602\/#breadcrumb\"},\"inLanguage\":\"en-US\",\"potentialAction\":[{\"@type\":\"ReadAction\",\"target\":[\"https:\/\/www.urlaubcornwall.de\/blog\/ferienhaus-meer-port-isaac-2602\/\"]}]},{\"@type\":\"BreadcrumbList\",\"@id\":\"https:\/\/www.urlaubcornwall.de\/blog\/ferienhaus-meer-port-isaac-2602\/#breadcrumb\",\"itemListElement\":[{\"@type\":\"ListItem\",\"position\":1,\"name\":\"Home\",\"item\":\"https:\/\/www.urlaubcornwall.de\/blog\/\"},{\"@type\":\"ListItem\",\"position\":2,\"name\":\"Ferienhaus am Meer in Port Isaac\"}]}]}<\/script>\n<!-- \/ Yoast SEO plugin. -->","yoast_head_json":{"title":"Ferienhaus am Meer in Port Isaac - Urlaub &amp; Reisen","robots":{"index":"index","follow":"follow","max-snippet":"max-snippet:-1","max-image-preview":"max-image-preview:large","max-video-preview":"max-video-preview:-1"},"canonical":"https:\/\/www.urlaubcornwall.de\/blog\/ferienhaus-meer-port-isaac-2602\/","og_locale":"en_US","og_type":"article","og_title":"Ferienhaus am Meer in Port Isaac - Urlaub &amp; Reisen","og_description":"Ferienhaus mit Meerblick Port Isaac, Nordk\u00fcste Cornwall. 3 Schlafzimmer, leider keine Haustiere erlaubt, Schlafplatz f\u00fcr 5 + Kinderbett, An-\/Abreisetag am Samstag, Preis pro Woche \u00a3496 &#8211; \u00a31700 Dieses beeindruckende, 200 Jahre alte Cottage \u00fcberblickt Port Isaac und seinen malerischen Hafen und genie\u00dft wahrscheinlich den besten Meerblick im Dorf. Das bezaubernde Mount Pleasant, einst ein Fischerhaus, [&hellip;]","og_url":"https:\/\/www.urlaubcornwall.de\/blog\/ferienhaus-meer-port-isaac-2602\/","og_site_name":"Urlaub &amp; Reisen","article_modified_time":"2021-07-12T12:17:45+00:00","og_image":[{"url":"https:\/\/www.urlaubcornwall.de\/blog\/wp-content\/uploads\/2017\/12\/ferienhaus-am-meer-port-isaac.jpg"}],"twitter_card":"summary","twitter_misc":{"Est. reading time":"1 minute"},"schema":{"@context":"https:\/\/schema.org","@graph":[{"@type":"WebSite","@id":"https:\/\/www.urlaubcornwall.de\/blog\/#website","url":"https:\/\/www.urlaubcornwall.de\/blog\/","name":"Urlaub &amp; Reisen","description":"Urlaub, Reisen, Cornwall und S\u00fcdengland: eine perfekte Kombination","potentialAction":[{"@type":"SearchAction","target":{"@type":"EntryPoint","urlTemplate":"https:\/\/www.urlaubcornwall.de\/blog\/?s={search_term_string}"},"query-input":"required name=search_term_string"}],"inLanguage":"en-US"},{"@type":"WebPage","@id":"https:\/\/www.urlaubcornwall.de\/blog\/ferienhaus-meer-port-isaac-2602\/","url":"https:\/\/www.urlaubcornwall.de\/blog\/ferienhaus-meer-port-isaac-2602\/","name":"Ferienhaus am Meer in Port Isaac - Urlaub &amp; Reisen","isPartOf":{"@id":"https:\/\/www.urlaubcornwall.de\/blog\/#website"},"datePublished":"2017-12-23T10:44:10+00:00","dateModified":"2021-07-12T12:17:45+00:00","breadcrumb":{"@id":"https:\/\/www.urlaubcornwall.de\/blog\/ferienhaus-meer-port-isaac-2602\/#breadcrumb"},"inLanguage":"en-US","potentialAction":[{"@type":"ReadAction","target":["https:\/\/www.urlaubcornwall.de\/blog\/ferienhaus-meer-port-isaac-2602\/"]}]},{"@type":"BreadcrumbList","@id":"https:\/\/www.urlaubcornwall.de\/blog\/ferienhaus-meer-port-isaac-2602\/#breadcrumb","itemListElement":[{"@type":"ListItem","position":1,"name":"Home","item":"https:\/\/www.urlaubcornwall.de\/blog\/"},{"@type":"ListItem","position":2,"name":"Ferienhaus am Meer in Port Isaac"}]}]}},"_links":{"self":[{"href":"https:\/\/www.urlaubcornwall.de\/blog\/wp-json\/wp\/v2\/pages\/31433"}],"collection":[{"href":"https:\/\/www.urlaubcornwall.de\/blog\/wp-json\/wp\/v2\/pages"}],"about":[{"href":"https:\/\/www.urlaubcornwall.de\/blog\/wp-json\/wp\/v2\/types\/page"}],"author":[{"embeddable":true,"href":"https:\/\/www.urlaubcornwall.de\/blog\/wp-json\/wp\/v2\/users\/1"}],"replies":[{"embeddable":true,"href":"https:\/\/www.urlaubcornwall.de\/blog\/wp-json\/wp\/v2\/comments?post=31433"}],"version-history":[{"count":4,"href":"https:\/\/www.urlaubcornwall.de\/blog\/wp-json\/wp\/v2\/pages\/31433\/revisions"}],"predecessor-version":[{"id":41849,"href":"https:\/\/www.urlaubcornwall.de\/blog\/wp-json\/wp\/v2\/pages\/31433\/revisions\/41849"}],"wp:attachment":[{"href":"https:\/\/www.urlaubcornwall.de\/blog\/wp-json\/wp\/v2\/media?parent=31433"}],"curies":[{"name":"wp","href":"https:\/\/api.w.org\/{rel}","templated":true}]}}