{"id":31430,"date":"2017-12-23T10:24:10","date_gmt":"2017-12-23T10:24:10","guid":{"rendered":"https:\/\/www.urlaubcornwall.de\/blog\/?page_id=31430"},"modified":"2021-09-20T13:03:38","modified_gmt":"2021-09-20T13:03:38","slug":"ferienhaus-meer-sennen-cove-2908","status":"publish","type":"page","link":"https:\/\/www.urlaubcornwall.de\/blog\/ferienhaus-meer-sennen-cove-2908\/","title":{"rendered":"Ferienhaus Sennen Cove am Meer"},"content":{"rendered":"<p><img loading=\"lazy\" class=\"aligncenter size-full wp-image-31431\" src=\"https:\/\/www.urlaubcornwall.de\/blog\/wp-content\/uploads\/2017\/12\/ferienhaus-am-meer-sennen-cove.jpg\" alt=\"ferienhaus am meer sennen cove\" width=\"746\" height=\"423\"\/><\/p>\n<p><strong>Ferienhaus mit Meerblick in Sennen, West-Cornwall<\/strong>.<\/p>\n<p>2 Schlafzimmer, hundefreundlich, Schlafplatz f\u00fcr 4 + Kinderbett, An-\/Abreisetag am Sonntag, Preis pro Woche \u00a3418 &#8211; \u00a31074<\/p>\n<p>Beim Betreten dieses komfortablen Apartments an der Strandpromenade von Sennen Cove k\u00f6nnen Sie den tosenden Ozean sehen. Little Bo ist der perfekte Ort, um das Meer das ganze Jahr \u00fcber zu genie\u00dfen. Die attraktive sonnige hintere Terrasse ist perfekt f\u00fcr Ihr Fr\u00fchst\u00fcck im Freien am Morgen, und ein ruhiger Platz f\u00fcr ein Glas gek\u00fchlten Wein, w\u00e4hrend Sie den Sonnenuntergang hinter Cape Cornwall beobachten. Das Little Bo Cafe befindet sich unten und Sie erhalten eine Erm\u00e4\u00dfigung von 10%, wenn Sie am Wasser speisen oder Ihre Mahlzeiten bis zum Apartment geliefert bekommen. So k\u00f6nnen Sie den Tag genie\u00dfen. wird es surfen, Sandburgen bauen oder einen Spaziergang entlang des K\u00fcstenweges nach Land&#8217;s End machen?<\/p>\n<p style=\"text-align: center;\"><a class=\"tidycta\" href=\"https:\/\/www.urlaubcornwall.de\/ferienhaeuser-fewos\/sennen.html\">Suche Ferienh\u00e4user Sennen<\/a><\/p>\n<p><strong>Um UrlaubCornwall.de einzigartige Kollektion nach Ihrem idealen Ferienhaus zu durchsuchen.<\/strong> <a href=\"https:\/\/www.urlaubcornwall.de\/ferienhaeuser\/cornwall.php\"><span style=\"text-decoration: underline;\"><strong>Klicken Sie hier<\/strong><\/span><strong> &gt;&gt;<\/strong><\/a><\/p>\n","protected":false},"excerpt":{"rendered":"<p>Ferienhaus mit Meerblick in Sennen, West-Cornwall. 2 Schlafzimmer, hundefreundlich, Schlafplatz f\u00fcr 4 + Kinderbett, An-\/Abreisetag am Sonntag, Preis pro Woche \u00a3418 &#8211; \u00a31074 Beim Betreten dieses komfortablen Apartments an der Strandpromenade von Sennen Cove k\u00f6nnen Sie den tosenden Ozean sehen. Little Bo ist der perfekte Ort, um das Meer das ganze Jahr \u00fcber zu genie\u00dfen. [&hellip;]<\/p>\n","protected":false},"author":1,"featured_media":0,"parent":0,"menu_order":0,"comment_status":"closed","ping_status":"closed","template":"single-four.php","meta":[],"acf":[],"yoast_head":"<!-- This site is optimized with the Yoast SEO plugin v19.4 - https:\/\/yoast.com\/wordpress\/plugins\/seo\/ -->\n<title>Ferienhaus Sennen Cove am Meer - Urlaub &amp; Reisen<\/title>\n<meta name=\"robots\" content=\"index, follow, max-snippet:-1, max-image-preview:large, max-video-preview:-1\" \/>\n<link rel=\"canonical\" href=\"https:\/\/www.urlaubcornwall.de\/blog\/ferienhaus-meer-sennen-cove-2908\/\" \/>\n<meta property=\"og:locale\" content=\"en_US\" \/>\n<meta property=\"og:type\" content=\"article\" \/>\n<meta property=\"og:title\" content=\"Ferienhaus Sennen Cove am Meer - Urlaub &amp; Reisen\" \/>\n<meta property=\"og:description\" content=\"Ferienhaus mit Meerblick in Sennen, West-Cornwall. 2 Schlafzimmer, hundefreundlich, Schlafplatz f\u00fcr 4 + Kinderbett, An-\/Abreisetag am Sonntag, Preis pro Woche \u00a3418 &#8211; \u00a31074 Beim Betreten dieses komfortablen Apartments an der Strandpromenade von Sennen Cove k\u00f6nnen Sie den tosenden Ozean sehen. Little Bo ist der perfekte Ort, um das Meer das ganze Jahr \u00fcber zu genie\u00dfen. [&hellip;]\" \/>\n<meta property=\"og:url\" content=\"https:\/\/www.urlaubcornwall.de\/blog\/ferienhaus-meer-sennen-cove-2908\/\" \/>\n<meta property=\"og:site_name\" content=\"Urlaub &amp; Reisen\" \/>\n<meta property=\"article:modified_time\" content=\"2021-09-20T13:03:38+00:00\" \/>\n<meta property=\"og:image\" content=\"https:\/\/www.urlaubcornwall.de\/blog\/wp-content\/uploads\/2017\/12\/ferienhaus-am-meer-sennen-cove.jpg\" \/>\n<meta name=\"twitter:card\" content=\"summary\" \/>\n<meta name=\"twitter:label1\" content=\"Est. reading time\" \/>\n\t<meta name=\"twitter:data1\" content=\"1 minute\" \/>\n<script type=\"application\/ld+json\" class=\"yoast-schema-graph\">{\"@context\":\"https:\/\/schema.org\",\"@graph\":[{\"@type\":\"WebSite\",\"@id\":\"https:\/\/www.urlaubcornwall.de\/blog\/#website\",\"url\":\"https:\/\/www.urlaubcornwall.de\/blog\/\",\"name\":\"Urlaub &amp; Reisen\",\"description\":\"Urlaub, Reisen, Cornwall und S\u00fcdengland: eine perfekte Kombination\",\"potentialAction\":[{\"@type\":\"SearchAction\",\"target\":{\"@type\":\"EntryPoint\",\"urlTemplate\":\"https:\/\/www.urlaubcornwall.de\/blog\/?s={search_term_string}\"},\"query-input\":\"required name=search_term_string\"}],\"inLanguage\":\"en-US\"},{\"@type\":\"WebPage\",\"@id\":\"https:\/\/www.urlaubcornwall.de\/blog\/ferienhaus-meer-sennen-cove-2908\/\",\"url\":\"https:\/\/www.urlaubcornwall.de\/blog\/ferienhaus-meer-sennen-cove-2908\/\",\"name\":\"Ferienhaus Sennen Cove am Meer - Urlaub &amp; Reisen\",\"isPartOf\":{\"@id\":\"https:\/\/www.urlaubcornwall.de\/blog\/#website\"},\"datePublished\":\"2017-12-23T10:24:10+00:00\",\"dateModified\":\"2021-09-20T13:03:38+00:00\",\"breadcrumb\":{\"@id\":\"https:\/\/www.urlaubcornwall.de\/blog\/ferienhaus-meer-sennen-cove-2908\/#breadcrumb\"},\"inLanguage\":\"en-US\",\"potentialAction\":[{\"@type\":\"ReadAction\",\"target\":[\"https:\/\/www.urlaubcornwall.de\/blog\/ferienhaus-meer-sennen-cove-2908\/\"]}]},{\"@type\":\"BreadcrumbList\",\"@id\":\"https:\/\/www.urlaubcornwall.de\/blog\/ferienhaus-meer-sennen-cove-2908\/#breadcrumb\",\"itemListElement\":[{\"@type\":\"ListItem\",\"position\":1,\"name\":\"Home\",\"item\":\"https:\/\/www.urlaubcornwall.de\/blog\/\"},{\"@type\":\"ListItem\",\"position\":2,\"name\":\"Ferienhaus Sennen Cove am Meer\"}]}]}<\/script>\n<!-- \/ Yoast SEO plugin. -->","yoast_head_json":{"title":"Ferienhaus Sennen Cove am Meer - Urlaub &amp; Reisen","robots":{"index":"index","follow":"follow","max-snippet":"max-snippet:-1","max-image-preview":"max-image-preview:large","max-video-preview":"max-video-preview:-1"},"canonical":"https:\/\/www.urlaubcornwall.de\/blog\/ferienhaus-meer-sennen-cove-2908\/","og_locale":"en_US","og_type":"article","og_title":"Ferienhaus Sennen Cove am Meer - Urlaub &amp; Reisen","og_description":"Ferienhaus mit Meerblick in Sennen, West-Cornwall. 2 Schlafzimmer, hundefreundlich, Schlafplatz f\u00fcr 4 + Kinderbett, An-\/Abreisetag am Sonntag, Preis pro Woche \u00a3418 &#8211; \u00a31074 Beim Betreten dieses komfortablen Apartments an der Strandpromenade von Sennen Cove k\u00f6nnen Sie den tosenden Ozean sehen. Little Bo ist der perfekte Ort, um das Meer das ganze Jahr \u00fcber zu genie\u00dfen. [&hellip;]","og_url":"https:\/\/www.urlaubcornwall.de\/blog\/ferienhaus-meer-sennen-cove-2908\/","og_site_name":"Urlaub &amp; Reisen","article_modified_time":"2021-09-20T13:03:38+00:00","og_image":[{"url":"https:\/\/www.urlaubcornwall.de\/blog\/wp-content\/uploads\/2017\/12\/ferienhaus-am-meer-sennen-cove.jpg"}],"twitter_card":"summary","twitter_misc":{"Est. reading time":"1 minute"},"schema":{"@context":"https:\/\/schema.org","@graph":[{"@type":"WebSite","@id":"https:\/\/www.urlaubcornwall.de\/blog\/#website","url":"https:\/\/www.urlaubcornwall.de\/blog\/","name":"Urlaub &amp; Reisen","description":"Urlaub, Reisen, Cornwall und S\u00fcdengland: eine perfekte Kombination","potentialAction":[{"@type":"SearchAction","target":{"@type":"EntryPoint","urlTemplate":"https:\/\/www.urlaubcornwall.de\/blog\/?s={search_term_string}"},"query-input":"required name=search_term_string"}],"inLanguage":"en-US"},{"@type":"WebPage","@id":"https:\/\/www.urlaubcornwall.de\/blog\/ferienhaus-meer-sennen-cove-2908\/","url":"https:\/\/www.urlaubcornwall.de\/blog\/ferienhaus-meer-sennen-cove-2908\/","name":"Ferienhaus Sennen Cove am Meer - Urlaub &amp; Reisen","isPartOf":{"@id":"https:\/\/www.urlaubcornwall.de\/blog\/#website"},"datePublished":"2017-12-23T10:24:10+00:00","dateModified":"2021-09-20T13:03:38+00:00","breadcrumb":{"@id":"https:\/\/www.urlaubcornwall.de\/blog\/ferienhaus-meer-sennen-cove-2908\/#breadcrumb"},"inLanguage":"en-US","potentialAction":[{"@type":"ReadAction","target":["https:\/\/www.urlaubcornwall.de\/blog\/ferienhaus-meer-sennen-cove-2908\/"]}]},{"@type":"BreadcrumbList","@id":"https:\/\/www.urlaubcornwall.de\/blog\/ferienhaus-meer-sennen-cove-2908\/#breadcrumb","itemListElement":[{"@type":"ListItem","position":1,"name":"Home","item":"https:\/\/www.urlaubcornwall.de\/blog\/"},{"@type":"ListItem","position":2,"name":"Ferienhaus Sennen Cove am Meer"}]}]}},"_links":{"self":[{"href":"https:\/\/www.urlaubcornwall.de\/blog\/wp-json\/wp\/v2\/pages\/31430"}],"collection":[{"href":"https:\/\/www.urlaubcornwall.de\/blog\/wp-json\/wp\/v2\/pages"}],"about":[{"href":"https:\/\/www.urlaubcornwall.de\/blog\/wp-json\/wp\/v2\/types\/page"}],"author":[{"embeddable":true,"href":"https:\/\/www.urlaubcornwall.de\/blog\/wp-json\/wp\/v2\/users\/1"}],"replies":[{"embeddable":true,"href":"https:\/\/www.urlaubcornwall.de\/blog\/wp-json\/wp\/v2\/comments?post=31430"}],"version-history":[{"count":3,"href":"https:\/\/www.urlaubcornwall.de\/blog\/wp-json\/wp\/v2\/pages\/31430\/revisions"}],"predecessor-version":[{"id":43007,"href":"https:\/\/www.urlaubcornwall.de\/blog\/wp-json\/wp\/v2\/pages\/31430\/revisions\/43007"}],"wp:attachment":[{"href":"https:\/\/www.urlaubcornwall.de\/blog\/wp-json\/wp\/v2\/media?parent=31430"}],"curies":[{"name":"wp","href":"https:\/\/api.w.org\/{rel}","templated":true}]}}