{"id":31423,"date":"2017-12-23T09:46:37","date_gmt":"2017-12-23T09:46:37","guid":{"rendered":"https:\/\/www.urlaubcornwall.de\/blog\/?page_id=31423"},"modified":"2021-09-02T09:23:28","modified_gmt":"2021-09-02T09:23:28","slug":"ferienhaus-meer-mousehole-2474","status":"publish","type":"page","link":"https:\/\/www.urlaubcornwall.de\/blog\/ferienhaus-meer-mousehole-2474\/","title":{"rendered":"Ferienhaus am Meer in Mousehole &#8211; 2474"},"content":{"rendered":"<p><img loading=\"lazy\" class=\"aligncenter size-full wp-image-31424\" src=\"https:\/\/www.urlaubcornwall.de\/blog\/wp-content\/uploads\/2017\/12\/ferienhaus-mousehole-am-meer.jpg\" alt=\"ferienhaus mousehole am meer\" width=\"746\" height=\"435\"\/><br \/>\n<strong>Ferienhaus mit Meerblick Mousehole, West-Cornwall. <\/strong><\/p>\n<p>3 Schlafzimmer, leider keine Haustiere erlaubt, Schlafplatz f\u00fcr 6 + Kinderbett, An-\/Abreisetag am Samstag, Preis pro Woche \u00a3649 &#8211; \u00a31968<\/p>\n<p>Wundersch\u00f6n renoviert, nimmt Pender Cottage m\u00f6glicherweise eine der besten Positionen im malerischen Mousehole ein. Beobachten Sie die Boote bei Ebbe und Flut, lassen Sie sich vom Meeresrauschen in den Schlaf wiegen oder beobachten Sie die Welt, w\u00e4hrend Sie sich in dem wundersch\u00f6nen, offenen Wohnbereich entspannen, das Feuer brummt, das Buch in der Hand. Dieses entz\u00fcckende Zimmer ist ideal f\u00fcr Familienfeiern, auch wenn Sie in der N\u00e4he mehrere ausgezeichnete Restaurants finden, die Sie eher zum Essen als zum Kochen einladen. Im Obergeschoss hat das Schlafzimmer einen herrlichen Blick \u00fcber den Hafen auf Mount&#8217;s Bay und die zwei weiteren Schlafzimmer sind sehr komfortabel. Parken Sie Ihr Auto auf dem nahe gelegenen Parkplatz (200 Meter, gegen Geb\u00fchr) und vergessen Sie es dann f\u00fcr die Dauer Ihres Urlaubs.<\/p>\n<p style=\"text-align: center;\"><a class=\"tidycta\" href=\"https:\/\/www.urlaubcornwall.de\/ferienhaeuser-fewos\/mousehole.html\">Suche Ferienh\u00e4user Mousehole<\/a><\/p>\n<p><strong>Um UrlaubCornwall.de einzigartige Kollektion nach Ihrem idealen Ferienhaus zu durchsuchen.<\/strong> <a href=\"https:\/\/www.urlaubcornwall.de\/ferienhaeuser\/cornwall.php\"><span style=\"text-decoration: underline;\"><strong>Klicken Sie hier<\/strong><\/span><strong> &gt;&gt;<\/strong><\/a><\/p>\n","protected":false},"excerpt":{"rendered":"<p>Ferienhaus mit Meerblick Mousehole, West-Cornwall. 3 Schlafzimmer, leider keine Haustiere erlaubt, Schlafplatz f\u00fcr 6 + Kinderbett, An-\/Abreisetag am Samstag, Preis pro Woche \u00a3649 &#8211; \u00a31968 Wundersch\u00f6n renoviert, nimmt Pender Cottage m\u00f6glicherweise eine der besten Positionen im malerischen Mousehole ein. Beobachten Sie die Boote bei Ebbe und Flut, lassen Sie sich vom Meeresrauschen in den Schlaf [&hellip;]<\/p>\n","protected":false},"author":1,"featured_media":0,"parent":0,"menu_order":0,"comment_status":"closed","ping_status":"closed","template":"single-four.php","meta":[],"acf":[],"yoast_head":"<!-- This site is optimized with the Yoast SEO plugin v19.4 - https:\/\/yoast.com\/wordpress\/plugins\/seo\/ -->\n<title>Ferienhaus am Meer in Mousehole - 2474 - Urlaub &amp; Reisen<\/title>\n<meta name=\"robots\" content=\"index, follow, max-snippet:-1, max-image-preview:large, max-video-preview:-1\" \/>\n<link rel=\"canonical\" href=\"https:\/\/www.urlaubcornwall.de\/blog\/ferienhaus-meer-mousehole-2474\/\" \/>\n<meta property=\"og:locale\" content=\"en_US\" \/>\n<meta property=\"og:type\" content=\"article\" \/>\n<meta property=\"og:title\" content=\"Ferienhaus am Meer in Mousehole - 2474 - Urlaub &amp; Reisen\" \/>\n<meta property=\"og:description\" content=\"Ferienhaus mit Meerblick Mousehole, West-Cornwall. 3 Schlafzimmer, leider keine Haustiere erlaubt, Schlafplatz f\u00fcr 6 + Kinderbett, An-\/Abreisetag am Samstag, Preis pro Woche \u00a3649 &#8211; \u00a31968 Wundersch\u00f6n renoviert, nimmt Pender Cottage m\u00f6glicherweise eine der besten Positionen im malerischen Mousehole ein. Beobachten Sie die Boote bei Ebbe und Flut, lassen Sie sich vom Meeresrauschen in den Schlaf [&hellip;]\" \/>\n<meta property=\"og:url\" content=\"https:\/\/www.urlaubcornwall.de\/blog\/ferienhaus-meer-mousehole-2474\/\" \/>\n<meta property=\"og:site_name\" content=\"Urlaub &amp; Reisen\" \/>\n<meta property=\"article:modified_time\" content=\"2021-09-02T09:23:28+00:00\" \/>\n<meta property=\"og:image\" content=\"https:\/\/www.urlaubcornwall.de\/blog\/wp-content\/uploads\/2017\/12\/ferienhaus-mousehole-am-meer.jpg\" \/>\n<meta name=\"twitter:card\" content=\"summary\" \/>\n<meta name=\"twitter:label1\" content=\"Est. reading time\" \/>\n\t<meta name=\"twitter:data1\" content=\"1 minute\" \/>\n<script type=\"application\/ld+json\" class=\"yoast-schema-graph\">{\"@context\":\"https:\/\/schema.org\",\"@graph\":[{\"@type\":\"WebSite\",\"@id\":\"https:\/\/www.urlaubcornwall.de\/blog\/#website\",\"url\":\"https:\/\/www.urlaubcornwall.de\/blog\/\",\"name\":\"Urlaub &amp; Reisen\",\"description\":\"Urlaub, Reisen, Cornwall und S\u00fcdengland: eine perfekte Kombination\",\"potentialAction\":[{\"@type\":\"SearchAction\",\"target\":{\"@type\":\"EntryPoint\",\"urlTemplate\":\"https:\/\/www.urlaubcornwall.de\/blog\/?s={search_term_string}\"},\"query-input\":\"required name=search_term_string\"}],\"inLanguage\":\"en-US\"},{\"@type\":\"WebPage\",\"@id\":\"https:\/\/www.urlaubcornwall.de\/blog\/ferienhaus-meer-mousehole-2474\/\",\"url\":\"https:\/\/www.urlaubcornwall.de\/blog\/ferienhaus-meer-mousehole-2474\/\",\"name\":\"Ferienhaus am Meer in Mousehole - 2474 - Urlaub &amp; Reisen\",\"isPartOf\":{\"@id\":\"https:\/\/www.urlaubcornwall.de\/blog\/#website\"},\"datePublished\":\"2017-12-23T09:46:37+00:00\",\"dateModified\":\"2021-09-02T09:23:28+00:00\",\"breadcrumb\":{\"@id\":\"https:\/\/www.urlaubcornwall.de\/blog\/ferienhaus-meer-mousehole-2474\/#breadcrumb\"},\"inLanguage\":\"en-US\",\"potentialAction\":[{\"@type\":\"ReadAction\",\"target\":[\"https:\/\/www.urlaubcornwall.de\/blog\/ferienhaus-meer-mousehole-2474\/\"]}]},{\"@type\":\"BreadcrumbList\",\"@id\":\"https:\/\/www.urlaubcornwall.de\/blog\/ferienhaus-meer-mousehole-2474\/#breadcrumb\",\"itemListElement\":[{\"@type\":\"ListItem\",\"position\":1,\"name\":\"Home\",\"item\":\"https:\/\/www.urlaubcornwall.de\/blog\/\"},{\"@type\":\"ListItem\",\"position\":2,\"name\":\"Ferienhaus am Meer in Mousehole &#8211; 2474\"}]}]}<\/script>\n<!-- \/ Yoast SEO plugin. -->","yoast_head_json":{"title":"Ferienhaus am Meer in Mousehole - 2474 - Urlaub &amp; Reisen","robots":{"index":"index","follow":"follow","max-snippet":"max-snippet:-1","max-image-preview":"max-image-preview:large","max-video-preview":"max-video-preview:-1"},"canonical":"https:\/\/www.urlaubcornwall.de\/blog\/ferienhaus-meer-mousehole-2474\/","og_locale":"en_US","og_type":"article","og_title":"Ferienhaus am Meer in Mousehole - 2474 - Urlaub &amp; Reisen","og_description":"Ferienhaus mit Meerblick Mousehole, West-Cornwall. 3 Schlafzimmer, leider keine Haustiere erlaubt, Schlafplatz f\u00fcr 6 + Kinderbett, An-\/Abreisetag am Samstag, Preis pro Woche \u00a3649 &#8211; \u00a31968 Wundersch\u00f6n renoviert, nimmt Pender Cottage m\u00f6glicherweise eine der besten Positionen im malerischen Mousehole ein. Beobachten Sie die Boote bei Ebbe und Flut, lassen Sie sich vom Meeresrauschen in den Schlaf [&hellip;]","og_url":"https:\/\/www.urlaubcornwall.de\/blog\/ferienhaus-meer-mousehole-2474\/","og_site_name":"Urlaub &amp; Reisen","article_modified_time":"2021-09-02T09:23:28+00:00","og_image":[{"url":"https:\/\/www.urlaubcornwall.de\/blog\/wp-content\/uploads\/2017\/12\/ferienhaus-mousehole-am-meer.jpg"}],"twitter_card":"summary","twitter_misc":{"Est. reading time":"1 minute"},"schema":{"@context":"https:\/\/schema.org","@graph":[{"@type":"WebSite","@id":"https:\/\/www.urlaubcornwall.de\/blog\/#website","url":"https:\/\/www.urlaubcornwall.de\/blog\/","name":"Urlaub &amp; Reisen","description":"Urlaub, Reisen, Cornwall und S\u00fcdengland: eine perfekte Kombination","potentialAction":[{"@type":"SearchAction","target":{"@type":"EntryPoint","urlTemplate":"https:\/\/www.urlaubcornwall.de\/blog\/?s={search_term_string}"},"query-input":"required name=search_term_string"}],"inLanguage":"en-US"},{"@type":"WebPage","@id":"https:\/\/www.urlaubcornwall.de\/blog\/ferienhaus-meer-mousehole-2474\/","url":"https:\/\/www.urlaubcornwall.de\/blog\/ferienhaus-meer-mousehole-2474\/","name":"Ferienhaus am Meer in Mousehole - 2474 - Urlaub &amp; Reisen","isPartOf":{"@id":"https:\/\/www.urlaubcornwall.de\/blog\/#website"},"datePublished":"2017-12-23T09:46:37+00:00","dateModified":"2021-09-02T09:23:28+00:00","breadcrumb":{"@id":"https:\/\/www.urlaubcornwall.de\/blog\/ferienhaus-meer-mousehole-2474\/#breadcrumb"},"inLanguage":"en-US","potentialAction":[{"@type":"ReadAction","target":["https:\/\/www.urlaubcornwall.de\/blog\/ferienhaus-meer-mousehole-2474\/"]}]},{"@type":"BreadcrumbList","@id":"https:\/\/www.urlaubcornwall.de\/blog\/ferienhaus-meer-mousehole-2474\/#breadcrumb","itemListElement":[{"@type":"ListItem","position":1,"name":"Home","item":"https:\/\/www.urlaubcornwall.de\/blog\/"},{"@type":"ListItem","position":2,"name":"Ferienhaus am Meer in Mousehole &#8211; 2474"}]}]}},"_links":{"self":[{"href":"https:\/\/www.urlaubcornwall.de\/blog\/wp-json\/wp\/v2\/pages\/31423"}],"collection":[{"href":"https:\/\/www.urlaubcornwall.de\/blog\/wp-json\/wp\/v2\/pages"}],"about":[{"href":"https:\/\/www.urlaubcornwall.de\/blog\/wp-json\/wp\/v2\/types\/page"}],"author":[{"embeddable":true,"href":"https:\/\/www.urlaubcornwall.de\/blog\/wp-json\/wp\/v2\/users\/1"}],"replies":[{"embeddable":true,"href":"https:\/\/www.urlaubcornwall.de\/blog\/wp-json\/wp\/v2\/comments?post=31423"}],"version-history":[{"count":2,"href":"https:\/\/www.urlaubcornwall.de\/blog\/wp-json\/wp\/v2\/pages\/31423\/revisions"}],"predecessor-version":[{"id":42414,"href":"https:\/\/www.urlaubcornwall.de\/blog\/wp-json\/wp\/v2\/pages\/31423\/revisions\/42414"}],"wp:attachment":[{"href":"https:\/\/www.urlaubcornwall.de\/blog\/wp-json\/wp\/v2\/media?parent=31423"}],"curies":[{"name":"wp","href":"https:\/\/api.w.org\/{rel}","templated":true}]}}