{"id":31420,"date":"2017-12-23T09:35:24","date_gmt":"2017-12-23T09:35:24","guid":{"rendered":"https:\/\/www.urlaubcornwall.de\/blog\/?page_id=31420"},"modified":"2021-09-02T09:21:17","modified_gmt":"2021-09-02T09:21:17","slug":"ferienhaus-meer-fowey-2771","status":"publish","type":"page","link":"https:\/\/www.urlaubcornwall.de\/blog\/ferienhaus-meer-fowey-2771\/","title":{"rendered":"Ferienhaus am Meer in Fowey"},"content":{"rendered":"<p><img loading=\"lazy\" class=\"aligncenter size-full wp-image-31421\" src=\"https:\/\/www.urlaubcornwall.de\/blog\/wp-content\/uploads\/2017\/12\/ferienhaus-fowey-am-meer.jpg\" alt=\"ferienhaus fowey am meer\" width=\"749\" height=\"442\"\/><\/p>\n<p><strong>Ferienhaus strandnah Fowey, S\u00fcdk\u00fcste Cornwall.<\/strong><\/p>\n<p>3 Schlafzimmer, leider keine Haustiere erlaubt, Schlafplatz f\u00fcr 5 + Kinderbett, An-\/Abreisetag am Freitag, Preis pro Woche \u00a3329 &#8211; \u00a31195<\/p>\n<p>Dieses sch\u00f6ne Cottage liegt nur eine Gehminute von den Gesch\u00e4ften und Restaurants am malerischen Hafen von Fowey entfernt. Das The Salt Store ist geschmackvoll in dezenten Farben mit maritimer Note eingerichtet und makellos m\u00f6bliert. Es verf\u00fcgt \u00fcber ein gro\u00dfes Wohn- \/ Esszimmer mit bequemen Sofas, einem Fernseher und unbegrenztem WLAN. Die Pantry-K\u00fcche hat Schieferb\u00f6den und Arbeitsfl\u00e4chen aus Granit und alle Ger\u00e4te, die Sie ben\u00f6tigen k\u00f6nnten, einschlie\u00dflich einer gro\u00dfen Dual-Fuel-Herd. Treppen f\u00fchren zu den drei hellen und sch\u00f6nen Schlafzimmern. Das Hauptschlafzimmer bietet einen Blick auf das Meer und die Doppel- und Einzelzimmer bieten flexible Unterk\u00fcnfte. Sch\u00f6ne Details, von Kunstwerken bis zu Kerzen und Kissen, zeigen den Standard des Cottages.<\/p>\n<p style=\"text-align: center;\"><a class=\"tidycta\" href=\"https:\/\/www.urlaubcornwall.de\/ferienhaeuser-fewos\/fowey.html\">Suche Ferienh\u00e4user Fowey<\/a><\/p>\n<p><strong>Um UrlaubCornwall.de einzigartige Kollektion nach Ihrem idealen Ferienhaus zu durchsuchen.<\/strong> <a href=\"https:\/\/www.urlaubcornwall.de\/ferienhaeuser\/cornwall.php\"><span style=\"text-decoration: underline;\"><strong>Klicken Sie hier<\/strong><\/span><strong> &gt;&gt;<\/strong><\/a><\/p>\n","protected":false},"excerpt":{"rendered":"<p>Ferienhaus strandnah Fowey, S\u00fcdk\u00fcste Cornwall. 3 Schlafzimmer, leider keine Haustiere erlaubt, Schlafplatz f\u00fcr 5 + Kinderbett, An-\/Abreisetag am Freitag, Preis pro Woche \u00a3329 &#8211; \u00a31195 Dieses sch\u00f6ne Cottage liegt nur eine Gehminute von den Gesch\u00e4ften und Restaurants am malerischen Hafen von Fowey entfernt. Das The Salt Store ist geschmackvoll in dezenten Farben mit maritimer Note [&hellip;]<\/p>\n","protected":false},"author":1,"featured_media":0,"parent":0,"menu_order":0,"comment_status":"closed","ping_status":"closed","template":"single-four.php","meta":[],"acf":[],"yoast_head":"<!-- This site is optimized with the Yoast SEO plugin v19.4 - https:\/\/yoast.com\/wordpress\/plugins\/seo\/ -->\n<title>Ferienhaus am Meer in Fowey - Urlaub &amp; Reisen<\/title>\n<meta name=\"robots\" content=\"index, follow, max-snippet:-1, max-image-preview:large, max-video-preview:-1\" \/>\n<link rel=\"canonical\" href=\"https:\/\/www.urlaubcornwall.de\/blog\/ferienhaus-meer-fowey-2771\/\" \/>\n<meta property=\"og:locale\" content=\"en_US\" \/>\n<meta property=\"og:type\" content=\"article\" \/>\n<meta property=\"og:title\" content=\"Ferienhaus am Meer in Fowey - Urlaub &amp; Reisen\" \/>\n<meta property=\"og:description\" content=\"Ferienhaus strandnah Fowey, S\u00fcdk\u00fcste Cornwall. 3 Schlafzimmer, leider keine Haustiere erlaubt, Schlafplatz f\u00fcr 5 + Kinderbett, An-\/Abreisetag am Freitag, Preis pro Woche \u00a3329 &#8211; \u00a31195 Dieses sch\u00f6ne Cottage liegt nur eine Gehminute von den Gesch\u00e4ften und Restaurants am malerischen Hafen von Fowey entfernt. Das The Salt Store ist geschmackvoll in dezenten Farben mit maritimer Note [&hellip;]\" \/>\n<meta property=\"og:url\" content=\"https:\/\/www.urlaubcornwall.de\/blog\/ferienhaus-meer-fowey-2771\/\" \/>\n<meta property=\"og:site_name\" content=\"Urlaub &amp; Reisen\" \/>\n<meta property=\"article:modified_time\" content=\"2021-09-02T09:21:17+00:00\" \/>\n<meta property=\"og:image\" content=\"https:\/\/www.urlaubcornwall.de\/blog\/wp-content\/uploads\/2017\/12\/ferienhaus-fowey-am-meer.jpg\" \/>\n<meta name=\"twitter:card\" content=\"summary\" \/>\n<meta name=\"twitter:label1\" content=\"Est. reading time\" \/>\n\t<meta name=\"twitter:data1\" content=\"1 minute\" \/>\n<script type=\"application\/ld+json\" class=\"yoast-schema-graph\">{\"@context\":\"https:\/\/schema.org\",\"@graph\":[{\"@type\":\"WebSite\",\"@id\":\"https:\/\/www.urlaubcornwall.de\/blog\/#website\",\"url\":\"https:\/\/www.urlaubcornwall.de\/blog\/\",\"name\":\"Urlaub &amp; Reisen\",\"description\":\"Urlaub, Reisen, Cornwall und S\u00fcdengland: eine perfekte Kombination\",\"potentialAction\":[{\"@type\":\"SearchAction\",\"target\":{\"@type\":\"EntryPoint\",\"urlTemplate\":\"https:\/\/www.urlaubcornwall.de\/blog\/?s={search_term_string}\"},\"query-input\":\"required name=search_term_string\"}],\"inLanguage\":\"en-US\"},{\"@type\":\"WebPage\",\"@id\":\"https:\/\/www.urlaubcornwall.de\/blog\/ferienhaus-meer-fowey-2771\/\",\"url\":\"https:\/\/www.urlaubcornwall.de\/blog\/ferienhaus-meer-fowey-2771\/\",\"name\":\"Ferienhaus am Meer in Fowey - Urlaub &amp; Reisen\",\"isPartOf\":{\"@id\":\"https:\/\/www.urlaubcornwall.de\/blog\/#website\"},\"datePublished\":\"2017-12-23T09:35:24+00:00\",\"dateModified\":\"2021-09-02T09:21:17+00:00\",\"breadcrumb\":{\"@id\":\"https:\/\/www.urlaubcornwall.de\/blog\/ferienhaus-meer-fowey-2771\/#breadcrumb\"},\"inLanguage\":\"en-US\",\"potentialAction\":[{\"@type\":\"ReadAction\",\"target\":[\"https:\/\/www.urlaubcornwall.de\/blog\/ferienhaus-meer-fowey-2771\/\"]}]},{\"@type\":\"BreadcrumbList\",\"@id\":\"https:\/\/www.urlaubcornwall.de\/blog\/ferienhaus-meer-fowey-2771\/#breadcrumb\",\"itemListElement\":[{\"@type\":\"ListItem\",\"position\":1,\"name\":\"Home\",\"item\":\"https:\/\/www.urlaubcornwall.de\/blog\/\"},{\"@type\":\"ListItem\",\"position\":2,\"name\":\"Ferienhaus am Meer in Fowey\"}]}]}<\/script>\n<!-- \/ Yoast SEO plugin. -->","yoast_head_json":{"title":"Ferienhaus am Meer in Fowey - Urlaub &amp; Reisen","robots":{"index":"index","follow":"follow","max-snippet":"max-snippet:-1","max-image-preview":"max-image-preview:large","max-video-preview":"max-video-preview:-1"},"canonical":"https:\/\/www.urlaubcornwall.de\/blog\/ferienhaus-meer-fowey-2771\/","og_locale":"en_US","og_type":"article","og_title":"Ferienhaus am Meer in Fowey - Urlaub &amp; Reisen","og_description":"Ferienhaus strandnah Fowey, S\u00fcdk\u00fcste Cornwall. 3 Schlafzimmer, leider keine Haustiere erlaubt, Schlafplatz f\u00fcr 5 + Kinderbett, An-\/Abreisetag am Freitag, Preis pro Woche \u00a3329 &#8211; \u00a31195 Dieses sch\u00f6ne Cottage liegt nur eine Gehminute von den Gesch\u00e4ften und Restaurants am malerischen Hafen von Fowey entfernt. Das The Salt Store ist geschmackvoll in dezenten Farben mit maritimer Note [&hellip;]","og_url":"https:\/\/www.urlaubcornwall.de\/blog\/ferienhaus-meer-fowey-2771\/","og_site_name":"Urlaub &amp; Reisen","article_modified_time":"2021-09-02T09:21:17+00:00","og_image":[{"url":"https:\/\/www.urlaubcornwall.de\/blog\/wp-content\/uploads\/2017\/12\/ferienhaus-fowey-am-meer.jpg"}],"twitter_card":"summary","twitter_misc":{"Est. reading time":"1 minute"},"schema":{"@context":"https:\/\/schema.org","@graph":[{"@type":"WebSite","@id":"https:\/\/www.urlaubcornwall.de\/blog\/#website","url":"https:\/\/www.urlaubcornwall.de\/blog\/","name":"Urlaub &amp; Reisen","description":"Urlaub, Reisen, Cornwall und S\u00fcdengland: eine perfekte Kombination","potentialAction":[{"@type":"SearchAction","target":{"@type":"EntryPoint","urlTemplate":"https:\/\/www.urlaubcornwall.de\/blog\/?s={search_term_string}"},"query-input":"required name=search_term_string"}],"inLanguage":"en-US"},{"@type":"WebPage","@id":"https:\/\/www.urlaubcornwall.de\/blog\/ferienhaus-meer-fowey-2771\/","url":"https:\/\/www.urlaubcornwall.de\/blog\/ferienhaus-meer-fowey-2771\/","name":"Ferienhaus am Meer in Fowey - Urlaub &amp; Reisen","isPartOf":{"@id":"https:\/\/www.urlaubcornwall.de\/blog\/#website"},"datePublished":"2017-12-23T09:35:24+00:00","dateModified":"2021-09-02T09:21:17+00:00","breadcrumb":{"@id":"https:\/\/www.urlaubcornwall.de\/blog\/ferienhaus-meer-fowey-2771\/#breadcrumb"},"inLanguage":"en-US","potentialAction":[{"@type":"ReadAction","target":["https:\/\/www.urlaubcornwall.de\/blog\/ferienhaus-meer-fowey-2771\/"]}]},{"@type":"BreadcrumbList","@id":"https:\/\/www.urlaubcornwall.de\/blog\/ferienhaus-meer-fowey-2771\/#breadcrumb","itemListElement":[{"@type":"ListItem","position":1,"name":"Home","item":"https:\/\/www.urlaubcornwall.de\/blog\/"},{"@type":"ListItem","position":2,"name":"Ferienhaus am Meer in Fowey"}]}]}},"_links":{"self":[{"href":"https:\/\/www.urlaubcornwall.de\/blog\/wp-json\/wp\/v2\/pages\/31420"}],"collection":[{"href":"https:\/\/www.urlaubcornwall.de\/blog\/wp-json\/wp\/v2\/pages"}],"about":[{"href":"https:\/\/www.urlaubcornwall.de\/blog\/wp-json\/wp\/v2\/types\/page"}],"author":[{"embeddable":true,"href":"https:\/\/www.urlaubcornwall.de\/blog\/wp-json\/wp\/v2\/users\/1"}],"replies":[{"embeddable":true,"href":"https:\/\/www.urlaubcornwall.de\/blog\/wp-json\/wp\/v2\/comments?post=31420"}],"version-history":[{"count":6,"href":"https:\/\/www.urlaubcornwall.de\/blog\/wp-json\/wp\/v2\/pages\/31420\/revisions"}],"predecessor-version":[{"id":42412,"href":"https:\/\/www.urlaubcornwall.de\/blog\/wp-json\/wp\/v2\/pages\/31420\/revisions\/42412"}],"wp:attachment":[{"href":"https:\/\/www.urlaubcornwall.de\/blog\/wp-json\/wp\/v2\/media?parent=31420"}],"curies":[{"name":"wp","href":"https:\/\/api.w.org\/{rel}","templated":true}]}}