{"id":31415,"date":"2017-12-23T09:23:41","date_gmt":"2017-12-23T09:23:41","guid":{"rendered":"https:\/\/www.urlaubcornwall.de\/blog\/?page_id=31415"},"modified":"2021-08-31T14:28:38","modified_gmt":"2021-08-31T14:28:38","slug":"ferienhaus-falmouth-am-meer-mieten","status":"publish","type":"page","link":"https:\/\/www.urlaubcornwall.de\/blog\/ferienhaus-falmouth-am-meer-mieten\/","title":{"rendered":"Ferienhaus Falmouth am Meer mieten &#8211; Nr. 1323"},"content":{"rendered":"<p><img loading=\"lazy\" class=\"aligncenter size-full wp-image-31417\" src=\"https:\/\/www.urlaubcornwall.de\/blog\/wp-content\/uploads\/2017\/12\/ferienhaus-falmouth-am-meer-1.jpg\" alt=\"ferienhaus falmouth am meer\" width=\"746\" height=\"494\"\/><br \/>\n<strong>Ferienhaus mit Meerblick Falmouth, S\u00fcdk\u00fcste Cornwall.<\/strong><\/p>\n<p>3 Schlafzimmer,Schlafplatz f\u00fcr 6 + Kinderbett, leider keine Haustiere erlaubt, An-\/Abreisetag am Samstag Preis pro Woche \u00a3492 &#8211; \u00a31370<\/p>\n<p>Die Aussicht reicht vom Penryn River \u00fcber das Wasser bis zur Roseland Halbinsel von fast jedem Zimmer in diesem makellos dargestellten Zuhause aus; Sogar die Terrasse blickt auf das Wasser, wo im Sommer hunderte von Booten anlegen und von der Werft aus Schiffe anlaufen. Das Old School House ist Teil eines umgebauten viktorianischen Schulgeb\u00e4udes in einer ruhigen Wohnstra\u00dfe oberhalb des Stadtzentrums. Es sind nur wenige Gehminuten zu den Gesch\u00e4ften, Pubs, Restaurants und Bars (l\u00e4nger auf dem R\u00fcckweg!). Dies ist ein perfekter Urlaubsort, der sowohl f\u00fcr Familien als auch f\u00fcr Paare geeignet ist, mit komfortablen, ger\u00e4umigen Unterk\u00fcnften und zwei privaten Parkpl\u00e4tzen nur ein paar Stufen vom Ferienhaus entfernt.<\/p>\n<p style=\"text-align: center;\"><a class=\"tidycta\" href=\"https:\/\/www.urlaubcornwall.de\/ferienhaeuser-fewos\/falmouth.html\"><\/a>Suche Ferienh\u00e4user Falmouth<\/p>\n","protected":false},"excerpt":{"rendered":"<p>Ferienhaus mit Meerblick Falmouth, S\u00fcdk\u00fcste Cornwall. 3 Schlafzimmer,Schlafplatz f\u00fcr 6 + Kinderbett, leider keine Haustiere erlaubt, An-\/Abreisetag am Samstag Preis pro Woche \u00a3492 &#8211; \u00a31370 Die Aussicht reicht vom Penryn River \u00fcber das Wasser bis zur Roseland Halbinsel von fast jedem Zimmer in diesem makellos dargestellten Zuhause aus; Sogar die Terrasse blickt auf das Wasser, [&hellip;]<\/p>\n","protected":false},"author":1,"featured_media":0,"parent":0,"menu_order":0,"comment_status":"closed","ping_status":"closed","template":"single-four.php","meta":[],"acf":[],"yoast_head":"<!-- This site is optimized with the Yoast SEO plugin v19.4 - https:\/\/yoast.com\/wordpress\/plugins\/seo\/ -->\n<title>Ferienhaus Falmouth am Meer mieten - Nr. 1323 - Urlaub &amp; Reisen<\/title>\n<meta name=\"robots\" content=\"index, follow, max-snippet:-1, max-image-preview:large, max-video-preview:-1\" \/>\n<link rel=\"canonical\" href=\"https:\/\/www.urlaubcornwall.de\/blog\/ferienhaus-falmouth-am-meer-mieten\/\" \/>\n<meta property=\"og:locale\" content=\"en_US\" \/>\n<meta property=\"og:type\" content=\"article\" \/>\n<meta property=\"og:title\" content=\"Ferienhaus Falmouth am Meer mieten - Nr. 1323 - Urlaub &amp; Reisen\" \/>\n<meta property=\"og:description\" content=\"Ferienhaus mit Meerblick Falmouth, S\u00fcdk\u00fcste Cornwall. 3 Schlafzimmer,Schlafplatz f\u00fcr 6 + Kinderbett, leider keine Haustiere erlaubt, An-\/Abreisetag am Samstag Preis pro Woche \u00a3492 &#8211; \u00a31370 Die Aussicht reicht vom Penryn River \u00fcber das Wasser bis zur Roseland Halbinsel von fast jedem Zimmer in diesem makellos dargestellten Zuhause aus; Sogar die Terrasse blickt auf das Wasser, [&hellip;]\" \/>\n<meta property=\"og:url\" content=\"https:\/\/www.urlaubcornwall.de\/blog\/ferienhaus-falmouth-am-meer-mieten\/\" \/>\n<meta property=\"og:site_name\" content=\"Urlaub &amp; Reisen\" \/>\n<meta property=\"article:modified_time\" content=\"2021-08-31T14:28:38+00:00\" \/>\n<meta property=\"og:image\" content=\"https:\/\/www.urlaubcornwall.de\/blog\/wp-content\/uploads\/2017\/12\/ferienhaus-falmouth-am-meer-1.jpg\" \/>\n<meta name=\"twitter:card\" content=\"summary\" \/>\n<meta name=\"twitter:label1\" content=\"Est. reading time\" \/>\n\t<meta name=\"twitter:data1\" content=\"1 minute\" \/>\n<script type=\"application\/ld+json\" class=\"yoast-schema-graph\">{\"@context\":\"https:\/\/schema.org\",\"@graph\":[{\"@type\":\"WebSite\",\"@id\":\"https:\/\/www.urlaubcornwall.de\/blog\/#website\",\"url\":\"https:\/\/www.urlaubcornwall.de\/blog\/\",\"name\":\"Urlaub &amp; Reisen\",\"description\":\"Urlaub, Reisen, Cornwall und S\u00fcdengland: eine perfekte Kombination\",\"potentialAction\":[{\"@type\":\"SearchAction\",\"target\":{\"@type\":\"EntryPoint\",\"urlTemplate\":\"https:\/\/www.urlaubcornwall.de\/blog\/?s={search_term_string}\"},\"query-input\":\"required name=search_term_string\"}],\"inLanguage\":\"en-US\"},{\"@type\":\"WebPage\",\"@id\":\"https:\/\/www.urlaubcornwall.de\/blog\/ferienhaus-falmouth-am-meer-mieten\/\",\"url\":\"https:\/\/www.urlaubcornwall.de\/blog\/ferienhaus-falmouth-am-meer-mieten\/\",\"name\":\"Ferienhaus Falmouth am Meer mieten - Nr. 1323 - Urlaub &amp; Reisen\",\"isPartOf\":{\"@id\":\"https:\/\/www.urlaubcornwall.de\/blog\/#website\"},\"datePublished\":\"2017-12-23T09:23:41+00:00\",\"dateModified\":\"2021-08-31T14:28:38+00:00\",\"breadcrumb\":{\"@id\":\"https:\/\/www.urlaubcornwall.de\/blog\/ferienhaus-falmouth-am-meer-mieten\/#breadcrumb\"},\"inLanguage\":\"en-US\",\"potentialAction\":[{\"@type\":\"ReadAction\",\"target\":[\"https:\/\/www.urlaubcornwall.de\/blog\/ferienhaus-falmouth-am-meer-mieten\/\"]}]},{\"@type\":\"BreadcrumbList\",\"@id\":\"https:\/\/www.urlaubcornwall.de\/blog\/ferienhaus-falmouth-am-meer-mieten\/#breadcrumb\",\"itemListElement\":[{\"@type\":\"ListItem\",\"position\":1,\"name\":\"Home\",\"item\":\"https:\/\/www.urlaubcornwall.de\/blog\/\"},{\"@type\":\"ListItem\",\"position\":2,\"name\":\"Ferienhaus Falmouth am Meer mieten &#8211; Nr. 1323\"}]}]}<\/script>\n<!-- \/ Yoast SEO plugin. -->","yoast_head_json":{"title":"Ferienhaus Falmouth am Meer mieten - Nr. 1323 - Urlaub &amp; Reisen","robots":{"index":"index","follow":"follow","max-snippet":"max-snippet:-1","max-image-preview":"max-image-preview:large","max-video-preview":"max-video-preview:-1"},"canonical":"https:\/\/www.urlaubcornwall.de\/blog\/ferienhaus-falmouth-am-meer-mieten\/","og_locale":"en_US","og_type":"article","og_title":"Ferienhaus Falmouth am Meer mieten - Nr. 1323 - Urlaub &amp; Reisen","og_description":"Ferienhaus mit Meerblick Falmouth, S\u00fcdk\u00fcste Cornwall. 3 Schlafzimmer,Schlafplatz f\u00fcr 6 + Kinderbett, leider keine Haustiere erlaubt, An-\/Abreisetag am Samstag Preis pro Woche \u00a3492 &#8211; \u00a31370 Die Aussicht reicht vom Penryn River \u00fcber das Wasser bis zur Roseland Halbinsel von fast jedem Zimmer in diesem makellos dargestellten Zuhause aus; Sogar die Terrasse blickt auf das Wasser, [&hellip;]","og_url":"https:\/\/www.urlaubcornwall.de\/blog\/ferienhaus-falmouth-am-meer-mieten\/","og_site_name":"Urlaub &amp; Reisen","article_modified_time":"2021-08-31T14:28:38+00:00","og_image":[{"url":"https:\/\/www.urlaubcornwall.de\/blog\/wp-content\/uploads\/2017\/12\/ferienhaus-falmouth-am-meer-1.jpg"}],"twitter_card":"summary","twitter_misc":{"Est. reading time":"1 minute"},"schema":{"@context":"https:\/\/schema.org","@graph":[{"@type":"WebSite","@id":"https:\/\/www.urlaubcornwall.de\/blog\/#website","url":"https:\/\/www.urlaubcornwall.de\/blog\/","name":"Urlaub &amp; Reisen","description":"Urlaub, Reisen, Cornwall und S\u00fcdengland: eine perfekte Kombination","potentialAction":[{"@type":"SearchAction","target":{"@type":"EntryPoint","urlTemplate":"https:\/\/www.urlaubcornwall.de\/blog\/?s={search_term_string}"},"query-input":"required name=search_term_string"}],"inLanguage":"en-US"},{"@type":"WebPage","@id":"https:\/\/www.urlaubcornwall.de\/blog\/ferienhaus-falmouth-am-meer-mieten\/","url":"https:\/\/www.urlaubcornwall.de\/blog\/ferienhaus-falmouth-am-meer-mieten\/","name":"Ferienhaus Falmouth am Meer mieten - Nr. 1323 - Urlaub &amp; Reisen","isPartOf":{"@id":"https:\/\/www.urlaubcornwall.de\/blog\/#website"},"datePublished":"2017-12-23T09:23:41+00:00","dateModified":"2021-08-31T14:28:38+00:00","breadcrumb":{"@id":"https:\/\/www.urlaubcornwall.de\/blog\/ferienhaus-falmouth-am-meer-mieten\/#breadcrumb"},"inLanguage":"en-US","potentialAction":[{"@type":"ReadAction","target":["https:\/\/www.urlaubcornwall.de\/blog\/ferienhaus-falmouth-am-meer-mieten\/"]}]},{"@type":"BreadcrumbList","@id":"https:\/\/www.urlaubcornwall.de\/blog\/ferienhaus-falmouth-am-meer-mieten\/#breadcrumb","itemListElement":[{"@type":"ListItem","position":1,"name":"Home","item":"https:\/\/www.urlaubcornwall.de\/blog\/"},{"@type":"ListItem","position":2,"name":"Ferienhaus Falmouth am Meer mieten &#8211; Nr. 1323"}]}]}},"_links":{"self":[{"href":"https:\/\/www.urlaubcornwall.de\/blog\/wp-json\/wp\/v2\/pages\/31415"}],"collection":[{"href":"https:\/\/www.urlaubcornwall.de\/blog\/wp-json\/wp\/v2\/pages"}],"about":[{"href":"https:\/\/www.urlaubcornwall.de\/blog\/wp-json\/wp\/v2\/types\/page"}],"author":[{"embeddable":true,"href":"https:\/\/www.urlaubcornwall.de\/blog\/wp-json\/wp\/v2\/users\/1"}],"replies":[{"embeddable":true,"href":"https:\/\/www.urlaubcornwall.de\/blog\/wp-json\/wp\/v2\/comments?post=31415"}],"version-history":[{"count":3,"href":"https:\/\/www.urlaubcornwall.de\/blog\/wp-json\/wp\/v2\/pages\/31415\/revisions"}],"predecessor-version":[{"id":42353,"href":"https:\/\/www.urlaubcornwall.de\/blog\/wp-json\/wp\/v2\/pages\/31415\/revisions\/42353"}],"wp:attachment":[{"href":"https:\/\/www.urlaubcornwall.de\/blog\/wp-json\/wp\/v2\/media?parent=31415"}],"curies":[{"name":"wp","href":"https:\/\/api.w.org\/{rel}","templated":true}]}}